{"id":14742,"date":"2019-06-24T05:03:32","date_gmt":"2019-06-24T05:03:32","guid":{"rendered":"http:\/\/www.unicoil.sa\/?page_id=14742"},"modified":"2022-10-10T12:10:09","modified_gmt":"2022-10-10T12:10:09","slug":"panoramica-storica","status":"publish","type":"page","link":"https:\/\/www.unicoil.com.sa\/Unicoil-Beta-Update\/it\/panoramica-storica\/","title":{"rendered":"Panoramica storica"},"content":{"rendered":"UNICOIL (Universal Metal Coating Company) \u00e8 stata fondata nel 1997 come la prima azienda nel Medio Oriente per la produzione di coil di alluminio e acciaio preverniciati e si \u00e8 affermata nel tempo come leader nel settore del rivestimento e della preverniciatura dei coil di acciaio in mercati regionali.\n\nUNICOIL \u00e8 stata fondata da due pionieri industriali (vale a dire Zamil Group Holding Company e Rashed Abdul Rahman Al-Rashed &amp; Sons Group) come una joint venture operante nel Regno dell&#8217;Arabia Saudita con un leader mondiale nel settore dell&#8217;acciaio preverniciato (BHP Australia). UNICOIL \u00e8 diventata nel 2003 una societ\u00e0 di propriet\u00e0 saudita al 100%. Con strutture produttive situate nelle citt\u00e0 industriali di Al Jubail e Jeddah, le sue cinque linee produttive hanno ora installato capacit\u00e0 produttive annue di 400.000 tonnellate metriche per il decapaggio HRC, 340.000 tonnellate metriche per CRC, 250.000 tonnellate metriche di coil di acciaio zincato, 210.000 tonnellate metriche di coil di acciaio preverniciato e 18 milioni di metri lineari di laminati di acciaio a nastro. UNICOIL occupa ora una posizione dominante nelle regioni del Medio Oriente e del Nord Africa.\n\n<div class=\"clearfix\" style=\"height:30px\"><\/div>\n<h3>Tappe storiche dello sviluppo<\/h3>\n\t<div class=\"timelinr-1\">\n\t\t<script type=\"text\/javascript\">\n\t\t\tjQuery(document).ready(function($) {\n\t\t\t \t$('.timelinr-1 .timeline').timelinr({\n\t\t\t\t \torientation: 'horizontal',\n\t\t\t\t    \/\/ value: horizontal | vertical, default to horizontal\n\t\t\t\t    containerDiv: 'timelinr-1',\n\t\t\t\t    \/\/ value: any HTML tag or #id, default to #timeline\n\t\t\t\t\tdatesSpeed: 'normal',\n\t\t\t\t    \/\/ value: integer between 100 and 1000 (recommended) or 'slow', 'normal' or 'fast'; default to normal\n\t\t\t  \t\tissuesSpeed: 'fast',\n\t\t\t\t    \/\/ value: integer between 100 and 1000 (recommended) or 'slow', 'normal' or 'fast'; default to fast\n\t\t\t\t    issuesTransparency: 0.2,\n\t\t\t\t    \/\/ value: integer between 0 and 1 (recommended), default to 0.2\n\t\t\t\t    issuesTransparencySpeed: 500,\n\t\t\t\t    \/\/ value: integer between 100 and 1000 (recommended), default to 500 (normal)\n\t\t\t\t    arrowKeys: 'true',\n\t\t\t\t    \/\/ value: true\/false, default to false\n\t\t\t\t    startAt: 1,\n\t\t\t\t    \/\/ value: integer, default to 1 (first)\n\t\t\t\t    autoPlay: 'false',\n\t\t\t\t    \/\/ value: true | false, default to false\n\t\t\t\t    autoPlayDirection: 'backward',\n\t\t\t\t    \/\/ value: forward | backward, default to forward\n\t\t\t\t    autoPlayPause: 2000\t\t\t\t    \/\/ value: integer (1000 = 1 seg), default to 2000 (2segs)< });\n\t\t\t   });\n\t\t\t});\n\t\t<\/script>\n\t\t<div class=\"timeline\">\n\t\t\t<ul class=\"dates\">\n\t\t    <li><a href=\"#\">1995<\/a><\/li><li><a href=\"#\">1996<\/a><\/li><li><a href=\"#\">1997<\/a><\/li><li><a href=\"#\">2003<\/a><\/li><li><a href=\"#\">2004<\/a><\/li><li><a href=\"#\">2006<\/a><\/li><li><a href=\"#\">2007<\/a><\/li><li><a href=\"#\">2009<\/a><\/li><li><a href=\"#\">2010<\/a><\/li><li><a href=\"#\">2011<\/a><\/li><li><a href=\"#\">2012<\/a><\/li><li><a href=\"#\">2013<\/a><\/li><li><a href=\"#\">2014<\/a><\/li><li><a href=\"#\">2015<\/a><\/li><li><a href=\"#\">2016<\/a><\/li><li><a href=\"#\">2017<\/a><\/li><li><a href=\"#\">2017<\/a><\/li><li><a href=\"#\">2021<\/a><\/li>\t\t\t<\/ul>\n\t\t\t<ul class=\"issues\"><li id=\"date5916\"><span>1995<\/span><p><p>\r\n\u2022 UNICOIL viene fondata nella citt\u00e0 industriale di Al-Jubail.<br \/>\r\n\u2022 UNICOIL decide di creare una linea di rivestimenti colorati per l'acciaio zincato con una capacit\u00e0 annua di 120.000 tonnellate metriche. \r\n<\/p><\/p><\/li><li id=\"date5918\"><span>1996<\/span><p><p>\r\nUNICOIL entra in una joint venture con BHP in Australia (ora BlueScope Australia).\r\n<\/p><\/p><\/li><li id=\"date5919\"><span>1997<\/span><p><p>\r\nUNICOIL commissiona la sua prima linea di produzione fornita da FATA HUNTER, con una capacit\u00e0 annua di 120.000 tonnellate metriche di coil di acciaio zincato preverniciato.\r\n<\/p><\/p><\/li><li id=\"date5920\"><span>2003<\/span><p><p>\r\n\u2022 UNICOIL diventa una societ\u00e0 di propriet\u00e0 saudita al 100%.<br>\r\n\u2022 UNICOIL riceve la certificazione ISO 9001:2000 per la produzione di coil di acciaio zincato preverniciato. \r\n<\/p><\/p><\/li><li id=\"date5921\"><span>2004<\/span><p><p>\r\nUNICOIL inizia a espandere le seguenti linee di produzione:\r\n<\/p>\r\n<p>\r\n\u2022 Linea di decapaggio push-pull: capacit\u00e0 produttiva annua di 400.000 tonnellate metriche.<br \/>\r\n\u2022 Linea di laminazione a freddo: capacit\u00e0 produttiva annua di 340.000 tonnellate metriche.<br \/>\r\n\u2022 Linea di zincatura continua: capacit\u00e0 produttiva annua di 250.000 tonnellate metriche. \r\n<\/p><\/p><\/li><li id=\"date5922\"><span>2006<\/span><p><p>\r\nUNICOIL commissiona le sue linee di produzione di coil di acciaio laminati a freddo e coil di acciaio zincato.\r\n<\/p><\/p><\/li><li id=\"date5923\"><span>2007<\/span><p><p>\r\nUNICOIL aumenta la sua capacit\u00e0 produttiva annua di coil di acciaio zincato preverniciato di 90.000 tonnellate metriche presso il nuovo stabilimento di Jeddah (regione occidentale dell'Arabia Saudita).\r\n<\/p><\/p><\/li><li id=\"date5924\"><span>2009<\/span><p><p>\r\nUNICOIL riceve la certificazione ISO 9001:2008 per i suoi prodotti con rivestimento metallico e con rivestimento organico.\r\n<\/p><\/p><\/li><li id=\"date5925\"><span>2010<\/span><p><p>\r\nUNICOIL raggiunge la produzione complessiva di un milione di tonnellate metriche di coil di acciaio zincato preverniciato fin dalla sua fondazione.\r\n<\/p><\/p><\/li><li id=\"date5926\"><span>2011<\/span><p><p>\r\nUNICOIL commissiona due linee di produzione di laminati a nastro con una capacit\u00e0 produttiva totale annua di 18 milioni di metri lineari.\r\n<\/p><\/p><\/li><li id=\"date5927\"><span>2012<\/span><p><p>\r\nUNICOIL raggiunge una produzione complessiva di un milione di tonnellate metriche di coil di acciaio zincato.\r\n<\/p><\/p><\/li><li id=\"date5928\"><span>2013<\/span><p><p>\r\nUNICOIL lancia la campagna di responsabilit\u00e0 sociale \"Tutto ci\u00f2 che occorre sapere sui laminati di acciaio preverniciato\" per informare e sensibilizzare.\r\n<\/p><\/p><\/li><li id=\"date5929\"><span>2014<\/span><p><p>\r\nUNICOIL riceve i marchi di qualit\u00e0 da SASO ed ESMA.\r\n<\/p><\/p><\/li><li id=\"date5930\"><span>2015<\/span><p><p>\r\n\u2022 UNICOIL riceve il \"Premio per le migliori prestazioni ambientali\" dalla Royal Commission per Jubail e Yanbu per il suo impegno nel corso del 2014.<br \/>\r\n\r\n\u2022 UNICOIL riceve la certificazione per il sistema di gestione ambientale (ISO 14001:2004) e il sistema di gestione della salute e della sicurezza sul lavoro (OHSAS 18001:2007).<br \/>\r\n\r\n\u2022 UNICOIL riceve i Jordanian Quality Mark (JQM).\r\n<\/p><\/p><\/li><li id=\"date5931\"><span>2016<\/span><p><p>\r\n\u2022 UNICOIL riceve il Kuwait Quality Mark (KQM).<br \/>\r\n\r\n\u2022 UNICOIL ha ricevuto l'accreditamento del Laboratorio, dall'Emirates International Accreditation Centre firmatario di ILAC - MRA (International Laboratories Accreditation Cooperation- Mutual Recognition Agreement).<br \/>\r\n\r\n\u2022 UNICOIL avvia la produzione di coil e laminati di acciaio zincato ecocompatibili al cromo trivalente.<br \/>\r\n\r\n\u2022 UNICOIL avvia la produzione di coil e laminati di acciaio zincato ecocompatibili senza cromo.\r\n\r\n<\/p><\/p><\/li><li id=\"date21819\"><span>2017<\/span><p><br\/>\r\n\u2022 UNICOIL \u00e8 certificata per gli standard di gestione della sicurezza delle informazioni ISO\/IEC 27001:2013<\/p><\/li><li id=\"date21823\"><span>2017<\/span><p><br\/>\r\n\u2022 UNICOIL \u00e8 certificata per gli standard di gestione della sicurezza delle informazioni ISO\/IEC 27001:2013<\/p><\/li><li id=\"date21826\"><span>2021<\/span><p><br\/>\r\n\u2022 Per la prima volta dalla sua costituzione, UNICOIL ha ottenuto 1 M DI ORE UOMO SICURE SENZA LTI nel periodo dal 5 gennaio 202 al 4 gennaio 2021.<\/p><\/li> \n\t\t   \t<\/ul>\n\t\t   \t<a href=\"#\" class=\"next\">+<\/a>\n\t   \t\t<a href=\"#\" class=\"prev\">-<\/a>\n\t   \t<\/div>\n   \t<\/div>","protected":false},"excerpt":{"rendered":"UNICOIL (Universal Metal Coating Company) \u00e8 stata fondata nel 1997 come la prima azienda nel Medio Oriente per la produzione di coil di alluminio e acciaio preverniciati e si \u00e8 affermata nel tempo come leader nel settore del rivestimento e della preverniciatura dei coil di acciaio in mercati regionali. UNICOIL \u00e8 stata fondata da due [&hellip;]","protected":false},"author":3,"featured_media":0,"parent":0,"menu_order":0,"comment_status":"closed","ping_status":"closed","template":"elementor_theme","meta":{"footnotes":""},"yoast_head":"<!-- This site is optimized with the Yoast SEO plugin v21.4 - https:\/\/yoast.com\/wordpress\/plugins\/seo\/ -->\n<title>Panoramica storica - UNICOIL<\/title>\n<meta name=\"robots\" content=\"index, follow, max-snippet:-1, max-image-preview:large, max-video-preview:-1\" \/>\n<link rel=\"canonical\" href=\"https:\/\/www.unicoil.com.sa\/Unicoil-Beta-Update\/it\/panoramica-storica\/\" \/>\n<meta property=\"og:locale\" content=\"en_US\" \/>\n<meta property=\"og:type\" content=\"article\" \/>\n<meta property=\"og:title\" content=\"Panoramica storica - UNICOIL\" \/>\n<meta property=\"og:description\" content=\"UNICOIL (Universal Metal Coating Company) \u00e8 stata fondata nel 1997 come la prima azienda nel Medio Oriente per la produzione di coil di alluminio e acciaio preverniciati e si \u00e8 affermata nel tempo come leader nel settore del rivestimento e della preverniciatura dei coil di acciaio in mercati regionali. UNICOIL \u00e8 stata fondata da due [&hellip;]\" \/>\n<meta property=\"og:url\" content=\"https:\/\/www.unicoil.com.sa\/Unicoil-Beta-Update\/it\/panoramica-storica\/\" \/>\n<meta property=\"og:site_name\" content=\"UNICOIL\" \/>\n<meta property=\"article:modified_time\" content=\"2022-10-10T12:10:09+00:00\" \/>\n<meta name=\"twitter:card\" content=\"summary_large_image\" \/>\n<meta name=\"twitter:label1\" content=\"Est. reading time\" \/>\n\t<meta name=\"twitter:data1\" content=\"1 minute\" \/>\n<script type=\"application\/ld+json\" class=\"yoast-schema-graph\">{\"@context\":\"https:\/\/schema.org\",\"@graph\":[{\"@type\":\"WebPage\",\"@id\":\"https:\/\/www.unicoil.com.sa\/Unicoil-Beta-Update\/it\/panoramica-storica\/\",\"url\":\"https:\/\/www.unicoil.com.sa\/Unicoil-Beta-Update\/it\/panoramica-storica\/\",\"name\":\"Panoramica storica - UNICOIL\",\"isPartOf\":{\"@id\":\"https:\/\/www.unicoil.com.sa\/Unicoil-Beta-Update\/#website\"},\"datePublished\":\"2019-06-24T05:03:32+00:00\",\"dateModified\":\"2022-10-10T12:10:09+00:00\",\"breadcrumb\":{\"@id\":\"https:\/\/www.unicoil.com.sa\/Unicoil-Beta-Update\/it\/panoramica-storica\/#breadcrumb\"},\"inLanguage\":\"en-US\",\"potentialAction\":[{\"@type\":\"ReadAction\",\"target\":[\"https:\/\/www.unicoil.com.sa\/Unicoil-Beta-Update\/it\/panoramica-storica\/\"]}]},{\"@type\":\"BreadcrumbList\",\"@id\":\"https:\/\/www.unicoil.com.sa\/Unicoil-Beta-Update\/it\/panoramica-storica\/#breadcrumb\",\"itemListElement\":[{\"@type\":\"ListItem\",\"position\":1,\"name\":\"Home\",\"item\":\"https:\/\/www.unicoil.com.sa\/Unicoil-Beta-Update\/en\/\"},{\"@type\":\"ListItem\",\"position\":2,\"name\":\"Panoramica storica\"}]},{\"@type\":\"WebSite\",\"@id\":\"https:\/\/www.unicoil.com.sa\/Unicoil-Beta-Update\/#website\",\"url\":\"https:\/\/www.unicoil.com.sa\/Unicoil-Beta-Update\/\",\"name\":\"UNICOIL\",\"description\":\"UNICOIL - A Leader in Steel Coil Coating and Prepainted Steels\",\"publisher\":{\"@id\":\"https:\/\/www.unicoil.com.sa\/Unicoil-Beta-Update\/#organization\"},\"potentialAction\":[{\"@type\":\"SearchAction\",\"target\":{\"@type\":\"EntryPoint\",\"urlTemplate\":\"https:\/\/www.unicoil.com.sa\/Unicoil-Beta-Update\/?s={search_term_string}\"},\"query-input\":\"required name=search_term_string\"}],\"inLanguage\":\"en-US\"},{\"@type\":\"Organization\",\"@id\":\"https:\/\/www.unicoil.com.sa\/Unicoil-Beta-Update\/#organization\",\"name\":\"UNICOIL\",\"url\":\"https:\/\/www.unicoil.com.sa\/Unicoil-Beta-Update\/\",\"logo\":{\"@type\":\"ImageObject\",\"inLanguage\":\"en-US\",\"@id\":\"https:\/\/www.unicoil.com.sa\/Unicoil-Beta-Update\/#\/schema\/logo\/image\/\",\"url\":\"https:\/\/www.unicoil.com.sa\/Unicoil-Beta-Update\/wp-content\/uploads\/UNICOIL-Logo-1.png\",\"contentUrl\":\"https:\/\/www.unicoil.com.sa\/Unicoil-Beta-Update\/wp-content\/uploads\/UNICOIL-Logo-1.png\",\"width\":1028,\"height\":617,\"caption\":\"UNICOIL\"},\"image\":{\"@id\":\"https:\/\/www.unicoil.com.sa\/Unicoil-Beta-Update\/#\/schema\/logo\/image\/\"}}]}<\/script>\n<!-- \/ Yoast SEO plugin. -->","yoast_head_json":{"title":"Panoramica storica - UNICOIL","robots":{"index":"index","follow":"follow","max-snippet":"max-snippet:-1","max-image-preview":"max-image-preview:large","max-video-preview":"max-video-preview:-1"},"canonical":"https:\/\/www.unicoil.com.sa\/Unicoil-Beta-Update\/it\/panoramica-storica\/","og_locale":"en_US","og_type":"article","og_title":"Panoramica storica - UNICOIL","og_description":"UNICOIL (Universal Metal Coating Company) \u00e8 stata fondata nel 1997 come la prima azienda nel Medio Oriente per la produzione di coil di alluminio e acciaio preverniciati e si \u00e8 affermata nel tempo come leader nel settore del rivestimento e della preverniciatura dei coil di acciaio in mercati regionali. UNICOIL \u00e8 stata fondata da due [&hellip;]","og_url":"https:\/\/www.unicoil.com.sa\/Unicoil-Beta-Update\/it\/panoramica-storica\/","og_site_name":"UNICOIL","article_modified_time":"2022-10-10T12:10:09+00:00","twitter_card":"summary_large_image","twitter_misc":{"Est. reading time":"1 minute"},"schema":{"@context":"https:\/\/schema.org","@graph":[{"@type":"WebPage","@id":"https:\/\/www.unicoil.com.sa\/Unicoil-Beta-Update\/it\/panoramica-storica\/","url":"https:\/\/www.unicoil.com.sa\/Unicoil-Beta-Update\/it\/panoramica-storica\/","name":"Panoramica storica - UNICOIL","isPartOf":{"@id":"https:\/\/www.unicoil.com.sa\/Unicoil-Beta-Update\/#website"},"datePublished":"2019-06-24T05:03:32+00:00","dateModified":"2022-10-10T12:10:09+00:00","breadcrumb":{"@id":"https:\/\/www.unicoil.com.sa\/Unicoil-Beta-Update\/it\/panoramica-storica\/#breadcrumb"},"inLanguage":"en-US","potentialAction":[{"@type":"ReadAction","target":["https:\/\/www.unicoil.com.sa\/Unicoil-Beta-Update\/it\/panoramica-storica\/"]}]},{"@type":"BreadcrumbList","@id":"https:\/\/www.unicoil.com.sa\/Unicoil-Beta-Update\/it\/panoramica-storica\/#breadcrumb","itemListElement":[{"@type":"ListItem","position":1,"name":"Home","item":"https:\/\/www.unicoil.com.sa\/Unicoil-Beta-Update\/en\/"},{"@type":"ListItem","position":2,"name":"Panoramica storica"}]},{"@type":"WebSite","@id":"https:\/\/www.unicoil.com.sa\/Unicoil-Beta-Update\/#website","url":"https:\/\/www.unicoil.com.sa\/Unicoil-Beta-Update\/","name":"UNICOIL","description":"UNICOIL - A Leader in Steel Coil Coating and Prepainted Steels","publisher":{"@id":"https:\/\/www.unicoil.com.sa\/Unicoil-Beta-Update\/#organization"},"potentialAction":[{"@type":"SearchAction","target":{"@type":"EntryPoint","urlTemplate":"https:\/\/www.unicoil.com.sa\/Unicoil-Beta-Update\/?s={search_term_string}"},"query-input":"required name=search_term_string"}],"inLanguage":"en-US"},{"@type":"Organization","@id":"https:\/\/www.unicoil.com.sa\/Unicoil-Beta-Update\/#organization","name":"UNICOIL","url":"https:\/\/www.unicoil.com.sa\/Unicoil-Beta-Update\/","logo":{"@type":"ImageObject","inLanguage":"en-US","@id":"https:\/\/www.unicoil.com.sa\/Unicoil-Beta-Update\/#\/schema\/logo\/image\/","url":"https:\/\/www.unicoil.com.sa\/Unicoil-Beta-Update\/wp-content\/uploads\/UNICOIL-Logo-1.png","contentUrl":"https:\/\/www.unicoil.com.sa\/Unicoil-Beta-Update\/wp-content\/uploads\/UNICOIL-Logo-1.png","width":1028,"height":617,"caption":"UNICOIL"},"image":{"@id":"https:\/\/www.unicoil.com.sa\/Unicoil-Beta-Update\/#\/schema\/logo\/image\/"}}]}},"_links":{"self":[{"href":"https:\/\/www.unicoil.com.sa\/Unicoil-Beta-Update\/wp-json\/wp\/v2\/pages\/14742"}],"collection":[{"href":"https:\/\/www.unicoil.com.sa\/Unicoil-Beta-Update\/wp-json\/wp\/v2\/pages"}],"about":[{"href":"https:\/\/www.unicoil.com.sa\/Unicoil-Beta-Update\/wp-json\/wp\/v2\/types\/page"}],"author":[{"embeddable":true,"href":"https:\/\/www.unicoil.com.sa\/Unicoil-Beta-Update\/wp-json\/wp\/v2\/users\/3"}],"replies":[{"embeddable":true,"href":"https:\/\/www.unicoil.com.sa\/Unicoil-Beta-Update\/wp-json\/wp\/v2\/comments?post=14742"}],"version-history":[{"count":1,"href":"https:\/\/www.unicoil.com.sa\/Unicoil-Beta-Update\/wp-json\/wp\/v2\/pages\/14742\/revisions"}],"predecessor-version":[{"id":14743,"href":"https:\/\/www.unicoil.com.sa\/Unicoil-Beta-Update\/wp-json\/wp\/v2\/pages\/14742\/revisions\/14743"}],"wp:attachment":[{"href":"https:\/\/www.unicoil.com.sa\/Unicoil-Beta-Update\/wp-json\/wp\/v2\/media?parent=14742"}],"curies":[{"name":"wp","href":"https:\/\/api.w.org\/{rel}","templated":true}]}}