{"id":14746,"date":"2019-06-24T05:07:22","date_gmt":"2019-06-24T05:07:22","guid":{"rendered":"http:\/\/www.unicoil.sa\/?page_id=14746"},"modified":"2019-06-24T05:07:24","modified_gmt":"2019-06-24T05:07:24","slug":"vision-general-historica","status":"publish","type":"page","link":"https:\/\/www.unicoil.com.sa\/Unicoil-Beta-Update\/es\/vision-general-historica\/","title":{"rendered":"Visi\u00f3n general hist\u00f3rica"},"content":{"rendered":"UNICOIL (Universal Metal Coating Company) se fund\u00f3 en 1997 como la primera empresa en el Oriente Medio en fabricar bobinas de acero y aluminio prepintados y, desde entonces, se ha convertido en l\u00edder en el sector del recubrimiento y prepintado de bobinas de acero en los mercados regionales.\n\nUNICOIL fue fundada por dos pioneros industriales (Zamil Group Holding Company y Rashed Abdul Rahman Al-Rashed &amp; Sons Group) como empresa conjunta que opera en el Reino de Arabia Saudita con un l\u00edder mundial en el sector del acero prepintado (BHP de Australia). M\u00e1s tarde, UNICOIL se convirti\u00f3 en una empresa 100 % saudita en 2004. Con sus instalaciones de fabricaci\u00f3n ubicadas en las ciudades industriales de Al-Jubail y Jeddah, ahora sus cinco l\u00edneas de producci\u00f3n  tienen capacidad de producci\u00f3n anual de 400.000 toneladas m\u00e9tricas de decapado de HRC, 340.000 toneladas m\u00e9tricas de CRC, 250.000 toneladas m\u00e9tricas de bobinas de acero galvanizado, 210.000 toneladas m\u00e9tricas de bobinas de acero prepintado, m\u00e1s 18 millones de metros lineales de l\u00e1minas de acero laminadas. UNICOIL ocupa ahora una posici\u00f3n dominante en las regiones de Oriente Medio y el Norte de \u00c1frica.\n\n<div class=\"clearfix\" style=\"height:30px\"><\/div>\n<h3>Cronolog\u00eda hist\u00f3rica<\/h3>\n\t<div class=\"timelinr-1\">\n\t\t<script type=\"text\/javascript\">\n\t\t\tjQuery(document).ready(function($) {\n\t\t\t \t$('.timelinr-1 .timeline').timelinr({\n\t\t\t\t \torientation: 'horizontal',\n\t\t\t\t    \/\/ value: horizontal | vertical, default to horizontal\n\t\t\t\t    containerDiv: 'timelinr-1',\n\t\t\t\t    \/\/ value: any HTML tag or #id, default to #timeline\n\t\t\t\t\tdatesSpeed: 'normal',\n\t\t\t\t    \/\/ value: integer between 100 and 1000 (recommended) or 'slow', 'normal' or 'fast'; default to normal\n\t\t\t  \t\tissuesSpeed: 'fast',\n\t\t\t\t    \/\/ value: integer between 100 and 1000 (recommended) or 'slow', 'normal' or 'fast'; default to fast\n\t\t\t\t    issuesTransparency: 0.2,\n\t\t\t\t    \/\/ value: integer between 0 and 1 (recommended), default to 0.2\n\t\t\t\t    issuesTransparencySpeed: 500,\n\t\t\t\t    \/\/ value: integer between 100 and 1000 (recommended), default to 500 (normal)\n\t\t\t\t    arrowKeys: 'true',\n\t\t\t\t    \/\/ value: true\/false, default to false\n\t\t\t\t    startAt: 1,\n\t\t\t\t    \/\/ value: integer, default to 1 (first)\n\t\t\t\t    autoPlay: 'false',\n\t\t\t\t    \/\/ value: true | false, default to false\n\t\t\t\t    autoPlayDirection: 'backward',\n\t\t\t\t    \/\/ value: forward | backward, default to forward\n\t\t\t\t    autoPlayPause: 2000\t\t\t\t    \/\/ value: integer (1000 = 1 seg), default to 2000 (2segs)< });\n\t\t\t   });\n\t\t\t});\n\t\t<\/script>\n\t\t<div class=\"timeline\">\n\t\t\t<ul class=\"dates\">\n\t\t    <li><a href=\"#\">1995<\/a><\/li><li><a href=\"#\">1996<\/a><\/li><li><a href=\"#\">1997<\/a><\/li><li><a href=\"#\">2003<\/a><\/li><li><a href=\"#\">2004<\/a><\/li><li><a href=\"#\">2006<\/a><\/li><li><a href=\"#\">2007<\/a><\/li><li><a href=\"#\">2009<\/a><\/li><li><a href=\"#\">2010<\/a><\/li><li><a href=\"#\">2011<\/a><\/li><li><a href=\"#\">2012<\/a><\/li><li><a href=\"#\">2013<\/a><\/li><li><a href=\"#\">2014<\/a><\/li><li><a href=\"#\">2015<\/a><\/li><li><a href=\"#\">2016<\/a><\/li><li><a href=\"#\">2017<\/a><\/li><li><a href=\"#\">2021<\/a><\/li>\t\t\t<\/ul>\n\t\t\t<ul class=\"issues\"><li id=\"date6719\"><span>1995<\/span><p><p>\r\n\u2022 UNICOIL se estableci\u00f3 en la ciudad industrial de Al-Jubail. <br \/>\r\n\u2022 UNICOIL decidi\u00f3 instalar una l\u00ednea de recubrimiento con color para acero galvanizado con una capacidad de 120.000 toneladas m\u00e9tricas al a\u00f1o. \r\n<\/p><\/p><\/li><li id=\"date6720\"><span>1996<\/span><p><p>\r\nUNICOIL inicia una empresa conjunta de cooperaci\u00f3n con BHP en Australia (actualmente BlueScope Australia).\r\n<\/p><\/p><\/li><li id=\"date6721\"><span>1997<\/span><p><p>\r\nUNICOIL pone en servicio su primera l\u00ednea de producci\u00f3n suministrada por FATA HUNTER con una capacidad de 120.000 toneladas m\u00e9tricas al a\u00f1o para bobinas de acero galvanizado prepintado.\r\n<\/p><\/p><\/li><li id=\"date6722\"><span>2003<\/span><p><p>\r\n\u2022 UNICOIL se convierte en una empresa 100 % saudita.<br>\r\n\u2022 UNICOIL recibe la certificaci\u00f3n ISO 9001:2000 para la fabricaci\u00f3n de bobinas de acero galvanizado prepintado. \r\n<\/p><\/p><\/li><li id=\"date6723\"><span>2004<\/span><p><p>\r\nUNICOIL comienza a expandir las l\u00edneas de producci\u00f3n siguientes: <br \/>\r\n\u2022 L\u00ednea de decapado Push-Pull: capacidad de producci\u00f3n de 400.000 toneladas m\u00e9tricas al a\u00f1o. <br \/>\r\n\u2022 L\u00ednea de laminado en fr\u00edo: capacidad de producci\u00f3n de 340.000 toneladas m\u00e9tricas al a\u00f1o. <br \/>\r\n\u2022 L\u00ednea de galvanizado continuo: capacidad de producci\u00f3n de 250.000 toneladas m\u00e9tricas al a\u00f1o.\r\n\r\n<\/p><\/p><\/li><li id=\"date6724\"><span>2006<\/span><p><p>\r\nUNICOIL pone en servicio sus l\u00edneas de producci\u00f3n de bobinas de acero laminado en fr\u00edo y bobinas de acero galvanizado.\r\n<\/p><\/p><\/li><li id=\"date6725\"><span>2007<\/span><p><p>UNICOIL aumenta su capacidad de producci\u00f3n anual de bobinas de acero galvanizado prepintado en 90.000 toneladas m\u00e9tricas al a\u00f1o en su nueva planta en Jeddah (regi\u00f3n occidental del Reino de Arabia Saudita).<\/p><\/p><\/li><li id=\"date6726\"><span>2009<\/span><p><p>\r\nUNICOIL recibe la certificaci\u00f3n ISO 9001:2008 por sus productos recubiertos con revestimiento met\u00e1lico y org\u00e1nico.\r\n<\/p><\/p><\/li><li id=\"date6727\"><span>2010<\/span><p><p>UNICOIL logra la producci\u00f3n acumulada de un mill\u00f3n de toneladas m\u00e9tricas de bobinas de acero galvanizado prepintado desde su creaci\u00f3n.<\/p><\/p><\/li><li id=\"date6728\"><span>2011<\/span><p><p>\r\nUNICOIL pone en servicio dos l\u00edneas de producci\u00f3n de l\u00e1minas de acero laminadas con una capacidad de producci\u00f3n total de 18 millones de metros lineales anuales.\r\n<\/p><\/p><\/li><li id=\"date6729\"><span>2012<\/span><p><p>\r\nUNICOIL alcanz\u00f3 la producci\u00f3n acumulada de un mill\u00f3n de toneladas m\u00e9tricas de bobinas de acero galvanizado.\r\n<\/p><\/p><\/li><li id=\"date6730\"><span>2013<\/span><p><p>\r\nUNICOIL lanz\u00f3 su campa\u00f1a de responsabilidad social \"Conozca sus l\u00e1minas de acero galvanizado prepintado\" relativa a los productos de acero galvanizado prepintado.\r\n<\/p><\/p><\/li><li id=\"date6731\"><span>2014<\/span><p><p>UNICOIL est\u00e1 acreditada con las marcas de calidad de SASO y ESMA.<\/p><\/p><\/li><li id=\"date6732\"><span>2015<\/span><p><p>\r\n\u2022 UNICOIL recibi\u00f3 el \"Premio al Mejor Desempe\u00f1o Ambiental\" de la Comisi\u00f3n Real por Jubail y Yanbu por sus esfuerzos durante 2014. <br \/>\r\n\u2022 UNICOIL recibe la certificaci\u00f3n del sistema de gesti\u00f3n ambiental (ISO 14001:2004) y el sistema de gesti\u00f3n de seguridad y salud ocupacional (OHSAS 18001:2007). <br \/>\r\n\u2022 UNICOIL est\u00e1 acreditada con las marcas de calidad jordanas (JQM).\r\n\r\n<\/p><\/p><\/li><li id=\"date6733\"><span>2016<\/span><p><p>\r\n\u2022 UNICOIL est\u00e1 acreditada con la marca de calidad de Kuwait (KQM). <br \/>\r\n\u2022 UNICOIL recibi\u00f3 la acreditaci\u00f3n de Laboratorio, por el Centro Internacional de Acreditaci\u00f3n de Emirates, signatario de ILAC - MRA (Cooperaci\u00f3n de Acreditaci\u00f3n de Laboratorios Internacionales - Acuerdo de Reconocimiento Mutuo). <br \/>\r\n\u2022 UNICOIL inici\u00f3 la producci\u00f3n de bobinas y l\u00e1minas de acero galvanizado respetuosas con el medio ambiente. <br \/>\r\n\u2022 UNICOIL inici\u00f3 la producci\u00f3n de bobinas y hojas de acero prepintado sin cromo respetuosas con el medio ambiente.\r\n\r\n\r\n<\/p><\/p><\/li><li id=\"date21820\"><span>2017<\/span><p><br\/>\r\n\u2022 UNICOIL est\u00e1 certificado para los est\u00e1ndares de gesti\u00f3n de seguridad de la informaci\u00f3n ISO \/ IEC 27001: 2013<\/p><\/li><li id=\"date21828\"><span>2021<\/span><p><br\/>\r\n\u2022 Por primera vez desde su creaci\u00f3n, UNICOIL logr\u00f3 1M HORAS HOMBRE SEGURAS SIN LTI durante el per\u00edodo comprendido entre el 5 de enero de 202 y el 4 de enero de 2021.<\/p><\/li> \n\t\t   \t<\/ul>\n\t\t   \t<a href=\"#\" class=\"next\">+<\/a>\n\t   \t\t<a href=\"#\" class=\"prev\">-<\/a>\n\t   \t<\/div>\n   \t<\/div>","protected":false},"excerpt":{"rendered":"UNICOIL (Universal Metal Coating Company) se fund\u00f3 en 1997 como la primera empresa en el Oriente Medio en fabricar bobinas de acero y aluminio prepintados y, desde entonces, se ha convertido en l\u00edder en el sector del recubrimiento y prepintado de bobinas de acero en los mercados regionales. UNICOIL fue fundada por dos pioneros industriales [&hellip;]","protected":false},"author":3,"featured_media":0,"parent":0,"menu_order":0,"comment_status":"closed","ping_status":"closed","template":"","meta":{"footnotes":""},"yoast_head":"<!-- This site is optimized with the Yoast SEO plugin v21.4 - https:\/\/yoast.com\/wordpress\/plugins\/seo\/ -->\n<title>Visi\u00f3n general hist\u00f3rica - UNICOIL<\/title>\n<meta name=\"robots\" content=\"index, follow, max-snippet:-1, max-image-preview:large, max-video-preview:-1\" \/>\n<link rel=\"canonical\" href=\"https:\/\/www.unicoil.com.sa\/Unicoil-Beta-Update\/es\/vision-general-historica\/\" \/>\n<meta property=\"og:locale\" content=\"en_US\" \/>\n<meta property=\"og:type\" content=\"article\" \/>\n<meta property=\"og:title\" content=\"Visi\u00f3n general hist\u00f3rica - UNICOIL\" \/>\n<meta property=\"og:description\" content=\"UNICOIL (Universal Metal Coating Company) se fund\u00f3 en 1997 como la primera empresa en el Oriente Medio en fabricar bobinas de acero y aluminio prepintados y, desde entonces, se ha convertido en l\u00edder en el sector del recubrimiento y prepintado de bobinas de acero en los mercados regionales. UNICOIL fue fundada por dos pioneros industriales [&hellip;]\" \/>\n<meta property=\"og:url\" content=\"https:\/\/www.unicoil.com.sa\/Unicoil-Beta-Update\/es\/vision-general-historica\/\" \/>\n<meta property=\"og:site_name\" content=\"UNICOIL\" \/>\n<meta property=\"article:modified_time\" content=\"2019-06-24T05:07:24+00:00\" \/>\n<meta name=\"twitter:card\" content=\"summary_large_image\" \/>\n<meta name=\"twitter:label1\" content=\"Est. reading time\" \/>\n\t<meta name=\"twitter:data1\" content=\"1 minute\" \/>\n<script type=\"application\/ld+json\" class=\"yoast-schema-graph\">{\"@context\":\"https:\/\/schema.org\",\"@graph\":[{\"@type\":\"WebPage\",\"@id\":\"https:\/\/www.unicoil.com.sa\/Unicoil-Beta-Update\/es\/vision-general-historica\/\",\"url\":\"https:\/\/www.unicoil.com.sa\/Unicoil-Beta-Update\/es\/vision-general-historica\/\",\"name\":\"Visi\u00f3n general hist\u00f3rica - UNICOIL\",\"isPartOf\":{\"@id\":\"https:\/\/www.unicoil.com.sa\/Unicoil-Beta-Update\/#website\"},\"datePublished\":\"2019-06-24T05:07:22+00:00\",\"dateModified\":\"2019-06-24T05:07:24+00:00\",\"breadcrumb\":{\"@id\":\"https:\/\/www.unicoil.com.sa\/Unicoil-Beta-Update\/es\/vision-general-historica\/#breadcrumb\"},\"inLanguage\":\"en-US\",\"potentialAction\":[{\"@type\":\"ReadAction\",\"target\":[\"https:\/\/www.unicoil.com.sa\/Unicoil-Beta-Update\/es\/vision-general-historica\/\"]}]},{\"@type\":\"BreadcrumbList\",\"@id\":\"https:\/\/www.unicoil.com.sa\/Unicoil-Beta-Update\/es\/vision-general-historica\/#breadcrumb\",\"itemListElement\":[{\"@type\":\"ListItem\",\"position\":1,\"name\":\"Home\",\"item\":\"https:\/\/www.unicoil.com.sa\/Unicoil-Beta-Update\/en\/\"},{\"@type\":\"ListItem\",\"position\":2,\"name\":\"Visi\u00f3n general hist\u00f3rica\"}]},{\"@type\":\"WebSite\",\"@id\":\"https:\/\/www.unicoil.com.sa\/Unicoil-Beta-Update\/#website\",\"url\":\"https:\/\/www.unicoil.com.sa\/Unicoil-Beta-Update\/\",\"name\":\"UNICOIL\",\"description\":\"UNICOIL - A Leader in Steel Coil Coating and Prepainted Steels\",\"publisher\":{\"@id\":\"https:\/\/www.unicoil.com.sa\/Unicoil-Beta-Update\/#organization\"},\"potentialAction\":[{\"@type\":\"SearchAction\",\"target\":{\"@type\":\"EntryPoint\",\"urlTemplate\":\"https:\/\/www.unicoil.com.sa\/Unicoil-Beta-Update\/?s={search_term_string}\"},\"query-input\":\"required name=search_term_string\"}],\"inLanguage\":\"en-US\"},{\"@type\":\"Organization\",\"@id\":\"https:\/\/www.unicoil.com.sa\/Unicoil-Beta-Update\/#organization\",\"name\":\"UNICOIL\",\"url\":\"https:\/\/www.unicoil.com.sa\/Unicoil-Beta-Update\/\",\"logo\":{\"@type\":\"ImageObject\",\"inLanguage\":\"en-US\",\"@id\":\"https:\/\/www.unicoil.com.sa\/Unicoil-Beta-Update\/#\/schema\/logo\/image\/\",\"url\":\"https:\/\/www.unicoil.com.sa\/Unicoil-Beta-Update\/wp-content\/uploads\/UNICOIL-Logo-1.png\",\"contentUrl\":\"https:\/\/www.unicoil.com.sa\/Unicoil-Beta-Update\/wp-content\/uploads\/UNICOIL-Logo-1.png\",\"width\":1028,\"height\":617,\"caption\":\"UNICOIL\"},\"image\":{\"@id\":\"https:\/\/www.unicoil.com.sa\/Unicoil-Beta-Update\/#\/schema\/logo\/image\/\"}}]}<\/script>\n<!-- \/ Yoast SEO plugin. -->","yoast_head_json":{"title":"Visi\u00f3n general hist\u00f3rica - UNICOIL","robots":{"index":"index","follow":"follow","max-snippet":"max-snippet:-1","max-image-preview":"max-image-preview:large","max-video-preview":"max-video-preview:-1"},"canonical":"https:\/\/www.unicoil.com.sa\/Unicoil-Beta-Update\/es\/vision-general-historica\/","og_locale":"en_US","og_type":"article","og_title":"Visi\u00f3n general hist\u00f3rica - UNICOIL","og_description":"UNICOIL (Universal Metal Coating Company) se fund\u00f3 en 1997 como la primera empresa en el Oriente Medio en fabricar bobinas de acero y aluminio prepintados y, desde entonces, se ha convertido en l\u00edder en el sector del recubrimiento y prepintado de bobinas de acero en los mercados regionales. UNICOIL fue fundada por dos pioneros industriales [&hellip;]","og_url":"https:\/\/www.unicoil.com.sa\/Unicoil-Beta-Update\/es\/vision-general-historica\/","og_site_name":"UNICOIL","article_modified_time":"2019-06-24T05:07:24+00:00","twitter_card":"summary_large_image","twitter_misc":{"Est. reading time":"1 minute"},"schema":{"@context":"https:\/\/schema.org","@graph":[{"@type":"WebPage","@id":"https:\/\/www.unicoil.com.sa\/Unicoil-Beta-Update\/es\/vision-general-historica\/","url":"https:\/\/www.unicoil.com.sa\/Unicoil-Beta-Update\/es\/vision-general-historica\/","name":"Visi\u00f3n general hist\u00f3rica - UNICOIL","isPartOf":{"@id":"https:\/\/www.unicoil.com.sa\/Unicoil-Beta-Update\/#website"},"datePublished":"2019-06-24T05:07:22+00:00","dateModified":"2019-06-24T05:07:24+00:00","breadcrumb":{"@id":"https:\/\/www.unicoil.com.sa\/Unicoil-Beta-Update\/es\/vision-general-historica\/#breadcrumb"},"inLanguage":"en-US","potentialAction":[{"@type":"ReadAction","target":["https:\/\/www.unicoil.com.sa\/Unicoil-Beta-Update\/es\/vision-general-historica\/"]}]},{"@type":"BreadcrumbList","@id":"https:\/\/www.unicoil.com.sa\/Unicoil-Beta-Update\/es\/vision-general-historica\/#breadcrumb","itemListElement":[{"@type":"ListItem","position":1,"name":"Home","item":"https:\/\/www.unicoil.com.sa\/Unicoil-Beta-Update\/en\/"},{"@type":"ListItem","position":2,"name":"Visi\u00f3n general hist\u00f3rica"}]},{"@type":"WebSite","@id":"https:\/\/www.unicoil.com.sa\/Unicoil-Beta-Update\/#website","url":"https:\/\/www.unicoil.com.sa\/Unicoil-Beta-Update\/","name":"UNICOIL","description":"UNICOIL - A Leader in Steel Coil Coating and Prepainted Steels","publisher":{"@id":"https:\/\/www.unicoil.com.sa\/Unicoil-Beta-Update\/#organization"},"potentialAction":[{"@type":"SearchAction","target":{"@type":"EntryPoint","urlTemplate":"https:\/\/www.unicoil.com.sa\/Unicoil-Beta-Update\/?s={search_term_string}"},"query-input":"required name=search_term_string"}],"inLanguage":"en-US"},{"@type":"Organization","@id":"https:\/\/www.unicoil.com.sa\/Unicoil-Beta-Update\/#organization","name":"UNICOIL","url":"https:\/\/www.unicoil.com.sa\/Unicoil-Beta-Update\/","logo":{"@type":"ImageObject","inLanguage":"en-US","@id":"https:\/\/www.unicoil.com.sa\/Unicoil-Beta-Update\/#\/schema\/logo\/image\/","url":"https:\/\/www.unicoil.com.sa\/Unicoil-Beta-Update\/wp-content\/uploads\/UNICOIL-Logo-1.png","contentUrl":"https:\/\/www.unicoil.com.sa\/Unicoil-Beta-Update\/wp-content\/uploads\/UNICOIL-Logo-1.png","width":1028,"height":617,"caption":"UNICOIL"},"image":{"@id":"https:\/\/www.unicoil.com.sa\/Unicoil-Beta-Update\/#\/schema\/logo\/image\/"}}]}},"_links":{"self":[{"href":"https:\/\/www.unicoil.com.sa\/Unicoil-Beta-Update\/wp-json\/wp\/v2\/pages\/14746"}],"collection":[{"href":"https:\/\/www.unicoil.com.sa\/Unicoil-Beta-Update\/wp-json\/wp\/v2\/pages"}],"about":[{"href":"https:\/\/www.unicoil.com.sa\/Unicoil-Beta-Update\/wp-json\/wp\/v2\/types\/page"}],"author":[{"embeddable":true,"href":"https:\/\/www.unicoil.com.sa\/Unicoil-Beta-Update\/wp-json\/wp\/v2\/users\/3"}],"replies":[{"embeddable":true,"href":"https:\/\/www.unicoil.com.sa\/Unicoil-Beta-Update\/wp-json\/wp\/v2\/comments?post=14746"}],"version-history":[{"count":1,"href":"https:\/\/www.unicoil.com.sa\/Unicoil-Beta-Update\/wp-json\/wp\/v2\/pages\/14746\/revisions"}],"predecessor-version":[{"id":14747,"href":"https:\/\/www.unicoil.com.sa\/Unicoil-Beta-Update\/wp-json\/wp\/v2\/pages\/14746\/revisions\/14747"}],"wp:attachment":[{"href":"https:\/\/www.unicoil.com.sa\/Unicoil-Beta-Update\/wp-json\/wp\/v2\/media?parent=14746"}],"curies":[{"name":"wp","href":"https:\/\/api.w.org\/{rel}","templated":true}]}}