{"id":14792,"date":"2019-06-24T05:56:31","date_gmt":"2019-06-24T05:56:31","guid":{"rendered":"http:\/\/www.unicoil.sa\/?page_id=14792"},"modified":"2022-10-10T12:10:57","modified_gmt":"2022-10-10T12:10:57","slug":"tappe-importanti-di-unicoil","status":"publish","type":"page","link":"https:\/\/www.unicoil.com.sa\/Unicoil-Beta-Update\/it\/tappe-importanti-di-unicoil\/","title":{"rendered":"Tappe importanti di UNICOIL"},"content":{"rendered":"<h3><span class=\"icon-th-list\"><\/span> Informazioni su UNICOIL<\/h3>\n\n<hr class=\"style-five margin-t0 margin-b20  fadeInDown animated\" data-rt-animate=\"animate\" data-rt-animation-type=\"fadeInDown\" data-rt-animation-group=\"single\" style=\"animation-delay: 0s;\">\n\n<ul>\n \t<li>Fondata nel 1997 con una partnership australiana. Nel 2003 diventa una societ\u00e0 di propriet\u00e0 saudita al 100%.<\/li>\n \t<li>Oltre ad essere la pi\u00f9 grande, \u00e8 anche la prima societ\u00e0 operante nel settore dei laminati di acciaio rivestito nel Medio Oriente e nel Nord Africa (regione MENA).<\/li>\n \t<li>Impiega tecnologie di produzione e linee produttive acquistate dalle maggiori aziende statunitensi, britanniche e italiane.<\/li>\n \t<li>Produce annualmente 250.000 tonnellate di laminati di acciaio zincato e 210.000 tonnellate di laminati di acciaio con rivestimento colorato.<\/li>\n<\/ul>\n<div class=\"clearfix\" style=\"height:45px\"><\/div>\n<h3><span class=\"icon-th-list\"><\/span> Marchi di qualit\u00e0 locali e regionali<\/h3>\n\n<hr class=\"style-five margin-t0 margin-b20  fadeInDown animated\" data-rt-animate=\"animate\" data-rt-animation-type=\"fadeInDown\" data-rt-animation-group=\"single\" style=\"animation-delay: 0s;\">\n\n<ul>\n \t<li>Il primo fornitore di laminati di acciaio zincato e con verniciatura colorata in Arabia Saudita che ha ricevuto il marchio di qualit\u00e0 SASO dalla Saudi Standards, Metrology and Quality Organization.<\/li>\n \t<li>La prima societ\u00e0 araba che ha ricevuto l&#8217;Emirates Quality Mark (EQM) dalla Emirates Authority for Standardization and Metrology (ESMA).<\/li>\n \t<li>La prima societ\u00e0 araba che ha ricevuto lo Jordanian Quality Mark (JQM) dalla Jordan Standards and Metrology Organization (JSMO).<\/li>\n \t<li>La prima societ\u00e0 araba che ha ricevuto il Kuwaiti Standard Specification Mark (KSS) dalla Kuwait Authority of Industry.<\/li>\n<\/ul>\n<div class=\"clearfix\" style=\"height:45px\"><\/div>\n<h3><span class=\"icon-th-list\"><\/span> Accreditamenti internazionali<\/h3>\n\n<hr class=\"style-five margin-t0 margin-b20  fadeInDown animated\" data-rt-animate=\"animate\" data-rt-animation-type=\"fadeInDown\" data-rt-animation-group=\"single\" style=\"animation-delay: 0s;\">\n\n<ul>\n \t<li>Certificazione di qualit\u00e0 ISO 9001:2008.<\/li>\n \t<li>Certificazione del sistema di gestione ambientale secondo lo standard ISO 14001.<\/li>\n \t<li>Certificazione del sistema di gestione per la salute e la sicurezza sui luoghi di lavoro secondo lo standard OHSAS 18001.<\/li>\n \t<li>Il primo produttore regionale nel settore dei laminati di acciaio che ha ricevuto la certificazione di accreditamento internazionale dei propri laboratori secondo lo standard ISO 17025:2005.<\/li>\n \t<li>L&#8217;unico membro arabo del Technical Committee (A05) di ASTM International con diritti di voto.<\/li>\n<\/ul>\n<div class=\"clearfix\" style=\"height:45px\"><\/div>\n<h3><span class=\"icon-th-list\"><\/span> Impegno alla produzione, alla responsabilit\u00e0 sociale e alla trasparenza<\/h3>\n\n<hr class=\"style-five margin-t0 margin-b20  fadeInDown animated\" data-rt-animate=\"animate\" data-rt-animation-type=\"fadeInDown\" data-rt-animation-group=\"single\" style=\"animation-delay: 0s;\">\n\n<ul>\n \t<li>Tutti i prodotti UNICOIL sono senza piombo e conformi agli standard ambientali e sanitari internazionali.<\/li>\n \t<li>La prima societ\u00e0 a livello industriale che stampa tutti i componenti dei propri prodotti su ogni metro lineare.<\/li>\n \t<li>La prima societ\u00e0 che emette fatture in arabo con divulgazione trasparente di tutte le specifiche del prodotto.<\/li>\n \t<li>La prima azienda che ha lanciato una campagna senza precedenti per promuovere la sensibilizzazione sociale riguardo ai rischi delle vernici al piombo per la sicurezza ambientale e pubblica.<\/li>\n \t<li>La prima azienda che fornisce servizi di test gratuiti per i prodotti in acciaio nei propri laboratori alle parti interessate in tutti i mercati arabi.<\/li>\n \t<li>La prima azienda che dichiara la propria responsabilit\u00e0 sociale aziendale per una \u201ccollettivit\u00e0 senza piombo\u201d.<\/li>\n \t<li>La prima azienda che contribuisce allo sviluppo dello standard internazionale ASTM con l&#8217;aggiunta di una voce che specifica il limite massimo consentito di piombo nello zinco e nelle vernici.<\/li>\n \t<li>La prima societ\u00e0 che invoca e contribuisce attivamente allo sviluppo di uno standard nazionale saudita per i laminati di acciaio zincato e con rivestimento colorato.<\/li>\n \t<li>Destinataria del Best Environmental Performance Award dalla Royal Commission for Jubail.<\/li>\n<\/ul>\n<div class=\"clearfix\" style=\"height:45px\"><\/div>\n<h3><span class=\"icon-th-list\"><\/span> Sviluppo e innovazione<\/h3>\n\n<hr class=\"style-five margin-t0 margin-b20  fadeInDown animated\" data-rt-animate=\"animate\" data-rt-animation-type=\"fadeInDown\" data-rt-animation-group=\"single\" style=\"animation-delay: 0s;\">\n\nIl primo produttore nel settore dei laminati di acciaio nel Medio Oriente che ha raggiunto i seguenti traguardi:\n<ul>\n \t<li>Sviluppo di soluzioni innovative per il trattamento di graffi causati sui laminati di acciaio preverniciato durante il trasporto o l&#8217;installazione.<\/li>\n \t<li>Sviluppo di prodotti innovativi realizzati con laminati di acciaio preverniciato (risparmio energetico, protezione antibatterica e assenza di cromo).<\/li>\n \t<li>Sviluppo di prodotti innovativi realizzati con laminati di acciaio zincato (cromo trivalente e senza cromo).<\/li>\n \t<li>Installazione di un impianto di produzione di vernici all&#8217;interno dei propri stabilimenti, riducendo cos\u00ec la quantit\u00e0 minima degli ordini e i tempi di consegna.<\/li>\n<\/ul>","protected":false},"excerpt":{"rendered":"Informazioni su UNICOIL Fondata nel 1997 con una partnership australiana. Nel 2003 diventa una societ\u00e0 di propriet\u00e0 saudita al 100%. Oltre ad essere la pi\u00f9 grande, \u00e8 anche la prima societ\u00e0 operante nel settore dei laminati di acciaio rivestito nel Medio Oriente e nel Nord Africa (regione MENA). Impiega tecnologie di produzione e linee produttive [&hellip;]","protected":false},"author":3,"featured_media":0,"parent":0,"menu_order":0,"comment_status":"closed","ping_status":"closed","template":"elementor_theme","meta":{"footnotes":""},"yoast_head":"<!-- This site is optimized with the Yoast SEO plugin v21.4 - https:\/\/yoast.com\/wordpress\/plugins\/seo\/ -->\n<title>Tappe importanti di UNICOIL - UNICOIL<\/title>\n<meta name=\"robots\" content=\"index, follow, max-snippet:-1, max-image-preview:large, max-video-preview:-1\" \/>\n<link rel=\"canonical\" href=\"https:\/\/www.unicoil.com.sa\/Unicoil-Beta-Update\/it\/tappe-importanti-di-unicoil\/\" \/>\n<meta property=\"og:locale\" content=\"en_US\" \/>\n<meta property=\"og:type\" content=\"article\" \/>\n<meta property=\"og:title\" content=\"Tappe importanti di UNICOIL - UNICOIL\" \/>\n<meta property=\"og:description\" content=\"Informazioni su UNICOIL Fondata nel 1997 con una partnership australiana. Nel 2003 diventa una societ\u00e0 di propriet\u00e0 saudita al 100%. Oltre ad essere la pi\u00f9 grande, \u00e8 anche la prima societ\u00e0 operante nel settore dei laminati di acciaio rivestito nel Medio Oriente e nel Nord Africa (regione MENA). Impiega tecnologie di produzione e linee produttive [&hellip;]\" \/>\n<meta property=\"og:url\" content=\"https:\/\/www.unicoil.com.sa\/Unicoil-Beta-Update\/it\/tappe-importanti-di-unicoil\/\" \/>\n<meta property=\"og:site_name\" content=\"UNICOIL\" \/>\n<meta property=\"article:modified_time\" content=\"2022-10-10T12:10:57+00:00\" \/>\n<meta name=\"twitter:card\" content=\"summary_large_image\" \/>\n<meta name=\"twitter:label1\" content=\"Est. reading time\" \/>\n\t<meta name=\"twitter:data1\" content=\"3 minutes\" \/>\n<script type=\"application\/ld+json\" class=\"yoast-schema-graph\">{\"@context\":\"https:\/\/schema.org\",\"@graph\":[{\"@type\":\"WebPage\",\"@id\":\"https:\/\/www.unicoil.com.sa\/Unicoil-Beta-Update\/it\/tappe-importanti-di-unicoil\/\",\"url\":\"https:\/\/www.unicoil.com.sa\/Unicoil-Beta-Update\/it\/tappe-importanti-di-unicoil\/\",\"name\":\"Tappe importanti di UNICOIL - UNICOIL\",\"isPartOf\":{\"@id\":\"https:\/\/www.unicoil.com.sa\/Unicoil-Beta-Update\/#website\"},\"datePublished\":\"2019-06-24T05:56:31+00:00\",\"dateModified\":\"2022-10-10T12:10:57+00:00\",\"breadcrumb\":{\"@id\":\"https:\/\/www.unicoil.com.sa\/Unicoil-Beta-Update\/it\/tappe-importanti-di-unicoil\/#breadcrumb\"},\"inLanguage\":\"en-US\",\"potentialAction\":[{\"@type\":\"ReadAction\",\"target\":[\"https:\/\/www.unicoil.com.sa\/Unicoil-Beta-Update\/it\/tappe-importanti-di-unicoil\/\"]}]},{\"@type\":\"BreadcrumbList\",\"@id\":\"https:\/\/www.unicoil.com.sa\/Unicoil-Beta-Update\/it\/tappe-importanti-di-unicoil\/#breadcrumb\",\"itemListElement\":[{\"@type\":\"ListItem\",\"position\":1,\"name\":\"Home\",\"item\":\"https:\/\/www.unicoil.com.sa\/Unicoil-Beta-Update\/en\/\"},{\"@type\":\"ListItem\",\"position\":2,\"name\":\"Tappe importanti di UNICOIL\"}]},{\"@type\":\"WebSite\",\"@id\":\"https:\/\/www.unicoil.com.sa\/Unicoil-Beta-Update\/#website\",\"url\":\"https:\/\/www.unicoil.com.sa\/Unicoil-Beta-Update\/\",\"name\":\"UNICOIL\",\"description\":\"UNICOIL - A Leader in Steel Coil Coating and Prepainted Steels\",\"publisher\":{\"@id\":\"https:\/\/www.unicoil.com.sa\/Unicoil-Beta-Update\/#organization\"},\"potentialAction\":[{\"@type\":\"SearchAction\",\"target\":{\"@type\":\"EntryPoint\",\"urlTemplate\":\"https:\/\/www.unicoil.com.sa\/Unicoil-Beta-Update\/?s={search_term_string}\"},\"query-input\":\"required name=search_term_string\"}],\"inLanguage\":\"en-US\"},{\"@type\":\"Organization\",\"@id\":\"https:\/\/www.unicoil.com.sa\/Unicoil-Beta-Update\/#organization\",\"name\":\"UNICOIL\",\"url\":\"https:\/\/www.unicoil.com.sa\/Unicoil-Beta-Update\/\",\"logo\":{\"@type\":\"ImageObject\",\"inLanguage\":\"en-US\",\"@id\":\"https:\/\/www.unicoil.com.sa\/Unicoil-Beta-Update\/#\/schema\/logo\/image\/\",\"url\":\"https:\/\/www.unicoil.com.sa\/Unicoil-Beta-Update\/wp-content\/uploads\/UNICOIL-Logo-1.png\",\"contentUrl\":\"https:\/\/www.unicoil.com.sa\/Unicoil-Beta-Update\/wp-content\/uploads\/UNICOIL-Logo-1.png\",\"width\":1028,\"height\":617,\"caption\":\"UNICOIL\"},\"image\":{\"@id\":\"https:\/\/www.unicoil.com.sa\/Unicoil-Beta-Update\/#\/schema\/logo\/image\/\"}}]}<\/script>\n<!-- \/ Yoast SEO plugin. -->","yoast_head_json":{"title":"Tappe importanti di UNICOIL - UNICOIL","robots":{"index":"index","follow":"follow","max-snippet":"max-snippet:-1","max-image-preview":"max-image-preview:large","max-video-preview":"max-video-preview:-1"},"canonical":"https:\/\/www.unicoil.com.sa\/Unicoil-Beta-Update\/it\/tappe-importanti-di-unicoil\/","og_locale":"en_US","og_type":"article","og_title":"Tappe importanti di UNICOIL - UNICOIL","og_description":"Informazioni su UNICOIL Fondata nel 1997 con una partnership australiana. Nel 2003 diventa una societ\u00e0 di propriet\u00e0 saudita al 100%. Oltre ad essere la pi\u00f9 grande, \u00e8 anche la prima societ\u00e0 operante nel settore dei laminati di acciaio rivestito nel Medio Oriente e nel Nord Africa (regione MENA). Impiega tecnologie di produzione e linee produttive [&hellip;]","og_url":"https:\/\/www.unicoil.com.sa\/Unicoil-Beta-Update\/it\/tappe-importanti-di-unicoil\/","og_site_name":"UNICOIL","article_modified_time":"2022-10-10T12:10:57+00:00","twitter_card":"summary_large_image","twitter_misc":{"Est. reading time":"3 minutes"},"schema":{"@context":"https:\/\/schema.org","@graph":[{"@type":"WebPage","@id":"https:\/\/www.unicoil.com.sa\/Unicoil-Beta-Update\/it\/tappe-importanti-di-unicoil\/","url":"https:\/\/www.unicoil.com.sa\/Unicoil-Beta-Update\/it\/tappe-importanti-di-unicoil\/","name":"Tappe importanti di UNICOIL - UNICOIL","isPartOf":{"@id":"https:\/\/www.unicoil.com.sa\/Unicoil-Beta-Update\/#website"},"datePublished":"2019-06-24T05:56:31+00:00","dateModified":"2022-10-10T12:10:57+00:00","breadcrumb":{"@id":"https:\/\/www.unicoil.com.sa\/Unicoil-Beta-Update\/it\/tappe-importanti-di-unicoil\/#breadcrumb"},"inLanguage":"en-US","potentialAction":[{"@type":"ReadAction","target":["https:\/\/www.unicoil.com.sa\/Unicoil-Beta-Update\/it\/tappe-importanti-di-unicoil\/"]}]},{"@type":"BreadcrumbList","@id":"https:\/\/www.unicoil.com.sa\/Unicoil-Beta-Update\/it\/tappe-importanti-di-unicoil\/#breadcrumb","itemListElement":[{"@type":"ListItem","position":1,"name":"Home","item":"https:\/\/www.unicoil.com.sa\/Unicoil-Beta-Update\/en\/"},{"@type":"ListItem","position":2,"name":"Tappe importanti di UNICOIL"}]},{"@type":"WebSite","@id":"https:\/\/www.unicoil.com.sa\/Unicoil-Beta-Update\/#website","url":"https:\/\/www.unicoil.com.sa\/Unicoil-Beta-Update\/","name":"UNICOIL","description":"UNICOIL - A Leader in Steel Coil Coating and Prepainted Steels","publisher":{"@id":"https:\/\/www.unicoil.com.sa\/Unicoil-Beta-Update\/#organization"},"potentialAction":[{"@type":"SearchAction","target":{"@type":"EntryPoint","urlTemplate":"https:\/\/www.unicoil.com.sa\/Unicoil-Beta-Update\/?s={search_term_string}"},"query-input":"required name=search_term_string"}],"inLanguage":"en-US"},{"@type":"Organization","@id":"https:\/\/www.unicoil.com.sa\/Unicoil-Beta-Update\/#organization","name":"UNICOIL","url":"https:\/\/www.unicoil.com.sa\/Unicoil-Beta-Update\/","logo":{"@type":"ImageObject","inLanguage":"en-US","@id":"https:\/\/www.unicoil.com.sa\/Unicoil-Beta-Update\/#\/schema\/logo\/image\/","url":"https:\/\/www.unicoil.com.sa\/Unicoil-Beta-Update\/wp-content\/uploads\/UNICOIL-Logo-1.png","contentUrl":"https:\/\/www.unicoil.com.sa\/Unicoil-Beta-Update\/wp-content\/uploads\/UNICOIL-Logo-1.png","width":1028,"height":617,"caption":"UNICOIL"},"image":{"@id":"https:\/\/www.unicoil.com.sa\/Unicoil-Beta-Update\/#\/schema\/logo\/image\/"}}]}},"_links":{"self":[{"href":"https:\/\/www.unicoil.com.sa\/Unicoil-Beta-Update\/wp-json\/wp\/v2\/pages\/14792"}],"collection":[{"href":"https:\/\/www.unicoil.com.sa\/Unicoil-Beta-Update\/wp-json\/wp\/v2\/pages"}],"about":[{"href":"https:\/\/www.unicoil.com.sa\/Unicoil-Beta-Update\/wp-json\/wp\/v2\/types\/page"}],"author":[{"embeddable":true,"href":"https:\/\/www.unicoil.com.sa\/Unicoil-Beta-Update\/wp-json\/wp\/v2\/users\/3"}],"replies":[{"embeddable":true,"href":"https:\/\/www.unicoil.com.sa\/Unicoil-Beta-Update\/wp-json\/wp\/v2\/comments?post=14792"}],"version-history":[{"count":2,"href":"https:\/\/www.unicoil.com.sa\/Unicoil-Beta-Update\/wp-json\/wp\/v2\/pages\/14792\/revisions"}],"predecessor-version":[{"id":21458,"href":"https:\/\/www.unicoil.com.sa\/Unicoil-Beta-Update\/wp-json\/wp\/v2\/pages\/14792\/revisions\/21458"}],"wp:attachment":[{"href":"https:\/\/www.unicoil.com.sa\/Unicoil-Beta-Update\/wp-json\/wp\/v2\/media?parent=14792"}],"curies":[{"name":"wp","href":"https:\/\/api.w.org\/{rel}","templated":true}]}}