{"id":14796,"date":"2019-06-24T05:57:44","date_gmt":"2019-06-24T05:57:44","guid":{"rendered":"http:\/\/www.unicoil.sa\/?page_id=14796"},"modified":"2022-10-10T12:11:24","modified_gmt":"2022-10-10T12:11:24","slug":"unicoil-faits","status":"publish","type":"page","link":"https:\/\/www.unicoil.com.sa\/Unicoil-Beta-Update\/fr\/unicoil-faits\/","title":{"rendered":"UNICOIL \u2013 Faits"},"content":{"rendered":"<h3><span class=\"icon-th-list\"><\/span>  \u00c0 propos d&#8217;UNICOIL<\/h3>\n\n<hr class=\"style-five margin-t0 margin-b20  fadeInDown animated\" data-rt-animate=\"animate\" data-rt-animation-type=\"fadeInDown\" data-rt-animation-group=\"single\" style=\"animation-delay: 0s;\">\n\n<ul>\n \t<li>Entreprise fond\u00e9e en 1997 dans le cadre d&#8217;un partenariat avec l&#8217;Australie. Elle devient saoudienne \u00e0 100 % en 2004.<\/li>\n \t<li>Premi\u00e8re et plus grande entreprise dans le secteur des t\u00f4les d&#8217;acier \u00e0 rev\u00eatement de la r\u00e9gion Moyen-Orient et Afrique du Nord.<\/li>\n \t<li>La soci\u00e9t\u00e9 d\u00e9ploie une technologie de fabrication et des lignes de production acquises aupr\u00e8s d&#8217;entreprises majeures am\u00e9ricaines, britanniques et italiennes.<\/li>\n \t<li>Elle produit 250 000 tonnes de t\u00f4les d&#8217;acier galvanis\u00e9 et 210 000 tonnes de t\u00f4les d&#8217;acier \u00e0 rev\u00eatement couleur par an.<\/li>\n<\/ul>\n<div class=\"clearfix\" style=\"height:45px\"><\/div>\n<h3><span class=\"icon-th-list\"><\/span>  Labels locaux et r\u00e9gionaux de qualit\u00e9<\/h3>\n\n<hr class=\"style-five margin-t0 margin-b20  fadeInDown animated\" data-rt-animate=\"animate\" data-rt-animation-type=\"fadeInDown\" data-rt-animation-group=\"single\" style=\"animation-delay: 0s;\">\n\n<ul>\n \t<li>Premier fabricant de t\u00f4les d&#8217;acier galvanis\u00e9 et color\u00e9 en Arabie saoudite \u00e0 obtenir le label de qualit\u00e9 SASO de l&#8217;organisme Saudi Standards, Metrology and Quality Organization.<\/li>\n \t<li>Premi\u00e8re entreprise arabe \u00e0 obtenir le label de qualit\u00e9 des \u00c9mirats (EQM), d\u00e9cern\u00e9 par l&#8217;ESMA (Emirates Standardization and Metrology Authority).<\/li>\n \t<li>Premi\u00e8re entreprise arabe \u00e0 obtenir le label jordanien de qualit\u00e9 (JQM), d\u00e9cern\u00e9 par la JSMO (Jordan Standards and Metrology Organization).<\/li>\n \t<li>Premi\u00e8re entreprise arabe \u00e0 obtenir le label KSS (Kuwaiti Standard Specification) de la Kuwait Authority of Industry.<\/li>\n<\/ul>\n<div class=\"clearfix\" style=\"height:45px\"><\/div>\n<h3><span class=\"icon-th-list\"><\/span>  Accr\u00e9ditations internationales<\/h3>\n\n<hr class=\"style-five margin-t0 margin-b20  fadeInDown animated\" data-rt-animate=\"animate\" data-rt-animation-type=\"fadeInDown\" data-rt-animation-group=\"single\" style=\"animation-delay: 0s;\">\n\n<ul>\n \t<li>D\u00e9tentrice du certificat d&#8217;assurance qualit\u00e9 ISO 9001:2008.<\/li>\n \t<li>D\u00e9tentrice de la certification ISO 14001 en mati\u00e8re de syst\u00e8me de management environnemental.<\/li>\n \t<li>D\u00e9tentrice de la certification OHSAS 18001 (Management de la sant\u00e9 et de la s\u00e9curit\u00e9 au travail).<\/li>\n \t<li>Premier fabricant r\u00e9gional dans le secteur des t\u00f4les d&#8217;acier \u00e0 obtenir la certification ISO 17025:2005 d&#8217;accr\u00e9ditation internationale de ses laboratoires.<\/li>\n \t<li>Unique membre arabe du Comit\u00e9 technique (A05) d&#8217;ASTM International dot\u00e9 de droits de vote.<\/li>\n<\/ul>\n<div class=\"clearfix\" style=\"height:45px\"><\/div>\n<h3><span class=\"icon-th-list\"><\/span>  Engagement pour une responsabilit\u00e9 sociale et une fabrication responsable en toute transparence<\/h3>\n\n<hr class=\"style-five margin-t0 margin-b20  fadeInDown animated\" data-rt-animate=\"animate\" data-rt-animation-type=\"fadeInDown\" data-rt-animation-group=\"single\" style=\"animation-delay: 0s;\">\n\n<ul>\n \t<li>Tous les produits UNICOIL sont exempts de plomb et conformes aux normes environnementales et sanitaires internationales.<\/li>\n \t<li>Premi\u00e8re entreprise industrielle \u00e0 imprimer tous les composants de ses produits \u00e0 chaque m\u00e8tre lin\u00e9aire.<\/li>\n \t<li>Premi\u00e8re entreprise \u00e0 \u00e9mettre des factures en arabe en d\u00e9clarant de fa\u00e7on transparente les caract\u00e9ristiques de tous ses produits.<\/li>\n \t<li>Premi\u00e8re entreprise \u00e0 lancer une campagne in\u00e9dite favorisant la sensibilisation communautaire aux dangers du plomb dans les peintures pour l&#8217;environnement et la sant\u00e9 publique.<\/li>\n \t<li>Premi\u00e8re entreprise des march\u00e9s arabes \u00e0 proposer des services gratuits d&#8217;essais en laboratoire de produits en acier aux parties int\u00e9ress\u00e9es.<\/li>\n \t<li>Premi\u00e8re entreprise \u00e0 d\u00e9clarer son engagement social en tant qu&#8217;entreprise pour une \u00ab soci\u00e9t\u00e9 exempte de plomb \u00bb.<\/li>\n \t<li>Premi\u00e8re entreprise \u00e0 contribuer au d\u00e9veloppement de la norme internationale ASTM en ajoutant un \u00e9l\u00e9ment sp\u00e9cifiant le seuil maximal admissible de plomb dans les peintures et le zinc.<\/li>\n \t<li>Premi\u00e8re entreprise \u00e0 r\u00e9clamer et favoriser le d\u00e9veloppement d&#8217;une norme nationale saoudienne relative aux t\u00f4les d&#8217;acier galvanis\u00e9 et color\u00e9.<\/li>\n \t<li>B\u00e9n\u00e9ficiaire du Premier prix de la performance environnementale d\u00e9cern\u00e9 par l&#8217;agence publique Royal Commission for Jubail.<\/li>\n<\/ul>\n<div class=\"clearfix\" style=\"height:45px\"><\/div>\n<h3><span class=\"icon-th-list\"><\/span>  D\u00e9veloppement et innovation<\/h3>\n\n<hr class=\"style-five margin-t0 margin-b20  fadeInDown animated\" data-rt-animate=\"animate\" data-rt-animation-type=\"fadeInDown\" data-rt-animation-group=\"single\" style=\"animation-delay: 0s;\">\n\nPremier fabricant du secteur des t\u00f4les d&#8217;acier au Moyen-Orient \u00e0 avoir atteint les objectifs suivants :\n<ul>\n \t<li>D\u00e9veloppement de solutions innovantes pour le traitement des rayures des t\u00f4les d&#8217;acier pr\u00e9laqu\u00e9 qui surviennent lors de leur transport ou de leur installation.<\/li>\n \t<li>D\u00e9veloppement de t\u00f4les d&#8217;acier pr\u00e9laqu\u00e9 innovantes (\u00e9conomies d&#8217;\u00e9nergie, action antibact\u00e9rienne et absence de chrome).<\/li>\n \t<li>D\u00e9veloppement de t\u00f4les d&#8217;acier galvanis\u00e9 innovantes (trichrome et sans chrome).<\/li>\n \t<li>Installation d&#8217;une unit\u00e9 de production de peinture sur son site, visant \u00e0 r\u00e9duire la quantit\u00e9 minimale de commande et les d\u00e9lais.<\/li>\n<\/ul>","protected":false},"excerpt":{"rendered":"\u00c0 propos d&#8217;UNICOIL Entreprise fond\u00e9e en 1997 dans le cadre d&#8217;un partenariat avec l&#8217;Australie. Elle devient saoudienne \u00e0 100 % en 2004. Premi\u00e8re et plus grande entreprise dans le secteur des t\u00f4les d&#8217;acier \u00e0 rev\u00eatement de la r\u00e9gion Moyen-Orient et Afrique du Nord. La soci\u00e9t\u00e9 d\u00e9ploie une technologie de fabrication et des lignes de production [&hellip;]","protected":false},"author":3,"featured_media":0,"parent":0,"menu_order":0,"comment_status":"closed","ping_status":"closed","template":"elementor_theme","meta":{"footnotes":""},"yoast_head":"<!-- This site is optimized with the Yoast SEO plugin v21.4 - https:\/\/yoast.com\/wordpress\/plugins\/seo\/ -->\n<title>UNICOIL \u2013 Faits - UNICOIL<\/title>\n<meta name=\"robots\" content=\"index, follow, max-snippet:-1, max-image-preview:large, max-video-preview:-1\" \/>\n<link rel=\"canonical\" href=\"https:\/\/www.unicoil.com.sa\/Unicoil-Beta-Update\/fr\/unicoil-faits\/\" \/>\n<meta property=\"og:locale\" content=\"en_US\" \/>\n<meta property=\"og:type\" content=\"article\" \/>\n<meta property=\"og:title\" content=\"UNICOIL \u2013 Faits - UNICOIL\" \/>\n<meta property=\"og:description\" content=\"\u00c0 propos d&#8217;UNICOIL Entreprise fond\u00e9e en 1997 dans le cadre d&#8217;un partenariat avec l&#8217;Australie. Elle devient saoudienne \u00e0 100 % en 2004. Premi\u00e8re et plus grande entreprise dans le secteur des t\u00f4les d&#8217;acier \u00e0 rev\u00eatement de la r\u00e9gion Moyen-Orient et Afrique du Nord. La soci\u00e9t\u00e9 d\u00e9ploie une technologie de fabrication et des lignes de production [&hellip;]\" \/>\n<meta property=\"og:url\" content=\"https:\/\/www.unicoil.com.sa\/Unicoil-Beta-Update\/fr\/unicoil-faits\/\" \/>\n<meta property=\"og:site_name\" content=\"UNICOIL\" \/>\n<meta property=\"article:modified_time\" content=\"2022-10-10T12:11:24+00:00\" \/>\n<meta name=\"twitter:card\" content=\"summary_large_image\" \/>\n<meta name=\"twitter:label1\" content=\"Est. reading time\" \/>\n\t<meta name=\"twitter:data1\" content=\"3 minutes\" \/>\n<script type=\"application\/ld+json\" class=\"yoast-schema-graph\">{\"@context\":\"https:\/\/schema.org\",\"@graph\":[{\"@type\":\"WebPage\",\"@id\":\"https:\/\/www.unicoil.com.sa\/Unicoil-Beta-Update\/fr\/unicoil-faits\/\",\"url\":\"https:\/\/www.unicoil.com.sa\/Unicoil-Beta-Update\/fr\/unicoil-faits\/\",\"name\":\"UNICOIL \u2013 Faits - UNICOIL\",\"isPartOf\":{\"@id\":\"https:\/\/www.unicoil.com.sa\/Unicoil-Beta-Update\/#website\"},\"datePublished\":\"2019-06-24T05:57:44+00:00\",\"dateModified\":\"2022-10-10T12:11:24+00:00\",\"breadcrumb\":{\"@id\":\"https:\/\/www.unicoil.com.sa\/Unicoil-Beta-Update\/fr\/unicoil-faits\/#breadcrumb\"},\"inLanguage\":\"en-US\",\"potentialAction\":[{\"@type\":\"ReadAction\",\"target\":[\"https:\/\/www.unicoil.com.sa\/Unicoil-Beta-Update\/fr\/unicoil-faits\/\"]}]},{\"@type\":\"BreadcrumbList\",\"@id\":\"https:\/\/www.unicoil.com.sa\/Unicoil-Beta-Update\/fr\/unicoil-faits\/#breadcrumb\",\"itemListElement\":[{\"@type\":\"ListItem\",\"position\":1,\"name\":\"Home\",\"item\":\"https:\/\/www.unicoil.com.sa\/Unicoil-Beta-Update\/en\/\"},{\"@type\":\"ListItem\",\"position\":2,\"name\":\"UNICOIL \u2013 Faits\"}]},{\"@type\":\"WebSite\",\"@id\":\"https:\/\/www.unicoil.com.sa\/Unicoil-Beta-Update\/#website\",\"url\":\"https:\/\/www.unicoil.com.sa\/Unicoil-Beta-Update\/\",\"name\":\"UNICOIL\",\"description\":\"UNICOIL - A Leader in Steel Coil Coating and Prepainted Steels\",\"publisher\":{\"@id\":\"https:\/\/www.unicoil.com.sa\/Unicoil-Beta-Update\/#organization\"},\"potentialAction\":[{\"@type\":\"SearchAction\",\"target\":{\"@type\":\"EntryPoint\",\"urlTemplate\":\"https:\/\/www.unicoil.com.sa\/Unicoil-Beta-Update\/?s={search_term_string}\"},\"query-input\":\"required name=search_term_string\"}],\"inLanguage\":\"en-US\"},{\"@type\":\"Organization\",\"@id\":\"https:\/\/www.unicoil.com.sa\/Unicoil-Beta-Update\/#organization\",\"name\":\"UNICOIL\",\"url\":\"https:\/\/www.unicoil.com.sa\/Unicoil-Beta-Update\/\",\"logo\":{\"@type\":\"ImageObject\",\"inLanguage\":\"en-US\",\"@id\":\"https:\/\/www.unicoil.com.sa\/Unicoil-Beta-Update\/#\/schema\/logo\/image\/\",\"url\":\"https:\/\/www.unicoil.com.sa\/Unicoil-Beta-Update\/wp-content\/uploads\/UNICOIL-Logo-1.png\",\"contentUrl\":\"https:\/\/www.unicoil.com.sa\/Unicoil-Beta-Update\/wp-content\/uploads\/UNICOIL-Logo-1.png\",\"width\":1028,\"height\":617,\"caption\":\"UNICOIL\"},\"image\":{\"@id\":\"https:\/\/www.unicoil.com.sa\/Unicoil-Beta-Update\/#\/schema\/logo\/image\/\"}}]}<\/script>\n<!-- \/ Yoast SEO plugin. -->","yoast_head_json":{"title":"UNICOIL \u2013 Faits - UNICOIL","robots":{"index":"index","follow":"follow","max-snippet":"max-snippet:-1","max-image-preview":"max-image-preview:large","max-video-preview":"max-video-preview:-1"},"canonical":"https:\/\/www.unicoil.com.sa\/Unicoil-Beta-Update\/fr\/unicoil-faits\/","og_locale":"en_US","og_type":"article","og_title":"UNICOIL \u2013 Faits - UNICOIL","og_description":"\u00c0 propos d&#8217;UNICOIL Entreprise fond\u00e9e en 1997 dans le cadre d&#8217;un partenariat avec l&#8217;Australie. Elle devient saoudienne \u00e0 100 % en 2004. Premi\u00e8re et plus grande entreprise dans le secteur des t\u00f4les d&#8217;acier \u00e0 rev\u00eatement de la r\u00e9gion Moyen-Orient et Afrique du Nord. La soci\u00e9t\u00e9 d\u00e9ploie une technologie de fabrication et des lignes de production [&hellip;]","og_url":"https:\/\/www.unicoil.com.sa\/Unicoil-Beta-Update\/fr\/unicoil-faits\/","og_site_name":"UNICOIL","article_modified_time":"2022-10-10T12:11:24+00:00","twitter_card":"summary_large_image","twitter_misc":{"Est. reading time":"3 minutes"},"schema":{"@context":"https:\/\/schema.org","@graph":[{"@type":"WebPage","@id":"https:\/\/www.unicoil.com.sa\/Unicoil-Beta-Update\/fr\/unicoil-faits\/","url":"https:\/\/www.unicoil.com.sa\/Unicoil-Beta-Update\/fr\/unicoil-faits\/","name":"UNICOIL \u2013 Faits - UNICOIL","isPartOf":{"@id":"https:\/\/www.unicoil.com.sa\/Unicoil-Beta-Update\/#website"},"datePublished":"2019-06-24T05:57:44+00:00","dateModified":"2022-10-10T12:11:24+00:00","breadcrumb":{"@id":"https:\/\/www.unicoil.com.sa\/Unicoil-Beta-Update\/fr\/unicoil-faits\/#breadcrumb"},"inLanguage":"en-US","potentialAction":[{"@type":"ReadAction","target":["https:\/\/www.unicoil.com.sa\/Unicoil-Beta-Update\/fr\/unicoil-faits\/"]}]},{"@type":"BreadcrumbList","@id":"https:\/\/www.unicoil.com.sa\/Unicoil-Beta-Update\/fr\/unicoil-faits\/#breadcrumb","itemListElement":[{"@type":"ListItem","position":1,"name":"Home","item":"https:\/\/www.unicoil.com.sa\/Unicoil-Beta-Update\/en\/"},{"@type":"ListItem","position":2,"name":"UNICOIL \u2013 Faits"}]},{"@type":"WebSite","@id":"https:\/\/www.unicoil.com.sa\/Unicoil-Beta-Update\/#website","url":"https:\/\/www.unicoil.com.sa\/Unicoil-Beta-Update\/","name":"UNICOIL","description":"UNICOIL - A Leader in Steel Coil Coating and Prepainted Steels","publisher":{"@id":"https:\/\/www.unicoil.com.sa\/Unicoil-Beta-Update\/#organization"},"potentialAction":[{"@type":"SearchAction","target":{"@type":"EntryPoint","urlTemplate":"https:\/\/www.unicoil.com.sa\/Unicoil-Beta-Update\/?s={search_term_string}"},"query-input":"required name=search_term_string"}],"inLanguage":"en-US"},{"@type":"Organization","@id":"https:\/\/www.unicoil.com.sa\/Unicoil-Beta-Update\/#organization","name":"UNICOIL","url":"https:\/\/www.unicoil.com.sa\/Unicoil-Beta-Update\/","logo":{"@type":"ImageObject","inLanguage":"en-US","@id":"https:\/\/www.unicoil.com.sa\/Unicoil-Beta-Update\/#\/schema\/logo\/image\/","url":"https:\/\/www.unicoil.com.sa\/Unicoil-Beta-Update\/wp-content\/uploads\/UNICOIL-Logo-1.png","contentUrl":"https:\/\/www.unicoil.com.sa\/Unicoil-Beta-Update\/wp-content\/uploads\/UNICOIL-Logo-1.png","width":1028,"height":617,"caption":"UNICOIL"},"image":{"@id":"https:\/\/www.unicoil.com.sa\/Unicoil-Beta-Update\/#\/schema\/logo\/image\/"}}]}},"_links":{"self":[{"href":"https:\/\/www.unicoil.com.sa\/Unicoil-Beta-Update\/wp-json\/wp\/v2\/pages\/14796"}],"collection":[{"href":"https:\/\/www.unicoil.com.sa\/Unicoil-Beta-Update\/wp-json\/wp\/v2\/pages"}],"about":[{"href":"https:\/\/www.unicoil.com.sa\/Unicoil-Beta-Update\/wp-json\/wp\/v2\/types\/page"}],"author":[{"embeddable":true,"href":"https:\/\/www.unicoil.com.sa\/Unicoil-Beta-Update\/wp-json\/wp\/v2\/users\/3"}],"replies":[{"embeddable":true,"href":"https:\/\/www.unicoil.com.sa\/Unicoil-Beta-Update\/wp-json\/wp\/v2\/comments?post=14796"}],"version-history":[{"count":2,"href":"https:\/\/www.unicoil.com.sa\/Unicoil-Beta-Update\/wp-json\/wp\/v2\/pages\/14796\/revisions"}],"predecessor-version":[{"id":21457,"href":"https:\/\/www.unicoil.com.sa\/Unicoil-Beta-Update\/wp-json\/wp\/v2\/pages\/14796\/revisions\/21457"}],"wp:attachment":[{"href":"https:\/\/www.unicoil.com.sa\/Unicoil-Beta-Update\/wp-json\/wp\/v2\/media?parent=14796"}],"curies":[{"name":"wp","href":"https:\/\/api.w.org\/{rel}","templated":true}]}}