{"id":14856,"date":"2019-06-24T07:07:58","date_gmt":"2019-06-24T07:07:58","guid":{"rendered":"http:\/\/www.unicoil.sa\/?page_id=14856"},"modified":"2022-10-10T12:11:43","modified_gmt":"2022-10-10T12:11:43","slug":"principes-fondamentaux-de-la-qualite","status":"publish","type":"page","link":"https:\/\/www.unicoil.com.sa\/Unicoil-Beta-Update\/fr\/principes-fondamentaux-de-la-qualite\/","title":{"rendered":"Principes fondamentaux de la qualit\u00e9"},"content":{"rendered":"La soci\u00e9t\u00e9 UNICOIL d\u00e9passe les attentes de tous les segments de march\u00e9 qu&#8217;elle approvisionne, qu&#8217;il s&#8217;agisse de n\u00e9goce, d&#8217;industrie ou de projets. UNICOIL est r\u00e9put\u00e9e pour la haute qualit\u00e9 de ses produits, une livraison rapide, son service \u00e0 la client\u00e8le, ses principes fondamentaux en mati\u00e8re de qualit\u00e9, connus des utilisateurs finaux de ses produits dans toute l&#8217;Arabie saoudite, dans les \u00c9tats membres du Conseil de Coop\u00e9ration du Golfe, et sur d&#8217;autres march\u00e9s r\u00e9gionaux et d&#8217;exportation.\n\n<img decoding=\"async\" loading=\"lazy\" src=\"\/wp-content\/uploads\/2018\/04\/unicoil-quality-fundamental-fr.jpg\" alt=\"unicoil-quality-fundamental\" width=\"700\" height=\"395\" class=\"alignnone size-full wp-image-2403\">\n\n<div class=\"clearfix\" style=\"height:20px\"><\/div>\n\nUNICOIL tient compte des param\u00e8tres de base r\u00e9pertori\u00e9s ci-dessous dans le cadre de la conception et des tests de la qualit\u00e9 de ses produits.\n\n<div class=\"title_line margin-b20\"><h3 class=\"featured_article_title\" data-rt-animate=\"animate\" data-rt-animation-type=\"fade\" data-rt-animation-group=\"single\"><span class=\"icon-ok heading_icon\"><\/span> \u00c9paisseur des t\u00f4les d'acier<\/h3><\/div>\n\nUNICOIL garantit que tous ses produits respectent strictement l&#8217;\u00e9paisseur nominale command\u00e9e et l&#8217;entreprise ne profite pas de l&#8217;extr\u00eame tol\u00e9rance n\u00e9gative autoris\u00e9e par les normes internationales, dans la mesure o\u00f9 une \u00e9paisseur moindre affaiblit la structure d&#8217;une t\u00f4le.\n\n<div class=\"clearfix\" style=\"height:20px\"><\/div>\n\n<div class=\"title_line margin-b20\"><h3 class=\"featured_article_title\" data-rt-animate=\"animate\" data-rt-animation-type=\"fade\" data-rt-animation-group=\"single\"><span class=\"icon-ok heading_icon\"><\/span> Masse du rev\u00eatement de zinc et zinc \u00e0 teneur inoffensive en plomb<\/h3><\/div>\n\nLa dur\u00e9e de vie de l&#8217;acier \u00e0 rev\u00eatement de zinc a une corr\u00e9lation lin\u00e9aire directe avec la masse du rev\u00eatement de zinc et repr\u00e9sente le param\u00e8tre principal dans la d\u00e9termination de la r\u00e9sistance anticorrosion des t\u00f4les galvanis\u00e9es et pr\u00e9laqu\u00e9es dans les environnements ext\u00e9rieurs. UNICOIL s&#8217;engage \u00e0 respecter une masse de rev\u00eatement de zinc minimale de 90 g\/m\u00b2 pour les t\u00f4les d&#8217;acier pr\u00e9laqu\u00e9 destin\u00e9es \u00e0 \u00eatre utilis\u00e9es dans des conditions climatiques s\u00e8ches et s&#8217;engage \u00e0 utiliser du zinc de haute puret\u00e9 avec une teneur en plomb maximale de 90 mg\/kg pour les t\u00f4les d&#8217;acier galvanis\u00e9.\n\n<div class=\"clearfix\" style=\"height:20px\"><\/div>\n\n<div class=\"title_line margin-b20\"><h3 class=\"featured_article_title\" data-rt-animate=\"animate\" data-rt-animation-type=\"fade\" data-rt-animation-group=\"single\"><span class=\"icon-ok heading_icon\"><\/span> Peintures sans plomb et \u00e9paisseur de peinture<\/h3><\/div>\n\nUNICOIL utilise uniquement des peintures de la meilleure qualit\u00e9 provenant de sources internationales fiables et garantit que l&#8217;\u00e9paisseur de peinture respecte les normes internationales. Conform\u00e9ment \u00e0 l&#8217;engagement d&#8217;UNICOIL pour une fabrication responsable et une responsabilit\u00e9 sociale, l&#8217;entreprise utilise uniquement des peintures sans plomb, le plomb \u00e9tant connu pour ses effets nocifs pour la sant\u00e9, notamment celle des enfants.\n\n<div class=\"clearfix\" style=\"height:20px\"><\/div>\n\n<div class=\"title_line margin-b20\"><h3 class=\"featured_article_title\" data-rt-animate=\"animate\" data-rt-animation-type=\"fade\" data-rt-animation-group=\"single\"><span class=\"icon-ok heading_icon\"><\/span> Provenance d'origine<\/h3><\/div>\n\nUNICOIL imprime son nom et le pays de fabrication sur chaque m\u00e8tre lin\u00e9aire conform\u00e9ment \u00e0 son engagement pour une fabrication responsable.\n\n<div class=\"clearfix\" style=\"height:20px\"><\/div>\n<h4>Le marquage produit est conforme \u00e0 la norme SASO pour l&#8217;acier galvanis\u00e9 (GI) par immersion \u00e0 chaud<\/h4>\n<hr class=\"style-five margin-t0 margin-b20 \"  data-rt-animate=\"animate\" data-rt-animation-type=\"fadeInDown\" data-rt-animation-group=\"single\" >\n\nUNICOIL se conforme aux lois et r\u00e8glements saoudiens et \u00e0 la norme applicable \u00e0 l&#8217;acier galvanis\u00e9, (SASO ASTM A653M-A1-15) en imprimant les informations suivantes sur ses produits en acier galvanis\u00e9 \u00e0 des intervalles de 2,0 m : nom de l&#8217;entreprise, pays de fabrication, \u00e9paisseur de t\u00f4le et masse de rev\u00eatement de zinc. Ces informations sont \u00e9galement sp\u00e9cifi\u00e9es sur les factures fournies aux clients. UNICOIL consid\u00e8re que les utilisateurs finaux ont le droit de conna\u00eetre ces informations.\n\nPhotographie montrant le marquage produit, imprim\u00e9 sur la face sup\u00e9rieure d&#8217;une t\u00f4le d&#8217;acier, \u00e0 200\u2013250 mm du bord :\n\n<img decoding=\"async\" loading=\"lazy\" src=\"\/wp-content\/uploads\/2017\/02\/transparency-gi01.jpg\" alt=\"transparency-gi01\" width=\"690\" height=\"70\" class=\"aligncenter size-full wp-image-2422\" srcset=\"https:\/\/www.unicoil.com.sa\/Unicoil-Beta-Update\/wp-content\/uploads\/2017\/02\/transparency-gi01.jpg 690w, https:\/\/www.unicoil.com.sa\/Unicoil-Beta-Update\/wp-content\/uploads\/2017\/02\/transparency-gi01-300x30.jpg 300w\" sizes=\"(max-width: 690px) 100vw, 690px\" \/>\n<p style=\"text-align: center;\">\u00c9chantillon r\u00e9el<\/p>\n<div class=\"clearfix\" style=\"height:20px\"><\/div>\n<h4>Le marquage produit est conforme \u00e0 la norme SASO applicable \u00e0 l&#8217;acier galvanis\u00e9 pr\u00e9laqu\u00e9 (PPGI) et aux t\u00f4les profil\u00e9es (RFS)<\/h4>\n<hr class=\"style-five margin-t0 margin-b20 \"  data-rt-animate=\"animate\" data-rt-animation-type=\"fadeInDown\" data-rt-animation-group=\"single\" >\n\nUNICOIL se conforme aux lois et r\u00e8glements saoudiens et \u00e0 la norme applicable \u00e0 l&#8217;acier galvanis\u00e9 pr\u00e9laqu\u00e9 et aux t\u00f4les profil\u00e9es (SASO ASTM A755M-A1-15) en imprimant les informations suivantes sur ses produits en acier galvanis\u00e9 pr\u00e9laqu\u00e9 \u00e0 des intervalles de 1,0 m : nom de l&#8217;entreprise, pays de fabrication, \u00e9paisseur de t\u00f4le, masse de rev\u00eatement de zinc et \u00e9paisseur de peinture (face sup. et face inf.). Ces informations figurent \u00e9galement sur les factures clients. UNICOIL consid\u00e8re que les utilisateurs finaux ont le droit de conna\u00eetre ces informations.\n\nPhotographie montrant le marquage produit, imprim\u00e9 sur la face sup\u00e9rieure d&#8217;une bobine d&#8217;acier pr\u00e9laqu\u00e9, \u00e0 25\u201330 mm du bord\n\n<img decoding=\"async\" loading=\"lazy\" src=\"\/wp-content\/uploads\/2017\/02\/transparency-ppgi01.jpg\" alt=\"transparency-ppgi01\" width=\"690\" height=\"70\" class=\"aligncenter size-full wp-image-2459\" srcset=\"https:\/\/www.unicoil.com.sa\/Unicoil-Beta-Update\/wp-content\/uploads\/2017\/02\/transparency-ppgi01.jpg 690w, https:\/\/www.unicoil.com.sa\/Unicoil-Beta-Update\/wp-content\/uploads\/2017\/02\/transparency-ppgi01-300x30.jpg 300w\" sizes=\"(max-width: 690px) 100vw, 690px\" \/>\n<p style=\"text-align: center;\">\u00c9chantillon r\u00e9el<\/p>\nPhotographie montrant le marquage produit, imprim\u00e9 sur la face sup\u00e9rieure d&#8217;une t\u00f4le profil\u00e9e pr\u00e9laqu\u00e9e, \u00e0 10\u201315 mm du bord :\n\n<img decoding=\"async\" loading=\"lazy\" src=\"\/wp-content\/uploads\/2017\/02\/transparency-ppgi02.jpg\" alt=\"transparency-ppgi02\" width=\"690\" height=\"70\" class=\"aligncenter size-full wp-image-2460\" srcset=\"https:\/\/www.unicoil.com.sa\/Unicoil-Beta-Update\/wp-content\/uploads\/2017\/02\/transparency-ppgi02.jpg 690w, https:\/\/www.unicoil.com.sa\/Unicoil-Beta-Update\/wp-content\/uploads\/2017\/02\/transparency-ppgi02-300x30.jpg 300w\" sizes=\"(max-width: 690px) 100vw, 690px\" \/>\n<p style=\"text-align: center;\">\u00c9chantillon r\u00e9el<\/p>\n<div class=\"clearfix\" style=\"height:20px\"><\/div>\n<h4>Le marquage produit est conforme \u00e0 la norme SASO (FACTURES)<\/h4>\n<hr class=\"style-five margin-t0 margin-b20 \"  data-rt-animate=\"animate\" data-rt-animation-type=\"fadeInDown\" data-rt-animation-group=\"single\" >\n\nUNICOIL met l&#8217;accent sur la r\u00e9daction de toutes les factures et de tous les contrats de vente aux clients dans les langues arabes, en incluant tous les \u00e9l\u00e9ments et composants des produits de bobines d&#8217;acier galvanis\u00e9 et pr\u00e9laqu\u00e9 et de t\u00f4les profil\u00e9es, afin de respecter les dispositions des r\u00e8glements d&#8217;\u00e9tiquetage de produit impos\u00e9es par le Minist\u00e8re du commerce et de l&#8217;industrie d&#8217;Arabie saoudite. UNICOIL consid\u00e8re que les utilisateurs finaux ont le droit de conna\u00eetre ces informations.\n\n<img decoding=\"async\" loading=\"lazy\" src=\"\/wp-content\/uploads\/2017\/02\/unicoil-invoices.jpg\" alt=\"unicoil-invoices\" width=\"639\" height=\"239\" class=\"aligncenter size-full wp-image-2458\" srcset=\"https:\/\/www.unicoil.com.sa\/Unicoil-Beta-Update\/wp-content\/uploads\/2017\/02\/unicoil-invoices.jpg 639w, https:\/\/www.unicoil.com.sa\/Unicoil-Beta-Update\/wp-content\/uploads\/2017\/02\/unicoil-invoices-300x112.jpg 300w\" sizes=\"(max-width: 639px) 100vw, 639px\" \/>\n<p style=\"text-align: center;\">\u00c9chantillon r\u00e9el<\/p>\n<div class=\"clearfix\" style=\"height:100px\"><\/div>","protected":false},"excerpt":{"rendered":"La soci\u00e9t\u00e9 UNICOIL d\u00e9passe les attentes de tous les segments de march\u00e9 qu&#8217;elle approvisionne, qu&#8217;il s&#8217;agisse de n\u00e9goce, d&#8217;industrie ou de projets. UNICOIL est r\u00e9put\u00e9e pour la haute qualit\u00e9 de ses produits, une livraison rapide, son service \u00e0 la client\u00e8le, ses principes fondamentaux en mati\u00e8re de qualit\u00e9, connus des utilisateurs finaux de ses produits dans [&hellip;]","protected":false},"author":3,"featured_media":0,"parent":0,"menu_order":0,"comment_status":"closed","ping_status":"closed","template":"elementor_theme","meta":{"footnotes":""},"yoast_head":"<!-- This site is optimized with the Yoast SEO plugin v21.4 - https:\/\/yoast.com\/wordpress\/plugins\/seo\/ -->\n<title>Principes fondamentaux de la qualit\u00e9 - UNICOIL<\/title>\n<meta name=\"robots\" content=\"index, follow, max-snippet:-1, max-image-preview:large, max-video-preview:-1\" \/>\n<link rel=\"canonical\" href=\"https:\/\/www.unicoil.com.sa\/Unicoil-Beta-Update\/fr\/principes-fondamentaux-de-la-qualite\/\" \/>\n<meta property=\"og:locale\" content=\"en_US\" \/>\n<meta property=\"og:type\" content=\"article\" \/>\n<meta property=\"og:title\" content=\"Principes fondamentaux de la qualit\u00e9 - UNICOIL\" \/>\n<meta property=\"og:description\" content=\"La soci\u00e9t\u00e9 UNICOIL d\u00e9passe les attentes de tous les segments de march\u00e9 qu&#8217;elle approvisionne, qu&#8217;il s&#8217;agisse de n\u00e9goce, d&#8217;industrie ou de projets. UNICOIL est r\u00e9put\u00e9e pour la haute qualit\u00e9 de ses produits, une livraison rapide, son service \u00e0 la client\u00e8le, ses principes fondamentaux en mati\u00e8re de qualit\u00e9, connus des utilisateurs finaux de ses produits dans [&hellip;]\" \/>\n<meta property=\"og:url\" content=\"https:\/\/www.unicoil.com.sa\/Unicoil-Beta-Update\/fr\/principes-fondamentaux-de-la-qualite\/\" \/>\n<meta property=\"og:site_name\" content=\"UNICOIL\" \/>\n<meta property=\"article:modified_time\" content=\"2022-10-10T12:11:43+00:00\" \/>\n<meta name=\"twitter:card\" content=\"summary_large_image\" \/>\n<meta name=\"twitter:label1\" content=\"Est. reading time\" \/>\n\t<meta name=\"twitter:data1\" content=\"5 minutes\" \/>\n<script type=\"application\/ld+json\" class=\"yoast-schema-graph\">{\"@context\":\"https:\/\/schema.org\",\"@graph\":[{\"@type\":\"WebPage\",\"@id\":\"https:\/\/www.unicoil.com.sa\/Unicoil-Beta-Update\/fr\/principes-fondamentaux-de-la-qualite\/\",\"url\":\"https:\/\/www.unicoil.com.sa\/Unicoil-Beta-Update\/fr\/principes-fondamentaux-de-la-qualite\/\",\"name\":\"Principes fondamentaux de la qualit\u00e9 - UNICOIL\",\"isPartOf\":{\"@id\":\"https:\/\/www.unicoil.com.sa\/Unicoil-Beta-Update\/#website\"},\"datePublished\":\"2019-06-24T07:07:58+00:00\",\"dateModified\":\"2022-10-10T12:11:43+00:00\",\"breadcrumb\":{\"@id\":\"https:\/\/www.unicoil.com.sa\/Unicoil-Beta-Update\/fr\/principes-fondamentaux-de-la-qualite\/#breadcrumb\"},\"inLanguage\":\"en-US\",\"potentialAction\":[{\"@type\":\"ReadAction\",\"target\":[\"https:\/\/www.unicoil.com.sa\/Unicoil-Beta-Update\/fr\/principes-fondamentaux-de-la-qualite\/\"]}]},{\"@type\":\"BreadcrumbList\",\"@id\":\"https:\/\/www.unicoil.com.sa\/Unicoil-Beta-Update\/fr\/principes-fondamentaux-de-la-qualite\/#breadcrumb\",\"itemListElement\":[{\"@type\":\"ListItem\",\"position\":1,\"name\":\"Home\",\"item\":\"https:\/\/www.unicoil.com.sa\/Unicoil-Beta-Update\/en\/\"},{\"@type\":\"ListItem\",\"position\":2,\"name\":\"Principes fondamentaux de la qualit\u00e9\"}]},{\"@type\":\"WebSite\",\"@id\":\"https:\/\/www.unicoil.com.sa\/Unicoil-Beta-Update\/#website\",\"url\":\"https:\/\/www.unicoil.com.sa\/Unicoil-Beta-Update\/\",\"name\":\"UNICOIL\",\"description\":\"UNICOIL - A Leader in Steel Coil Coating and Prepainted Steels\",\"publisher\":{\"@id\":\"https:\/\/www.unicoil.com.sa\/Unicoil-Beta-Update\/#organization\"},\"potentialAction\":[{\"@type\":\"SearchAction\",\"target\":{\"@type\":\"EntryPoint\",\"urlTemplate\":\"https:\/\/www.unicoil.com.sa\/Unicoil-Beta-Update\/?s={search_term_string}\"},\"query-input\":\"required name=search_term_string\"}],\"inLanguage\":\"en-US\"},{\"@type\":\"Organization\",\"@id\":\"https:\/\/www.unicoil.com.sa\/Unicoil-Beta-Update\/#organization\",\"name\":\"UNICOIL\",\"url\":\"https:\/\/www.unicoil.com.sa\/Unicoil-Beta-Update\/\",\"logo\":{\"@type\":\"ImageObject\",\"inLanguage\":\"en-US\",\"@id\":\"https:\/\/www.unicoil.com.sa\/Unicoil-Beta-Update\/#\/schema\/logo\/image\/\",\"url\":\"https:\/\/www.unicoil.com.sa\/Unicoil-Beta-Update\/wp-content\/uploads\/UNICOIL-Logo-1.png\",\"contentUrl\":\"https:\/\/www.unicoil.com.sa\/Unicoil-Beta-Update\/wp-content\/uploads\/UNICOIL-Logo-1.png\",\"width\":1028,\"height\":617,\"caption\":\"UNICOIL\"},\"image\":{\"@id\":\"https:\/\/www.unicoil.com.sa\/Unicoil-Beta-Update\/#\/schema\/logo\/image\/\"}}]}<\/script>\n<!-- \/ Yoast SEO plugin. -->","yoast_head_json":{"title":"Principes fondamentaux de la qualit\u00e9 - UNICOIL","robots":{"index":"index","follow":"follow","max-snippet":"max-snippet:-1","max-image-preview":"max-image-preview:large","max-video-preview":"max-video-preview:-1"},"canonical":"https:\/\/www.unicoil.com.sa\/Unicoil-Beta-Update\/fr\/principes-fondamentaux-de-la-qualite\/","og_locale":"en_US","og_type":"article","og_title":"Principes fondamentaux de la qualit\u00e9 - UNICOIL","og_description":"La soci\u00e9t\u00e9 UNICOIL d\u00e9passe les attentes de tous les segments de march\u00e9 qu&#8217;elle approvisionne, qu&#8217;il s&#8217;agisse de n\u00e9goce, d&#8217;industrie ou de projets. UNICOIL est r\u00e9put\u00e9e pour la haute qualit\u00e9 de ses produits, une livraison rapide, son service \u00e0 la client\u00e8le, ses principes fondamentaux en mati\u00e8re de qualit\u00e9, connus des utilisateurs finaux de ses produits dans [&hellip;]","og_url":"https:\/\/www.unicoil.com.sa\/Unicoil-Beta-Update\/fr\/principes-fondamentaux-de-la-qualite\/","og_site_name":"UNICOIL","article_modified_time":"2022-10-10T12:11:43+00:00","twitter_card":"summary_large_image","twitter_misc":{"Est. reading time":"5 minutes"},"schema":{"@context":"https:\/\/schema.org","@graph":[{"@type":"WebPage","@id":"https:\/\/www.unicoil.com.sa\/Unicoil-Beta-Update\/fr\/principes-fondamentaux-de-la-qualite\/","url":"https:\/\/www.unicoil.com.sa\/Unicoil-Beta-Update\/fr\/principes-fondamentaux-de-la-qualite\/","name":"Principes fondamentaux de la qualit\u00e9 - UNICOIL","isPartOf":{"@id":"https:\/\/www.unicoil.com.sa\/Unicoil-Beta-Update\/#website"},"datePublished":"2019-06-24T07:07:58+00:00","dateModified":"2022-10-10T12:11:43+00:00","breadcrumb":{"@id":"https:\/\/www.unicoil.com.sa\/Unicoil-Beta-Update\/fr\/principes-fondamentaux-de-la-qualite\/#breadcrumb"},"inLanguage":"en-US","potentialAction":[{"@type":"ReadAction","target":["https:\/\/www.unicoil.com.sa\/Unicoil-Beta-Update\/fr\/principes-fondamentaux-de-la-qualite\/"]}]},{"@type":"BreadcrumbList","@id":"https:\/\/www.unicoil.com.sa\/Unicoil-Beta-Update\/fr\/principes-fondamentaux-de-la-qualite\/#breadcrumb","itemListElement":[{"@type":"ListItem","position":1,"name":"Home","item":"https:\/\/www.unicoil.com.sa\/Unicoil-Beta-Update\/en\/"},{"@type":"ListItem","position":2,"name":"Principes fondamentaux de la qualit\u00e9"}]},{"@type":"WebSite","@id":"https:\/\/www.unicoil.com.sa\/Unicoil-Beta-Update\/#website","url":"https:\/\/www.unicoil.com.sa\/Unicoil-Beta-Update\/","name":"UNICOIL","description":"UNICOIL - A Leader in Steel Coil Coating and Prepainted Steels","publisher":{"@id":"https:\/\/www.unicoil.com.sa\/Unicoil-Beta-Update\/#organization"},"potentialAction":[{"@type":"SearchAction","target":{"@type":"EntryPoint","urlTemplate":"https:\/\/www.unicoil.com.sa\/Unicoil-Beta-Update\/?s={search_term_string}"},"query-input":"required name=search_term_string"}],"inLanguage":"en-US"},{"@type":"Organization","@id":"https:\/\/www.unicoil.com.sa\/Unicoil-Beta-Update\/#organization","name":"UNICOIL","url":"https:\/\/www.unicoil.com.sa\/Unicoil-Beta-Update\/","logo":{"@type":"ImageObject","inLanguage":"en-US","@id":"https:\/\/www.unicoil.com.sa\/Unicoil-Beta-Update\/#\/schema\/logo\/image\/","url":"https:\/\/www.unicoil.com.sa\/Unicoil-Beta-Update\/wp-content\/uploads\/UNICOIL-Logo-1.png","contentUrl":"https:\/\/www.unicoil.com.sa\/Unicoil-Beta-Update\/wp-content\/uploads\/UNICOIL-Logo-1.png","width":1028,"height":617,"caption":"UNICOIL"},"image":{"@id":"https:\/\/www.unicoil.com.sa\/Unicoil-Beta-Update\/#\/schema\/logo\/image\/"}}]}},"_links":{"self":[{"href":"https:\/\/www.unicoil.com.sa\/Unicoil-Beta-Update\/wp-json\/wp\/v2\/pages\/14856"}],"collection":[{"href":"https:\/\/www.unicoil.com.sa\/Unicoil-Beta-Update\/wp-json\/wp\/v2\/pages"}],"about":[{"href":"https:\/\/www.unicoil.com.sa\/Unicoil-Beta-Update\/wp-json\/wp\/v2\/types\/page"}],"author":[{"embeddable":true,"href":"https:\/\/www.unicoil.com.sa\/Unicoil-Beta-Update\/wp-json\/wp\/v2\/users\/3"}],"replies":[{"embeddable":true,"href":"https:\/\/www.unicoil.com.sa\/Unicoil-Beta-Update\/wp-json\/wp\/v2\/comments?post=14856"}],"version-history":[{"count":1,"href":"https:\/\/www.unicoil.com.sa\/Unicoil-Beta-Update\/wp-json\/wp\/v2\/pages\/14856\/revisions"}],"predecessor-version":[{"id":14857,"href":"https:\/\/www.unicoil.com.sa\/Unicoil-Beta-Update\/wp-json\/wp\/v2\/pages\/14856\/revisions\/14857"}],"wp:attachment":[{"href":"https:\/\/www.unicoil.com.sa\/Unicoil-Beta-Update\/wp-json\/wp\/v2\/media?parent=14856"}],"curies":[{"name":"wp","href":"https:\/\/api.w.org\/{rel}","templated":true}]}}