{"id":14984,"date":"2019-06-25T05:52:28","date_gmt":"2019-06-25T05:52:28","guid":{"rendered":"http:\/\/www.unicoil.sa\/?page_id=14984"},"modified":"2022-10-10T11:22:04","modified_gmt":"2022-10-10T11:22:04","slug":"fordertechnik-und-transport","status":"publish","type":"page","link":"https:\/\/www.unicoil.com.sa\/Unicoil-Beta-Update\/de\/fordertechnik-und-transport\/","title":{"rendered":"F\u00f6rdertechnik und Transport"},"content":{"rendered":"<img decoding=\"async\" loading=\"lazy\" src=\"\/wp-content\/uploads\/2017\/03\/material-storage-warehouse.jpg\" alt=\"material-storage-warehouse\" width=\"850\" height=\"243\" class=\"aligncenter size-full wp-image-2743\" srcset=\"https:\/\/www.unicoil.com.sa\/Unicoil-Beta-Update\/wp-content\/uploads\/2017\/03\/material-storage-warehouse.jpg 850w, https:\/\/www.unicoil.com.sa\/Unicoil-Beta-Update\/wp-content\/uploads\/2017\/03\/material-storage-warehouse-300x86.jpg 300w, https:\/\/www.unicoil.com.sa\/Unicoil-Beta-Update\/wp-content\/uploads\/2017\/03\/material-storage-warehouse-768x220.jpg 768w\" sizes=\"(max-width: 850px) 100vw, 850px\" \/>\n\n<div class=\"clearfix\" style=\"height:20px\"><\/div>\n\nUNICOIL gew\u00e4hrleistet, dass die f\u00fcr Kunden produzierten Materialien sicher gehandhabt, professionell gelagert, sicher verladen und verzurrt, umsichtig transportiert und p\u00fcnktlich in einwandfreiem Zustand geliefert werden.\n\n<div class=\"clearfix\" style=\"height:20px\"><\/div>\n<div class=\"box-conts\">\n<img decoding=\"async\" loading=\"lazy\" src=\"\/wp-content\/uploads\/2017\/03\/indoor-manufactured-stamp.jpg\" alt=\"indoor-manufactured-stamp\" width=\"150\" height=\"150\" class=\"alignleft size-full wp-image-2733\" srcset=\"https:\/\/www.unicoil.com.sa\/Unicoil-Beta-Update\/wp-content\/uploads\/2017\/03\/indoor-manufactured-stamp.jpg 250w, https:\/\/www.unicoil.com.sa\/Unicoil-Beta-Update\/wp-content\/uploads\/2017\/03\/indoor-manufactured-stamp-150x150.jpg 150w\" sizes=\"(max-width: 150px) 100vw, 150px\" \/>\n<div class=\"clearfix\" style=\"height:10px\"><\/div>\n<h4>Was sind im Innenbereich gelagerte Produkte?<\/h4>\nIn \u00dcbereinstimmung mit den Qualit\u00e4tsgrunds\u00e4tzen von UNICOIL werden s\u00e4mtliche im Innenbereich gefertigten Produkte in gut bel\u00fcfteten und trockenen Hallen gelagert, um jegliche Sch\u00e4den durch nachteilige Witterungsbedingungen zu vermeiden. So stellen wir sicher, dass unsere Kunden einwandfreie, qualitativ hochwertige Produkte erhalten.\n\n<div class=\"clearfix\" style=\"height:20px\"><\/div>\n\n<\/div>\n<div class=\"clearfix\" style=\"height:30px\"><\/div>\n<h2>Lagerung<\/h2>\n<hr class=\"style-five margin-t0 margin-b25 \"  data-rt-animate=\"animate\" data-rt-animation-type=\"fadeInDown\" data-rt-animation-group=\"single\" >\n<ul>\n \t<li>Due Produkte von UNICOIL werden von der Fertigstellung bis zur Auslieferung umsichtig gelagert.\n&nbsp;<\/li>\n \t<li>UNICOIL verf\u00fcgt \u00fcber moderne Anlagen und Lagerhallen, die mit Br\u00fcckenkranen mit Hubkapazit\u00e4ten von bis zu 20 Tonnen ausgestattet sind.\n&nbsp;<\/li>\n \t<li>UNICOIL gew\u00e4hrleistet den Schutz seiner Produkte vor widrigen Witterungsbedingungen wie Regen, extremen Temperaturen und Feuchtigkeit durch die Lagerung in gut bel\u00fcfteten, gesch\u00fctzten und trockenen Bereichen.\n&nbsp;<\/li>\n \t<li>Der Bereich Logistics Operations von UNICOIL arbeitet nach festgelegten Standardarbeitsanweisungen f\u00fcr \u00dcberwachung, Kontrolle und Nachverfolgbarkeit.\n&nbsp;<\/li>\n<\/ul>\n<div class=\"clearfix\" style=\"height:10px\"><\/div>\n\n<div class=\"row clearfix\">\n\n<div class=\"box three \">\n<img decoding=\"async\" loading=\"lazy\" src=\"\/wp-content\/uploads\/2017\/03\/storage-sheets.jpg\" alt=\"storage-sheets\" width=\"825\" height=\"513\" class=\"aligncenter size-full wp-image-2753\" srcset=\"https:\/\/www.unicoil.com.sa\/Unicoil-Beta-Update\/wp-content\/uploads\/2017\/03\/storage-sheets.jpg 825w, https:\/\/www.unicoil.com.sa\/Unicoil-Beta-Update\/wp-content\/uploads\/2017\/03\/storage-sheets-300x187.jpg 300w, https:\/\/www.unicoil.com.sa\/Unicoil-Beta-Update\/wp-content\/uploads\/2017\/03\/storage-sheets-768x478.jpg 768w\" sizes=\"(max-width: 825px) 100vw, 825px\" \/>\n<\/div>\n\n<div class=\"box three \">\n<img decoding=\"async\" loading=\"lazy\" src=\"\/wp-content\/uploads\/2017\/03\/storage-coils02.jpg\" alt=\"storage-coils02\" width=\"825\" height=\"513\" class=\"aligncenter size-full wp-image-2754\" srcset=\"https:\/\/www.unicoil.com.sa\/Unicoil-Beta-Update\/wp-content\/uploads\/2017\/03\/storage-coils02.jpg 825w, https:\/\/www.unicoil.com.sa\/Unicoil-Beta-Update\/wp-content\/uploads\/2017\/03\/storage-coils02-300x187.jpg 300w, https:\/\/www.unicoil.com.sa\/Unicoil-Beta-Update\/wp-content\/uploads\/2017\/03\/storage-coils02-768x478.jpg 768w\" sizes=\"(max-width: 825px) 100vw, 825px\" \/>\n<\/div>\n\n<div class=\"box three \">\n<img decoding=\"async\" loading=\"lazy\" src=\"\/wp-content\/uploads\/2017\/03\/storage-coils.jpg\" alt=\"storage-coils\" width=\"825\" height=\"513\" class=\"aligncenter size-full wp-image-2755\" srcset=\"https:\/\/www.unicoil.com.sa\/Unicoil-Beta-Update\/wp-content\/uploads\/2017\/03\/storage-coils.jpg 825w, https:\/\/www.unicoil.com.sa\/Unicoil-Beta-Update\/wp-content\/uploads\/2017\/03\/storage-coils-300x187.jpg 300w, https:\/\/www.unicoil.com.sa\/Unicoil-Beta-Update\/wp-content\/uploads\/2017\/03\/storage-coils-768x478.jpg 768w\" sizes=\"(max-width: 825px) 100vw, 825px\" \/>\n<\/div>\n\n<\/div>\n\n<div class=\"clearfix\" style=\"height:30px\"><\/div>\n<h2>Interne Handhabung<\/h2>\n<hr class=\"style-five margin-t0 margin-b25 \"  data-rt-animate=\"animate\" data-rt-animation-type=\"fadeInDown\" data-rt-animation-group=\"single\" >\n<ul>\n \t<li>UNICOIL gew\u00e4hrleistet, dass Produkte unter Einsatz von Verladeausr\u00fcstung wie H\u00e4ngekranen, Gabelstaplern und Combilifts sicher auf die Liefer-Lkw geladen werden.<\/li>\n \t<li>Die Ladung wird mithilfe geeigneter Zurrausr\u00fcstung wie Gummiplatten, Nylonschlingen und Ketten gesichert.<\/li>\n \t<li>Die Produkte werden ordnungsgem\u00e4\u00df gesichert und mit hochwertigen wasserdichten Spezialplanen abgedeckt, bevor sie das Gel\u00e4nde von UNICOIL verlassen.<\/li>\n<\/ul>\n<div class=\"row clearfix\">\n\n<div class=\"box three \">\n<img decoding=\"async\" loading=\"lazy\" src=\"\/wp-content\/uploads\/2017\/03\/material-handling01.jpg\" alt=\"material-handling01\" width=\"825\" height=\"513\" class=\"aligncenter size-full wp-image-2760\" srcset=\"https:\/\/www.unicoil.com.sa\/Unicoil-Beta-Update\/wp-content\/uploads\/2017\/03\/material-handling01.jpg 825w, https:\/\/www.unicoil.com.sa\/Unicoil-Beta-Update\/wp-content\/uploads\/2017\/03\/material-handling01-300x187.jpg 300w, https:\/\/www.unicoil.com.sa\/Unicoil-Beta-Update\/wp-content\/uploads\/2017\/03\/material-handling01-768x478.jpg 768w\" sizes=\"(max-width: 825px) 100vw, 825px\" \/>\n<\/div>\n\n<div class=\"box three \">\n<img decoding=\"async\" loading=\"lazy\" src=\"\/wp-content\/uploads\/2017\/03\/material-handling02.jpg\" alt=\"material-handling02\" width=\"825\" height=\"513\" class=\"aligncenter size-full wp-image-2761\" srcset=\"https:\/\/www.unicoil.com.sa\/Unicoil-Beta-Update\/wp-content\/uploads\/2017\/03\/material-handling02.jpg 825w, https:\/\/www.unicoil.com.sa\/Unicoil-Beta-Update\/wp-content\/uploads\/2017\/03\/material-handling02-300x187.jpg 300w, https:\/\/www.unicoil.com.sa\/Unicoil-Beta-Update\/wp-content\/uploads\/2017\/03\/material-handling02-768x478.jpg 768w\" sizes=\"(max-width: 825px) 100vw, 825px\" \/>\n<\/div>\n\n<div class=\"box three \">\n<img decoding=\"async\" loading=\"lazy\" src=\"\/wp-content\/uploads\/2017\/03\/material-handling03.jpg\" alt=\"material-handling03\" width=\"825\" height=\"513\" class=\"aligncenter size-full wp-image-2759\" srcset=\"https:\/\/www.unicoil.com.sa\/Unicoil-Beta-Update\/wp-content\/uploads\/2017\/03\/material-handling03.jpg 825w, https:\/\/www.unicoil.com.sa\/Unicoil-Beta-Update\/wp-content\/uploads\/2017\/03\/material-handling03-300x187.jpg 300w, https:\/\/www.unicoil.com.sa\/Unicoil-Beta-Update\/wp-content\/uploads\/2017\/03\/material-handling03-768x478.jpg 768w\" sizes=\"(max-width: 825px) 100vw, 825px\" \/>\n<\/div>\n\n<\/div>\n\n<div class=\"clearfix\" style=\"height:10px\"><\/div>\n<p style=\"text-align: center;\">Die fertiggestellten Produkte werden vorsichtig auf Lkw geladen und mit qualitativ hochwertigen Planen abgedeckt.<\/p>\n<div class=\"clearfix\" style=\"height:30px\"><\/div>\n<h2>Transport<\/h2>\n<hr class=\"style-five margin-t0 margin-b25 \"  data-rt-animate=\"animate\" data-rt-animation-type=\"fadeInDown\" data-rt-animation-group=\"single\" >\n\nUNICOIL verf\u00fcgt \u00fcber Kunden in Saudi-Arabien, dem Nahen Osten, Nordafrika, Europa und den USA. Beim Transport von UNICOIL-Produkten zu diesen Kunden st\u00fctzen wir uns auf ein Netzwerk von gepr\u00fcften, erfahrenen und qualifizierten lokalen und internationalen Transport- und Speditionsunternehmen.\n\n<div class=\"clearfix\" style=\"height:20px\"><\/div>\n\n<img decoding=\"async\" loading=\"lazy\" src=\"\/wp-content\/uploads\/2017\/03\/material-transportation01.jpg\" alt=\"material-transportation01\" width=\"800\" height=\"229\" class=\"aligncenter size-full wp-image-2765\" srcset=\"https:\/\/www.unicoil.com.sa\/Unicoil-Beta-Update\/wp-content\/uploads\/2017\/03\/material-transportation01.jpg 800w, https:\/\/www.unicoil.com.sa\/Unicoil-Beta-Update\/wp-content\/uploads\/2017\/03\/material-transportation01-300x86.jpg 300w, https:\/\/www.unicoil.com.sa\/Unicoil-Beta-Update\/wp-content\/uploads\/2017\/03\/material-transportation01-768x220.jpg 768w\" sizes=\"(max-width: 800px) 100vw, 800px\" \/>\n\n<div class=\"clearfix\" style=\"height:10px\"><\/div>\n<p style=\"text-align: center;\">Hochqualifizierte, seri\u00f6se und erfahrene Transporter<\/p>\nZu den Transport- und Speditionsleistungen von UNICOIL geh\u00f6rt der Transport auf dem See- und Landweg zu beliebigen Zielen weltweit. Auf dem Landweg werden alle Ziele in Saudi-Arabien und dem Nahen Osten erreicht, auf dem Seeweg k\u00f6nnen wir s\u00e4mtliche Seeh\u00e4fen weltweit ansteuern. Die p\u00fcnktliche Lieferung ist eines der Hauptziele von UNICOIL. Bei Vereinbarungen mit Dienstleistern gelten daher strenge Vorgaben, die die Einhaltung der mit den Kunden vereinbarten Lieferfristen gew\u00e4hrleisten.\n\n<div class=\"clearfix\" style=\"height:20px\"><\/div>\n\n<div class=\"row clearfix\">\n\n<div class=\"box two \">\n<div class=\"box-conts\">\n<h3>Zeitplanung f\u00fcr Beladung und Transport<\/h3>\n<h4>Samstag bis Donnerstag<\/h4>\n<div class=\"clearfix\" style=\"height:20px\"><\/div>\n7:00 bis 22:00\n<div class=\"clearfix\" style=\"height:20px\"><\/div>\n\u00dcber Tor 2\n\n<div class=\"clearfix\" style=\"height:20px\"><\/div>\n\nGilt f\u00fcr alle Transportunternehmen\n\n<div class=\"clearfix\" style=\"height:20px\"><\/div>\n\n<\/div>\n<\/div>\n\n<div class=\"box two \">\n<img decoding=\"async\" loading=\"lazy\" src=\"\/wp-content\/uploads\/2017\/03\/unloading-gate.jpg\" alt=\"unloading-gate\" width=\"3568\" height=\"2368\" class=\"aligncenter size-full wp-image-2774\" srcset=\"https:\/\/www.unicoil.com.sa\/Unicoil-Beta-Update\/wp-content\/uploads\/2017\/03\/unloading-gate.jpg 3568w, https:\/\/www.unicoil.com.sa\/Unicoil-Beta-Update\/wp-content\/uploads\/2017\/03\/unloading-gate-300x199.jpg 300w, https:\/\/www.unicoil.com.sa\/Unicoil-Beta-Update\/wp-content\/uploads\/2017\/03\/unloading-gate-768x510.jpg 768w, https:\/\/www.unicoil.com.sa\/Unicoil-Beta-Update\/wp-content\/uploads\/2017\/03\/unloading-gate-1024x680.jpg 1024w\" sizes=\"(max-width: 3568px) 100vw, 3568px\" \/>\n<div class=\"clearfix\" style=\"height:5px\"><\/div>\n<p style=\"text-align: center;\">Tor zum Be- und Entladen<\/p>\n<\/div>\n\n<\/div>\n<!-- \n[space_box id=\"\" height=\"30\"]\n<h2>Reparaturlack<\/h2>\n<h5>(Eine kostenlose und innovative Kundendienstl\u00f6sung.)<\/h5>\n[space_box id=\"\" height=\"10\"]\n<div class=\"box-conts\">\n\n<img decoding=\"async\" loading=\"lazy\" src=\"\/wp-content\/uploads\/2017\/03\/touch-up-paint-logo-small.png\" alt=\"touch-up-paint-logo-small\" width=\"140\" height=\"106\" class=\"alignleft size-full wp-image-2783\"> Beim Reparaturlack von UNICOIL handelt es sich um eine kostenlose intelligente und innovative L\u00f6sung f\u00fcr Kunden, mit der sich Kratzer und andere kleine Sch\u00e4den \u00fcberdecken lassen, die beim Verladen, dem Transport und der Installation auftreten k\u00f6nnen. Kunden m\u00fcssen vor der Anwendung die Anweisungen in der technischen Brosch\u00fcre lesen.\n\n[space_box id=\"\" height=\"20\"]<\/div>\n[space_box id=\"\" height=\"20\"]\n\nAls Teil des Services f\u00fcr seine Kunden bem\u00fcht sich UNICOIL um nachhaltige L\u00f6sungen, die den Anforderungen der Kunden in der Branche f\u00fcr vorlackierte, verzinkte Stahlprodukte entsprechen. Die Forschungs- und Entwicklungsabteilung von UNICOIL hat gemeinsam mit Lieferanten f\u00fcr Lacke ein Reparaturlacksystem entwickelt, das f\u00fcr beschichtete Stahlb\u00e4nder verwendet werden kann. Das System ist f\u00fcr Kunden gedacht, die Kratzer und kleine Sch\u00e4den beseitigen m\u00f6chten, die beim Verladen sowie dem Transport und der Installation der Produkte auftreten k\u00f6nnen. UNICOIL stellt Kunden Reparaturlack kostenlos bereit, der entsprechend den Anweisungen in der Beilage anzuwenden ist.\n\n[space_box id=\"\" height=\"20\"]\n\n[columns]\n\n[column layout=\"two\"]\n<ul>\n \t<li>Reparaturlack wird kostenlos bereitgestellt.<\/li>\n \t<li>Reparaturlack sollte vorab mit vorlackierten, verzinkten und profilgewalzten Stahlblechen bestellt und auf die jeweiligen Kundenanforderungen abgestimmt werden.<\/li>\n \t<li>Kunden erhalten den Reparaturlack bei Lieferung der Produkte.<\/li>\n<\/ul>\n[\/column]\n\n[column layout=\"two\"]\n[video_embed url=\"http:\/\/www.youtube.com\/watch?v=tRUrJoaLaDU\"]\n[\/column]\n\n[\/columns]\n-->\n<div class=\"clearfix\" style=\"height:50px\"><\/div>","protected":false},"excerpt":{"rendered":"UNICOIL gew\u00e4hrleistet, dass die f\u00fcr Kunden produzierten Materialien sicher gehandhabt, professionell gelagert, sicher verladen und verzurrt, umsichtig transportiert und p\u00fcnktlich in einwandfreiem Zustand geliefert werden. Was sind im Innenbereich gelagerte Produkte? In \u00dcbereinstimmung mit den Qualit\u00e4tsgrunds\u00e4tzen von UNICOIL werden s\u00e4mtliche im Innenbereich gefertigten Produkte in gut bel\u00fcfteten und trockenen Hallen gelagert, um jegliche Sch\u00e4den durch [&hellip;]","protected":false},"author":3,"featured_media":0,"parent":0,"menu_order":0,"comment_status":"closed","ping_status":"closed","template":"elementor_theme","meta":{"footnotes":""},"yoast_head":"<!-- This site is optimized with the Yoast SEO plugin v21.4 - https:\/\/yoast.com\/wordpress\/plugins\/seo\/ -->\n<title>F\u00f6rdertechnik und Transport - UNICOIL<\/title>\n<meta name=\"robots\" content=\"index, follow, max-snippet:-1, max-image-preview:large, max-video-preview:-1\" \/>\n<link rel=\"canonical\" href=\"https:\/\/www.unicoil.com.sa\/Unicoil-Beta-Update\/de\/fordertechnik-und-transport\/\" \/>\n<meta property=\"og:locale\" content=\"en_US\" \/>\n<meta property=\"og:type\" content=\"article\" \/>\n<meta property=\"og:title\" content=\"F\u00f6rdertechnik und Transport - UNICOIL\" \/>\n<meta property=\"og:description\" content=\"UNICOIL gew\u00e4hrleistet, dass die f\u00fcr Kunden produzierten Materialien sicher gehandhabt, professionell gelagert, sicher verladen und verzurrt, umsichtig transportiert und p\u00fcnktlich in einwandfreiem Zustand geliefert werden. Was sind im Innenbereich gelagerte Produkte? In \u00dcbereinstimmung mit den Qualit\u00e4tsgrunds\u00e4tzen von UNICOIL werden s\u00e4mtliche im Innenbereich gefertigten Produkte in gut bel\u00fcfteten und trockenen Hallen gelagert, um jegliche Sch\u00e4den durch [&hellip;]\" \/>\n<meta property=\"og:url\" content=\"https:\/\/www.unicoil.com.sa\/Unicoil-Beta-Update\/de\/fordertechnik-und-transport\/\" \/>\n<meta property=\"og:site_name\" content=\"UNICOIL\" \/>\n<meta property=\"article:modified_time\" content=\"2022-10-10T11:22:04+00:00\" \/>\n<meta name=\"twitter:card\" content=\"summary_large_image\" \/>\n<meta name=\"twitter:label1\" content=\"Est. reading time\" \/>\n\t<meta name=\"twitter:data1\" content=\"5 minutes\" \/>\n<script type=\"application\/ld+json\" class=\"yoast-schema-graph\">{\"@context\":\"https:\/\/schema.org\",\"@graph\":[{\"@type\":\"WebPage\",\"@id\":\"https:\/\/www.unicoil.com.sa\/Unicoil-Beta-Update\/de\/fordertechnik-und-transport\/\",\"url\":\"https:\/\/www.unicoil.com.sa\/Unicoil-Beta-Update\/de\/fordertechnik-und-transport\/\",\"name\":\"F\u00f6rdertechnik und Transport - UNICOIL\",\"isPartOf\":{\"@id\":\"https:\/\/www.unicoil.com.sa\/Unicoil-Beta-Update\/#website\"},\"datePublished\":\"2019-06-25T05:52:28+00:00\",\"dateModified\":\"2022-10-10T11:22:04+00:00\",\"breadcrumb\":{\"@id\":\"https:\/\/www.unicoil.com.sa\/Unicoil-Beta-Update\/de\/fordertechnik-und-transport\/#breadcrumb\"},\"inLanguage\":\"en-US\",\"potentialAction\":[{\"@type\":\"ReadAction\",\"target\":[\"https:\/\/www.unicoil.com.sa\/Unicoil-Beta-Update\/de\/fordertechnik-und-transport\/\"]}]},{\"@type\":\"BreadcrumbList\",\"@id\":\"https:\/\/www.unicoil.com.sa\/Unicoil-Beta-Update\/de\/fordertechnik-und-transport\/#breadcrumb\",\"itemListElement\":[{\"@type\":\"ListItem\",\"position\":1,\"name\":\"Home\",\"item\":\"https:\/\/www.unicoil.com.sa\/Unicoil-Beta-Update\/en\/\"},{\"@type\":\"ListItem\",\"position\":2,\"name\":\"F\u00f6rdertechnik und Transport\"}]},{\"@type\":\"WebSite\",\"@id\":\"https:\/\/www.unicoil.com.sa\/Unicoil-Beta-Update\/#website\",\"url\":\"https:\/\/www.unicoil.com.sa\/Unicoil-Beta-Update\/\",\"name\":\"UNICOIL\",\"description\":\"UNICOIL - A Leader in Steel Coil Coating and Prepainted Steels\",\"publisher\":{\"@id\":\"https:\/\/www.unicoil.com.sa\/Unicoil-Beta-Update\/#organization\"},\"potentialAction\":[{\"@type\":\"SearchAction\",\"target\":{\"@type\":\"EntryPoint\",\"urlTemplate\":\"https:\/\/www.unicoil.com.sa\/Unicoil-Beta-Update\/?s={search_term_string}\"},\"query-input\":\"required name=search_term_string\"}],\"inLanguage\":\"en-US\"},{\"@type\":\"Organization\",\"@id\":\"https:\/\/www.unicoil.com.sa\/Unicoil-Beta-Update\/#organization\",\"name\":\"UNICOIL\",\"url\":\"https:\/\/www.unicoil.com.sa\/Unicoil-Beta-Update\/\",\"logo\":{\"@type\":\"ImageObject\",\"inLanguage\":\"en-US\",\"@id\":\"https:\/\/www.unicoil.com.sa\/Unicoil-Beta-Update\/#\/schema\/logo\/image\/\",\"url\":\"https:\/\/www.unicoil.com.sa\/Unicoil-Beta-Update\/wp-content\/uploads\/UNICOIL-Logo-1.png\",\"contentUrl\":\"https:\/\/www.unicoil.com.sa\/Unicoil-Beta-Update\/wp-content\/uploads\/UNICOIL-Logo-1.png\",\"width\":1028,\"height\":617,\"caption\":\"UNICOIL\"},\"image\":{\"@id\":\"https:\/\/www.unicoil.com.sa\/Unicoil-Beta-Update\/#\/schema\/logo\/image\/\"}}]}<\/script>\n<!-- \/ Yoast SEO plugin. -->","yoast_head_json":{"title":"F\u00f6rdertechnik und Transport - UNICOIL","robots":{"index":"index","follow":"follow","max-snippet":"max-snippet:-1","max-image-preview":"max-image-preview:large","max-video-preview":"max-video-preview:-1"},"canonical":"https:\/\/www.unicoil.com.sa\/Unicoil-Beta-Update\/de\/fordertechnik-und-transport\/","og_locale":"en_US","og_type":"article","og_title":"F\u00f6rdertechnik und Transport - UNICOIL","og_description":"UNICOIL gew\u00e4hrleistet, dass die f\u00fcr Kunden produzierten Materialien sicher gehandhabt, professionell gelagert, sicher verladen und verzurrt, umsichtig transportiert und p\u00fcnktlich in einwandfreiem Zustand geliefert werden. Was sind im Innenbereich gelagerte Produkte? In \u00dcbereinstimmung mit den Qualit\u00e4tsgrunds\u00e4tzen von UNICOIL werden s\u00e4mtliche im Innenbereich gefertigten Produkte in gut bel\u00fcfteten und trockenen Hallen gelagert, um jegliche Sch\u00e4den durch [&hellip;]","og_url":"https:\/\/www.unicoil.com.sa\/Unicoil-Beta-Update\/de\/fordertechnik-und-transport\/","og_site_name":"UNICOIL","article_modified_time":"2022-10-10T11:22:04+00:00","twitter_card":"summary_large_image","twitter_misc":{"Est. reading time":"5 minutes"},"schema":{"@context":"https:\/\/schema.org","@graph":[{"@type":"WebPage","@id":"https:\/\/www.unicoil.com.sa\/Unicoil-Beta-Update\/de\/fordertechnik-und-transport\/","url":"https:\/\/www.unicoil.com.sa\/Unicoil-Beta-Update\/de\/fordertechnik-und-transport\/","name":"F\u00f6rdertechnik und Transport - UNICOIL","isPartOf":{"@id":"https:\/\/www.unicoil.com.sa\/Unicoil-Beta-Update\/#website"},"datePublished":"2019-06-25T05:52:28+00:00","dateModified":"2022-10-10T11:22:04+00:00","breadcrumb":{"@id":"https:\/\/www.unicoil.com.sa\/Unicoil-Beta-Update\/de\/fordertechnik-und-transport\/#breadcrumb"},"inLanguage":"en-US","potentialAction":[{"@type":"ReadAction","target":["https:\/\/www.unicoil.com.sa\/Unicoil-Beta-Update\/de\/fordertechnik-und-transport\/"]}]},{"@type":"BreadcrumbList","@id":"https:\/\/www.unicoil.com.sa\/Unicoil-Beta-Update\/de\/fordertechnik-und-transport\/#breadcrumb","itemListElement":[{"@type":"ListItem","position":1,"name":"Home","item":"https:\/\/www.unicoil.com.sa\/Unicoil-Beta-Update\/en\/"},{"@type":"ListItem","position":2,"name":"F\u00f6rdertechnik und Transport"}]},{"@type":"WebSite","@id":"https:\/\/www.unicoil.com.sa\/Unicoil-Beta-Update\/#website","url":"https:\/\/www.unicoil.com.sa\/Unicoil-Beta-Update\/","name":"UNICOIL","description":"UNICOIL - A Leader in Steel Coil Coating and Prepainted Steels","publisher":{"@id":"https:\/\/www.unicoil.com.sa\/Unicoil-Beta-Update\/#organization"},"potentialAction":[{"@type":"SearchAction","target":{"@type":"EntryPoint","urlTemplate":"https:\/\/www.unicoil.com.sa\/Unicoil-Beta-Update\/?s={search_term_string}"},"query-input":"required name=search_term_string"}],"inLanguage":"en-US"},{"@type":"Organization","@id":"https:\/\/www.unicoil.com.sa\/Unicoil-Beta-Update\/#organization","name":"UNICOIL","url":"https:\/\/www.unicoil.com.sa\/Unicoil-Beta-Update\/","logo":{"@type":"ImageObject","inLanguage":"en-US","@id":"https:\/\/www.unicoil.com.sa\/Unicoil-Beta-Update\/#\/schema\/logo\/image\/","url":"https:\/\/www.unicoil.com.sa\/Unicoil-Beta-Update\/wp-content\/uploads\/UNICOIL-Logo-1.png","contentUrl":"https:\/\/www.unicoil.com.sa\/Unicoil-Beta-Update\/wp-content\/uploads\/UNICOIL-Logo-1.png","width":1028,"height":617,"caption":"UNICOIL"},"image":{"@id":"https:\/\/www.unicoil.com.sa\/Unicoil-Beta-Update\/#\/schema\/logo\/image\/"}}]}},"_links":{"self":[{"href":"https:\/\/www.unicoil.com.sa\/Unicoil-Beta-Update\/wp-json\/wp\/v2\/pages\/14984"}],"collection":[{"href":"https:\/\/www.unicoil.com.sa\/Unicoil-Beta-Update\/wp-json\/wp\/v2\/pages"}],"about":[{"href":"https:\/\/www.unicoil.com.sa\/Unicoil-Beta-Update\/wp-json\/wp\/v2\/types\/page"}],"author":[{"embeddable":true,"href":"https:\/\/www.unicoil.com.sa\/Unicoil-Beta-Update\/wp-json\/wp\/v2\/users\/3"}],"replies":[{"embeddable":true,"href":"https:\/\/www.unicoil.com.sa\/Unicoil-Beta-Update\/wp-json\/wp\/v2\/comments?post=14984"}],"version-history":[{"count":2,"href":"https:\/\/www.unicoil.com.sa\/Unicoil-Beta-Update\/wp-json\/wp\/v2\/pages\/14984\/revisions"}],"predecessor-version":[{"id":20616,"href":"https:\/\/www.unicoil.com.sa\/Unicoil-Beta-Update\/wp-json\/wp\/v2\/pages\/14984\/revisions\/20616"}],"wp:attachment":[{"href":"https:\/\/www.unicoil.com.sa\/Unicoil-Beta-Update\/wp-json\/wp\/v2\/media?parent=14984"}],"curies":[{"name":"wp","href":"https:\/\/api.w.org\/{rel}","templated":true}]}}