{"id":15202,"date":"2019-06-30T06:15:57","date_gmt":"2019-06-30T06:15:57","guid":{"rendered":"http:\/\/www.unicoil.sa\/?page_id=15202"},"modified":"2022-10-10T11:57:29","modified_gmt":"2022-10-10T11:57:29","slug":"unicoil-y-la-comunidad","status":"publish","type":"page","link":"https:\/\/www.unicoil.com.sa\/Unicoil-Beta-Update\/es\/unicoil-y-la-comunidad\/","title":{"rendered":"UNICOIL y la comunidad"},"content":{"rendered":"Como parte de su responsabilidad de fabricaci\u00f3n, las actividades de UNICOIL que promueven la sostenibilidad se enumeran a continuaci\u00f3n:\n\nUNICOIL instal\u00f3 una planta regeneradora de \u00e1cido para recuperar el \u00e1cido clorh\u00eddrico usado para su reutilizaci\u00f3n en la l\u00ednea de decapado, lo cual da como resultado un medio ambiente m\u00e1s limpio y ahorra recursos naturales.\n\nUNICOIL cuenta con una planta de tratamiento de aguas residuales avanzada para tratar las aguas residuales generadas por los diversos procesos industriales que se utilizan para fabricar sus productos. Esta instalaci\u00f3n garantiza que la empresa cumple con las normas de la Comisi\u00f3n Real sobre eliminaci\u00f3n.\n\n<div class=\"row clearfix\">\n\n<div class=\"box two-three \">\n\nUNICOIL utiliza quemadores de bajo consumo y recuperadores de calor en el horno de la l\u00ednea de galvanizado para ahorrar recursos naturales de combustible. El consumo de gas natural de la l\u00ednea de galvanizado de UNICOIL es comparable a las mejores pr\u00e1cticas del sector en todo el mundo.\n\nUNICOIL est\u00e1 instalando un sistema de control t\u00e9rmico de la pintura para reducir los disolventes que se utilizan en el proceso de pintura y, as\u00ed, ayudar a reducir la emisi\u00f3n de compuestos org\u00e1nicos vol\u00e1tiles hacia el medio ambiente. Este sistema estar\u00e1 en funcionamiento en enero de 2016.\n\nUNICOIL est\u00e1 reemplazando el oxidante t\u00e9rmico convencional existente por un oxidante t\u00e9rmico regenerativo de \u00faltima generaci\u00f3n con el fin de reducir el consumo de gas natural, que es un recurso no renovable.\n\nUNICOIL ha instalado grifos de agua con sensores para reducir el consumo de agua y trabaja en otros m\u00e9todos para optimizar este aspecto en toda la compa\u00f1\u00eda.\n\n<\/div>\n\n<div class=\"box three \">\n<div class=\"box-conts\"><img decoding=\"async\" loading=\"lazy\" src=\"\/wp-content\/uploads\/2017\/03\/regenerative-thermal-oxidizer.jpg\" alt=\"regenerative-thermal-oxidizer\" width=\"180\" height=\"210\" class=\"aligncenter size-full wp-image-2961\">\n<div class=\"clearfix\" style=\"height:10px\"><\/div>\n<p style=\"text-align: center; font-style:italic;\">Las instalaciones de UNICOIL se adhieren a principios estrictos de conservaci\u00f3n<\/p>\n\n<\/div>\n<\/div>\n\n<\/div>\n\n<div class=\"clearfix\" style=\"height:15px\"><\/div>\n<h4>UNICOIL en colaboraci\u00f3n con SANAD: trabajando juntos<\/h4>\n<h2>Hacia ni\u00f1os sin plomo y para un futuro saludable<\/h2>\n<hr class=\"style-five margin-t0 margin-b15 \"  data-rt-animate=\"animate\" data-rt-animation-type=\"fadeInDown\" data-rt-animation-group=\"single\" >\n\nUniversal Metal Coating Company Limited (UNICOIL) continu\u00f3 sus campa\u00f1as de concientizaci\u00f3n social, que comenzaron hace casi 4 a\u00f1os, para advertir contra los riesgos del uso inseguro de plomo en pinturas y productos met\u00e1licos recubiertos, as\u00ed como sobre el envenenamiento por plomo, que causa muchas enfermedades cr\u00f3nicas que afectan a ni\u00f1os menores de 6 a\u00f1os de edad.\n\nEn este contexto, UNICOIL firm\u00f3 un acuerdo de cooperaci\u00f3n con la asociaci\u00f3n SANAD de apoyo al c\u00e1ncer infantil en el Reino de Arabia Saudita para lanzar una campa\u00f1a coordinada de concienciaci\u00f3n para advertir frente a los peligros del plomo, mediante la divulgaci\u00f3n de directrices y consejos espec\u00edficos basados en estudios aprobados por organizaciones internacionales.\n\n<div class=\"row clearfix\">\n\n<div class=\"box three \">\n<div class=\"box-conts\"><img decoding=\"async\" loading=\"lazy\" src=\"\/wp-content\/uploads\/2017\/03\/sanad-logo.png\" alt=\"sanad-logo\" width=\"350\" height=\"167\" class=\"aligncenter size-full wp-image-2967\" srcset=\"https:\/\/www.unicoil.com.sa\/Unicoil-Beta-Update\/wp-content\/uploads\/2017\/03\/sanad-logo.png 350w, https:\/\/www.unicoil.com.sa\/Unicoil-Beta-Update\/wp-content\/uploads\/2017\/03\/sanad-logo-300x143.png 300w\" sizes=\"(max-width: 350px) 100vw, 350px\" \/><\/div>\n<\/div>\n\n<div class=\"box two-three \">\n\nLa asociaci\u00f3n ben\u00e9fica Sanad se registr\u00f3 en el Ministerio de Asuntos Sociales en 1-12-1423 H, correspondiente a 2-2-2003 G, y es una asociaci\u00f3n ben\u00e9fica sin \u00e1nimo de lucro. Su objetivo es brindar apoyo a los centros de c\u00e1ncer infantil del pa\u00eds con todos los recursos financieros y en especie necesarios y proporcionar servicios sociales y de vivienda a los pacientes y sus familias necesitadas despu\u00e9s de llevar a cabo la investigaci\u00f3n de campo. Tambi\u00e9n trabaja en la preparaci\u00f3n de programas educativos y de aprendizaje para los pacientes y sus familias sobre el c\u00e1ncer infantil y c\u00f3mo abordarlo.\n\n<\/div>\n\n<\/div>\n\n<hr class=\"style-four margin-t10 margin-b20 \"  data-rt-animate=\"animate\" data-rt-animation-type=\"fadeInDown\" data-rt-animation-group=\"single\" >\n\n<img decoding=\"async\" src=\"\/wp-content\/uploads\/2017\/03\/lfk_logo_english_transparent_0.png\" alt=\"lfk_logo_english_transparent_0\" width=\"110\" style=\"width: 110px !important;\" class=\"alignleft size-full wp-image-2977\" srcset=\"https:\/\/www.unicoil.com.sa\/Unicoil-Beta-Update\/wp-content\/uploads\/2017\/03\/lfk_logo_english_transparent_0.png 741w, https:\/\/www.unicoil.com.sa\/Unicoil-Beta-Update\/wp-content\/uploads\/2017\/03\/lfk_logo_english_transparent_0-238x300.png 238w\" sizes=\"(max-width: 741px) 100vw, 741px\" \/>\n\n\t\t<div class=\"imgeffect single_image alignright\">\t\n\t\t\t<a id=\"lightbox-935551\" class=\"icon-zoom-in lightbox_ single\" data-group=\"image719055\" title=\"Enlarge Image\" data-title=\"\" data-description=\"\" data-thumbnail=\"\/wp-content\/uploads\/2017\/03\/international-lead-poisoning-awareness-week.jpg\" data-thumbTooltip=\"\" data-scaleUp=\"\" data-href=\"\" data-width=\"\" data-height=\"\" data-flashHasPriority=\"\" data-poster=\"\" data-autoplay=\"\" data-audiotitle=\"\" href=\"\/wp-content\/uploads\/2017\/03\/international-lead-poisoning-awareness-week.jpg\"><\/a>\t\t\t\t\t\t\t\n\t\t\t<img src=\"\/wp-content\/uploads\/2017\/03\/international-lead-poisoning-awareness-week.jpg\" alt=\"\"> \t\t\t\t\t\t\t\t\t\n\t\t<\/div>\n\t\n<h3>Semana internacional de concientizaci\u00f3n sobre el envenenamiento por plomo<\/h3>\nComo parte de su responsabilidad social, UNICOIL apoya a las instituciones sociales nacionales hacia una sociedad protegida de los peligros del plomo.\n\nDel 23 al 29 de octubre de 2016 se llevar\u00e1 a cabo la semana internacional de prevenci\u00f3n de la intoxicaci\u00f3n por plomo, con especial \u00e9nfasis en la eliminaci\u00f3n de la pintura con plomo.\n\n<hr class=\"style-four margin-t20 margin-b30 \"  data-rt-animate=\"animate\" data-rt-animation-type=\"fadeInDown\" data-rt-animation-group=\"single\" >\n\n<div class=\"row clearfix\">\n\n<div class=\"box two-three \">\n<h2>Premio al Mejor Desempe\u00f1o Ambiental<\/h2>\n<hr class=\"style-five margin-t0 margin-b15 \"  data-rt-animate=\"animate\" data-rt-animation-type=\"fadeInDown\" data-rt-animation-group=\"single\" >\n\nUNICOIL recibi\u00f3 el &#8220;Premio al Mejor Desempe\u00f1o Ambiental&#8221; por segundo a\u00f1o consecutivo de la Jubail Royal Commission por sus esfuerzos durante 2015, en un acto celebrado el 5 de junio de 2016 con motivo de las celebraciones del D\u00eda Mundial del Medio Ambiente.\n\nUNICOIL obtuvo este premio a trav\u00e9s de sus continuos esfuerzos en la protecci\u00f3n del ambiente interno de la compa\u00f1\u00eda y por sus campa\u00f1as continuas de concienciaci\u00f3n para proteger el medio ambiente y la salud p\u00fablica de la comunidad.\n\n<\/div>\n\n<div class=\"box three \">\n<img decoding=\"async\" loading=\"lazy\" src=\"\/wp-content\/uploads\/2017\/03\/2016-environmental-award.jpg\" alt=\"2016-environmental-award\" width=\"542\" height=\"452\" class=\"aligncenter size-full wp-image-2993\" srcset=\"https:\/\/www.unicoil.com.sa\/Unicoil-Beta-Update\/wp-content\/uploads\/2017\/03\/2016-environmental-award.jpg 542w, https:\/\/www.unicoil.com.sa\/Unicoil-Beta-Update\/wp-content\/uploads\/2017\/03\/2016-environmental-award-300x250.jpg 300w\" sizes=\"(max-width: 542px) 100vw, 542px\" \/>\n<\/div>\n\n<\/div>\n\n<div class=\"clearfix\" style=\"height:10px\"><\/div>\n\nComo parte de su responsabilidad social, UNICOIL ha llevado a cabo una enorme campa\u00f1a educativa para proporcionar informaci\u00f3n a todos los organismos pertinentes y al p\u00fablico en general acerca de los efectos del plomo en la pintura y el zinc sobre la salud humana. UNICOIL tambi\u00e9n ha hecho campa\u00f1a para que las agencias reguladoras pertinentes establezcan l\u00edmites m\u00e1ximos obligatorios sobre las concentraciones de plomo en pintura y zinc. Se espera que estos esfuerzos den fruto pronto.\n\n<div class=\"row clearfix\">\n\n<div class=\"box two \">\n<img decoding=\"async\" loading=\"lazy\" src=\"\/wp-content\/uploads\/2017\/03\/recyling-bin01.jpg\" alt=\"recyling-bin01\" width=\"400\" height=\"274\" class=\"aligncenter size-full wp-image-2997\" srcset=\"https:\/\/www.unicoil.com.sa\/Unicoil-Beta-Update\/wp-content\/uploads\/2017\/03\/recyling-bin01.jpg 400w, https:\/\/www.unicoil.com.sa\/Unicoil-Beta-Update\/wp-content\/uploads\/2017\/03\/recyling-bin01-300x206.jpg 300w\" sizes=\"(max-width: 400px) 100vw, 400px\" \/>\n<\/div>\n\n<div class=\"box two \">\n<img decoding=\"async\" loading=\"lazy\" src=\"\/wp-content\/uploads\/2017\/03\/recyling-bin02.jpg\" alt=\"recyling-bin02\" width=\"400\" height=\"274\" class=\"aligncenter size-full wp-image-2996\" srcset=\"https:\/\/www.unicoil.com.sa\/Unicoil-Beta-Update\/wp-content\/uploads\/2017\/03\/recyling-bin02.jpg 400w, https:\/\/www.unicoil.com.sa\/Unicoil-Beta-Update\/wp-content\/uploads\/2017\/03\/recyling-bin02-300x206.jpg 300w\" sizes=\"(max-width: 400px) 100vw, 400px\" \/>\n<\/div>\n\n<\/div>\n\n<div class=\"clearfix\" style=\"height:10px\"><\/div>\n<p style=\"text-align: center; font-style:italic;\">El reciclaje es una forma de vida en UNICOIL<\/p>\n<div class=\"clearfix\" style=\"height:10px\"><\/div>\n\nUNICOIL hace hincapi\u00e9 en la clasificaci\u00f3n y el reciclaje de los materiales de desecho. En este sentido, hay contenedores repartidos por distintas ubicaciones de UNICOIL a fin de permitir la separaci\u00f3n de los distintos materiales de desecho entre reciclables y no reciclables.\n\n<div class=\"row clearfix\">\n\n<div class=\"box two \">\n\n&nbsp;\nLa direcci\u00f3n de UNICOIL cree que estar cerca de la naturaleza beneficia a la compa\u00f1\u00eda y a sus empleados y, por lo tanto, ha desplegado una zona verde en su f\u00e1brica. Cerca del 25 % de las \u00e1reas abiertas de las instalaciones de UNICOIL se han convertido en un paisaje natural verde.\n\nUNICOIL se siente orgullosa de que las aves se sientan atra\u00eddas por estas grandes zonas verdes y los comederos para p\u00e1jaros garantizan que, adem\u00e1s, disfruten de su visita a UNICOIL.\n\nAdem\u00e1s de su cuidado y compromiso con su entorno externo, UNICOIL desarrolla continuamente su entorno interno con el objetivo de proporcionar un ambiente f\u00edsico interno propicio para el desarrollo de su plantilla.\n\n<\/div>\n\n<div class=\"box two \">\n<div class=\"box-conts\"><img decoding=\"async\" loading=\"lazy\" src=\"\/wp-content\/uploads\/2017\/03\/bird-feeder.jpg\" alt=\"bird-feeder\" width=\"400\" height=\"274\" class=\"aligncenter size-full wp-image-3000\" srcset=\"https:\/\/www.unicoil.com.sa\/Unicoil-Beta-Update\/wp-content\/uploads\/2017\/03\/bird-feeder.jpg 400w, https:\/\/www.unicoil.com.sa\/Unicoil-Beta-Update\/wp-content\/uploads\/2017\/03\/bird-feeder-300x206.jpg 300w\" sizes=\"(max-width: 400px) 100vw, 400px\" \/>\n\n<div class=\"clearfix\" style=\"height:10px\"><\/div>\n<p style=\"text-align: center; font-style:italic;\">Alimentadores de aves alrededor del paisaje verde de UNICOIL<\/p>\n\n<\/div>\n<\/div>\n\n<\/div>\n\n<div class=\"clearfix\" style=\"height:10px\"><\/div>\n\nUna fuente de agua al aire libre ayuda a la gente a relajarse despu\u00e9s de un largo d\u00eda de trabajo. El sonido calmante del agua reduce el estr\u00e9s, a los clientes les encanta, a los p\u00e1jaros les encanta y, adem\u00e1s act\u00faa como un alimentador natural de aves. Es maravillosa para la mente y el cuerpo de las personas. Incluso forma parte de un arreglo del Feng Shui chino que significa &#8220;Viento y agua&#8221;\n\n<div class=\"row clearfix\">\n\n<div class=\"box two \">\n<img decoding=\"async\" loading=\"lazy\" src=\"\/wp-content\/uploads\/2017\/03\/operations-fountain.jpg\" alt=\"operations-fountain\" width=\"400\" height=\"274\" class=\"aligncenter size-full wp-image-3005\" srcset=\"https:\/\/www.unicoil.com.sa\/Unicoil-Beta-Update\/wp-content\/uploads\/2017\/03\/operations-fountain.jpg 400w, https:\/\/www.unicoil.com.sa\/Unicoil-Beta-Update\/wp-content\/uploads\/2017\/03\/operations-fountain-300x206.jpg 300w\" sizes=\"(max-width: 400px) 100vw, 400px\" \/>\n<\/div>\n\n<div class=\"box two \">\n<img decoding=\"async\" loading=\"lazy\" src=\"\/wp-content\/uploads\/2017\/03\/temperature-plant.jpg\" alt=\"temperature-plant\" width=\"400\" height=\"274\" class=\"aligncenter size-full wp-image-3006\" srcset=\"https:\/\/www.unicoil.com.sa\/Unicoil-Beta-Update\/wp-content\/uploads\/2017\/03\/temperature-plant.jpg 400w, https:\/\/www.unicoil.com.sa\/Unicoil-Beta-Update\/wp-content\/uploads\/2017\/03\/temperature-plant-300x206.jpg 300w\" sizes=\"(max-width: 400px) 100vw, 400px\" \/>\n<\/div>\n\n<\/div>\n\n<div class=\"clearfix\" style=\"height:10px\"><\/div>\n<p style=\"text-align: center; font-style:italic;\">La creaci\u00f3n de un ambiente propicio para el trabajo f\u00edsico es parte del compromiso de UNICOIL.<\/p>\n<div class=\"clearfix\" style=\"height:10px\"><\/div>\n\nEn t\u00e9rminos de normas de seguridad y salud para los empleados, existen term\u00f3metros en todas las salas de control que muestran la temperatura actual para que los trabajadores puedan tomar las precauciones adecuadas cuando la temperatura supera ciertos l\u00edmites de seguridad.\n\nComo parte de este cuidado y compromiso, UNICOIL invierte en el mantenimiento de zonas verdes y frescas fuera de su planta y sus oficinas de administraci\u00f3n, puesto que considera que la proximidad con la naturaleza mantiene fresca la mente y el \u00e1nimo de los empleados.\n\n<img decoding=\"async\" loading=\"lazy\" src=\"\/wp-content\/uploads\/2017\/03\/unicoil-environment.jpg\" alt=\"unicoil-environment\" width=\"800\" height=\"245\" class=\"aligncenter size-full wp-image-3009\" srcset=\"https:\/\/www.unicoil.com.sa\/Unicoil-Beta-Update\/wp-content\/uploads\/2017\/03\/unicoil-environment.jpg 800w, https:\/\/www.unicoil.com.sa\/Unicoil-Beta-Update\/wp-content\/uploads\/2017\/03\/unicoil-environment-300x92.jpg 300w, https:\/\/www.unicoil.com.sa\/Unicoil-Beta-Update\/wp-content\/uploads\/2017\/03\/unicoil-environment-768x235.jpg 768w\" sizes=\"(max-width: 800px) 100vw, 800px\" \/>\n\n<div class=\"clearfix\" style=\"height:10px\"><\/div>\n<p style=\"text-align: center; font-style:italic;\">En l\u00ednea con su visi\u00f3n limpia y verde, el paisaje de UNICOIL es refrescante y vigorizante<\/p>\nLejos del ambiente industrial tradicional, la administraci\u00f3n de UNICOIL utiliza una iluminaci\u00f3n excelente por la noche.\n\n<img decoding=\"async\" loading=\"lazy\" src=\"\/wp-content\/uploads\/2017\/03\/unicoil-at-night.jpg\" alt=\"unicoil-at-night\" width=\"800\" height=\"245\" class=\"aligncenter size-full wp-image-3010\" srcset=\"https:\/\/www.unicoil.com.sa\/Unicoil-Beta-Update\/wp-content\/uploads\/2017\/03\/unicoil-at-night.jpg 800w, https:\/\/www.unicoil.com.sa\/Unicoil-Beta-Update\/wp-content\/uploads\/2017\/03\/unicoil-at-night-300x92.jpg 300w, https:\/\/www.unicoil.com.sa\/Unicoil-Beta-Update\/wp-content\/uploads\/2017\/03\/unicoil-at-night-768x235.jpg 768w\" sizes=\"(max-width: 800px) 100vw, 800px\" \/>\n\n<div class=\"clearfix\" style=\"height:10px\"><\/div>\n<p style=\"text-align: center; font-style:italic;\">Vista nocturna mostrando el edificio UNICOIL y Planta<\/p>\n<div class=\"clearfix\" style=\"height:30px\"><\/div>","protected":false},"excerpt":{"rendered":"Como parte de su responsabilidad de fabricaci\u00f3n, las actividades de UNICOIL que promueven la sostenibilidad se enumeran a continuaci\u00f3n: UNICOIL instal\u00f3 una planta regeneradora de \u00e1cido para recuperar el \u00e1cido clorh\u00eddrico usado para su reutilizaci\u00f3n en la l\u00ednea de decapado, lo cual da como resultado un medio ambiente m\u00e1s limpio y ahorra recursos naturales. UNICOIL [&hellip;]","protected":false},"author":3,"featured_media":0,"parent":0,"menu_order":0,"comment_status":"closed","ping_status":"closed","template":"elementor_theme","meta":{"footnotes":""},"yoast_head":"<!-- This site is optimized with the Yoast SEO plugin v21.4 - https:\/\/yoast.com\/wordpress\/plugins\/seo\/ -->\n<title>UNICOIL y la comunidad - UNICOIL<\/title>\n<meta name=\"robots\" content=\"index, follow, max-snippet:-1, max-image-preview:large, max-video-preview:-1\" \/>\n<link rel=\"canonical\" href=\"https:\/\/www.unicoil.com.sa\/Unicoil-Beta-Update\/es\/unicoil-y-la-comunidad\/\" \/>\n<meta property=\"og:locale\" content=\"en_US\" \/>\n<meta property=\"og:type\" content=\"article\" \/>\n<meta property=\"og:title\" content=\"UNICOIL y la comunidad - UNICOIL\" \/>\n<meta property=\"og:description\" content=\"Como parte de su responsabilidad de fabricaci\u00f3n, las actividades de UNICOIL que promueven la sostenibilidad se enumeran a continuaci\u00f3n: UNICOIL instal\u00f3 una planta regeneradora de \u00e1cido para recuperar el \u00e1cido clorh\u00eddrico usado para su reutilizaci\u00f3n en la l\u00ednea de decapado, lo cual da como resultado un medio ambiente m\u00e1s limpio y ahorra recursos naturales. UNICOIL [&hellip;]\" \/>\n<meta property=\"og:url\" content=\"https:\/\/www.unicoil.com.sa\/Unicoil-Beta-Update\/es\/unicoil-y-la-comunidad\/\" \/>\n<meta property=\"og:site_name\" content=\"UNICOIL\" \/>\n<meta property=\"article:modified_time\" content=\"2022-10-10T11:57:29+00:00\" \/>\n<meta name=\"twitter:card\" content=\"summary_large_image\" \/>\n<meta name=\"twitter:label1\" content=\"Est. reading time\" \/>\n\t<meta name=\"twitter:data1\" content=\"8 minutes\" \/>\n<script type=\"application\/ld+json\" class=\"yoast-schema-graph\">{\"@context\":\"https:\/\/schema.org\",\"@graph\":[{\"@type\":\"WebPage\",\"@id\":\"https:\/\/www.unicoil.com.sa\/Unicoil-Beta-Update\/es\/unicoil-y-la-comunidad\/\",\"url\":\"https:\/\/www.unicoil.com.sa\/Unicoil-Beta-Update\/es\/unicoil-y-la-comunidad\/\",\"name\":\"UNICOIL y la comunidad - UNICOIL\",\"isPartOf\":{\"@id\":\"https:\/\/www.unicoil.com.sa\/Unicoil-Beta-Update\/#website\"},\"datePublished\":\"2019-06-30T06:15:57+00:00\",\"dateModified\":\"2022-10-10T11:57:29+00:00\",\"breadcrumb\":{\"@id\":\"https:\/\/www.unicoil.com.sa\/Unicoil-Beta-Update\/es\/unicoil-y-la-comunidad\/#breadcrumb\"},\"inLanguage\":\"en-US\",\"potentialAction\":[{\"@type\":\"ReadAction\",\"target\":[\"https:\/\/www.unicoil.com.sa\/Unicoil-Beta-Update\/es\/unicoil-y-la-comunidad\/\"]}]},{\"@type\":\"BreadcrumbList\",\"@id\":\"https:\/\/www.unicoil.com.sa\/Unicoil-Beta-Update\/es\/unicoil-y-la-comunidad\/#breadcrumb\",\"itemListElement\":[{\"@type\":\"ListItem\",\"position\":1,\"name\":\"Home\",\"item\":\"https:\/\/www.unicoil.com.sa\/Unicoil-Beta-Update\/en\/\"},{\"@type\":\"ListItem\",\"position\":2,\"name\":\"UNICOIL y la comunidad\"}]},{\"@type\":\"WebSite\",\"@id\":\"https:\/\/www.unicoil.com.sa\/Unicoil-Beta-Update\/#website\",\"url\":\"https:\/\/www.unicoil.com.sa\/Unicoil-Beta-Update\/\",\"name\":\"UNICOIL\",\"description\":\"UNICOIL - A Leader in Steel Coil Coating and Prepainted Steels\",\"publisher\":{\"@id\":\"https:\/\/www.unicoil.com.sa\/Unicoil-Beta-Update\/#organization\"},\"potentialAction\":[{\"@type\":\"SearchAction\",\"target\":{\"@type\":\"EntryPoint\",\"urlTemplate\":\"https:\/\/www.unicoil.com.sa\/Unicoil-Beta-Update\/?s={search_term_string}\"},\"query-input\":\"required name=search_term_string\"}],\"inLanguage\":\"en-US\"},{\"@type\":\"Organization\",\"@id\":\"https:\/\/www.unicoil.com.sa\/Unicoil-Beta-Update\/#organization\",\"name\":\"UNICOIL\",\"url\":\"https:\/\/www.unicoil.com.sa\/Unicoil-Beta-Update\/\",\"logo\":{\"@type\":\"ImageObject\",\"inLanguage\":\"en-US\",\"@id\":\"https:\/\/www.unicoil.com.sa\/Unicoil-Beta-Update\/#\/schema\/logo\/image\/\",\"url\":\"https:\/\/www.unicoil.com.sa\/Unicoil-Beta-Update\/wp-content\/uploads\/UNICOIL-Logo-1.png\",\"contentUrl\":\"https:\/\/www.unicoil.com.sa\/Unicoil-Beta-Update\/wp-content\/uploads\/UNICOIL-Logo-1.png\",\"width\":1028,\"height\":617,\"caption\":\"UNICOIL\"},\"image\":{\"@id\":\"https:\/\/www.unicoil.com.sa\/Unicoil-Beta-Update\/#\/schema\/logo\/image\/\"}}]}<\/script>\n<!-- \/ Yoast SEO plugin. -->","yoast_head_json":{"title":"UNICOIL y la comunidad - UNICOIL","robots":{"index":"index","follow":"follow","max-snippet":"max-snippet:-1","max-image-preview":"max-image-preview:large","max-video-preview":"max-video-preview:-1"},"canonical":"https:\/\/www.unicoil.com.sa\/Unicoil-Beta-Update\/es\/unicoil-y-la-comunidad\/","og_locale":"en_US","og_type":"article","og_title":"UNICOIL y la comunidad - UNICOIL","og_description":"Como parte de su responsabilidad de fabricaci\u00f3n, las actividades de UNICOIL que promueven la sostenibilidad se enumeran a continuaci\u00f3n: UNICOIL instal\u00f3 una planta regeneradora de \u00e1cido para recuperar el \u00e1cido clorh\u00eddrico usado para su reutilizaci\u00f3n en la l\u00ednea de decapado, lo cual da como resultado un medio ambiente m\u00e1s limpio y ahorra recursos naturales. UNICOIL [&hellip;]","og_url":"https:\/\/www.unicoil.com.sa\/Unicoil-Beta-Update\/es\/unicoil-y-la-comunidad\/","og_site_name":"UNICOIL","article_modified_time":"2022-10-10T11:57:29+00:00","twitter_card":"summary_large_image","twitter_misc":{"Est. reading time":"8 minutes"},"schema":{"@context":"https:\/\/schema.org","@graph":[{"@type":"WebPage","@id":"https:\/\/www.unicoil.com.sa\/Unicoil-Beta-Update\/es\/unicoil-y-la-comunidad\/","url":"https:\/\/www.unicoil.com.sa\/Unicoil-Beta-Update\/es\/unicoil-y-la-comunidad\/","name":"UNICOIL y la comunidad - UNICOIL","isPartOf":{"@id":"https:\/\/www.unicoil.com.sa\/Unicoil-Beta-Update\/#website"},"datePublished":"2019-06-30T06:15:57+00:00","dateModified":"2022-10-10T11:57:29+00:00","breadcrumb":{"@id":"https:\/\/www.unicoil.com.sa\/Unicoil-Beta-Update\/es\/unicoil-y-la-comunidad\/#breadcrumb"},"inLanguage":"en-US","potentialAction":[{"@type":"ReadAction","target":["https:\/\/www.unicoil.com.sa\/Unicoil-Beta-Update\/es\/unicoil-y-la-comunidad\/"]}]},{"@type":"BreadcrumbList","@id":"https:\/\/www.unicoil.com.sa\/Unicoil-Beta-Update\/es\/unicoil-y-la-comunidad\/#breadcrumb","itemListElement":[{"@type":"ListItem","position":1,"name":"Home","item":"https:\/\/www.unicoil.com.sa\/Unicoil-Beta-Update\/en\/"},{"@type":"ListItem","position":2,"name":"UNICOIL y la comunidad"}]},{"@type":"WebSite","@id":"https:\/\/www.unicoil.com.sa\/Unicoil-Beta-Update\/#website","url":"https:\/\/www.unicoil.com.sa\/Unicoil-Beta-Update\/","name":"UNICOIL","description":"UNICOIL - A Leader in Steel Coil Coating and Prepainted Steels","publisher":{"@id":"https:\/\/www.unicoil.com.sa\/Unicoil-Beta-Update\/#organization"},"potentialAction":[{"@type":"SearchAction","target":{"@type":"EntryPoint","urlTemplate":"https:\/\/www.unicoil.com.sa\/Unicoil-Beta-Update\/?s={search_term_string}"},"query-input":"required name=search_term_string"}],"inLanguage":"en-US"},{"@type":"Organization","@id":"https:\/\/www.unicoil.com.sa\/Unicoil-Beta-Update\/#organization","name":"UNICOIL","url":"https:\/\/www.unicoil.com.sa\/Unicoil-Beta-Update\/","logo":{"@type":"ImageObject","inLanguage":"en-US","@id":"https:\/\/www.unicoil.com.sa\/Unicoil-Beta-Update\/#\/schema\/logo\/image\/","url":"https:\/\/www.unicoil.com.sa\/Unicoil-Beta-Update\/wp-content\/uploads\/UNICOIL-Logo-1.png","contentUrl":"https:\/\/www.unicoil.com.sa\/Unicoil-Beta-Update\/wp-content\/uploads\/UNICOIL-Logo-1.png","width":1028,"height":617,"caption":"UNICOIL"},"image":{"@id":"https:\/\/www.unicoil.com.sa\/Unicoil-Beta-Update\/#\/schema\/logo\/image\/"}}]}},"_links":{"self":[{"href":"https:\/\/www.unicoil.com.sa\/Unicoil-Beta-Update\/wp-json\/wp\/v2\/pages\/15202"}],"collection":[{"href":"https:\/\/www.unicoil.com.sa\/Unicoil-Beta-Update\/wp-json\/wp\/v2\/pages"}],"about":[{"href":"https:\/\/www.unicoil.com.sa\/Unicoil-Beta-Update\/wp-json\/wp\/v2\/types\/page"}],"author":[{"embeddable":true,"href":"https:\/\/www.unicoil.com.sa\/Unicoil-Beta-Update\/wp-json\/wp\/v2\/users\/3"}],"replies":[{"embeddable":true,"href":"https:\/\/www.unicoil.com.sa\/Unicoil-Beta-Update\/wp-json\/wp\/v2\/comments?post=15202"}],"version-history":[{"count":2,"href":"https:\/\/www.unicoil.com.sa\/Unicoil-Beta-Update\/wp-json\/wp\/v2\/pages\/15202\/revisions"}],"predecessor-version":[{"id":22972,"href":"https:\/\/www.unicoil.com.sa\/Unicoil-Beta-Update\/wp-json\/wp\/v2\/pages\/15202\/revisions\/22972"}],"wp:attachment":[{"href":"https:\/\/www.unicoil.com.sa\/Unicoil-Beta-Update\/wp-json\/wp\/v2\/media?parent=15202"}],"curies":[{"name":"wp","href":"https:\/\/api.w.org\/{rel}","templated":true}]}}