{"id":15371,"date":"2019-07-03T05:13:47","date_gmt":"2019-07-03T05:13:47","guid":{"rendered":"http:\/\/www.unicoil.sa\/?page_id=15371"},"modified":"2022-10-11T05:35:53","modified_gmt":"2022-10-11T05:35:53","slug":"mogalvin-antibacterial-es","status":"publish","type":"page","link":"https:\/\/www.unicoil.com.sa\/Unicoil-Beta-Update\/es\/mogalvin-antibacterial-es\/","title":{"rendered":"Mogalvin AntiBacterial"},"content":{"rendered":"<div class=\"row clearfix\">\n\n<div class=\"box three \">\n<div class=\"box-conts\"><img decoding=\"async\" loading=\"lazy\" src=\"\/wp-content\/uploads\/2017\/03\/mogalvin-antibacterial-logo.png\" alt=\"mogalvin-antibacterial-logo\" width=\"250\" height=\"96\" class=\"aligncenter size-full wp-image-3124\" style=\"padding-top: 15px; padding-bottom: 15px;\"><\/div>\n<\/div>\n\n<div class=\"box two-three \">\n<hr class=\"style-four margin-t0 margin-b0 \"  data-rt-animate=\"animate\" data-rt-animation-type=\"fadeInDown\" data-rt-animation-group=\"single\" >\n<div class=\"clearfix\" style=\"height:20px\"><\/div>\n<h3>Grados<\/h3>\n<strong>Acero comercial :<\/strong> CS tipo A, B, C\n<strong>Acero para conformado :<\/strong>  FS tipo A y B\n<strong>Acero estructural :<\/strong> (SS33, SS37, SS40, SS50 clase 1, 2, 3 y 4, y SS80)\n\n<div class=\"clearfix\" style=\"height:20px\"><\/div>\n<hr class=\"style-four margin-t0 margin-b0 \"  data-rt-animate=\"animate\" data-rt-animation-type=\"fadeInDown\" data-rt-animation-group=\"single\" >\n<\/div>\n\n<\/div>\n\n<div class=\"clearfix\" style=\"height:20px\"><\/div>\n\n<div class=\"shortcode_tabs tab-style-three\" data-rt-animate=\"animate\" data-rt-animation-type=\"fadeIn\" data-rt-animation-group=\"single\"><div class=\"tabs_wrap\"><ul class=\"tabs clearfix\"><li class=\"with_icon\"><a href=\"#\"><span class=\"icon-doc-alt icon-large\"><\/span> Descripci\u00f3n general<\/a><\/li><li class=\"with_icon\"><a href=\"#\"><span class=\"icon-cog-alt icon-large\"><\/span> Datos t\u00e9cnicos<\/a><\/li><li class=\"with_icon\"><a href=\"#\"><span class=\"icon-download icon-large\"><\/span> Descargar<\/a><\/li><\/ul><div class=\"panes\">\n\n <div class=\"pane fluid\">\n\nMOGALVIN AntiBacterial es una capa especial de recubrimiento epoxi que combina el compuesto antimicrobiano y zeolitas en la resina epoxi que recubre Mogalvin; un producto de acero galvanizado de UNICOIL con un recubrimiento continuo de zinc por ambas caras. Este recubrimiento antibacteriano proporciona protecci\u00f3n superficial frente a bacterias que causan olores y es muy recomendable para aplicaciones de conductos para aire acondicionado y calefacci\u00f3n, adem\u00e1s de la protecci\u00f3n inherente frente a la corrosi\u00f3n proporcionada por Mogalvin.\n\nPor lo general, el recubrimiento antibacteriano se aplica por una cara para proporcionar acci\u00f3n antibacteriana (para aplicaciones en conductos de aire acondicionado y calefacci\u00f3n). Se puede recubrir por ambas caras bajo pedido.\n\nRecomendado para muchas aplicaciones en conductos y aire acondicionado y calefacci\u00f3n.\n\n<hr class=\"style-one margin-t0 margin-b0 \"  data-rt-animate=\"animate\" data-rt-animation-type=\"fadeInDown\" data-rt-animation-group=\"single\" >\n\n<img decoding=\"async\" src=\"\/wp-content\/uploads\/2017\/03\/antibacterial.png\" alt=\"antibacterial\" width=\"180\" class=\"alignright size-full wp-image-3197\" style=\"margin-right: 50px; margin-top: 50px; padding-bottom: 20px;\">\n<h3>Ventajas especiales<\/h3>\n<ul>\n \t<li>Protecci\u00f3n de superficies frente a bacterias que causan olores<\/li>\n \t<li>Protecci\u00f3n de superficies frente a mohos<\/li>\n \t<li>Reducci\u00f3n del 99 % de las bacterias<\/li>\n \t<li>Mayor protecci\u00f3n para la salud y el medio ambiente<\/li>\n \t<li>Muy recomendable para aplicaciones de conductos de aire acondicionado y calefacci\u00f3n<\/li>\n<\/ul>\n<\/div>\n\n <div class=\"pane fluid\">\n<h4>Caracter\u00edsticas del producto<\/h4>\n<table class=\"rwd-table\">\n<tbody>\n<tr>\n<th><\/th>\n<th>Bobinas<\/th>\n<th>Bobinas divididas<\/th>\n<th>L\u00e1mina cortada<\/th>\n<\/tr>\n<tr>\n<td><strong>Grosor (mm)<\/strong><\/td>\n<td data-th=\"Bobinas\">0.27 &#8211; 1.20<\/td>\n<td data-th=\"Bobinas divididas\">0.40 &#8211; 1.20<\/td>\n<td data-th=\"L\u00e1mina cortada\">0.30 &#8211; 1.20<\/td>\n<\/tr>\n<tr>\n<td><strong>Ancho (mm)<\/strong><\/td>\n<td data-th=\"Bobinas\">de 1.000 a 1.250<\/td>\n<td data-th=\"Bobinas divididas\">m\u00ednimo 45 mm<\/td>\n<td data-th=\"L\u00e1mina cortada\">600 &#8211; 1,300<\/td>\n<\/tr>\n<tr>\n<td><strong>Recubrimiento de zinc (g\/m2)*<\/strong><\/td>\n<td data-th=\"Bobinas\">60 to 350\n(total de ambos lados)<\/td>\n<td data-th=\"Bobinas divididas\">60 to 350\n(total de ambos lados)<\/td>\n<td data-th=\"L\u00e1mina cortada\">60 to 350\n(total de ambos lados)<\/td>\n<\/tr>\n<tr>\n<td><strong>Floreado<\/strong><\/td>\n<td data-th=\"Bobinas\">Floreado regular\/minimizado (laminado de ajuste)<\/td>\n<td data-th=\"Bobinas divididas\">Floreado regular\/minimizado (laminado de ajuste)<\/td>\n<td data-th=\"L\u00e1mina cortada\">Floreado regular\/minimizado (laminado de ajuste)<\/td>\n<\/tr>\n<tr>\n<td><strong>Superficie del recubrimiento<\/strong><\/td>\n<td data-th=\"Bobinas\">Recubrimiento antibacteriano en la superficie superior<\/td>\n<td data-th=\"Bobinas divididas\">Recubrimiento antibacteriano en la superficie superior<\/td>\n<td data-th=\"L\u00e1mina cortada\">Recubrimiento antibacteriano en la superficie superior<\/td>\n<\/tr>\n<tr>\n<td><strong>Parte inferior del recubrimiento<\/strong><\/td>\n<td data-th=\"Bobinas\">Epoxi transparente \/ TOC \/ Antibacteriano \/ Pasivaci\u00f3n<\/td>\n<td data-th=\"Bobinas divididas\">Epoxi transparente \/ TOC \/ Antibacteriano \/ Pasivaci\u00f3n<\/td>\n<td data-th=\"L\u00e1mina cortada\">Epoxi transparente \/ TOC \/ Antibacteriano \/ Pasivaci\u00f3n<\/td>\n<\/tr>\n<tr>\n<td><strong>ID de la bobina (mm)<\/strong><\/td>\n<td data-th=\"Bobinas\">508 (610 opcional)<\/td>\n<td data-th=\"Bobinas divididas\">508<\/td>\n<td data-th=\"L\u00e1mina cortada\">No aplicable<\/td>\n<\/tr>\n<tr>\n<td><strong>Longitud (mm)<\/strong><\/td>\n<td data-th=\"Bobinas\">No aplicable<\/td>\n<td data-th=\"Bobinas divididas\">No aplicable<\/td>\n<td data-th=\"L\u00e1mina cortada\">500 &#8211; 4,000<\/td>\n<\/tr>\n<tr>\n<td><strong>Peso de la bobina\/peso del pal\u00e9 (kg)<\/strong><\/td>\n<td data-th=\"Bobinas\">3,000 &#8211; 12,000<\/td>\n<td data-th=\"Bobinas divididas\">de 2 kg\/mm a 6 kg\/mm de ancho<\/td>\n<td data-th=\"L\u00e1mina cortada\">m\u00e1ximo 3.000<\/td>\n<\/tr>\n<\/tbody>\n<\/table>\n<\/div>\n\n <div class=\"pane fluid\">\n<a href=\"\/wp-content\/uploads\/2017\/03\/mogalvin-antibacterial.pdf\" target=\"_blank\" rel=\"noopener noreferrer\"><img decoding=\"async\" src=\"\/wp-content\/uploads\/2017\/03\/unnamed.png\" alt=\"unnamed\" width=\"50\" class=\"alignleft size-full wp-image-3150\" srcset=\"https:\/\/www.unicoil.com.sa\/Unicoil-Beta-Update\/wp-content\/uploads\/2017\/03\/unnamed.png 170w, https:\/\/www.unicoil.com.sa\/Unicoil-Beta-Update\/wp-content\/uploads\/2017\/03\/unnamed-150x150.png 150w\" sizes=\"(max-width: 170px) 100vw, 170px\" \/><\/a>\n\n<a href=\"\/wp-content\/uploads\/2017\/03\/mogalvin-antibacterial.pdf\" target=\"_blank\" rel=\"noopener noreferrer\">\n<h3 style=\"margin-top: 0px;\"> Technical Datasheet<\/h3>\n<\/a><a href=\"\/wp-content\/uploads\/2017\/03\/mogalvin-antibacterial.pdf\" target=\"_blank\" rel=\"noopener noreferrer\"><\/a>\n<\/div>\n\n<\/div><\/div><\/div>","protected":false},"excerpt":{"rendered":"","protected":false},"author":3,"featured_media":0,"parent":0,"menu_order":0,"comment_status":"closed","ping_status":"closed","template":"elementor_theme","meta":{"footnotes":""},"yoast_head":"<!-- This site is optimized with the Yoast SEO plugin v21.4 - https:\/\/yoast.com\/wordpress\/plugins\/seo\/ -->\n<title>Mogalvin AntiBacterial - UNICOIL<\/title>\n<meta name=\"robots\" content=\"index, follow, max-snippet:-1, max-image-preview:large, max-video-preview:-1\" \/>\n<link rel=\"canonical\" href=\"https:\/\/www.unicoil.com.sa\/Unicoil-Beta-Update\/es\/mogalvin-antibacterial-es\/\" \/>\n<meta property=\"og:locale\" content=\"en_US\" \/>\n<meta property=\"og:type\" content=\"article\" \/>\n<meta property=\"og:title\" content=\"Mogalvin AntiBacterial - UNICOIL\" \/>\n<meta property=\"og:url\" content=\"https:\/\/www.unicoil.com.sa\/Unicoil-Beta-Update\/es\/mogalvin-antibacterial-es\/\" \/>\n<meta property=\"og:site_name\" content=\"UNICOIL\" \/>\n<meta property=\"article:modified_time\" content=\"2022-10-11T05:35:53+00:00\" \/>\n<meta name=\"twitter:card\" content=\"summary_large_image\" \/>\n<meta name=\"twitter:label1\" content=\"Est. reading time\" \/>\n\t<meta name=\"twitter:data1\" content=\"3 minutes\" \/>\n<script type=\"application\/ld+json\" class=\"yoast-schema-graph\">{\"@context\":\"https:\/\/schema.org\",\"@graph\":[{\"@type\":\"WebPage\",\"@id\":\"https:\/\/www.unicoil.com.sa\/Unicoil-Beta-Update\/es\/mogalvin-antibacterial-es\/\",\"url\":\"https:\/\/www.unicoil.com.sa\/Unicoil-Beta-Update\/es\/mogalvin-antibacterial-es\/\",\"name\":\"Mogalvin AntiBacterial - UNICOIL\",\"isPartOf\":{\"@id\":\"https:\/\/www.unicoil.com.sa\/Unicoil-Beta-Update\/#website\"},\"datePublished\":\"2019-07-03T05:13:47+00:00\",\"dateModified\":\"2022-10-11T05:35:53+00:00\",\"breadcrumb\":{\"@id\":\"https:\/\/www.unicoil.com.sa\/Unicoil-Beta-Update\/es\/mogalvin-antibacterial-es\/#breadcrumb\"},\"inLanguage\":\"en-US\",\"potentialAction\":[{\"@type\":\"ReadAction\",\"target\":[\"https:\/\/www.unicoil.com.sa\/Unicoil-Beta-Update\/es\/mogalvin-antibacterial-es\/\"]}]},{\"@type\":\"BreadcrumbList\",\"@id\":\"https:\/\/www.unicoil.com.sa\/Unicoil-Beta-Update\/es\/mogalvin-antibacterial-es\/#breadcrumb\",\"itemListElement\":[{\"@type\":\"ListItem\",\"position\":1,\"name\":\"Home\",\"item\":\"https:\/\/www.unicoil.com.sa\/Unicoil-Beta-Update\/en\/\"},{\"@type\":\"ListItem\",\"position\":2,\"name\":\"Mogalvin AntiBacterial\"}]},{\"@type\":\"WebSite\",\"@id\":\"https:\/\/www.unicoil.com.sa\/Unicoil-Beta-Update\/#website\",\"url\":\"https:\/\/www.unicoil.com.sa\/Unicoil-Beta-Update\/\",\"name\":\"UNICOIL\",\"description\":\"UNICOIL - A Leader in Steel Coil Coating and Prepainted Steels\",\"publisher\":{\"@id\":\"https:\/\/www.unicoil.com.sa\/Unicoil-Beta-Update\/#organization\"},\"potentialAction\":[{\"@type\":\"SearchAction\",\"target\":{\"@type\":\"EntryPoint\",\"urlTemplate\":\"https:\/\/www.unicoil.com.sa\/Unicoil-Beta-Update\/?s={search_term_string}\"},\"query-input\":\"required name=search_term_string\"}],\"inLanguage\":\"en-US\"},{\"@type\":\"Organization\",\"@id\":\"https:\/\/www.unicoil.com.sa\/Unicoil-Beta-Update\/#organization\",\"name\":\"UNICOIL\",\"url\":\"https:\/\/www.unicoil.com.sa\/Unicoil-Beta-Update\/\",\"logo\":{\"@type\":\"ImageObject\",\"inLanguage\":\"en-US\",\"@id\":\"https:\/\/www.unicoil.com.sa\/Unicoil-Beta-Update\/#\/schema\/logo\/image\/\",\"url\":\"https:\/\/www.unicoil.com.sa\/Unicoil-Beta-Update\/wp-content\/uploads\/UNICOIL-Logo-1.png\",\"contentUrl\":\"https:\/\/www.unicoil.com.sa\/Unicoil-Beta-Update\/wp-content\/uploads\/UNICOIL-Logo-1.png\",\"width\":1028,\"height\":617,\"caption\":\"UNICOIL\"},\"image\":{\"@id\":\"https:\/\/www.unicoil.com.sa\/Unicoil-Beta-Update\/#\/schema\/logo\/image\/\"}}]}<\/script>\n<!-- \/ Yoast SEO plugin. -->","yoast_head_json":{"title":"Mogalvin AntiBacterial - UNICOIL","robots":{"index":"index","follow":"follow","max-snippet":"max-snippet:-1","max-image-preview":"max-image-preview:large","max-video-preview":"max-video-preview:-1"},"canonical":"https:\/\/www.unicoil.com.sa\/Unicoil-Beta-Update\/es\/mogalvin-antibacterial-es\/","og_locale":"en_US","og_type":"article","og_title":"Mogalvin AntiBacterial - UNICOIL","og_url":"https:\/\/www.unicoil.com.sa\/Unicoil-Beta-Update\/es\/mogalvin-antibacterial-es\/","og_site_name":"UNICOIL","article_modified_time":"2022-10-11T05:35:53+00:00","twitter_card":"summary_large_image","twitter_misc":{"Est. reading time":"3 minutes"},"schema":{"@context":"https:\/\/schema.org","@graph":[{"@type":"WebPage","@id":"https:\/\/www.unicoil.com.sa\/Unicoil-Beta-Update\/es\/mogalvin-antibacterial-es\/","url":"https:\/\/www.unicoil.com.sa\/Unicoil-Beta-Update\/es\/mogalvin-antibacterial-es\/","name":"Mogalvin AntiBacterial - UNICOIL","isPartOf":{"@id":"https:\/\/www.unicoil.com.sa\/Unicoil-Beta-Update\/#website"},"datePublished":"2019-07-03T05:13:47+00:00","dateModified":"2022-10-11T05:35:53+00:00","breadcrumb":{"@id":"https:\/\/www.unicoil.com.sa\/Unicoil-Beta-Update\/es\/mogalvin-antibacterial-es\/#breadcrumb"},"inLanguage":"en-US","potentialAction":[{"@type":"ReadAction","target":["https:\/\/www.unicoil.com.sa\/Unicoil-Beta-Update\/es\/mogalvin-antibacterial-es\/"]}]},{"@type":"BreadcrumbList","@id":"https:\/\/www.unicoil.com.sa\/Unicoil-Beta-Update\/es\/mogalvin-antibacterial-es\/#breadcrumb","itemListElement":[{"@type":"ListItem","position":1,"name":"Home","item":"https:\/\/www.unicoil.com.sa\/Unicoil-Beta-Update\/en\/"},{"@type":"ListItem","position":2,"name":"Mogalvin AntiBacterial"}]},{"@type":"WebSite","@id":"https:\/\/www.unicoil.com.sa\/Unicoil-Beta-Update\/#website","url":"https:\/\/www.unicoil.com.sa\/Unicoil-Beta-Update\/","name":"UNICOIL","description":"UNICOIL - A Leader in Steel Coil Coating and Prepainted Steels","publisher":{"@id":"https:\/\/www.unicoil.com.sa\/Unicoil-Beta-Update\/#organization"},"potentialAction":[{"@type":"SearchAction","target":{"@type":"EntryPoint","urlTemplate":"https:\/\/www.unicoil.com.sa\/Unicoil-Beta-Update\/?s={search_term_string}"},"query-input":"required name=search_term_string"}],"inLanguage":"en-US"},{"@type":"Organization","@id":"https:\/\/www.unicoil.com.sa\/Unicoil-Beta-Update\/#organization","name":"UNICOIL","url":"https:\/\/www.unicoil.com.sa\/Unicoil-Beta-Update\/","logo":{"@type":"ImageObject","inLanguage":"en-US","@id":"https:\/\/www.unicoil.com.sa\/Unicoil-Beta-Update\/#\/schema\/logo\/image\/","url":"https:\/\/www.unicoil.com.sa\/Unicoil-Beta-Update\/wp-content\/uploads\/UNICOIL-Logo-1.png","contentUrl":"https:\/\/www.unicoil.com.sa\/Unicoil-Beta-Update\/wp-content\/uploads\/UNICOIL-Logo-1.png","width":1028,"height":617,"caption":"UNICOIL"},"image":{"@id":"https:\/\/www.unicoil.com.sa\/Unicoil-Beta-Update\/#\/schema\/logo\/image\/"}}]}},"_links":{"self":[{"href":"https:\/\/www.unicoil.com.sa\/Unicoil-Beta-Update\/wp-json\/wp\/v2\/pages\/15371"}],"collection":[{"href":"https:\/\/www.unicoil.com.sa\/Unicoil-Beta-Update\/wp-json\/wp\/v2\/pages"}],"about":[{"href":"https:\/\/www.unicoil.com.sa\/Unicoil-Beta-Update\/wp-json\/wp\/v2\/types\/page"}],"author":[{"embeddable":true,"href":"https:\/\/www.unicoil.com.sa\/Unicoil-Beta-Update\/wp-json\/wp\/v2\/users\/3"}],"replies":[{"embeddable":true,"href":"https:\/\/www.unicoil.com.sa\/Unicoil-Beta-Update\/wp-json\/wp\/v2\/comments?post=15371"}],"version-history":[{"count":2,"href":"https:\/\/www.unicoil.com.sa\/Unicoil-Beta-Update\/wp-json\/wp\/v2\/pages\/15371\/revisions"}],"predecessor-version":[{"id":23099,"href":"https:\/\/www.unicoil.com.sa\/Unicoil-Beta-Update\/wp-json\/wp\/v2\/pages\/15371\/revisions\/23099"}],"wp:attachment":[{"href":"https:\/\/www.unicoil.com.sa\/Unicoil-Beta-Update\/wp-json\/wp\/v2\/media?parent=15371"}],"curies":[{"name":"wp","href":"https:\/\/api.w.org\/{rel}","templated":true}]}}