{"id":15374,"date":"2019-07-03T05:15:00","date_gmt":"2019-07-03T05:15:00","guid":{"rendered":"http:\/\/www.unicoil.sa\/?page_id=15374"},"modified":"2022-10-11T05:36:17","modified_gmt":"2022-10-11T05:36:17","slug":"mogalvin-antibacterial-fr","status":"publish","type":"page","link":"https:\/\/www.unicoil.com.sa\/Unicoil-Beta-Update\/fr\/mogalvin-antibacterial-fr\/","title":{"rendered":"Mogalvin AntiBacterial"},"content":{"rendered":"<div class=\"row clearfix\">\n\n<div class=\"box three \">\n<div class=\"box-conts\"><img decoding=\"async\" loading=\"lazy\" src=\"\/wp-content\/uploads\/2017\/03\/mogalvin-antibacterial-logo.png\" alt=\"mogalvin-antibacterial-logo\" width=\"250\" height=\"96\" class=\"aligncenter size-full wp-image-3124\" style=\"padding-top: 15px; padding-bottom: 15px;\"><\/div>\n<\/div>\n\n<div class=\"box two-three \">\n<hr class=\"style-four margin-t0 margin-b0 \"  data-rt-animate=\"animate\" data-rt-animation-type=\"fadeInDown\" data-rt-animation-group=\"single\" >\n<div class=\"clearfix\" style=\"height:20px\"><\/div>\n<h3>Qualit\u00e9s<\/h3>\nAcier commercial : CS de types A, B et C\nAcier pour formage : FS de types A et B\nAcier structural : (SS33, SS37, SS40, SS50 de classes 1, 2, 3 et 4, et SS80)\n\n<div class=\"clearfix\" style=\"height:20px\"><\/div>\n<hr class=\"style-four margin-t0 margin-b0 \"  data-rt-animate=\"animate\" data-rt-animation-type=\"fadeInDown\" data-rt-animation-group=\"single\" >\n<\/div>\n\n<\/div>\n\n<div class=\"clearfix\" style=\"height:20px\"><\/div>\n\n<div class=\"shortcode_tabs tab-style-three\" data-rt-animate=\"animate\" data-rt-animation-type=\"fadeIn\" data-rt-animation-group=\"single\"><div class=\"tabs_wrap\"><ul class=\"tabs clearfix\"><li class=\"with_icon\"><a href=\"#\"><span class=\"icon-doc-alt icon-large\"><\/span> Description g\u00e9n\u00e9rale<\/a><\/li><li class=\"with_icon\"><a href=\"#\"><span class=\"icon-cog-alt icon-large\"><\/span> Donn\u00e9es techniques<\/a><\/li><li class=\"with_icon\"><a href=\"#\"><span class=\"icon-download icon-large\"><\/span> T\u00e9l\u00e9chargements\n<\/a><\/li><\/ul><div class=\"panes\">\n\n <div class=\"pane fluid\">\n\nMOGALVIN \u2013 AntiBacterial est une couche sp\u00e9ciale de rev\u00eatement \u00e9poxy associant le compos\u00e9 antimicrobien et les z\u00e9olithes dans la r\u00e9sine \u00e9poxy rev\u00eatant le Mogalvin. Il s&#8217;agit d&#8217;un produit galvanis\u00e9 d&#8217;UNICOIL constitu\u00e9 d&#8217;acier recouvert de fa\u00e7on continue sur ses deux faces d&#8217;un rev\u00eatement de zinc. En plus de la protection anticorrosion inh\u00e9rente au Mogalvin, le rev\u00eatement antibact\u00e9rien offre une protection de surface contre les bact\u00e9ries \u00e0 l&#8217;origine de mauvaises odeurs, ce qui en fait un mat\u00e9riau vivement recommand\u00e9 pour les gaines des syst\u00e8mes de CVC.\n\nHabituellement, un rev\u00eatement antibact\u00e9rien est appliqu\u00e9 sur une face pour favoriser une action antibact\u00e9rienne, pour les gaines des syst\u00e8mes de CVC. Ce rev\u00eatement peut \u00eatre appliqu\u00e9 aux deux faces, sur demande.\n\nRecommand\u00e9 pour de nombreuses applications, notamment dans le domaine des gaines et syst\u00e8mes de CVC.\n\n<hr class=\"style-one margin-t0 margin-b0 \"  data-rt-animate=\"animate\" data-rt-animation-type=\"fadeInDown\" data-rt-animation-group=\"single\" >\n\n<img decoding=\"async\" src=\"\/wp-content\/uploads\/2017\/03\/antibacterial.png\" alt=\"antibacterial\" width=\"180\" class=\"alignright size-full wp-image-3197\" style=\"margin-right: 50px; margin-top: 50px; padding-bottom: 20px;\">\n<h3>Avantages sp\u00e9ciaux<\/h3>\n<ul>\n \t<li>Protection de surface contre des bact\u00e9ries \u00e0 l&#8217;origine de mauvaises odeurs<\/li>\n \t<li>Protection de surface contre les moisissures<\/li>\n \t<li>99 % de r\u00e9duction des bact\u00e9ries<\/li>\n \t<li>Meilleure protection de la sant\u00e9 et de l&#8217;environnement<\/li>\n \t<li>Vivement recommand\u00e9 pour les gaines des syst\u00e8mes de CVC<\/li>\n<\/ul>\n<\/div>\n\n <div class=\"pane fluid\">\n<h4>Caract\u00e9ristiques du produit<\/h4>\n<table class=\"rwd-table\">\n<tbody>\n<tr>\n<th><\/th>\n<th>Bobines<\/th>\n<th>Bobines refendues<\/th>\n<th>T\u00f4le d\u00e9coup\u00e9e<\/th>\n<\/tr>\n<tr>\n<td><strong>\u00c9paisseur (mm)<\/strong><\/td>\n<td data-th=\"Bobines\">0,27 &#8211; 1,20<\/td>\n<td data-th=\"Bobines refendues\">0,40 &#8211; 1,20<\/td>\n<td data-th=\"T\u00f4le d\u00e9coup\u00e9e\">0,30 &#8211; 1,20<\/td>\n<\/tr>\n<tr>\n<td><strong>Largeur (mm)<\/strong><\/td>\n<td data-th=\"Bobines\">de 1 000 \u00e0 1 250<\/td>\n<td data-th=\"Bobines refendues\">45 mm Min<\/td>\n<td data-th=\"T\u00f4le d\u00e9coup\u00e9e\">600 &#8211; 1 300<\/td>\n<\/tr>\n<tr>\n<td><strong>Rev\u00eatement de zinc (g\/m\u00b2)*<\/strong><\/td>\n<td data-th=\"Bobines\">de 60 \u00e0 350\n(total des deux faces)<\/td>\n<td data-th=\"Bobines refendues\">de 60 \u00e0 350\n(total des deux faces)<\/td>\n<td data-th=\"T\u00f4le d\u00e9coup\u00e9e\">de 60 \u00e0 350\n(total des deux faces)<\/td>\n<\/tr>\n<tr>\n<td><strong>Paillettes<\/strong><\/td>\n<td data-th=\"Bobines\">Paillettes r\u00e9guli\u00e8res \/ minimales (lamin\u00e9 superficiellement)<\/td>\n<td data-th=\"Bobines refendues\">Paillettes r\u00e9guli\u00e8res \/ minimales (lamin\u00e9 superficiellement)<\/td>\n<td data-th=\"T\u00f4le d\u00e9coup\u00e9e\">Paillettes r\u00e9guli\u00e8res \/ minimales (lamin\u00e9 superficiellement)<\/td>\n<\/tr>\n<tr>\n<td><strong>Rev\u00eatement sup\u00e9rieurp<\/strong><\/td>\n<td data-th=\"Bobines\">Rev\u00eatement antibact\u00e9rien sur la surface sup\u00e9rieure<\/td>\n<td data-th=\"Bobines refendues\">Rev\u00eatement antibact\u00e9rien sur la surface sup\u00e9rieure<\/td>\n<td data-th=\"T\u00f4le d\u00e9coup\u00e9e\">Rev\u00eatement antibact\u00e9rien sur la surface sup\u00e9rieure<\/td>\n<\/tr>\n<tr>\n<td><strong>Rev\u00eatement inf\u00e9rieur<\/strong><\/td>\n<td data-th=\"Bobines\">C\u00c9poxy incolore \/ TOC \/ Antibact\u00e9rien \/ Passivation<\/td>\n<td data-th=\"Bobines refendues\">\u00c9poxy incolore \/ TOC \/ Antibact\u00e9rien \/ Passivation<\/td>\n<td data-th=\"T\u00f4le d\u00e9coup\u00e9e\">\u00c9poxy incolore \/ TOC \/ Antibact\u00e9rien \/ Passivation<\/td>\n<\/tr>\n<tr>\n<td><strong>DI de bobine(mm)<\/strong><\/td>\n<td data-th=\"Bobines\">508 (610 en option)<\/td>\n<td data-th=\"Bobines refendues\">508<\/td>\n<td data-th=\"T\u00f4le d\u00e9coup\u00e9e\">Non applicable<\/td>\n<\/tr>\n<tr>\n<td><strong>Longueur (mm)<\/strong><\/td>\n<td data-th=\"Bobines\">Non applicable<\/td>\n<td data-th=\"Bobines refendues\">Non applicable<\/td>\n<td data-th=\"T\u00f4le d\u00e9coup\u00e9e\">500 &#8211; 4 000<\/td>\n<\/tr>\n<tr>\n<td><strong>Poids de bobine \/ poids de palette (kg)<\/strong><\/td>\n<td data-th=\"Bobines\">3 000 &#8211; 12 000<\/td>\n<td data-th=\"Bobines refendues\">de 2 kg\/mm \u00e0 6 kg\/mm de largeur<\/td>\n<td data-th=\"T\u00f4le d\u00e9coup\u00e9e\">3 000 Max<\/td>\n<\/tr>\n<\/tbody>\n<\/table>\n<\/div>\n\n <div class=\"pane fluid\">\n<a href=\"\/wp-content\/uploads\/2017\/03\/mogalvin-antibacterial.pdf\" target=\"_blank\" rel=\"noopener noreferrer\"><img decoding=\"async\" src=\"\/wp-content\/uploads\/2017\/03\/unnamed.png\" alt=\"unnamed\" width=\"50\" class=\"alignleft size-full wp-image-3150\" srcset=\"https:\/\/www.unicoil.com.sa\/Unicoil-Beta-Update\/wp-content\/uploads\/2017\/03\/unnamed.png 170w, https:\/\/www.unicoil.com.sa\/Unicoil-Beta-Update\/wp-content\/uploads\/2017\/03\/unnamed-150x150.png 150w\" sizes=\"(max-width: 170px) 100vw, 170px\" \/><\/a>\n\n<a href=\"\/wp-content\/uploads\/2017\/03\/mogalvin-antibacterial.pdf\" target=\"_blank\" rel=\"noopener noreferrer\">\n<h3 style=\"margin-top: 0px;\"> Fiche technique<\/h3>\n<\/a><a href=\"\/wp-content\/uploads\/2017\/03\/mogalvin-antibacterial.pdf\" target=\"_blank\" rel=\"noopener noreferrer\"><\/a>\n<\/div>\n\n<\/div><\/div><\/div>","protected":false},"excerpt":{"rendered":"","protected":false},"author":3,"featured_media":0,"parent":0,"menu_order":0,"comment_status":"closed","ping_status":"closed","template":"elementor_theme","meta":{"footnotes":""},"yoast_head":"<!-- This site is optimized with the Yoast SEO plugin v21.4 - https:\/\/yoast.com\/wordpress\/plugins\/seo\/ -->\n<title>Mogalvin AntiBacterial - UNICOIL<\/title>\n<meta name=\"robots\" content=\"index, follow, max-snippet:-1, max-image-preview:large, max-video-preview:-1\" \/>\n<link rel=\"canonical\" href=\"https:\/\/www.unicoil.com.sa\/Unicoil-Beta-Update\/fr\/mogalvin-antibacterial-fr\/\" \/>\n<meta property=\"og:locale\" content=\"en_US\" \/>\n<meta property=\"og:type\" content=\"article\" \/>\n<meta property=\"og:title\" content=\"Mogalvin AntiBacterial - UNICOIL\" \/>\n<meta property=\"og:url\" content=\"https:\/\/www.unicoil.com.sa\/Unicoil-Beta-Update\/fr\/mogalvin-antibacterial-fr\/\" \/>\n<meta property=\"og:site_name\" content=\"UNICOIL\" \/>\n<meta property=\"article:modified_time\" content=\"2022-10-11T05:36:17+00:00\" \/>\n<meta name=\"twitter:card\" content=\"summary_large_image\" \/>\n<meta name=\"twitter:label1\" content=\"Est. reading time\" \/>\n\t<meta name=\"twitter:data1\" content=\"3 minutes\" \/>\n<script type=\"application\/ld+json\" class=\"yoast-schema-graph\">{\"@context\":\"https:\/\/schema.org\",\"@graph\":[{\"@type\":\"WebPage\",\"@id\":\"https:\/\/www.unicoil.com.sa\/Unicoil-Beta-Update\/fr\/mogalvin-antibacterial-fr\/\",\"url\":\"https:\/\/www.unicoil.com.sa\/Unicoil-Beta-Update\/fr\/mogalvin-antibacterial-fr\/\",\"name\":\"Mogalvin AntiBacterial - UNICOIL\",\"isPartOf\":{\"@id\":\"https:\/\/www.unicoil.com.sa\/Unicoil-Beta-Update\/#website\"},\"datePublished\":\"2019-07-03T05:15:00+00:00\",\"dateModified\":\"2022-10-11T05:36:17+00:00\",\"breadcrumb\":{\"@id\":\"https:\/\/www.unicoil.com.sa\/Unicoil-Beta-Update\/fr\/mogalvin-antibacterial-fr\/#breadcrumb\"},\"inLanguage\":\"en-US\",\"potentialAction\":[{\"@type\":\"ReadAction\",\"target\":[\"https:\/\/www.unicoil.com.sa\/Unicoil-Beta-Update\/fr\/mogalvin-antibacterial-fr\/\"]}]},{\"@type\":\"BreadcrumbList\",\"@id\":\"https:\/\/www.unicoil.com.sa\/Unicoil-Beta-Update\/fr\/mogalvin-antibacterial-fr\/#breadcrumb\",\"itemListElement\":[{\"@type\":\"ListItem\",\"position\":1,\"name\":\"Home\",\"item\":\"https:\/\/www.unicoil.com.sa\/Unicoil-Beta-Update\/en\/\"},{\"@type\":\"ListItem\",\"position\":2,\"name\":\"Mogalvin AntiBacterial\"}]},{\"@type\":\"WebSite\",\"@id\":\"https:\/\/www.unicoil.com.sa\/Unicoil-Beta-Update\/#website\",\"url\":\"https:\/\/www.unicoil.com.sa\/Unicoil-Beta-Update\/\",\"name\":\"UNICOIL\",\"description\":\"UNICOIL - A Leader in Steel Coil Coating and Prepainted Steels\",\"publisher\":{\"@id\":\"https:\/\/www.unicoil.com.sa\/Unicoil-Beta-Update\/#organization\"},\"potentialAction\":[{\"@type\":\"SearchAction\",\"target\":{\"@type\":\"EntryPoint\",\"urlTemplate\":\"https:\/\/www.unicoil.com.sa\/Unicoil-Beta-Update\/?s={search_term_string}\"},\"query-input\":\"required name=search_term_string\"}],\"inLanguage\":\"en-US\"},{\"@type\":\"Organization\",\"@id\":\"https:\/\/www.unicoil.com.sa\/Unicoil-Beta-Update\/#organization\",\"name\":\"UNICOIL\",\"url\":\"https:\/\/www.unicoil.com.sa\/Unicoil-Beta-Update\/\",\"logo\":{\"@type\":\"ImageObject\",\"inLanguage\":\"en-US\",\"@id\":\"https:\/\/www.unicoil.com.sa\/Unicoil-Beta-Update\/#\/schema\/logo\/image\/\",\"url\":\"https:\/\/www.unicoil.com.sa\/Unicoil-Beta-Update\/wp-content\/uploads\/UNICOIL-Logo-1.png\",\"contentUrl\":\"https:\/\/www.unicoil.com.sa\/Unicoil-Beta-Update\/wp-content\/uploads\/UNICOIL-Logo-1.png\",\"width\":1028,\"height\":617,\"caption\":\"UNICOIL\"},\"image\":{\"@id\":\"https:\/\/www.unicoil.com.sa\/Unicoil-Beta-Update\/#\/schema\/logo\/image\/\"}}]}<\/script>\n<!-- \/ Yoast SEO plugin. -->","yoast_head_json":{"title":"Mogalvin AntiBacterial - UNICOIL","robots":{"index":"index","follow":"follow","max-snippet":"max-snippet:-1","max-image-preview":"max-image-preview:large","max-video-preview":"max-video-preview:-1"},"canonical":"https:\/\/www.unicoil.com.sa\/Unicoil-Beta-Update\/fr\/mogalvin-antibacterial-fr\/","og_locale":"en_US","og_type":"article","og_title":"Mogalvin AntiBacterial - UNICOIL","og_url":"https:\/\/www.unicoil.com.sa\/Unicoil-Beta-Update\/fr\/mogalvin-antibacterial-fr\/","og_site_name":"UNICOIL","article_modified_time":"2022-10-11T05:36:17+00:00","twitter_card":"summary_large_image","twitter_misc":{"Est. reading time":"3 minutes"},"schema":{"@context":"https:\/\/schema.org","@graph":[{"@type":"WebPage","@id":"https:\/\/www.unicoil.com.sa\/Unicoil-Beta-Update\/fr\/mogalvin-antibacterial-fr\/","url":"https:\/\/www.unicoil.com.sa\/Unicoil-Beta-Update\/fr\/mogalvin-antibacterial-fr\/","name":"Mogalvin AntiBacterial - UNICOIL","isPartOf":{"@id":"https:\/\/www.unicoil.com.sa\/Unicoil-Beta-Update\/#website"},"datePublished":"2019-07-03T05:15:00+00:00","dateModified":"2022-10-11T05:36:17+00:00","breadcrumb":{"@id":"https:\/\/www.unicoil.com.sa\/Unicoil-Beta-Update\/fr\/mogalvin-antibacterial-fr\/#breadcrumb"},"inLanguage":"en-US","potentialAction":[{"@type":"ReadAction","target":["https:\/\/www.unicoil.com.sa\/Unicoil-Beta-Update\/fr\/mogalvin-antibacterial-fr\/"]}]},{"@type":"BreadcrumbList","@id":"https:\/\/www.unicoil.com.sa\/Unicoil-Beta-Update\/fr\/mogalvin-antibacterial-fr\/#breadcrumb","itemListElement":[{"@type":"ListItem","position":1,"name":"Home","item":"https:\/\/www.unicoil.com.sa\/Unicoil-Beta-Update\/en\/"},{"@type":"ListItem","position":2,"name":"Mogalvin AntiBacterial"}]},{"@type":"WebSite","@id":"https:\/\/www.unicoil.com.sa\/Unicoil-Beta-Update\/#website","url":"https:\/\/www.unicoil.com.sa\/Unicoil-Beta-Update\/","name":"UNICOIL","description":"UNICOIL - A Leader in Steel Coil Coating and Prepainted Steels","publisher":{"@id":"https:\/\/www.unicoil.com.sa\/Unicoil-Beta-Update\/#organization"},"potentialAction":[{"@type":"SearchAction","target":{"@type":"EntryPoint","urlTemplate":"https:\/\/www.unicoil.com.sa\/Unicoil-Beta-Update\/?s={search_term_string}"},"query-input":"required name=search_term_string"}],"inLanguage":"en-US"},{"@type":"Organization","@id":"https:\/\/www.unicoil.com.sa\/Unicoil-Beta-Update\/#organization","name":"UNICOIL","url":"https:\/\/www.unicoil.com.sa\/Unicoil-Beta-Update\/","logo":{"@type":"ImageObject","inLanguage":"en-US","@id":"https:\/\/www.unicoil.com.sa\/Unicoil-Beta-Update\/#\/schema\/logo\/image\/","url":"https:\/\/www.unicoil.com.sa\/Unicoil-Beta-Update\/wp-content\/uploads\/UNICOIL-Logo-1.png","contentUrl":"https:\/\/www.unicoil.com.sa\/Unicoil-Beta-Update\/wp-content\/uploads\/UNICOIL-Logo-1.png","width":1028,"height":617,"caption":"UNICOIL"},"image":{"@id":"https:\/\/www.unicoil.com.sa\/Unicoil-Beta-Update\/#\/schema\/logo\/image\/"}}]}},"_links":{"self":[{"href":"https:\/\/www.unicoil.com.sa\/Unicoil-Beta-Update\/wp-json\/wp\/v2\/pages\/15374"}],"collection":[{"href":"https:\/\/www.unicoil.com.sa\/Unicoil-Beta-Update\/wp-json\/wp\/v2\/pages"}],"about":[{"href":"https:\/\/www.unicoil.com.sa\/Unicoil-Beta-Update\/wp-json\/wp\/v2\/types\/page"}],"author":[{"embeddable":true,"href":"https:\/\/www.unicoil.com.sa\/Unicoil-Beta-Update\/wp-json\/wp\/v2\/users\/3"}],"replies":[{"embeddable":true,"href":"https:\/\/www.unicoil.com.sa\/Unicoil-Beta-Update\/wp-json\/wp\/v2\/comments?post=15374"}],"version-history":[{"count":2,"href":"https:\/\/www.unicoil.com.sa\/Unicoil-Beta-Update\/wp-json\/wp\/v2\/pages\/15374\/revisions"}],"predecessor-version":[{"id":23100,"href":"https:\/\/www.unicoil.com.sa\/Unicoil-Beta-Update\/wp-json\/wp\/v2\/pages\/15374\/revisions\/23100"}],"wp:attachment":[{"href":"https:\/\/www.unicoil.com.sa\/Unicoil-Beta-Update\/wp-json\/wp\/v2\/media?parent=15374"}],"curies":[{"name":"wp","href":"https:\/\/api.w.org\/{rel}","templated":true}]}}