{"id":15377,"date":"2019-07-03T05:16:30","date_gmt":"2019-07-03T05:16:30","guid":{"rendered":"http:\/\/www.unicoil.sa\/?page_id=15377"},"modified":"2022-10-11T05:35:08","modified_gmt":"2022-10-11T05:35:08","slug":"mogalvin-antibacterial-de","status":"publish","type":"page","link":"https:\/\/www.unicoil.com.sa\/Unicoil-Beta-Update\/de\/mogalvin-antibacterial-de\/","title":{"rendered":"Mogalvin AntiBacterial"},"content":{"rendered":"<div class=\"row clearfix\">\n\n<div class=\"box three \">\n<div class=\"box-conts\"><img decoding=\"async\" loading=\"lazy\" src=\"\/wp-content\/uploads\/2017\/03\/mogalvin-antibacterial-logo.png\" alt=\"mogalvin-antibacterial-logo\" width=\"250\" height=\"96\" class=\"aligncenter size-full wp-image-3124\" style=\"padding-top: 15px; padding-bottom: 15px;\"><\/div>\n<\/div>\n\n<div class=\"box two-three \">\n<hr class=\"style-four margin-t0 margin-b0 \"  data-rt-animate=\"animate\" data-rt-animation-type=\"fadeInDown\" data-rt-animation-group=\"single\" >\n<div class=\"clearfix\" style=\"height:20px\"><\/div>\n<h3>G\u00fcte<\/h3>\n<strong>Handelsg\u00fcte :<\/strong> CS \u2013 Typen A, B, C\n<strong>Formstahl :<\/strong>  FS \u2013 Typen A, B\n<strong>Baustahl :<\/strong> (SS33, SS37, SS40, SS50 (Klasse 1, 2, 3 und 4) und SS80)\n\n<div class=\"clearfix\" style=\"height:20px\"><\/div>\n<hr class=\"style-four margin-t0 margin-b0 \"  data-rt-animate=\"animate\" data-rt-animation-type=\"fadeInDown\" data-rt-animation-group=\"single\" >\n<\/div>\n\n<\/div>\n\n<div class=\"clearfix\" style=\"height:20px\"><\/div>\n\n<div class=\"shortcode_tabs tab-style-three\" data-rt-animate=\"animate\" data-rt-animation-type=\"fadeIn\" data-rt-animation-group=\"single\"><div class=\"tabs_wrap\"><ul class=\"tabs clearfix\"><li class=\"with_icon\"><a href=\"#\"><span class=\"icon-doc-alt icon-large\"><\/span> Allgemeine Beschreibung<\/a><\/li><li class=\"with_icon\"><a href=\"#\"><span class=\"icon-cog-alt icon-large\"><\/span> Technische Daten<\/a><\/li><li class=\"with_icon\"><a href=\"#\"><span class=\"icon-download icon-large\"><\/span> Herunterladen<\/a><\/li><\/ul><div class=\"panes\">\n\n <div class=\"pane fluid\">\n\nMOGALVIN AntiBacterial ist eine spezielle Epoxidbeschichtung, die eine anti-mikrobielle Verbindung mit den Zeolithen des Epoxidharzes kombiniert. Es handelt sich um ein Produkt von UNICOIL, das auf beiden Seiten dauerhaft mit einer Zinkbeschichtung \u00fcberzogen ist. Diese anti-bakterielle Beschichtung bietet einen Oberfl\u00e4chenschutz vor geruchsbildenden Bakterien und wird besonders f\u00fcr Anwendungen mit HVAC empfohlen. Au\u00dferdem sch\u00fctzt Mogalvin zuverl\u00e4ssig vor Korrosion.\n\nIn der Regel wird die anti-bakterielle Beschichtung f\u00fcr Anwendungen mit HVAC auf einer Seite aufgebracht. Auf Anfrage ist jedoch auch eine doppelseitige Beschichtung m\u00f6glich.\n\nF\u00fcr viele Anwendungen im Bereich HVAC und Leitungen empfohlen.\n\n<hr class=\"style-one margin-t0 margin-b0 \"  data-rt-animate=\"animate\" data-rt-animation-type=\"fadeInDown\" data-rt-animation-group=\"single\" >\n\n<img decoding=\"async\" src=\"\/wp-content\/uploads\/2017\/03\/antibacterial.png\" alt=\"antibacterial\" width=\"180\" class=\"alignright size-full wp-image-3197\" style=\"margin-right: 50px; margin-top: 50px; padding-bottom: 20px;\">\n<h3>Besondere Vorteile<\/h3>\n<ul>\n \t<li>Oberfl\u00e4chenschutz vor geruchsbildenden Bakterien<\/li>\n \t<li>Oberfl\u00e4chenschutz vor Schimmel<\/li>\n \t<li>Reduzierung von Bakterien um 99 %<\/li>\n \t<li>Besserer Schutz von Gesundheit und Umwelt<\/li>\n \t<li>Besonders empfohlen f\u00fcr Anwendungen mit HVAC-Leitungen<\/li>\n<\/ul>\n<\/div>\n\n <div class=\"pane fluid\">\n<h4>Produktmerkmale<\/h4>\n<table class=\"rwd-table\">\n<tbody>\n<tr>\n<th><\/th>\n<th>B\u00e4nder<\/th>\n<th>Spaltb\u00e4nder<\/th>\n<th>Zugeschnittene Bleche<\/th>\n<\/tr>\n<tr>\n<td><strong>St\u00e4rke (mm)<\/strong><\/td>\n<td data-th=\"B\u00e4nder\">0,27 &#8211; 1,20<\/td>\n<td data-th=\"Spaltb\u00e4nder\">0,40 &#8211; 1,20<\/td>\n<td data-th=\"Zugeschnittene Bleche\">0,30 &#8211; 1,20<\/td>\n<\/tr>\n<tr>\n<td><strong>Breite (mm)<\/strong><\/td>\n<td data-th=\"B\u00e4nder\">1.000 bis 1.250<\/td>\n<td data-th=\"Spaltb\u00e4nder\">Min. 45 mm<\/td>\n<td data-th=\"Zugeschnittene Bleche\">600 &#8211; 1.300<\/td>\n<\/tr>\n<tr>\n<td><strong>Zinkbeschichtung (GSM)*<\/strong><\/td>\n<td data-th=\"B\u00e4nder\">60 bis 350\n(insgesamt auf beiden Seiten)<\/td>\n<td data-th=\"Spaltb\u00e4nder\">60 bis 350\n(insgesamt auf beiden Seiten)<\/td>\n<td data-th=\"Zugeschnittene Bleche\">60 bis 350\n(insgesamt auf beiden Seiten)<\/td>\n<\/tr>\n<tr>\n<td><strong>Zinkblume<\/strong><\/td>\n<td data-th=\"B\u00e4nder\">Normale\/geringe Zinkblume (dressiert)<\/td>\n<td data-th=\"Spaltb\u00e4nder\">Normale\/geringe Zinkblume (dressiert)<\/td>\n<td data-th=\"Zugeschnittene Bleche\">Normale\/geringe Zinkblume (dressiert)<\/td>\n<\/tr>\n<tr>\n<td><strong>Beschichtung oben<\/strong><\/td>\n<td data-th=\"B\u00e4nder\">Anti-bakterielle Oberfl\u00e4chenbeschichtung oben<\/td>\n<td data-th=\"Spaltb\u00e4nder\">Anti-bakterielle Oberfl\u00e4chenbeschichtung oben<\/td>\n<td data-th=\"Zugeschnittene Bleche\">Anti-bakterielle Oberfl\u00e4chenbeschichtung oben<\/td>\n<\/tr>\n<tr>\n<td><strong>Beschichtung unten<\/strong><\/td>\n<td data-th=\"B\u00e4nder\">Klares Epoxid\/TOC\/anti-bakteriell\/Passivierung<\/td>\n<td data-th=\"Spaltb\u00e4nder\">Klares Epoxid\/TOC\/anti-bakteriell\/Passivierung<\/td>\n<td data-th=\"Zugeschnittene Bleche\">Klares Epoxid\/TOC\/anti-bakteriell\/Passivierung<\/td>\n<\/tr>\n<tr>\n<td><strong>Coil-Innendurchmesser (mm)<\/strong><\/td>\n<td data-th=\"B\u00e4nder\">508 (610 optional)<\/td>\n<td data-th=\"Spaltb\u00e4nder\">508<\/td>\n<td data-th=\"Zugeschnittene Bleche\">Nicht verf\u00fcgbar<\/td>\n<\/tr>\n<tr>\n<td><strong>L\u00e4nge (mm)<\/strong><\/td>\n<td data-th=\"B\u00e4nder\">Nicht verf\u00fcgbar<\/td>\n<td data-th=\"Spaltb\u00e4nder\">Nicht verf\u00fcgbar<\/td>\n<td data-th=\"Zugeschnittene Bleche\">500 &#8211; 4.000<\/td>\n<\/tr>\n<tr>\n<td><strong>Band-\/Palettengewicht (Kg)<\/strong><\/td>\n<td data-th=\"B\u00e4nder\">3.000 &#8211; 12.000<\/td>\n<td data-th=\"Spaltb\u00e4nder\">2 kg\/mm bis 6 kg\/mm Breite<\/td>\n<td data-th=\"Zugeschnittene Bleche\">Max. 3.000<\/td>\n<\/tr>\n<\/tbody>\n<\/table>\n<\/div>\n\n <div class=\"pane fluid\">\n<a href=\"\/wp-content\/uploads\/2017\/03\/mogalvin-antibacterial.pdf\" target=\"_blank\" rel=\"noopener noreferrer\"><img decoding=\"async\" src=\"\/wp-content\/uploads\/2017\/03\/unnamed.png\" alt=\"unnamed\" width=\"50\" class=\"alignleft size-full wp-image-3150\" srcset=\"https:\/\/www.unicoil.com.sa\/Unicoil-Beta-Update\/wp-content\/uploads\/2017\/03\/unnamed.png 170w, https:\/\/www.unicoil.com.sa\/Unicoil-Beta-Update\/wp-content\/uploads\/2017\/03\/unnamed-150x150.png 150w\" sizes=\"(max-width: 170px) 100vw, 170px\" \/><\/a>\n\n<a href=\"\/wp-content\/uploads\/2017\/03\/mogalvin-antibacterial.pdf\" target=\"_blank\" rel=\"noopener noreferrer\">\n<h3 style=\"margin-top: 0px;\"> technisches Datenblatt<\/h3>\n<\/a><a href=\"\/wp-content\/uploads\/2017\/03\/mogalvin-antibacterial.pdf\" target=\"_blank\" rel=\"noopener noreferrer\"><\/a>\n<\/div>\n\n<\/div><\/div><\/div>","protected":false},"excerpt":{"rendered":"","protected":false},"author":3,"featured_media":0,"parent":0,"menu_order":0,"comment_status":"closed","ping_status":"closed","template":"elementor_theme","meta":{"footnotes":""},"yoast_head":"<!-- This site is optimized with the Yoast SEO plugin v21.4 - https:\/\/yoast.com\/wordpress\/plugins\/seo\/ -->\n<title>Mogalvin AntiBacterial - UNICOIL<\/title>\n<meta name=\"robots\" content=\"index, follow, max-snippet:-1, max-image-preview:large, max-video-preview:-1\" \/>\n<link rel=\"canonical\" href=\"https:\/\/www.unicoil.com.sa\/Unicoil-Beta-Update\/de\/mogalvin-antibacterial-de\/\" \/>\n<meta property=\"og:locale\" content=\"en_US\" \/>\n<meta property=\"og:type\" content=\"article\" \/>\n<meta property=\"og:title\" content=\"Mogalvin AntiBacterial - UNICOIL\" \/>\n<meta property=\"og:url\" content=\"https:\/\/www.unicoil.com.sa\/Unicoil-Beta-Update\/de\/mogalvin-antibacterial-de\/\" \/>\n<meta property=\"og:site_name\" content=\"UNICOIL\" \/>\n<meta property=\"article:modified_time\" content=\"2022-10-11T05:35:08+00:00\" \/>\n<meta name=\"twitter:card\" content=\"summary_large_image\" \/>\n<meta name=\"twitter:label1\" content=\"Est. reading time\" \/>\n\t<meta name=\"twitter:data1\" content=\"2 minutes\" \/>\n<script type=\"application\/ld+json\" class=\"yoast-schema-graph\">{\"@context\":\"https:\/\/schema.org\",\"@graph\":[{\"@type\":\"WebPage\",\"@id\":\"https:\/\/www.unicoil.com.sa\/Unicoil-Beta-Update\/de\/mogalvin-antibacterial-de\/\",\"url\":\"https:\/\/www.unicoil.com.sa\/Unicoil-Beta-Update\/de\/mogalvin-antibacterial-de\/\",\"name\":\"Mogalvin AntiBacterial - UNICOIL\",\"isPartOf\":{\"@id\":\"https:\/\/www.unicoil.com.sa\/Unicoil-Beta-Update\/#website\"},\"datePublished\":\"2019-07-03T05:16:30+00:00\",\"dateModified\":\"2022-10-11T05:35:08+00:00\",\"breadcrumb\":{\"@id\":\"https:\/\/www.unicoil.com.sa\/Unicoil-Beta-Update\/de\/mogalvin-antibacterial-de\/#breadcrumb\"},\"inLanguage\":\"en-US\",\"potentialAction\":[{\"@type\":\"ReadAction\",\"target\":[\"https:\/\/www.unicoil.com.sa\/Unicoil-Beta-Update\/de\/mogalvin-antibacterial-de\/\"]}]},{\"@type\":\"BreadcrumbList\",\"@id\":\"https:\/\/www.unicoil.com.sa\/Unicoil-Beta-Update\/de\/mogalvin-antibacterial-de\/#breadcrumb\",\"itemListElement\":[{\"@type\":\"ListItem\",\"position\":1,\"name\":\"Home\",\"item\":\"https:\/\/www.unicoil.com.sa\/Unicoil-Beta-Update\/en\/\"},{\"@type\":\"ListItem\",\"position\":2,\"name\":\"Mogalvin AntiBacterial\"}]},{\"@type\":\"WebSite\",\"@id\":\"https:\/\/www.unicoil.com.sa\/Unicoil-Beta-Update\/#website\",\"url\":\"https:\/\/www.unicoil.com.sa\/Unicoil-Beta-Update\/\",\"name\":\"UNICOIL\",\"description\":\"UNICOIL - A Leader in Steel Coil Coating and Prepainted Steels\",\"publisher\":{\"@id\":\"https:\/\/www.unicoil.com.sa\/Unicoil-Beta-Update\/#organization\"},\"potentialAction\":[{\"@type\":\"SearchAction\",\"target\":{\"@type\":\"EntryPoint\",\"urlTemplate\":\"https:\/\/www.unicoil.com.sa\/Unicoil-Beta-Update\/?s={search_term_string}\"},\"query-input\":\"required name=search_term_string\"}],\"inLanguage\":\"en-US\"},{\"@type\":\"Organization\",\"@id\":\"https:\/\/www.unicoil.com.sa\/Unicoil-Beta-Update\/#organization\",\"name\":\"UNICOIL\",\"url\":\"https:\/\/www.unicoil.com.sa\/Unicoil-Beta-Update\/\",\"logo\":{\"@type\":\"ImageObject\",\"inLanguage\":\"en-US\",\"@id\":\"https:\/\/www.unicoil.com.sa\/Unicoil-Beta-Update\/#\/schema\/logo\/image\/\",\"url\":\"https:\/\/www.unicoil.com.sa\/Unicoil-Beta-Update\/wp-content\/uploads\/UNICOIL-Logo-1.png\",\"contentUrl\":\"https:\/\/www.unicoil.com.sa\/Unicoil-Beta-Update\/wp-content\/uploads\/UNICOIL-Logo-1.png\",\"width\":1028,\"height\":617,\"caption\":\"UNICOIL\"},\"image\":{\"@id\":\"https:\/\/www.unicoil.com.sa\/Unicoil-Beta-Update\/#\/schema\/logo\/image\/\"}}]}<\/script>\n<!-- \/ Yoast SEO plugin. -->","yoast_head_json":{"title":"Mogalvin AntiBacterial - UNICOIL","robots":{"index":"index","follow":"follow","max-snippet":"max-snippet:-1","max-image-preview":"max-image-preview:large","max-video-preview":"max-video-preview:-1"},"canonical":"https:\/\/www.unicoil.com.sa\/Unicoil-Beta-Update\/de\/mogalvin-antibacterial-de\/","og_locale":"en_US","og_type":"article","og_title":"Mogalvin AntiBacterial - UNICOIL","og_url":"https:\/\/www.unicoil.com.sa\/Unicoil-Beta-Update\/de\/mogalvin-antibacterial-de\/","og_site_name":"UNICOIL","article_modified_time":"2022-10-11T05:35:08+00:00","twitter_card":"summary_large_image","twitter_misc":{"Est. reading time":"2 minutes"},"schema":{"@context":"https:\/\/schema.org","@graph":[{"@type":"WebPage","@id":"https:\/\/www.unicoil.com.sa\/Unicoil-Beta-Update\/de\/mogalvin-antibacterial-de\/","url":"https:\/\/www.unicoil.com.sa\/Unicoil-Beta-Update\/de\/mogalvin-antibacterial-de\/","name":"Mogalvin AntiBacterial - UNICOIL","isPartOf":{"@id":"https:\/\/www.unicoil.com.sa\/Unicoil-Beta-Update\/#website"},"datePublished":"2019-07-03T05:16:30+00:00","dateModified":"2022-10-11T05:35:08+00:00","breadcrumb":{"@id":"https:\/\/www.unicoil.com.sa\/Unicoil-Beta-Update\/de\/mogalvin-antibacterial-de\/#breadcrumb"},"inLanguage":"en-US","potentialAction":[{"@type":"ReadAction","target":["https:\/\/www.unicoil.com.sa\/Unicoil-Beta-Update\/de\/mogalvin-antibacterial-de\/"]}]},{"@type":"BreadcrumbList","@id":"https:\/\/www.unicoil.com.sa\/Unicoil-Beta-Update\/de\/mogalvin-antibacterial-de\/#breadcrumb","itemListElement":[{"@type":"ListItem","position":1,"name":"Home","item":"https:\/\/www.unicoil.com.sa\/Unicoil-Beta-Update\/en\/"},{"@type":"ListItem","position":2,"name":"Mogalvin AntiBacterial"}]},{"@type":"WebSite","@id":"https:\/\/www.unicoil.com.sa\/Unicoil-Beta-Update\/#website","url":"https:\/\/www.unicoil.com.sa\/Unicoil-Beta-Update\/","name":"UNICOIL","description":"UNICOIL - A Leader in Steel Coil Coating and Prepainted Steels","publisher":{"@id":"https:\/\/www.unicoil.com.sa\/Unicoil-Beta-Update\/#organization"},"potentialAction":[{"@type":"SearchAction","target":{"@type":"EntryPoint","urlTemplate":"https:\/\/www.unicoil.com.sa\/Unicoil-Beta-Update\/?s={search_term_string}"},"query-input":"required name=search_term_string"}],"inLanguage":"en-US"},{"@type":"Organization","@id":"https:\/\/www.unicoil.com.sa\/Unicoil-Beta-Update\/#organization","name":"UNICOIL","url":"https:\/\/www.unicoil.com.sa\/Unicoil-Beta-Update\/","logo":{"@type":"ImageObject","inLanguage":"en-US","@id":"https:\/\/www.unicoil.com.sa\/Unicoil-Beta-Update\/#\/schema\/logo\/image\/","url":"https:\/\/www.unicoil.com.sa\/Unicoil-Beta-Update\/wp-content\/uploads\/UNICOIL-Logo-1.png","contentUrl":"https:\/\/www.unicoil.com.sa\/Unicoil-Beta-Update\/wp-content\/uploads\/UNICOIL-Logo-1.png","width":1028,"height":617,"caption":"UNICOIL"},"image":{"@id":"https:\/\/www.unicoil.com.sa\/Unicoil-Beta-Update\/#\/schema\/logo\/image\/"}}]}},"_links":{"self":[{"href":"https:\/\/www.unicoil.com.sa\/Unicoil-Beta-Update\/wp-json\/wp\/v2\/pages\/15377"}],"collection":[{"href":"https:\/\/www.unicoil.com.sa\/Unicoil-Beta-Update\/wp-json\/wp\/v2\/pages"}],"about":[{"href":"https:\/\/www.unicoil.com.sa\/Unicoil-Beta-Update\/wp-json\/wp\/v2\/types\/page"}],"author":[{"embeddable":true,"href":"https:\/\/www.unicoil.com.sa\/Unicoil-Beta-Update\/wp-json\/wp\/v2\/users\/3"}],"replies":[{"embeddable":true,"href":"https:\/\/www.unicoil.com.sa\/Unicoil-Beta-Update\/wp-json\/wp\/v2\/comments?post=15377"}],"version-history":[{"count":2,"href":"https:\/\/www.unicoil.com.sa\/Unicoil-Beta-Update\/wp-json\/wp\/v2\/pages\/15377\/revisions"}],"predecessor-version":[{"id":23095,"href":"https:\/\/www.unicoil.com.sa\/Unicoil-Beta-Update\/wp-json\/wp\/v2\/pages\/15377\/revisions\/23095"}],"wp:attachment":[{"href":"https:\/\/www.unicoil.com.sa\/Unicoil-Beta-Update\/wp-json\/wp\/v2\/media?parent=15377"}],"curies":[{"name":"wp","href":"https:\/\/api.w.org\/{rel}","templated":true}]}}