{"id":15449,"date":"2019-07-03T06:00:38","date_gmt":"2019-07-03T06:00:38","guid":{"rendered":"http:\/\/www.unicoil.sa\/?page_id=15449"},"modified":"2022-10-10T11:26:53","modified_gmt":"2022-10-10T11:26:53","slug":"empfehlungen-zu-lagerung-und-transport","status":"publish","type":"page","link":"https:\/\/www.unicoil.com.sa\/Unicoil-Beta-Update\/de\/empfehlungen-zu-lagerung-und-transport\/","title":{"rendered":"Empfehlungen zu Lagerung und Transport"},"content":{"rendered":"<h2>Empfehlungen zu Lagerung und Transport f\u00fcr Kunden<\/h2>\n<hr class=\"style-five margin-t0 margin-b30 \"  data-rt-animate=\"animate\" data-rt-animation-type=\"fadeInDown\" data-rt-animation-group=\"single\" >\n\nUNICOIL-Produkte werden nach den h\u00f6chsten internationalen Standards der Metallbeschichtungsbranche hergestellt und verpackt. Zur Beibehaltung der Qualit\u00e4t m\u00fcssen die Produkte vor mechanischen Sch\u00e4den, Verformungen und Feuchtigkeit gesch\u00fctzt werden. Die folgenden Best Practices zur Lagerung sind einzuhalten:\n\n<hr class=\"style-five margin-t10 margin-b20 \"  data-rt-animate=\"animate\" data-rt-animation-type=\"fadeInDown\" data-rt-animation-group=\"single\" >\n\n<div class=\"row clearfix\">\n\n<div class=\"box two \">\n<div class=\"clearfix\" style=\"height:30px\"><\/div>\n<h3>Anweisungen zum Transport und zur Lagerung von Stahlblechen<\/h3>\nUNICOIL-Produkte werden nach den h\u00f6chsten internationalen Qualit\u00e4tsstandards der Metallbeschichtungsbranche hergestellt und optimal verpackt.\n\n<a id=\"\" href=\"\/wp-content\/uploads\/2017\/03\/best-practice-proper-handling-sheets.pdf\" target=\"_blank\" title=\"Flyer herunterladen\" class=\"button_ light small  margin-t0  align\" data-rt-animate=\"animate\" data-rt-animation-type=\"bounceIn\" data-rt-animation-group=\"single\" >Flyer herunterladen<\/a>\n<\/div>\n\n<div class=\"box four \">\n<a href=\"\/wp-content\/uploads\/2017\/03\/best-storage-sheet01.jpg\" class=\"wplightbox\"><img decoding=\"async\" loading=\"lazy\" src=\"\/wp-content\/uploads\/2017\/03\/best-storage-sheet01.jpg\" alt=\"best-storage-sheet02\" width=\"500\" height=\"707\" class=\"aligncenter size-full wp-image-3268\" srcset=\"https:\/\/www.unicoil.com.sa\/Unicoil-Beta-Update\/wp-content\/uploads\/2017\/03\/best-storage-sheet01.jpg 500w, https:\/\/www.unicoil.com.sa\/Unicoil-Beta-Update\/wp-content\/uploads\/2017\/03\/best-storage-sheet01-212x300.jpg 212w\" sizes=\"(max-width: 500px) 100vw, 500px\" \/><\/a>\n<\/div>\n\n<div class=\"box four \">\n<a href=\"\/wp-content\/uploads\/2017\/03\/best-storage-sheet02.jpg\" class=\"wplightbox\"><img decoding=\"async\" loading=\"lazy\" src=\"\/wp-content\/uploads\/2017\/03\/best-storage-sheet02.jpg\" alt=\"best-storage-sheet02\" width=\"500\" height=\"707\" class=\"aligncenter size-full wp-image-3268\"><\/a>\n<\/div>\n\n<\/div>\n\n<hr class=\"style-five margin-t20 margin-b20 \"  data-rt-animate=\"animate\" data-rt-animation-type=\"fadeInDown\" data-rt-animation-group=\"single\" >\n\n<div class=\"row clearfix\">\n\n<div class=\"box two \">\n<div class=\"clearfix\" style=\"height:30px\"><\/div>\n<h3>Anweisungen zum Transport und zur Lagerung von Stahlb\u00e4ndern<\/h3>\nUNICOIL-Produkte werden nach den h\u00f6chsten internationalen Qualit\u00e4tsstandards der Metallbeschichtungsbranche hergestellt und optimal verpackt.\n\n<a id=\"\" href=\"\/wp-content\/uploads\/2017\/03\/best-practice-proper-handling-coils.pdf\" target=\"_blank\" title=\"Flyer herunterladen\" class=\"button_ light small  margin-t0  align\" data-rt-animate=\"animate\" data-rt-animation-type=\"bounceIn\" data-rt-animation-group=\"single\" >Flyer herunterladen<\/a>\n<\/div>\n\n<div class=\"box four \">\n<a href=\"\/wp-content\/uploads\/2017\/03\/best-storage-colis01.jpg\" class=\"wplightbox\"><img decoding=\"async\" loading=\"lazy\" src=\"\/wp-content\/uploads\/2017\/03\/best-storage-colis01.jpg\" alt=\"best-storage-colis01\" width=\"500\" height=\"707\" class=\"aligncenter size-full wp-image-3297\" srcset=\"https:\/\/www.unicoil.com.sa\/Unicoil-Beta-Update\/wp-content\/uploads\/2017\/03\/best-storage-colis01.jpg 500w, https:\/\/www.unicoil.com.sa\/Unicoil-Beta-Update\/wp-content\/uploads\/2017\/03\/best-storage-colis01-212x300.jpg 212w\" sizes=\"(max-width: 500px) 100vw, 500px\" \/><\/a>\n<\/div>\n\n<div class=\"box four \">\n<a href=\"\/wp-content\/uploads\/2017\/03\/best-storage-colis02.jpg\" class=\"wplightbox\"><img decoding=\"async\" loading=\"lazy\" src=\"\/wp-content\/uploads\/2017\/03\/best-storage-colis02.jpg\" alt=\"best-storage-colis02\" width=\"500\" height=\"707\" class=\"aligncenter size-full wp-image-3298\" srcset=\"https:\/\/www.unicoil.com.sa\/Unicoil-Beta-Update\/wp-content\/uploads\/2017\/03\/best-storage-colis02.jpg 500w, https:\/\/www.unicoil.com.sa\/Unicoil-Beta-Update\/wp-content\/uploads\/2017\/03\/best-storage-colis02-212x300.jpg 212w\" sizes=\"(max-width: 500px) 100vw, 500px\" \/><\/a>\n<\/div>\n\n<\/div>\n\n<hr class=\"style-five margin-t20 margin-b10 \"  data-rt-animate=\"animate\" data-rt-animation-type=\"fadeInDown\" data-rt-animation-group=\"single\" >\n\n<div class=\"clearfix\" style=\"height:20px\"><\/div>\n\nDie Anweisungen von UNICOIL sind als Leitfaden f\u00fcr die optimale Lagerung anzusehen.","protected":false},"excerpt":{"rendered":"Empfehlungen zu Lagerung und Transport f\u00fcr Kunden UNICOIL-Produkte werden nach den h\u00f6chsten internationalen Standards der Metallbeschichtungsbranche hergestellt und verpackt. Zur Beibehaltung der Qualit\u00e4t m\u00fcssen die Produkte vor mechanischen Sch\u00e4den, Verformungen und Feuchtigkeit gesch\u00fctzt werden. Die folgenden Best Practices zur Lagerung sind einzuhalten: Die Anweisungen von UNICOIL sind als Leitfaden f\u00fcr die optimale Lagerung anzusehen.","protected":false},"author":3,"featured_media":0,"parent":0,"menu_order":0,"comment_status":"closed","ping_status":"closed","template":"elementor_theme","meta":{"footnotes":""},"yoast_head":"<!-- This site is optimized with the Yoast SEO plugin v21.4 - https:\/\/yoast.com\/wordpress\/plugins\/seo\/ -->\n<title>Empfehlungen zu Lagerung und Transport - UNICOIL<\/title>\n<meta name=\"robots\" content=\"index, follow, max-snippet:-1, max-image-preview:large, max-video-preview:-1\" \/>\n<link rel=\"canonical\" href=\"https:\/\/www.unicoil.com.sa\/Unicoil-Beta-Update\/de\/empfehlungen-zu-lagerung-und-transport\/\" \/>\n<meta property=\"og:locale\" content=\"en_US\" \/>\n<meta property=\"og:type\" content=\"article\" \/>\n<meta property=\"og:title\" content=\"Empfehlungen zu Lagerung und Transport - UNICOIL\" \/>\n<meta property=\"og:description\" content=\"Empfehlungen zu Lagerung und Transport f\u00fcr Kunden UNICOIL-Produkte werden nach den h\u00f6chsten internationalen Standards der Metallbeschichtungsbranche hergestellt und verpackt. Zur Beibehaltung der Qualit\u00e4t m\u00fcssen die Produkte vor mechanischen Sch\u00e4den, Verformungen und Feuchtigkeit gesch\u00fctzt werden. Die folgenden Best Practices zur Lagerung sind einzuhalten: Die Anweisungen von UNICOIL sind als Leitfaden f\u00fcr die optimale Lagerung anzusehen.\" \/>\n<meta property=\"og:url\" content=\"https:\/\/www.unicoil.com.sa\/Unicoil-Beta-Update\/de\/empfehlungen-zu-lagerung-und-transport\/\" \/>\n<meta property=\"og:site_name\" content=\"UNICOIL\" \/>\n<meta property=\"article:modified_time\" content=\"2022-10-10T11:26:53+00:00\" \/>\n<meta name=\"twitter:card\" content=\"summary_large_image\" \/>\n<meta name=\"twitter:label1\" content=\"Est. reading time\" \/>\n\t<meta name=\"twitter:data1\" content=\"2 minutes\" \/>\n<script type=\"application\/ld+json\" class=\"yoast-schema-graph\">{\"@context\":\"https:\/\/schema.org\",\"@graph\":[{\"@type\":\"WebPage\",\"@id\":\"https:\/\/www.unicoil.com.sa\/Unicoil-Beta-Update\/de\/empfehlungen-zu-lagerung-und-transport\/\",\"url\":\"https:\/\/www.unicoil.com.sa\/Unicoil-Beta-Update\/de\/empfehlungen-zu-lagerung-und-transport\/\",\"name\":\"Empfehlungen zu Lagerung und Transport - UNICOIL\",\"isPartOf\":{\"@id\":\"https:\/\/www.unicoil.com.sa\/Unicoil-Beta-Update\/#website\"},\"datePublished\":\"2019-07-03T06:00:38+00:00\",\"dateModified\":\"2022-10-10T11:26:53+00:00\",\"breadcrumb\":{\"@id\":\"https:\/\/www.unicoil.com.sa\/Unicoil-Beta-Update\/de\/empfehlungen-zu-lagerung-und-transport\/#breadcrumb\"},\"inLanguage\":\"en-US\",\"potentialAction\":[{\"@type\":\"ReadAction\",\"target\":[\"https:\/\/www.unicoil.com.sa\/Unicoil-Beta-Update\/de\/empfehlungen-zu-lagerung-und-transport\/\"]}]},{\"@type\":\"BreadcrumbList\",\"@id\":\"https:\/\/www.unicoil.com.sa\/Unicoil-Beta-Update\/de\/empfehlungen-zu-lagerung-und-transport\/#breadcrumb\",\"itemListElement\":[{\"@type\":\"ListItem\",\"position\":1,\"name\":\"Home\",\"item\":\"https:\/\/www.unicoil.com.sa\/Unicoil-Beta-Update\/en\/\"},{\"@type\":\"ListItem\",\"position\":2,\"name\":\"Empfehlungen zu Lagerung und Transport\"}]},{\"@type\":\"WebSite\",\"@id\":\"https:\/\/www.unicoil.com.sa\/Unicoil-Beta-Update\/#website\",\"url\":\"https:\/\/www.unicoil.com.sa\/Unicoil-Beta-Update\/\",\"name\":\"UNICOIL\",\"description\":\"UNICOIL - A Leader in Steel Coil Coating and Prepainted Steels\",\"publisher\":{\"@id\":\"https:\/\/www.unicoil.com.sa\/Unicoil-Beta-Update\/#organization\"},\"potentialAction\":[{\"@type\":\"SearchAction\",\"target\":{\"@type\":\"EntryPoint\",\"urlTemplate\":\"https:\/\/www.unicoil.com.sa\/Unicoil-Beta-Update\/?s={search_term_string}\"},\"query-input\":\"required name=search_term_string\"}],\"inLanguage\":\"en-US\"},{\"@type\":\"Organization\",\"@id\":\"https:\/\/www.unicoil.com.sa\/Unicoil-Beta-Update\/#organization\",\"name\":\"UNICOIL\",\"url\":\"https:\/\/www.unicoil.com.sa\/Unicoil-Beta-Update\/\",\"logo\":{\"@type\":\"ImageObject\",\"inLanguage\":\"en-US\",\"@id\":\"https:\/\/www.unicoil.com.sa\/Unicoil-Beta-Update\/#\/schema\/logo\/image\/\",\"url\":\"https:\/\/www.unicoil.com.sa\/Unicoil-Beta-Update\/wp-content\/uploads\/UNICOIL-Logo-1.png\",\"contentUrl\":\"https:\/\/www.unicoil.com.sa\/Unicoil-Beta-Update\/wp-content\/uploads\/UNICOIL-Logo-1.png\",\"width\":1028,\"height\":617,\"caption\":\"UNICOIL\"},\"image\":{\"@id\":\"https:\/\/www.unicoil.com.sa\/Unicoil-Beta-Update\/#\/schema\/logo\/image\/\"}}]}<\/script>\n<!-- \/ Yoast SEO plugin. -->","yoast_head_json":{"title":"Empfehlungen zu Lagerung und Transport - UNICOIL","robots":{"index":"index","follow":"follow","max-snippet":"max-snippet:-1","max-image-preview":"max-image-preview:large","max-video-preview":"max-video-preview:-1"},"canonical":"https:\/\/www.unicoil.com.sa\/Unicoil-Beta-Update\/de\/empfehlungen-zu-lagerung-und-transport\/","og_locale":"en_US","og_type":"article","og_title":"Empfehlungen zu Lagerung und Transport - UNICOIL","og_description":"Empfehlungen zu Lagerung und Transport f\u00fcr Kunden UNICOIL-Produkte werden nach den h\u00f6chsten internationalen Standards der Metallbeschichtungsbranche hergestellt und verpackt. Zur Beibehaltung der Qualit\u00e4t m\u00fcssen die Produkte vor mechanischen Sch\u00e4den, Verformungen und Feuchtigkeit gesch\u00fctzt werden. Die folgenden Best Practices zur Lagerung sind einzuhalten: Die Anweisungen von UNICOIL sind als Leitfaden f\u00fcr die optimale Lagerung anzusehen.","og_url":"https:\/\/www.unicoil.com.sa\/Unicoil-Beta-Update\/de\/empfehlungen-zu-lagerung-und-transport\/","og_site_name":"UNICOIL","article_modified_time":"2022-10-10T11:26:53+00:00","twitter_card":"summary_large_image","twitter_misc":{"Est. reading time":"2 minutes"},"schema":{"@context":"https:\/\/schema.org","@graph":[{"@type":"WebPage","@id":"https:\/\/www.unicoil.com.sa\/Unicoil-Beta-Update\/de\/empfehlungen-zu-lagerung-und-transport\/","url":"https:\/\/www.unicoil.com.sa\/Unicoil-Beta-Update\/de\/empfehlungen-zu-lagerung-und-transport\/","name":"Empfehlungen zu Lagerung und Transport - UNICOIL","isPartOf":{"@id":"https:\/\/www.unicoil.com.sa\/Unicoil-Beta-Update\/#website"},"datePublished":"2019-07-03T06:00:38+00:00","dateModified":"2022-10-10T11:26:53+00:00","breadcrumb":{"@id":"https:\/\/www.unicoil.com.sa\/Unicoil-Beta-Update\/de\/empfehlungen-zu-lagerung-und-transport\/#breadcrumb"},"inLanguage":"en-US","potentialAction":[{"@type":"ReadAction","target":["https:\/\/www.unicoil.com.sa\/Unicoil-Beta-Update\/de\/empfehlungen-zu-lagerung-und-transport\/"]}]},{"@type":"BreadcrumbList","@id":"https:\/\/www.unicoil.com.sa\/Unicoil-Beta-Update\/de\/empfehlungen-zu-lagerung-und-transport\/#breadcrumb","itemListElement":[{"@type":"ListItem","position":1,"name":"Home","item":"https:\/\/www.unicoil.com.sa\/Unicoil-Beta-Update\/en\/"},{"@type":"ListItem","position":2,"name":"Empfehlungen zu Lagerung und Transport"}]},{"@type":"WebSite","@id":"https:\/\/www.unicoil.com.sa\/Unicoil-Beta-Update\/#website","url":"https:\/\/www.unicoil.com.sa\/Unicoil-Beta-Update\/","name":"UNICOIL","description":"UNICOIL - A Leader in Steel Coil Coating and Prepainted Steels","publisher":{"@id":"https:\/\/www.unicoil.com.sa\/Unicoil-Beta-Update\/#organization"},"potentialAction":[{"@type":"SearchAction","target":{"@type":"EntryPoint","urlTemplate":"https:\/\/www.unicoil.com.sa\/Unicoil-Beta-Update\/?s={search_term_string}"},"query-input":"required name=search_term_string"}],"inLanguage":"en-US"},{"@type":"Organization","@id":"https:\/\/www.unicoil.com.sa\/Unicoil-Beta-Update\/#organization","name":"UNICOIL","url":"https:\/\/www.unicoil.com.sa\/Unicoil-Beta-Update\/","logo":{"@type":"ImageObject","inLanguage":"en-US","@id":"https:\/\/www.unicoil.com.sa\/Unicoil-Beta-Update\/#\/schema\/logo\/image\/","url":"https:\/\/www.unicoil.com.sa\/Unicoil-Beta-Update\/wp-content\/uploads\/UNICOIL-Logo-1.png","contentUrl":"https:\/\/www.unicoil.com.sa\/Unicoil-Beta-Update\/wp-content\/uploads\/UNICOIL-Logo-1.png","width":1028,"height":617,"caption":"UNICOIL"},"image":{"@id":"https:\/\/www.unicoil.com.sa\/Unicoil-Beta-Update\/#\/schema\/logo\/image\/"}}]}},"_links":{"self":[{"href":"https:\/\/www.unicoil.com.sa\/Unicoil-Beta-Update\/wp-json\/wp\/v2\/pages\/15449"}],"collection":[{"href":"https:\/\/www.unicoil.com.sa\/Unicoil-Beta-Update\/wp-json\/wp\/v2\/pages"}],"about":[{"href":"https:\/\/www.unicoil.com.sa\/Unicoil-Beta-Update\/wp-json\/wp\/v2\/types\/page"}],"author":[{"embeddable":true,"href":"https:\/\/www.unicoil.com.sa\/Unicoil-Beta-Update\/wp-json\/wp\/v2\/users\/3"}],"replies":[{"embeddable":true,"href":"https:\/\/www.unicoil.com.sa\/Unicoil-Beta-Update\/wp-json\/wp\/v2\/comments?post=15449"}],"version-history":[{"count":2,"href":"https:\/\/www.unicoil.com.sa\/Unicoil-Beta-Update\/wp-json\/wp\/v2\/pages\/15449\/revisions"}],"predecessor-version":[{"id":22944,"href":"https:\/\/www.unicoil.com.sa\/Unicoil-Beta-Update\/wp-json\/wp\/v2\/pages\/15449\/revisions\/22944"}],"wp:attachment":[{"href":"https:\/\/www.unicoil.com.sa\/Unicoil-Beta-Update\/wp-json\/wp\/v2\/media?parent=15449"}],"curies":[{"name":"wp","href":"https:\/\/api.w.org\/{rel}","templated":true}]}}