{"id":15473,"date":"2019-07-03T06:27:18","date_gmt":"2019-07-03T06:27:18","guid":{"rendered":"http:\/\/www.unicoil.sa\/?page_id=15473"},"modified":"2022-10-10T12:31:45","modified_gmt":"2022-10-10T12:31:45","slug":"applications-et-recommandations","status":"publish","type":"page","link":"https:\/\/www.unicoil.com.sa\/Unicoil-Beta-Update\/fr\/applications-et-recommandations\/","title":{"rendered":"Applications et recommandations"},"content":{"rendered":"<strong>Construction:<\/strong> Cas d&#8217;application pour charpentes m\u00e9talliques, plafonds suspendus, panneaux sandwiches, gaines, rev\u00eatement m\u00e9tallique de surfaces, pannes et syst\u00e8mes CVC\n\n<strong>Ameublement:<\/strong> \u00c9quipement de bureau\n\n<strong>Conteneurs:<\/strong> Tambours, barils, prot\u00e8ge-cylindres et garde-corps\n\n<strong>Appareils \u00e9lectrom\u00e9nagers :<\/strong> Refroidisseurs d&#8217;air, r\u00e9frig\u00e9rateurs, lave-linges et surg\u00e9lateurs\n\n<strong>Automobile:<\/strong> Composants internes et carrosseries d&#8217;autobus\n\n<div class=\"clearfix\" style=\"height:30px\"><\/div>\n\n<div class=\"row clearfix\">\n\n<div class=\"box three \">\n<div class=\"image-container\">\n  <img decoding=\"async\" src=\"\/wp-content\/uploads\/2017\/03\/hvac-air-conditioner-internal01.jpg\" alt=\"HVAC Ducting\" class=\"overlay-image\">\n<div class=\"image-overlay\">\n<div class=\"image-text\">\n\nCaract\u00e9ristiques recommand\u00e9es\nRev\u00eatement de zinc : 275 g\/m\u00b2 (min.)\n\u00c9paisseur : 0,55 mm (min)\nQualit\u00e9 : ASTM A653M FS de type A\/B\nPaillettes : r\u00e9guli\u00e8res\n\n<\/div>\n<\/div>\n<\/div>\n<div class=\"clearfix\" style=\"height:10px\"><\/div>\n<h5>Canalisations<\/h5>\n<\/div>\n\n<div class=\"box three \">\n<div class=\"image-container\">\n  <img decoding=\"async\" src=\"\/wp-content\/uploads\/2017\/03\/expanded-metal02.jpg\" alt=\"Expanded Metal\" class=\"overlay-image\">\n<div class=\"image-overlay\">\n<div class=\"image-text\">\n\nCaract\u00e9ristiques recommand\u00e9es\nRev\u00eatement de zinc : 100 g\/m\u00b2 (min.)\n\u00c9paisseur : 0,30 mm (min)\nQualit\u00e9 : ASTM A653M FS de type A\/B\nPaillettes : r\u00e9guli\u00e8res \/ mini-laminage superficiel\n\n<\/div>\n<\/div>\n<\/div>\n<div class=\"clearfix\" style=\"height:10px\"><\/div>\n<h5>M\u00e9tal d\u00e9ploy\u00e9<\/h5>\n<\/div>\n\n<div class=\"box three \">\n<div class=\"image-container\">\n  <img decoding=\"async\" src=\"\/wp-content\/uploads\/2017\/03\/false-ceiling-fixtures.jpg\" alt=\"False Ceiling Accessories\" class=\"overlay-image\">\n<div class=\"image-overlay\">\n<div class=\"image-text\">\n\nCaract\u00e9ristiques recommand\u00e9es\nRev\u00eatement de zinc : 90 g\/m\u00b2 (min.)\n\u00c9paisseur : 0,30 mm (min)\nQualit\u00e9 : ASTM A653M FS de type A\/B\nPaillettes : r\u00e9guli\u00e8res \/ laminage superficiel \/ mini-laminage superficiel\n\n<\/div>\n<\/div>\n<\/div>\n<div class=\"clearfix\" style=\"height:10px\"><\/div>\n<h5>Accessoires pour plafonds suspendus<\/h5>\n<\/div>\n\n<\/div>\n\n<div class=\"clearfix\" style=\"height:30px\"><\/div>\n\n<div class=\"row clearfix\">\n\n<div class=\"box three \">\n<div class=\"image-container\">\n  <img decoding=\"async\" src=\"\/wp-content\/uploads\/2017\/03\/portacabin.jpg\" alt=\"Portable-Cabin Frames\" class=\"overlay-image\">\n<div class=\"image-overlay\">\n<div class=\"image-text\">\n\nCaract\u00e9ristiques recommand\u00e9es\nRev\u00eatement de zinc : 180 g\/m\u00b2 (min.)\n\u00c9paisseur : 0,55\u20131,20 mm\nQualit\u00e9 : ASTM A653M SS 50\/SS 80\nPaillettes : r\u00e9guli\u00e8res \/ laminage superficiel \/ mini-laminage superficiel\n\n<\/div>\n<\/div>\n<\/div>\n<div class=\"clearfix\" style=\"height:10px\"><\/div>\n<h5>B\u00e2tis pour cabines industrielles<\/h5>\n<\/div>\n\n<div class=\"box three \">\n<div class=\"image-container\">\n  <img decoding=\"async\" src=\"\/wp-content\/uploads\/2017\/03\/structural-frames.jpg\" alt=\"Structural Purlins &amp; C sections\" class=\"overlay-image\">\n<div class=\"image-overlay\">\n<div class=\"image-text\">\n\nCaract\u00e9ristiques recommand\u00e9es\nRev\u00eatement de zinc : 275 g\/m\u00b2 (min.)\n\u00c9paisseur : 1,50 mm (min)\nQualit\u00e9 : ASTM A653M FS de type A\/B\nPaillettes : r\u00e9guli\u00e8res \/ laminage superficiel \/ mini-laminage superficiel\n\n<\/div>\n<\/div>\n<\/div>\n<div class=\"clearfix\" style=\"height:10px\"><\/div>\n<h5>Pannes structurelles et profil\u00e9s en C<\/h5>\n<\/div>\n\n<div class=\"box three \">\n<div class=\"image-container\">\n  <img decoding=\"async\" src=\"\/wp-content\/uploads\/2017\/03\/steel-doors.jpg\" alt=\"Steel Doors and Frames\" class=\"overlay-image\">\n<div class=\"image-overlay\">\n<div class=\"image-text\">\n\nCaract\u00e9ristiques recommand\u00e9es\nRev\u00eatement de zinc : 275 g\/m\u00b2 (min.)\n\u00c9paisseur : 1,20 mm (min)\nQualit\u00e9 : ASTM A653M FS de type A\/B\nPaillettes : laminage superficiel \/ mini-laminage superficiel\n\n<\/div>\n<\/div>\n<\/div>\n<div class=\"clearfix\" style=\"height:10px\"><\/div>\n<h5>Portes et cadres en acier<\/h5>\n<\/div>\n\n<\/div>\n\n<div class=\"clearfix\" style=\"height:30px\"><\/div>\n\n<div class=\"row clearfix\">\n\n<div class=\"box three \">\n<div class=\"image-container\">\n  <img decoding=\"async\" src=\"\/wp-content\/uploads\/2017\/03\/Conduit-Pipes.jpg\" alt=\"Conduit Pipes for Electrical\" class=\"overlay-image\">\n<div class=\"image-overlay\">\n<div class=\"image-text\">\n\nCaract\u00e9ristiques recommand\u00e9es\nRev\u00eatement de zinc : 275 g\/m\u00b2 (min.)\n\u00c9paisseur : 0,95mm (min)\nQualit\u00e9 : ASTM A653M FS de type A\/B\nPaillettes : laminage superficiel \/ mini-laminage superficiel\n\n<\/div>\n<\/div>\n<\/div>\n<div class=\"clearfix\" style=\"height:10px\"><\/div>\n<h5>Conduites tubulaires pour c\u00e2blages \u00e9lectriques<\/h5>\n<\/div>\n\n<div class=\"box three \">\n<div class=\"image-container\">\n  <img decoding=\"async\" src=\"\/wp-content\/uploads\/2017\/03\/armored-cables.jpg\" alt=\"Structural Purlins &amp; C sections\" class=\"overlay-image\">\n<div class=\"image-overlay\">\n<div class=\"image-text\">\n\nCaract\u00e9ristiques recommand\u00e9es\nRev\u00eatement de zinc : 120 g\/m\u00b2 (min.)\n\u00c9paisseur : 0,30, 0,50 &amp; 0,80 mm\nQualit\u00e9 : ASTM A653M FS de type A\/B\nPaillettes : r\u00e9guli\u00e8res \/ laminage superficiel \/ mini-laminage superficiel\n\n<\/div>\n<\/div>\n<\/div>\n<div class=\"clearfix\" style=\"height:10px\"><\/div>\n<h5>Gaines pour c\u00e2bles souterrains<\/h5>\n<\/div>\n\n<div class=\"box three \">\n<div class=\"image-container\">\n  <img decoding=\"async\" src=\"\/wp-content\/uploads\/2017\/03\/hvac-components.jpg\" alt=\"HVAC Components\" class=\"overlay-image\">\n<div class=\"image-overlay\">\n<div class=\"image-text\">\n\nCaract\u00e9ristiques recommand\u00e9es\nRev\u00eatement de zinc : 275 gsm\n\u00c9paisseur : 0,70, 1.00, 1,20 &amp; 1,50 mm\nQualit\u00e9 : ASTM A653M FS de type A\/B\nPaillettes : laminage superficiel \/ mini-laminage superficiel\n\n<\/div>\n<\/div>\n<\/div>\n<div class=\"clearfix\" style=\"height:10px\"><\/div>\n<h5>Composants de syst\u00e8mes CVC<\/h5>\n<\/div>\n\n<\/div>\n\n<div class=\"clearfix\" style=\"height:30px\"><\/div>\n\n<div class=\"row clearfix\">\n\n<div class=\"box three \">\n<div class=\"image-container\">\n  <img decoding=\"async\" src=\"\/wp-content\/uploads\/2017\/03\/junction-box.jpg\" alt=\"Junction Box\" class=\"overlay-image\">\n<div class=\"image-overlay\">\n<div class=\"image-text\">\n\nCaract\u00e9ristiques recommand\u00e9es\nRev\u00eatement de zinc : 180 g\/m\u00b2 (min.)\n\u00c9paisseur : 0,90 mm and 1,10 mm\nQualit\u00e9 : ASTM A653M FS de type A\/B\nPaillettes : r\u00e9guli\u00e8res \/ laminage superficiel \/ mini-laminage superficiel\n\n<\/div>\n<\/div>\n<\/div>\n<div class=\"clearfix\" style=\"height:10px\"><\/div>\n<h5>Bo\u00eete de d\u00e9rivation<\/h5>\n<\/div>\n\n<div class=\"box three \">\n<div class=\"image-container\">\n  <img decoding=\"async\" src=\"\/wp-content\/uploads\/2017\/03\/studs-runner.jpg\" alt=\"Studs and Runners\" class=\"overlay-image\">\n<div class=\"image-overlay\">\n<div class=\"image-text\">\n\nCaract\u00e9ristiques recommand\u00e9es\nRev\u00eatement de zinc : 100 g\/m\u00b2 (min.)\n\u00c9paisseur : 0,35 mm (min)\nQualit\u00e9 : ASTM A653M FS de type A\/B\nPaillettes : r\u00e9guli\u00e8res \/ laminage superficiel \/ mini-laminage superficiel\n\n<\/div>\n<\/div>\n<\/div>\n<div class=\"clearfix\" style=\"height:10px\"><\/div>\n<h5>Montants et rails<\/h5>\n<\/div>\n\n<div class=\"box three \">\n<div class=\"image-container\">\n  <img decoding=\"async\" src=\"\/wp-content\/uploads\/2017\/03\/cable-tray.jpg\" alt=\"Electrical Cable Trays\" class=\"overlay-image\">\n<div class=\"image-overlay\">\n<div class=\"image-text\">\n\nCaract\u00e9ristiques recommand\u00e9es\nRev\u00eatement de zinc : 275 g\/m\u00b2 (min.)\n\u00c9paisseur : 1,00 mm (min)\nQualit\u00e9 : ASTM A653M FS de type A\/B\nPaillettes : r\u00e9guli\u00e8res \/ laminage superficiel \/ mini-laminage superficiel\n\n<\/div>\n<\/div>\n<\/div>\n<div class=\"clearfix\" style=\"height:10px\"><\/div>\n<h5>Chemins de c\u00e2bles<\/h5>\n<\/div>\n\n<\/div>\n\n<div class=\"clearfix\" style=\"height:30px\"><\/div>\n\n<div class=\"row clearfix\">\n\n<div class=\"box three \">\n<div class=\"image-container\">\n  <img decoding=\"async\" src=\"\/wp-content\/uploads\/2017\/03\/metal-furnitures.jpg\" alt=\"Metal Furniture\" class=\"overlay-image\">\n<div class=\"image-overlay\">\n<div class=\"image-text\">\n\nCaract\u00e9ristiques recommand\u00e9es\nRev\u00eatement de zinc : 120 g\/m\u00b2 (min.)\n\u00c9paisseur : 0,40 mm (min)\nQualit\u00e9 : ASTM A653M FS de type A\/B\nPaillettes : laminage superficiel\n\n<\/div>\n<\/div>\n<\/div>\n<div class=\"clearfix\" style=\"height:10px\"><\/div>\n<h5>Mobilier m\u00e9tallique<\/h5>\n<\/div>\n\n<div class=\"box three \">\n<div class=\"image-container\">\n  <img decoding=\"async\" src=\"\/wp-content\/uploads\/2017\/03\/water-tank.jpg\" alt=\"Water Tanks\" class=\"overlay-image\">\n<div class=\"image-overlay\">\n<div class=\"image-text\">\n\nCaract\u00e9ristiques recommand\u00e9es\nRev\u00eatement de zinc : 275 g\/m\u00b2 (min.)\n\u00c9paisseur : 0,80 mm (min)\nQualit\u00e9 : ASTM A653M FS de type A\/B\nPaillettes : laminage superficiel\n\n<\/div>\n<\/div>\n<\/div>\n<div class=\"clearfix\" style=\"height:10px\"><\/div>\n<h5>R\u00e9servoirs d&#8217;eau<\/h5>\n<\/div>\n\n<div class=\"box three \">\n&nbsp;\n<\/div>\n\n<\/div>\n\n<div class=\"clearfix\" style=\"height:30px\"><\/div>","protected":false},"excerpt":{"rendered":"Construction: Cas d&#8217;application pour charpentes m\u00e9talliques, plafonds suspendus, panneaux sandwiches, gaines, rev\u00eatement m\u00e9tallique de surfaces, pannes et syst\u00e8mes CVC Ameublement: \u00c9quipement de bureau Conteneurs: Tambours, barils, prot\u00e8ge-cylindres et garde-corps Appareils \u00e9lectrom\u00e9nagers : Refroidisseurs d&#8217;air, r\u00e9frig\u00e9rateurs, lave-linges et surg\u00e9lateurs Automobile: Composants internes et carrosseries d&#8217;autobus","protected":false},"author":3,"featured_media":0,"parent":0,"menu_order":0,"comment_status":"closed","ping_status":"closed","template":"elementor_theme","meta":{"footnotes":""},"yoast_head":"<!-- This site is optimized with the Yoast SEO plugin v21.4 - https:\/\/yoast.com\/wordpress\/plugins\/seo\/ -->\n<title>Applications et recommandations - UNICOIL<\/title>\n<meta name=\"robots\" content=\"index, follow, max-snippet:-1, max-image-preview:large, max-video-preview:-1\" \/>\n<link rel=\"canonical\" href=\"https:\/\/www.unicoil.com.sa\/Unicoil-Beta-Update\/fr\/applications-et-recommandations\/\" \/>\n<meta property=\"og:locale\" content=\"en_US\" \/>\n<meta property=\"og:type\" content=\"article\" \/>\n<meta property=\"og:title\" content=\"Applications et recommandations - UNICOIL\" \/>\n<meta property=\"og:description\" content=\"Construction: Cas d&#8217;application pour charpentes m\u00e9talliques, plafonds suspendus, panneaux sandwiches, gaines, rev\u00eatement m\u00e9tallique de surfaces, pannes et syst\u00e8mes CVC Ameublement: \u00c9quipement de bureau Conteneurs: Tambours, barils, prot\u00e8ge-cylindres et garde-corps Appareils \u00e9lectrom\u00e9nagers : Refroidisseurs d&#8217;air, r\u00e9frig\u00e9rateurs, lave-linges et surg\u00e9lateurs Automobile: Composants internes et carrosseries d&#8217;autobus\" \/>\n<meta property=\"og:url\" content=\"https:\/\/www.unicoil.com.sa\/Unicoil-Beta-Update\/fr\/applications-et-recommandations\/\" \/>\n<meta property=\"og:site_name\" content=\"UNICOIL\" \/>\n<meta property=\"article:modified_time\" content=\"2022-10-10T12:31:45+00:00\" \/>\n<meta name=\"twitter:card\" content=\"summary_large_image\" \/>\n<meta name=\"twitter:label1\" content=\"Est. reading time\" \/>\n\t<meta name=\"twitter:data1\" content=\"6 minutes\" \/>\n<script type=\"application\/ld+json\" class=\"yoast-schema-graph\">{\"@context\":\"https:\/\/schema.org\",\"@graph\":[{\"@type\":\"WebPage\",\"@id\":\"https:\/\/www.unicoil.com.sa\/Unicoil-Beta-Update\/fr\/applications-et-recommandations\/\",\"url\":\"https:\/\/www.unicoil.com.sa\/Unicoil-Beta-Update\/fr\/applications-et-recommandations\/\",\"name\":\"Applications et recommandations - UNICOIL\",\"isPartOf\":{\"@id\":\"https:\/\/www.unicoil.com.sa\/Unicoil-Beta-Update\/#website\"},\"datePublished\":\"2019-07-03T06:27:18+00:00\",\"dateModified\":\"2022-10-10T12:31:45+00:00\",\"breadcrumb\":{\"@id\":\"https:\/\/www.unicoil.com.sa\/Unicoil-Beta-Update\/fr\/applications-et-recommandations\/#breadcrumb\"},\"inLanguage\":\"en-US\",\"potentialAction\":[{\"@type\":\"ReadAction\",\"target\":[\"https:\/\/www.unicoil.com.sa\/Unicoil-Beta-Update\/fr\/applications-et-recommandations\/\"]}]},{\"@type\":\"BreadcrumbList\",\"@id\":\"https:\/\/www.unicoil.com.sa\/Unicoil-Beta-Update\/fr\/applications-et-recommandations\/#breadcrumb\",\"itemListElement\":[{\"@type\":\"ListItem\",\"position\":1,\"name\":\"Home\",\"item\":\"https:\/\/www.unicoil.com.sa\/Unicoil-Beta-Update\/en\/\"},{\"@type\":\"ListItem\",\"position\":2,\"name\":\"Applications et recommandations\"}]},{\"@type\":\"WebSite\",\"@id\":\"https:\/\/www.unicoil.com.sa\/Unicoil-Beta-Update\/#website\",\"url\":\"https:\/\/www.unicoil.com.sa\/Unicoil-Beta-Update\/\",\"name\":\"UNICOIL\",\"description\":\"UNICOIL - A Leader in Steel Coil Coating and Prepainted Steels\",\"publisher\":{\"@id\":\"https:\/\/www.unicoil.com.sa\/Unicoil-Beta-Update\/#organization\"},\"potentialAction\":[{\"@type\":\"SearchAction\",\"target\":{\"@type\":\"EntryPoint\",\"urlTemplate\":\"https:\/\/www.unicoil.com.sa\/Unicoil-Beta-Update\/?s={search_term_string}\"},\"query-input\":\"required name=search_term_string\"}],\"inLanguage\":\"en-US\"},{\"@type\":\"Organization\",\"@id\":\"https:\/\/www.unicoil.com.sa\/Unicoil-Beta-Update\/#organization\",\"name\":\"UNICOIL\",\"url\":\"https:\/\/www.unicoil.com.sa\/Unicoil-Beta-Update\/\",\"logo\":{\"@type\":\"ImageObject\",\"inLanguage\":\"en-US\",\"@id\":\"https:\/\/www.unicoil.com.sa\/Unicoil-Beta-Update\/#\/schema\/logo\/image\/\",\"url\":\"https:\/\/www.unicoil.com.sa\/Unicoil-Beta-Update\/wp-content\/uploads\/UNICOIL-Logo-1.png\",\"contentUrl\":\"https:\/\/www.unicoil.com.sa\/Unicoil-Beta-Update\/wp-content\/uploads\/UNICOIL-Logo-1.png\",\"width\":1028,\"height\":617,\"caption\":\"UNICOIL\"},\"image\":{\"@id\":\"https:\/\/www.unicoil.com.sa\/Unicoil-Beta-Update\/#\/schema\/logo\/image\/\"}}]}<\/script>\n<!-- \/ Yoast SEO plugin. -->","yoast_head_json":{"title":"Applications et recommandations - UNICOIL","robots":{"index":"index","follow":"follow","max-snippet":"max-snippet:-1","max-image-preview":"max-image-preview:large","max-video-preview":"max-video-preview:-1"},"canonical":"https:\/\/www.unicoil.com.sa\/Unicoil-Beta-Update\/fr\/applications-et-recommandations\/","og_locale":"en_US","og_type":"article","og_title":"Applications et recommandations - UNICOIL","og_description":"Construction: Cas d&#8217;application pour charpentes m\u00e9talliques, plafonds suspendus, panneaux sandwiches, gaines, rev\u00eatement m\u00e9tallique de surfaces, pannes et syst\u00e8mes CVC Ameublement: \u00c9quipement de bureau Conteneurs: Tambours, barils, prot\u00e8ge-cylindres et garde-corps Appareils \u00e9lectrom\u00e9nagers : Refroidisseurs d&#8217;air, r\u00e9frig\u00e9rateurs, lave-linges et surg\u00e9lateurs Automobile: Composants internes et carrosseries d&#8217;autobus","og_url":"https:\/\/www.unicoil.com.sa\/Unicoil-Beta-Update\/fr\/applications-et-recommandations\/","og_site_name":"UNICOIL","article_modified_time":"2022-10-10T12:31:45+00:00","twitter_card":"summary_large_image","twitter_misc":{"Est. reading time":"6 minutes"},"schema":{"@context":"https:\/\/schema.org","@graph":[{"@type":"WebPage","@id":"https:\/\/www.unicoil.com.sa\/Unicoil-Beta-Update\/fr\/applications-et-recommandations\/","url":"https:\/\/www.unicoil.com.sa\/Unicoil-Beta-Update\/fr\/applications-et-recommandations\/","name":"Applications et recommandations - UNICOIL","isPartOf":{"@id":"https:\/\/www.unicoil.com.sa\/Unicoil-Beta-Update\/#website"},"datePublished":"2019-07-03T06:27:18+00:00","dateModified":"2022-10-10T12:31:45+00:00","breadcrumb":{"@id":"https:\/\/www.unicoil.com.sa\/Unicoil-Beta-Update\/fr\/applications-et-recommandations\/#breadcrumb"},"inLanguage":"en-US","potentialAction":[{"@type":"ReadAction","target":["https:\/\/www.unicoil.com.sa\/Unicoil-Beta-Update\/fr\/applications-et-recommandations\/"]}]},{"@type":"BreadcrumbList","@id":"https:\/\/www.unicoil.com.sa\/Unicoil-Beta-Update\/fr\/applications-et-recommandations\/#breadcrumb","itemListElement":[{"@type":"ListItem","position":1,"name":"Home","item":"https:\/\/www.unicoil.com.sa\/Unicoil-Beta-Update\/en\/"},{"@type":"ListItem","position":2,"name":"Applications et recommandations"}]},{"@type":"WebSite","@id":"https:\/\/www.unicoil.com.sa\/Unicoil-Beta-Update\/#website","url":"https:\/\/www.unicoil.com.sa\/Unicoil-Beta-Update\/","name":"UNICOIL","description":"UNICOIL - A Leader in Steel Coil Coating and Prepainted Steels","publisher":{"@id":"https:\/\/www.unicoil.com.sa\/Unicoil-Beta-Update\/#organization"},"potentialAction":[{"@type":"SearchAction","target":{"@type":"EntryPoint","urlTemplate":"https:\/\/www.unicoil.com.sa\/Unicoil-Beta-Update\/?s={search_term_string}"},"query-input":"required name=search_term_string"}],"inLanguage":"en-US"},{"@type":"Organization","@id":"https:\/\/www.unicoil.com.sa\/Unicoil-Beta-Update\/#organization","name":"UNICOIL","url":"https:\/\/www.unicoil.com.sa\/Unicoil-Beta-Update\/","logo":{"@type":"ImageObject","inLanguage":"en-US","@id":"https:\/\/www.unicoil.com.sa\/Unicoil-Beta-Update\/#\/schema\/logo\/image\/","url":"https:\/\/www.unicoil.com.sa\/Unicoil-Beta-Update\/wp-content\/uploads\/UNICOIL-Logo-1.png","contentUrl":"https:\/\/www.unicoil.com.sa\/Unicoil-Beta-Update\/wp-content\/uploads\/UNICOIL-Logo-1.png","width":1028,"height":617,"caption":"UNICOIL"},"image":{"@id":"https:\/\/www.unicoil.com.sa\/Unicoil-Beta-Update\/#\/schema\/logo\/image\/"}}]}},"_links":{"self":[{"href":"https:\/\/www.unicoil.com.sa\/Unicoil-Beta-Update\/wp-json\/wp\/v2\/pages\/15473"}],"collection":[{"href":"https:\/\/www.unicoil.com.sa\/Unicoil-Beta-Update\/wp-json\/wp\/v2\/pages"}],"about":[{"href":"https:\/\/www.unicoil.com.sa\/Unicoil-Beta-Update\/wp-json\/wp\/v2\/types\/page"}],"author":[{"embeddable":true,"href":"https:\/\/www.unicoil.com.sa\/Unicoil-Beta-Update\/wp-json\/wp\/v2\/users\/3"}],"replies":[{"embeddable":true,"href":"https:\/\/www.unicoil.com.sa\/Unicoil-Beta-Update\/wp-json\/wp\/v2\/comments?post=15473"}],"version-history":[{"count":2,"href":"https:\/\/www.unicoil.com.sa\/Unicoil-Beta-Update\/wp-json\/wp\/v2\/pages\/15473\/revisions"}],"predecessor-version":[{"id":23015,"href":"https:\/\/www.unicoil.com.sa\/Unicoil-Beta-Update\/wp-json\/wp\/v2\/pages\/15473\/revisions\/23015"}],"wp:attachment":[{"href":"https:\/\/www.unicoil.com.sa\/Unicoil-Beta-Update\/wp-json\/wp\/v2\/media?parent=15473"}],"curies":[{"name":"wp","href":"https:\/\/api.w.org\/{rel}","templated":true}]}}