{"id":15477,"date":"2019-07-03T06:29:42","date_gmt":"2019-07-03T06:29:42","guid":{"rendered":"http:\/\/www.unicoil.sa\/?page_id=15477"},"modified":"2022-10-10T11:27:20","modified_gmt":"2022-10-10T11:27:20","slug":"anwendung-und-empfehlungen","status":"publish","type":"page","link":"https:\/\/www.unicoil.com.sa\/Unicoil-Beta-Update\/de\/anwendung-und-empfehlungen\/","title":{"rendered":"Anwendung und Empfehlungen"},"content":{"rendered":"<strong>Bau: <\/strong> Stahltragwerk, abgeh\u00e4ngte Decken, Sandwichplatten, Leitungen, Deckenbleche, Pfetten und HVAC-Anwendungen\n\n<strong>Einrichtung:<\/strong> B\u00fcroausstattung\n\n<strong>Beh\u00e4lter:<\/strong> F\u00e4sser, Sturzb\u00fcgel und Gel\u00e4nder\n\n<strong>Haushaltsger\u00e4te:<\/strong> Klimaanlagen, K\u00fchlschr\u00e4nke, Waschmaschinen und Gefrierschr\u00e4nke\n\n<strong>Automobilbranche:<\/strong> Komponenten f\u00fcr den Innenausbau und Busaufbauten\n\n<div class=\"clearfix\" style=\"height:30px\"><\/div>\n\n<div class=\"row clearfix\">\n\n<div class=\"box three \">\n<div class=\"image-container\">\n  <img decoding=\"async\" src=\"\/wp-content\/uploads\/2017\/03\/hvac-air-conditioner-internal01.jpg\" alt=\"HVAC Ducting\" class=\"overlay-image\">\n<div class=\"image-overlay\">\n<div class=\"image-text\">\n\nEmpfohlene Spezifikationen\nZinkbeschichtung : 275 gsm (min)\nSt\u00e4rke : 0,55 mm (min)\nG\u00fcteklasse : ASTM A653M FS Typ A\/B\nZinkblume : normal\n\n<\/div>\n<\/div>\n<\/div>\n<div class=\"clearfix\" style=\"height:10px\"><\/div>\n<h5>Leitungen<\/h5>\n<\/div>\n\n<div class=\"box three \">\n<div class=\"image-container\">\n  <img decoding=\"async\" src=\"\/wp-content\/uploads\/2017\/03\/expanded-metal02.jpg\" alt=\"Expunded Metal\" class=\"overlay-image\">\n<div class=\"image-overlay\">\n<div class=\"image-text\">\n\nEmpfohlene Spezifikationen\nZinkbeschichtung : 100 gsm (min)\nSt\u00e4rke : 0,30 mm (min)\nG\u00fcteklasse : ASTM A653M FS Typ A\/B\nZinkblume : normal \/ mini, dressiert\n\n<\/div>\n<\/div>\n<\/div>\n<div class=\"clearfix\" style=\"height:10px\"><\/div>\n<h5>Streckmetall<\/h5>\n<\/div>\n\n<div class=\"box three \">\n<div class=\"image-container\">\n  <img decoding=\"async\" src=\"\/wp-content\/uploads\/2017\/03\/false-ceiling-fixtures.jpg\" alt=\"False Ceiling Accessories\" class=\"overlay-image\">\n<div class=\"image-overlay\">\n<div class=\"image-text\">\n\nEmpfohlene Spezifikationen\nZinkbeschichtung : 90 gsm (min)\nSt\u00e4rke : 0,30 mm (min)\nG\u00fcteklasse : ASTM A653M FS Typ A\/B\nZinkblume : normal \/ dressiert \/ mini, dressiert\n\n<\/div>\n<\/div>\n<\/div>\n<div class=\"clearfix\" style=\"height:10px\"><\/div>\n<h5>Komponenten f\u00fcr abgeh\u00e4ngte Decken<\/h5>\n<\/div>\n\n<\/div>\n\n<div class=\"clearfix\" style=\"height:30px\"><\/div>\n\n<div class=\"row clearfix\">\n\n<div class=\"box three \">\n<div class=\"image-container\">\n  <img decoding=\"async\" src=\"\/wp-content\/uploads\/2017\/03\/portacabin.jpg\" alt=\"Portable-Cabin Frames\" class=\"overlay-image\">\n<div class=\"image-overlay\">\n<div class=\"image-text\">\n\nEmpfohlene Spezifikationen\nZinkbeschichtung : 180 gsm (min)\nSt\u00e4rke : 0,55\u20131,20 mm\nG\u00fcteklasse : ASTM A653M SS 50\/SS 80\nZinkblume : normal \/ dressiert \/ mini, dressiert\n\n<\/div>\n<\/div>\n<\/div>\n<div class=\"clearfix\" style=\"height:10px\"><\/div>\n<h5>Rahmen f\u00fcr Baucontainer<\/h5>\n<\/div>\n\n<div class=\"box three \">\n<div class=\"image-container\">\n  <img decoding=\"async\" src=\"\/wp-content\/uploads\/2017\/03\/structural-frames.jpg\" alt=\"Structural Purlins &amp; C sections\" class=\"overlay-image\">\n<div class=\"image-overlay\">\n<div class=\"image-text\">\n\nEmpfohlene Spezifikationen\nZinkbeschichtung : 275 gsm (min)\nSt\u00e4rke : 1,50 mm (min)\nG\u00fcteklasse : ASTM A653M FS Typ A\/B\nZinkblume : normal \/ dressiert \/ mini, dressiert\n\n<\/div>\n<\/div>\n<\/div>\n<div class=\"clearfix\" style=\"height:10px\"><\/div>\n<h5>Strukturelle Pfetten und C-Profile<\/h5>\n<\/div>\n\n<div class=\"box three \">\n<div class=\"image-container\">\n  <img decoding=\"async\" src=\"\/wp-content\/uploads\/2017\/03\/steel-doors.jpg\" alt=\"Steel Doors und Frames\" class=\"overlay-image\">\n<div class=\"image-overlay\">\n<div class=\"image-text\">\n\nEmpfohlene Spezifikationen\nZinkbeschichtung : 275 gsm (min)\nSt\u00e4rke : 1,20 mm (min)\nG\u00fcteklasse : ASTM A653M FS Typ A\/B\nZinkblume : dressiert \/ mini, dressiert\n\n<\/div>\n<\/div>\n<\/div>\n<div class=\"clearfix\" style=\"height:10px\"><\/div>\n<h5>Stahlt\u00fcren und -rahmen<\/h5>\n<\/div>\n\n<\/div>\n\n<div class=\"clearfix\" style=\"height:30px\"><\/div>\n\n<div class=\"row clearfix\">\n\n<div class=\"box three \">\n<div class=\"image-container\">\n  <img decoding=\"async\" src=\"\/wp-content\/uploads\/2017\/03\/Conduit-Pipes.jpg\" alt=\"Conduit Pipes for Electrical\" class=\"overlay-image\">\n<div class=\"image-overlay\">\n<div class=\"image-text\">\n\nEmpfohlene Spezifikationen\nZinkbeschichtung : 275 gsm (min)\nSt\u00e4rke : 0,95mm (min)\nG\u00fcteklasse : ASTM A653M FS Typ A\/B\nZinkblume : dressiert \/ mini, dressiert\n\n<\/div>\n<\/div>\n<\/div>\n<div class=\"clearfix\" style=\"height:10px\"><\/div>\n<h5>Leitungsrohre f\u00fcr elektrische Installationen<\/h5>\n<\/div>\n\n<div class=\"box three \">\n<div class=\"image-container\">\n  <img decoding=\"async\" src=\"\/wp-content\/uploads\/2017\/03\/armored-cables.jpg\" alt=\"Structural Purlins &amp; C sections\" class=\"overlay-image\">\n<div class=\"image-overlay\">\n<div class=\"image-text\">\n\nEmpfohlene Spezifikationen\nZinkbeschichtung : 120 gsm (min)\nSt\u00e4rke : 0,30, 0,50 &amp; 0,80 mm\nG\u00fcteklasse : ASTM A653M FS Typ A\/B\nZinkblume : normal \/ dressiert \/ mini, dressiert\n\n<\/div>\n<\/div>\n<\/div>\n<div class=\"clearfix\" style=\"height:10px\"><\/div>\n<h5>Armierung f\u00fcr Erdkabel<\/h5>\n<\/div>\n\n<div class=\"box three \">\n<div class=\"image-container\">\n  <img decoding=\"async\" src=\"\/wp-content\/uploads\/2017\/03\/hvac-components.jpg\" alt=\"HVAC Components\" class=\"overlay-image\">\n<div class=\"image-overlay\">\n<div class=\"image-text\">\n\nEmpfohlene Spezifikationen\nZinkbeschichtung : 275 gsm\nSt\u00e4rke : 0,70, 1,00, 1,20 &amp; 1,50 mm\nG\u00fcteklasse : ASTM A653M FS Typ A\/B\nZinkblume : dressiert \/ mini, dressiert\n\n<\/div>\n<\/div>\n<\/div>\n<div class=\"clearfix\" style=\"height:10px\"><\/div>\n<h5>HVAC-Komponenten<\/h5>\n<\/div>\n\n<\/div>\n\n<div class=\"clearfix\" style=\"height:30px\"><\/div>\n\n<div class=\"row clearfix\">\n\n<div class=\"box three \">\n<div class=\"image-container\">\n  <img decoding=\"async\" src=\"\/wp-content\/uploads\/2017\/03\/junction-box.jpg\" alt=\"Junction Box\" class=\"overlay-image\">\n<div class=\"image-overlay\">\n<div class=\"image-text\">\n\nEmpfohlene Spezifikationen\nZinkbeschichtung : 180 gsm (min)\nSt\u00e4rke : 0,90 mm und 1,10 mm\nG\u00fcteklasse : ASTM A653M FS Typ A\/B\nZinkblume : normal \/ dressiert \/ mini, dressiert\n\n<\/div>\n<\/div>\n<\/div>\n<div class=\"clearfix\" style=\"height:10px\"><\/div>\n<h5>Anschlusskasten<\/h5>\n<\/div>\n\n<div class=\"box three \">\n<div class=\"image-container\">\n  <img decoding=\"async\" src=\"\/wp-content\/uploads\/2017\/03\/studs-runner.jpg\" alt=\"Studs und Runners\" class=\"overlay-image\">\n<div class=\"image-overlay\">\n<div class=\"image-text\">\n\nEmpfohlene Spezifikationen\nZinkbeschichtung : 100 gsm (min)\nSt\u00e4rke : 0,35 mm (min)\nG\u00fcteklasse : ASTM A653M FS Typ A\/B\nZinkblume : normal \/ dressiert \/ mini, dressiert\n\n<\/div>\n<\/div>\n<\/div>\n<div class=\"clearfix\" style=\"height:10px\"><\/div>\n<h5>Bolzen und Kufen<\/h5>\n<\/div>\n\n<div class=\"box three \">\n<div class=\"image-container\">\n  <img decoding=\"async\" src=\"\/wp-content\/uploads\/2017\/03\/cable-tray.jpg\" alt=\"Electrical Cable Trays\" class=\"overlay-image\">\n<div class=\"image-overlay\">\n<div class=\"image-text\">\n\nEmpfohlene Spezifikationen\nZinkbeschichtung : 275 gsm (min)\nSt\u00e4rke : 1,00 mm (min)\nG\u00fcteklasse : ASTM A653M FS Typ A\/B\nZinkblume : normal \/ dressiert \/ mini, dressiert\n\n<\/div>\n<\/div>\n<\/div>\n<div class=\"clearfix\" style=\"height:10px\"><\/div>\n<h5>Kabeltrassen<\/h5>\n<\/div>\n\n<\/div>\n\n<div class=\"clearfix\" style=\"height:30px\"><\/div>\n\n<div class=\"row clearfix\">\n\n<div class=\"box three \">\n<div class=\"image-container\">\n  <img decoding=\"async\" src=\"\/wp-content\/uploads\/2017\/03\/metal-furnitures.jpg\" alt=\"Metal Furniture\" class=\"overlay-image\">\n<div class=\"image-overlay\">\n<div class=\"image-text\">\n\nEmpfohlene Spezifikationen\nZinkbeschichtung : 120 gsm (min)\nSt\u00e4rke : 0,40 mm (min)\nG\u00fcteklasse : ASTM A653M FS Typ A\/B\nZinkblume : dressiert\n\n<\/div>\n<\/div>\n<\/div>\n<div class=\"clearfix\" style=\"height:10px\"><\/div>\n<h5>Metalleinrichtung<\/h5>\n<\/div>\n\n<div class=\"box three \">\n<div class=\"image-container\">\n  <img decoding=\"async\" src=\"\/wp-content\/uploads\/2017\/03\/water-tank.jpg\" alt=\"Water Tanks\" class=\"overlay-image\">\n<div class=\"image-overlay\">\n<div class=\"image-text\">\n\nEmpfohlene Spezifikationen\nZinkbeschichtung : 275 gsm (min)\nSt\u00e4rke : 0,80 mm (min)\nG\u00fcteklasse : ASTM A653M FS Typ A\/B\nZinkblume : dressiert\n\n<\/div>\n<\/div>\n<\/div>\n<div class=\"clearfix\" style=\"height:10px\"><\/div>\n<h5>Wasserbeh\u00e4lter<\/h5>\n<\/div>\n\n<div class=\"box three \">\n&nbsp;\n<\/div>\n\n<\/div>\n\n<div class=\"clearfix\" style=\"height:30px\"><\/div>","protected":false},"excerpt":{"rendered":"Bau: Stahltragwerk, abgeh\u00e4ngte Decken, Sandwichplatten, Leitungen, Deckenbleche, Pfetten und HVAC-Anwendungen Einrichtung: B\u00fcroausstattung Beh\u00e4lter: F\u00e4sser, Sturzb\u00fcgel und Gel\u00e4nder Haushaltsger\u00e4te: Klimaanlagen, K\u00fchlschr\u00e4nke, Waschmaschinen und Gefrierschr\u00e4nke Automobilbranche: Komponenten f\u00fcr den Innenausbau und Busaufbauten","protected":false},"author":3,"featured_media":0,"parent":0,"menu_order":0,"comment_status":"closed","ping_status":"closed","template":"elementor_theme","meta":{"footnotes":""},"yoast_head":"<!-- This site is optimized with the Yoast SEO plugin v21.4 - https:\/\/yoast.com\/wordpress\/plugins\/seo\/ -->\n<title>Anwendung und Empfehlungen - UNICOIL<\/title>\n<meta name=\"robots\" content=\"index, follow, max-snippet:-1, max-image-preview:large, max-video-preview:-1\" \/>\n<link rel=\"canonical\" href=\"https:\/\/www.unicoil.com.sa\/Unicoil-Beta-Update\/de\/anwendung-und-empfehlungen\/\" \/>\n<meta property=\"og:locale\" content=\"en_US\" \/>\n<meta property=\"og:type\" content=\"article\" \/>\n<meta property=\"og:title\" content=\"Anwendung und Empfehlungen - UNICOIL\" \/>\n<meta property=\"og:description\" content=\"Bau: Stahltragwerk, abgeh\u00e4ngte Decken, Sandwichplatten, Leitungen, Deckenbleche, Pfetten und HVAC-Anwendungen Einrichtung: B\u00fcroausstattung Beh\u00e4lter: F\u00e4sser, Sturzb\u00fcgel und Gel\u00e4nder Haushaltsger\u00e4te: Klimaanlagen, K\u00fchlschr\u00e4nke, Waschmaschinen und Gefrierschr\u00e4nke Automobilbranche: Komponenten f\u00fcr den Innenausbau und Busaufbauten\" \/>\n<meta property=\"og:url\" content=\"https:\/\/www.unicoil.com.sa\/Unicoil-Beta-Update\/de\/anwendung-und-empfehlungen\/\" \/>\n<meta property=\"og:site_name\" content=\"UNICOIL\" \/>\n<meta property=\"article:modified_time\" content=\"2022-10-10T11:27:20+00:00\" \/>\n<meta name=\"twitter:card\" content=\"summary_large_image\" \/>\n<meta name=\"twitter:label1\" content=\"Est. reading time\" \/>\n\t<meta name=\"twitter:data1\" content=\"5 minutes\" \/>\n<script type=\"application\/ld+json\" class=\"yoast-schema-graph\">{\"@context\":\"https:\/\/schema.org\",\"@graph\":[{\"@type\":\"WebPage\",\"@id\":\"https:\/\/www.unicoil.com.sa\/Unicoil-Beta-Update\/de\/anwendung-und-empfehlungen\/\",\"url\":\"https:\/\/www.unicoil.com.sa\/Unicoil-Beta-Update\/de\/anwendung-und-empfehlungen\/\",\"name\":\"Anwendung und Empfehlungen - UNICOIL\",\"isPartOf\":{\"@id\":\"https:\/\/www.unicoil.com.sa\/Unicoil-Beta-Update\/#website\"},\"datePublished\":\"2019-07-03T06:29:42+00:00\",\"dateModified\":\"2022-10-10T11:27:20+00:00\",\"breadcrumb\":{\"@id\":\"https:\/\/www.unicoil.com.sa\/Unicoil-Beta-Update\/de\/anwendung-und-empfehlungen\/#breadcrumb\"},\"inLanguage\":\"en-US\",\"potentialAction\":[{\"@type\":\"ReadAction\",\"target\":[\"https:\/\/www.unicoil.com.sa\/Unicoil-Beta-Update\/de\/anwendung-und-empfehlungen\/\"]}]},{\"@type\":\"BreadcrumbList\",\"@id\":\"https:\/\/www.unicoil.com.sa\/Unicoil-Beta-Update\/de\/anwendung-und-empfehlungen\/#breadcrumb\",\"itemListElement\":[{\"@type\":\"ListItem\",\"position\":1,\"name\":\"Home\",\"item\":\"https:\/\/www.unicoil.com.sa\/Unicoil-Beta-Update\/en\/\"},{\"@type\":\"ListItem\",\"position\":2,\"name\":\"Anwendung und Empfehlungen\"}]},{\"@type\":\"WebSite\",\"@id\":\"https:\/\/www.unicoil.com.sa\/Unicoil-Beta-Update\/#website\",\"url\":\"https:\/\/www.unicoil.com.sa\/Unicoil-Beta-Update\/\",\"name\":\"UNICOIL\",\"description\":\"UNICOIL - A Leader in Steel Coil Coating and Prepainted Steels\",\"publisher\":{\"@id\":\"https:\/\/www.unicoil.com.sa\/Unicoil-Beta-Update\/#organization\"},\"potentialAction\":[{\"@type\":\"SearchAction\",\"target\":{\"@type\":\"EntryPoint\",\"urlTemplate\":\"https:\/\/www.unicoil.com.sa\/Unicoil-Beta-Update\/?s={search_term_string}\"},\"query-input\":\"required name=search_term_string\"}],\"inLanguage\":\"en-US\"},{\"@type\":\"Organization\",\"@id\":\"https:\/\/www.unicoil.com.sa\/Unicoil-Beta-Update\/#organization\",\"name\":\"UNICOIL\",\"url\":\"https:\/\/www.unicoil.com.sa\/Unicoil-Beta-Update\/\",\"logo\":{\"@type\":\"ImageObject\",\"inLanguage\":\"en-US\",\"@id\":\"https:\/\/www.unicoil.com.sa\/Unicoil-Beta-Update\/#\/schema\/logo\/image\/\",\"url\":\"https:\/\/www.unicoil.com.sa\/Unicoil-Beta-Update\/wp-content\/uploads\/UNICOIL-Logo-1.png\",\"contentUrl\":\"https:\/\/www.unicoil.com.sa\/Unicoil-Beta-Update\/wp-content\/uploads\/UNICOIL-Logo-1.png\",\"width\":1028,\"height\":617,\"caption\":\"UNICOIL\"},\"image\":{\"@id\":\"https:\/\/www.unicoil.com.sa\/Unicoil-Beta-Update\/#\/schema\/logo\/image\/\"}}]}<\/script>\n<!-- \/ Yoast SEO plugin. -->","yoast_head_json":{"title":"Anwendung und Empfehlungen - UNICOIL","robots":{"index":"index","follow":"follow","max-snippet":"max-snippet:-1","max-image-preview":"max-image-preview:large","max-video-preview":"max-video-preview:-1"},"canonical":"https:\/\/www.unicoil.com.sa\/Unicoil-Beta-Update\/de\/anwendung-und-empfehlungen\/","og_locale":"en_US","og_type":"article","og_title":"Anwendung und Empfehlungen - UNICOIL","og_description":"Bau: Stahltragwerk, abgeh\u00e4ngte Decken, Sandwichplatten, Leitungen, Deckenbleche, Pfetten und HVAC-Anwendungen Einrichtung: B\u00fcroausstattung Beh\u00e4lter: F\u00e4sser, Sturzb\u00fcgel und Gel\u00e4nder Haushaltsger\u00e4te: Klimaanlagen, K\u00fchlschr\u00e4nke, Waschmaschinen und Gefrierschr\u00e4nke Automobilbranche: Komponenten f\u00fcr den Innenausbau und Busaufbauten","og_url":"https:\/\/www.unicoil.com.sa\/Unicoil-Beta-Update\/de\/anwendung-und-empfehlungen\/","og_site_name":"UNICOIL","article_modified_time":"2022-10-10T11:27:20+00:00","twitter_card":"summary_large_image","twitter_misc":{"Est. reading time":"5 minutes"},"schema":{"@context":"https:\/\/schema.org","@graph":[{"@type":"WebPage","@id":"https:\/\/www.unicoil.com.sa\/Unicoil-Beta-Update\/de\/anwendung-und-empfehlungen\/","url":"https:\/\/www.unicoil.com.sa\/Unicoil-Beta-Update\/de\/anwendung-und-empfehlungen\/","name":"Anwendung und Empfehlungen - UNICOIL","isPartOf":{"@id":"https:\/\/www.unicoil.com.sa\/Unicoil-Beta-Update\/#website"},"datePublished":"2019-07-03T06:29:42+00:00","dateModified":"2022-10-10T11:27:20+00:00","breadcrumb":{"@id":"https:\/\/www.unicoil.com.sa\/Unicoil-Beta-Update\/de\/anwendung-und-empfehlungen\/#breadcrumb"},"inLanguage":"en-US","potentialAction":[{"@type":"ReadAction","target":["https:\/\/www.unicoil.com.sa\/Unicoil-Beta-Update\/de\/anwendung-und-empfehlungen\/"]}]},{"@type":"BreadcrumbList","@id":"https:\/\/www.unicoil.com.sa\/Unicoil-Beta-Update\/de\/anwendung-und-empfehlungen\/#breadcrumb","itemListElement":[{"@type":"ListItem","position":1,"name":"Home","item":"https:\/\/www.unicoil.com.sa\/Unicoil-Beta-Update\/en\/"},{"@type":"ListItem","position":2,"name":"Anwendung und Empfehlungen"}]},{"@type":"WebSite","@id":"https:\/\/www.unicoil.com.sa\/Unicoil-Beta-Update\/#website","url":"https:\/\/www.unicoil.com.sa\/Unicoil-Beta-Update\/","name":"UNICOIL","description":"UNICOIL - A Leader in Steel Coil Coating and Prepainted Steels","publisher":{"@id":"https:\/\/www.unicoil.com.sa\/Unicoil-Beta-Update\/#organization"},"potentialAction":[{"@type":"SearchAction","target":{"@type":"EntryPoint","urlTemplate":"https:\/\/www.unicoil.com.sa\/Unicoil-Beta-Update\/?s={search_term_string}"},"query-input":"required name=search_term_string"}],"inLanguage":"en-US"},{"@type":"Organization","@id":"https:\/\/www.unicoil.com.sa\/Unicoil-Beta-Update\/#organization","name":"UNICOIL","url":"https:\/\/www.unicoil.com.sa\/Unicoil-Beta-Update\/","logo":{"@type":"ImageObject","inLanguage":"en-US","@id":"https:\/\/www.unicoil.com.sa\/Unicoil-Beta-Update\/#\/schema\/logo\/image\/","url":"https:\/\/www.unicoil.com.sa\/Unicoil-Beta-Update\/wp-content\/uploads\/UNICOIL-Logo-1.png","contentUrl":"https:\/\/www.unicoil.com.sa\/Unicoil-Beta-Update\/wp-content\/uploads\/UNICOIL-Logo-1.png","width":1028,"height":617,"caption":"UNICOIL"},"image":{"@id":"https:\/\/www.unicoil.com.sa\/Unicoil-Beta-Update\/#\/schema\/logo\/image\/"}}]}},"_links":{"self":[{"href":"https:\/\/www.unicoil.com.sa\/Unicoil-Beta-Update\/wp-json\/wp\/v2\/pages\/15477"}],"collection":[{"href":"https:\/\/www.unicoil.com.sa\/Unicoil-Beta-Update\/wp-json\/wp\/v2\/pages"}],"about":[{"href":"https:\/\/www.unicoil.com.sa\/Unicoil-Beta-Update\/wp-json\/wp\/v2\/types\/page"}],"author":[{"embeddable":true,"href":"https:\/\/www.unicoil.com.sa\/Unicoil-Beta-Update\/wp-json\/wp\/v2\/users\/3"}],"replies":[{"embeddable":true,"href":"https:\/\/www.unicoil.com.sa\/Unicoil-Beta-Update\/wp-json\/wp\/v2\/comments?post=15477"}],"version-history":[{"count":2,"href":"https:\/\/www.unicoil.com.sa\/Unicoil-Beta-Update\/wp-json\/wp\/v2\/pages\/15477\/revisions"}],"predecessor-version":[{"id":22945,"href":"https:\/\/www.unicoil.com.sa\/Unicoil-Beta-Update\/wp-json\/wp\/v2\/pages\/15477\/revisions\/22945"}],"wp:attachment":[{"href":"https:\/\/www.unicoil.com.sa\/Unicoil-Beta-Update\/wp-json\/wp\/v2\/media?parent=15477"}],"curies":[{"name":"wp","href":"https:\/\/api.w.org\/{rel}","templated":true}]}}