{"id":15546,"date":"2019-07-03T07:25:25","date_gmt":"2019-07-03T07:25:25","guid":{"rendered":"http:\/\/www.unicoil.sa\/?page_id=15546"},"modified":"2019-07-03T07:25:33","modified_gmt":"2019-07-03T07:25:33","slug":"shinko-jidar-fr","status":"publish","type":"page","link":"https:\/\/www.unicoil.com.sa\/Unicoil-Beta-Update\/fr\/shinko-jidar-fr\/","title":{"rendered":"Shinko Jidar"},"content":{"rendered":"<div class=\"row clearfix\">\r\n\r\n<div class=\"box three \">\r\n<div class=\"box-conts\"><img decoding=\"async\" loading=\"lazy\" src=\"\/wp-content\/uploads\/2017\/03\/shinko-jidar.png\" alt=\"Shinko Jidar\" width=\"250\" height=\"96\" class=\"aligncenter size-full wp-image-3429\" style=\"margin-top: 42px; margin-bottom: 42px;\" \/><\/div>\r\n<\/div>\r\n\r\n<div class=\"box two-three \">\r\n<hr class=\"style-four margin-t0 margin-b5 \"  data-rt-animate=\"animate\" data-rt-animation-type=\"fadeInDown\" data-rt-animation-group=\"single\" >\r\n<p>SHINKO JIDAR est un acier profil\u00e9 pr\u00e9laqu\u00e9 d\u00e9velopp\u00e9 sp\u00e9cialement pour les applications de cl\u00f4turage et de parement.<\/p>\r\n<h3>Normes<\/h3>\r\n<p><strong>Substrat :<\/strong> ASTM A653\/A653M  <br \/>\r\n<strong>Rev\u00eatement de peinture :<\/strong>  ASTM  A755\/755M <br \/> &nbsp;<\/p>\r\n\r\n<hr class=\"style-four margin-t0 margin-b0 \"  data-rt-animate=\"animate\" data-rt-animation-type=\"fadeInDown\" data-rt-animation-group=\"single\" >\r\n<\/div>\r\n\r\n<\/div>\r\n\r\n<div class=\"clearfix\" style=\"height:20px\"><\/div>\r\n\r\n<div class=\"shortcode_tabs tab-style-three\" data-rt-animate=\"animate\" data-rt-animation-type=\"fadeIn\" data-rt-animation-group=\"single\"><div class=\"tabs_wrap\"><ul class=\"tabs clearfix\"><li class=\"with_icon\"><a href=\"#\"><span class=\"icon-doc-alt icon-large\"><\/span> Description g\u00e9n\u00e9rale<\/a><\/li><li class=\"with_icon\"><a href=\"#\"><span class=\"icon-cog-alt icon-large\"><\/span> Donn\u00e9es techniques<\/a><\/li><li class=\"with_icon\"><a href=\"#\"><span class=\"icon-download icon-large\"><\/span> T\u00e9l\u00e9chargements<\/a><\/li><\/ul><div class=\"panes\">\r\n\r\n <div class=\"pane fluid\">\r\n\r\n<p>Shinko Jidar est un acier galvanis\u00e9 pr\u00e9laqu\u00e9 avec un motif imprim\u00e9 de briques rouges donnant l&#8217;aspect d&#8217;un mur de briques naturel.<\/p>\r\n\r\n<div class=\"row clearfix\">\r\n\r\n<div class=\"box two \">\r\n<h3>Substrat<\/h3>\r\n<p>Acier galvanis\u00e9, G30 au minimum<\/p>\r\n\r\n<div class=\"clearfix\" style=\"height:20px\"><\/div>\r\n\r\n<h3>Usages standard<\/h3>\r\n<p>Cl\u00f4turage et parement<\/p>\r\n<\/div>\r\n\r\n<div class=\"box two \">\r\n<h3>Motif (finition quadrillage)<\/h3>\r\n<table>\r\n <tr>\r\n   <td><img decoding=\"async\" loading=\"lazy\" src=\"\/wp-content\/uploads\/2017\/03\/shinko-jidar-pattern01.jpg\" alt=\"shinko-jidar-pattern01\" width=\"280\" height=\"190\" class=\"aligncenter size-full wp-image-3470\" \/><\/td>\r\n   <td>&nbsp;<\/td>\r\n   <td><img decoding=\"async\" loading=\"lazy\" src=\"\/wp-content\/uploads\/2017\/03\/shinko-jidar-pattern02.jpg\" alt=\"shinko-jidar-pattern02\" width=\"280\" height=\"190\" class=\"aligncenter size-full wp-image-3471\" \/><\/td>\r\n <\/tr>\r\n<\/table>\r\n<\/div>\r\n\r\n<\/div>\r\n\r\n\r\n\r\n\r\n<div class=\"row clearfix\">\r\n\r\n<div class=\"box two-three \">\r\n<div style=\"margin-right: 30px;\">\r\n<h3>Dimensions: <span style=\"font-size: 12px;\">(produits de fourniture normale)<\/span><\/h3>\r\n<table class=\"rwd-table\">\r\n <tr>\r\n  <th>\u00c9paisseur (mm)<\/th>\r\n  <th>Largeur (mm)<\/th>\r\n <\/tr>\r\n <tr>\r\n   <td data-th=\"\u00c9paisseur (mm)\">De 0,30 \u00e0 0,50<\/td>\r\n   <td data-th=\"Largeur (mm)\">1 219 mm<\/td>\r\n <\/tr>\r\n<\/table>\r\n<p>Pour des dimensions sp\u00e9cifiques, veuillez contacter le Service des ventes et du marketing.<\/p>\r\n<\/div>\r\n<\/div>\r\n\r\n<div class=\"box three \">\r\n&nbsp;\r\n<\/div>\r\n\r\n\r\n<\/div>\r\n\r\n\r\n\r\n\r\n\r\n<\/div>\r\n\r\n <div class=\"pane fluid\">\r\n\r\n<table class=\"rwd-table\">\r\n  <tr>\r\n    <th>Pr\u00e9traitement<\/th>\r\n    <td data-th=\"Pr\u00e9traitement\"> Couche de conversion exclusive r\u00e9sistante \u00e0 la corrosion sur chaque face.<\/td>\r\n  <\/tr>\r\n  <tr>\r\n    <th>Couche de fond<\/th>\r\n    <td data-th=\"Couche de fond\"> Rev\u00eatement formul\u00e9 sur mesure \u00e0 base de polyester  <br \/> \u00c9paisseur nominale \u2013 10 microns sur la face ext\u00e9rieure<br \/> COULEUR BRIQUE ROUGE<\/td>\r\n  <\/tr>\r\n  <tr>\r\n    <th>Motif (finition quadrillage)<\/th>\r\n    <td data-th=\"Motif (finition quadrillage)\"> Encre \u00e0 base de polyester modifi\u00e9e de 2 \u2013 3 microns d&#8217;\u00e9paisseur dans le motif.<br \/> Un quadrillage de COULEUR BLANCHE OU NOIRE peut \u00eatre fourni.\r\n<\/td>\r\n  <\/tr>\r\n  <tr>\r\n    <th>Couche de finition<\/th>\r\n    <td data-th=\"Couche de finition\"> Vernis polyester incolore.  <br \/> \u00c9paisseur nominale \u2013 10 microns<\/td>\r\n  <\/tr>\r\n  <tr>\r\n    <th>Couche dorsale<\/th>\r\n    <td data-th=\"Couche dorsale\"> Couche dorsale grise formul\u00e9e sur mesure<br \/> \u00c9paisseur nominale \u2013 5 microns.<\/td>\r\n  <\/tr>\r\n  <tr>\r\n    <th>Brillance (60\u02da)<\/th>\r\n    <td data-th=\"Brillance (60\u02da)\"> Haute brillance<\/td>\r\n  <\/tr>\r\n  \r\n<\/table>\r\n\r\n\r\n\r\n<div class=\"clearfix\" style=\"height:10px\"><\/div>\r\n\r\n<h4>Propri\u00e9t\u00e9s de peinture garanties<\/h4>\r\n<table class=\"rwd-table\">\r\n  <tr>\r\n    <th>Test<\/th>\r\n    <th>M\u00e9thode de test<\/th>\r\n    <th>Description<\/th>\r\n    <th>R\u00e9sultats<\/th>\r\n  <\/tr>\r\n  <tr>\r\n    <td data-th=\"Test\">Duret\u00e9 (crayon)<\/td>\r\n    <td data-th=\"M\u00e9thode de test\">ASTM D 3363<\/td>\r\n    <td data-th=\"Description\">Crayon<\/td>\r\n    <td data-th=\"R\u00e9sultats\">HB ou plus dur<\/td>\r\n  <\/tr>\r\n  <tr>\r\n    <td data-th=\"Test\">Adh\u00e9rence \u2013 Pliage T<\/td>\r\n    <td data-th=\"M\u00e9thode de test\">ASTM D 4145<\/td>\r\n    <td data-th=\"Description\">Pliage T<\/td>\r\n    <td data-th=\"R\u00e9sultats\">5 T ou moins<\/td>\r\n  <\/tr>\r\n  <tr>\r\n    <td data-th=\"Test\">Adh\u00e9rence \u2013 Choc inverse<\/td>\r\n    <td data-th=\"M\u00e9thode de test\">ASTM D 2794<\/td>\r\n    <td data-th=\"Description\">Choc inverse<\/td>\r\n    <td data-th=\"R\u00e9sultats\"> > 10 joules<\/td>\r\n  <\/tr>\r\n  <tr>\r\n    <td data-th=\"Test\">Brillance 60\u02da (%)<\/td>\r\n    <td data-th=\"M\u00e9thode de test\">ASTM D 523<\/td>\r\n    <td data-th=\"Description\">Brillance <\/td>\r\n    <td data-th=\"R\u00e9sultats\">80-95 %<\/td>\r\n  <\/tr>\r\n\r\n<\/table>\r\n\r\n<\/div>\r\n\r\n <div class=\"pane fluid\">\r\n<a href=\"\/wp-content\/uploads\/2017\/03\/shinko-jidar-technicaldata.pdf\" target=\"_blank\" rel=\"noopener noreferrer\"><img decoding=\"async\" src=\"\/wp-content\/uploads\/2017\/03\/unnamed.png\" alt=\"unnamed\" width=\"50\" class=\"alignleft size-full wp-image-3150\" srcset=\"https:\/\/www.unicoil.com.sa\/Unicoil-Beta-Update\/wp-content\/uploads\/2017\/03\/unnamed.png 170w, https:\/\/www.unicoil.com.sa\/Unicoil-Beta-Update\/wp-content\/uploads\/2017\/03\/unnamed-150x150.png 150w\" sizes=\"(max-width: 170px) 100vw, 170px\" \/><h3 style=\"margin-top: 15px;\"> Fiche technique<\/h3><\/a>\r\n<div class=\"clearfix\" style=\"height:10px\"><\/div>\r\n\r\n<a href=\"\/wp-content\/uploads\/2017\/03\/shinko-jidar-flyer.pdf\" target=\"_blank\" rel=\"noopener noreferrer\"><img decoding=\"async\" src=\"\/wp-content\/uploads\/2017\/03\/unnamed.png\" alt=\"unnamed\" width=\"50\" class=\"alignleft size-full wp-image-3150\" srcset=\"https:\/\/www.unicoil.com.sa\/Unicoil-Beta-Update\/wp-content\/uploads\/2017\/03\/unnamed.png 170w, https:\/\/www.unicoil.com.sa\/Unicoil-Beta-Update\/wp-content\/uploads\/2017\/03\/unnamed-150x150.png 150w\" sizes=\"(max-width: 170px) 100vw, 170px\" \/><h3 style=\"margin-top: 15px;\"> D\u00e9pliant promotionnel<\/h3><\/a>\r\n\r\n<\/div>\r\n\r\n\r\n<\/div><\/div><\/div>\r\n\r\n\r\n\r\n\r\n\r\n\r\n","protected":false},"excerpt":{"rendered":"","protected":false},"author":3,"featured_media":0,"parent":0,"menu_order":0,"comment_status":"closed","ping_status":"closed","template":"","meta":{"footnotes":""},"yoast_head":"<!-- This site is optimized with the Yoast SEO plugin v21.4 - https:\/\/yoast.com\/wordpress\/plugins\/seo\/ -->\n<title>Shinko Jidar - UNICOIL<\/title>\n<meta name=\"robots\" content=\"index, follow, max-snippet:-1, max-image-preview:large, max-video-preview:-1\" \/>\n<link rel=\"canonical\" href=\"https:\/\/www.unicoil.com.sa\/Unicoil-Beta-Update\/fr\/shinko-jidar-fr\/\" \/>\n<meta property=\"og:locale\" content=\"en_US\" \/>\n<meta property=\"og:type\" content=\"article\" \/>\n<meta property=\"og:title\" content=\"Shinko Jidar - UNICOIL\" \/>\n<meta property=\"og:url\" content=\"https:\/\/www.unicoil.com.sa\/Unicoil-Beta-Update\/fr\/shinko-jidar-fr\/\" \/>\n<meta property=\"og:site_name\" content=\"UNICOIL\" \/>\n<meta property=\"article:modified_time\" content=\"2019-07-03T07:25:33+00:00\" \/>\n<meta name=\"twitter:card\" content=\"summary_large_image\" \/>\n<meta name=\"twitter:label1\" content=\"Est. reading time\" \/>\n\t<meta name=\"twitter:data1\" content=\"2 minutes\" \/>\n<script type=\"application\/ld+json\" class=\"yoast-schema-graph\">{\"@context\":\"https:\/\/schema.org\",\"@graph\":[{\"@type\":\"WebPage\",\"@id\":\"https:\/\/www.unicoil.com.sa\/Unicoil-Beta-Update\/fr\/shinko-jidar-fr\/\",\"url\":\"https:\/\/www.unicoil.com.sa\/Unicoil-Beta-Update\/fr\/shinko-jidar-fr\/\",\"name\":\"Shinko Jidar - UNICOIL\",\"isPartOf\":{\"@id\":\"https:\/\/www.unicoil.com.sa\/Unicoil-Beta-Update\/#website\"},\"datePublished\":\"2019-07-03T07:25:25+00:00\",\"dateModified\":\"2019-07-03T07:25:33+00:00\",\"breadcrumb\":{\"@id\":\"https:\/\/www.unicoil.com.sa\/Unicoil-Beta-Update\/fr\/shinko-jidar-fr\/#breadcrumb\"},\"inLanguage\":\"en-US\",\"potentialAction\":[{\"@type\":\"ReadAction\",\"target\":[\"https:\/\/www.unicoil.com.sa\/Unicoil-Beta-Update\/fr\/shinko-jidar-fr\/\"]}]},{\"@type\":\"BreadcrumbList\",\"@id\":\"https:\/\/www.unicoil.com.sa\/Unicoil-Beta-Update\/fr\/shinko-jidar-fr\/#breadcrumb\",\"itemListElement\":[{\"@type\":\"ListItem\",\"position\":1,\"name\":\"Home\",\"item\":\"https:\/\/www.unicoil.com.sa\/Unicoil-Beta-Update\/en\/\"},{\"@type\":\"ListItem\",\"position\":2,\"name\":\"Shinko Jidar\"}]},{\"@type\":\"WebSite\",\"@id\":\"https:\/\/www.unicoil.com.sa\/Unicoil-Beta-Update\/#website\",\"url\":\"https:\/\/www.unicoil.com.sa\/Unicoil-Beta-Update\/\",\"name\":\"UNICOIL\",\"description\":\"UNICOIL - A Leader in Steel Coil Coating and Prepainted Steels\",\"publisher\":{\"@id\":\"https:\/\/www.unicoil.com.sa\/Unicoil-Beta-Update\/#organization\"},\"potentialAction\":[{\"@type\":\"SearchAction\",\"target\":{\"@type\":\"EntryPoint\",\"urlTemplate\":\"https:\/\/www.unicoil.com.sa\/Unicoil-Beta-Update\/?s={search_term_string}\"},\"query-input\":\"required name=search_term_string\"}],\"inLanguage\":\"en-US\"},{\"@type\":\"Organization\",\"@id\":\"https:\/\/www.unicoil.com.sa\/Unicoil-Beta-Update\/#organization\",\"name\":\"UNICOIL\",\"url\":\"https:\/\/www.unicoil.com.sa\/Unicoil-Beta-Update\/\",\"logo\":{\"@type\":\"ImageObject\",\"inLanguage\":\"en-US\",\"@id\":\"https:\/\/www.unicoil.com.sa\/Unicoil-Beta-Update\/#\/schema\/logo\/image\/\",\"url\":\"https:\/\/www.unicoil.com.sa\/Unicoil-Beta-Update\/wp-content\/uploads\/UNICOIL-Logo-1.png\",\"contentUrl\":\"https:\/\/www.unicoil.com.sa\/Unicoil-Beta-Update\/wp-content\/uploads\/UNICOIL-Logo-1.png\",\"width\":1028,\"height\":617,\"caption\":\"UNICOIL\"},\"image\":{\"@id\":\"https:\/\/www.unicoil.com.sa\/Unicoil-Beta-Update\/#\/schema\/logo\/image\/\"}}]}<\/script>\n<!-- \/ Yoast SEO plugin. -->","yoast_head_json":{"title":"Shinko Jidar - UNICOIL","robots":{"index":"index","follow":"follow","max-snippet":"max-snippet:-1","max-image-preview":"max-image-preview:large","max-video-preview":"max-video-preview:-1"},"canonical":"https:\/\/www.unicoil.com.sa\/Unicoil-Beta-Update\/fr\/shinko-jidar-fr\/","og_locale":"en_US","og_type":"article","og_title":"Shinko Jidar - UNICOIL","og_url":"https:\/\/www.unicoil.com.sa\/Unicoil-Beta-Update\/fr\/shinko-jidar-fr\/","og_site_name":"UNICOIL","article_modified_time":"2019-07-03T07:25:33+00:00","twitter_card":"summary_large_image","twitter_misc":{"Est. reading time":"2 minutes"},"schema":{"@context":"https:\/\/schema.org","@graph":[{"@type":"WebPage","@id":"https:\/\/www.unicoil.com.sa\/Unicoil-Beta-Update\/fr\/shinko-jidar-fr\/","url":"https:\/\/www.unicoil.com.sa\/Unicoil-Beta-Update\/fr\/shinko-jidar-fr\/","name":"Shinko Jidar - UNICOIL","isPartOf":{"@id":"https:\/\/www.unicoil.com.sa\/Unicoil-Beta-Update\/#website"},"datePublished":"2019-07-03T07:25:25+00:00","dateModified":"2019-07-03T07:25:33+00:00","breadcrumb":{"@id":"https:\/\/www.unicoil.com.sa\/Unicoil-Beta-Update\/fr\/shinko-jidar-fr\/#breadcrumb"},"inLanguage":"en-US","potentialAction":[{"@type":"ReadAction","target":["https:\/\/www.unicoil.com.sa\/Unicoil-Beta-Update\/fr\/shinko-jidar-fr\/"]}]},{"@type":"BreadcrumbList","@id":"https:\/\/www.unicoil.com.sa\/Unicoil-Beta-Update\/fr\/shinko-jidar-fr\/#breadcrumb","itemListElement":[{"@type":"ListItem","position":1,"name":"Home","item":"https:\/\/www.unicoil.com.sa\/Unicoil-Beta-Update\/en\/"},{"@type":"ListItem","position":2,"name":"Shinko Jidar"}]},{"@type":"WebSite","@id":"https:\/\/www.unicoil.com.sa\/Unicoil-Beta-Update\/#website","url":"https:\/\/www.unicoil.com.sa\/Unicoil-Beta-Update\/","name":"UNICOIL","description":"UNICOIL - A Leader in Steel Coil Coating and Prepainted Steels","publisher":{"@id":"https:\/\/www.unicoil.com.sa\/Unicoil-Beta-Update\/#organization"},"potentialAction":[{"@type":"SearchAction","target":{"@type":"EntryPoint","urlTemplate":"https:\/\/www.unicoil.com.sa\/Unicoil-Beta-Update\/?s={search_term_string}"},"query-input":"required name=search_term_string"}],"inLanguage":"en-US"},{"@type":"Organization","@id":"https:\/\/www.unicoil.com.sa\/Unicoil-Beta-Update\/#organization","name":"UNICOIL","url":"https:\/\/www.unicoil.com.sa\/Unicoil-Beta-Update\/","logo":{"@type":"ImageObject","inLanguage":"en-US","@id":"https:\/\/www.unicoil.com.sa\/Unicoil-Beta-Update\/#\/schema\/logo\/image\/","url":"https:\/\/www.unicoil.com.sa\/Unicoil-Beta-Update\/wp-content\/uploads\/UNICOIL-Logo-1.png","contentUrl":"https:\/\/www.unicoil.com.sa\/Unicoil-Beta-Update\/wp-content\/uploads\/UNICOIL-Logo-1.png","width":1028,"height":617,"caption":"UNICOIL"},"image":{"@id":"https:\/\/www.unicoil.com.sa\/Unicoil-Beta-Update\/#\/schema\/logo\/image\/"}}]}},"_links":{"self":[{"href":"https:\/\/www.unicoil.com.sa\/Unicoil-Beta-Update\/wp-json\/wp\/v2\/pages\/15546"}],"collection":[{"href":"https:\/\/www.unicoil.com.sa\/Unicoil-Beta-Update\/wp-json\/wp\/v2\/pages"}],"about":[{"href":"https:\/\/www.unicoil.com.sa\/Unicoil-Beta-Update\/wp-json\/wp\/v2\/types\/page"}],"author":[{"embeddable":true,"href":"https:\/\/www.unicoil.com.sa\/Unicoil-Beta-Update\/wp-json\/wp\/v2\/users\/3"}],"replies":[{"embeddable":true,"href":"https:\/\/www.unicoil.com.sa\/Unicoil-Beta-Update\/wp-json\/wp\/v2\/comments?post=15546"}],"version-history":[{"count":1,"href":"https:\/\/www.unicoil.com.sa\/Unicoil-Beta-Update\/wp-json\/wp\/v2\/pages\/15546\/revisions"}],"predecessor-version":[{"id":15547,"href":"https:\/\/www.unicoil.com.sa\/Unicoil-Beta-Update\/wp-json\/wp\/v2\/pages\/15546\/revisions\/15547"}],"wp:attachment":[{"href":"https:\/\/www.unicoil.com.sa\/Unicoil-Beta-Update\/wp-json\/wp\/v2\/media?parent=15546"}],"curies":[{"name":"wp","href":"https:\/\/api.w.org\/{rel}","templated":true}]}}