{"id":15570,"date":"2019-07-03T07:39:35","date_gmt":"2019-07-03T07:39:35","guid":{"rendered":"http:\/\/www.unicoil.sa\/?page_id=15570"},"modified":"2019-07-03T07:39:45","modified_gmt":"2019-07-03T07:39:45","slug":"molawan-antibacterial-de","status":"publish","type":"page","link":"https:\/\/www.unicoil.com.sa\/Unicoil-Beta-Update\/de\/molawan-antibacterial-de\/","title":{"rendered":"Molawan AntiBacterial"},"content":{"rendered":"<div class=\"row clearfix\">\r\n\r\n<div class=\"box three \">\r\n<div class=\"box-conts\"><img decoding=\"async\" loading=\"lazy\" src=\"\/wp-content\/uploads\/2017\/03\/molawan-antibacterial02.png\" alt=\"Molawan AntiBacterial\" width=\"250\" height=\"96\" class=\"aligncenter size-full wp-image-3429\" style=\"margin-top: 35px; margin-bottom: 35px;\" \/><\/div>\r\n<\/div>\r\n\r\n<div class=\"box two-three \">\r\n<hr class=\"style-four margin-t0 margin-b5 \"  data-rt-animate=\"animate\" data-rt-animation-type=\"fadeInDown\" data-rt-animation-group=\"single\" >\r\n<p>Bei Molawan AntiBacterial handelt es sich um kosteng\u00fcnstigen vorlackierten Stahl mit mikrobiologischen Schutzeigenschaften f\u00fcr den Einsatz im Innen- und Au\u00dfenbereich.<\/p>\r\n<h3>Normen<\/h3>\r\n<p><strong>Tr\u00e4germaterial :<\/strong> ASTM A653\/A653M  <br \/>\r\n<strong>Lackbeschichtung :<\/strong>  ASTM  A755\/755M <br \/> &nbsp;<\/p>\r\n\r\n<hr class=\"style-four margin-t0 margin-b0 \"  data-rt-animate=\"animate\" data-rt-animation-type=\"fadeInDown\" data-rt-animation-group=\"single\" >\r\n<\/div>\r\n\r\n<\/div>\r\n\r\n<div class=\"clearfix\" style=\"height:20px\"><\/div>\r\n\r\n<div class=\"shortcode_tabs tab-style-three\" data-rt-animate=\"animate\" data-rt-animation-type=\"fadeIn\" data-rt-animation-group=\"single\"><div class=\"tabs_wrap\"><ul class=\"tabs clearfix\"><li class=\"with_icon\"><a href=\"#\"><span class=\"icon-doc-alt icon-large\"><\/span> Allgemeine Beschreibung<\/a><\/li><li class=\"with_icon\"><a href=\"#\"><span class=\"icon-cog-alt icon-large\"><\/span> Technische Daten<\/a><\/li><li class=\"with_icon\"><a href=\"#\"><span class=\"icon-gauge icon-large\"><\/span> Produktleistung<\/a><\/li><li class=\"with_icon\"><a href=\"#\"><span class=\"icon-download icon-large\"><\/span> Herunterladen<\/a><\/li><\/ul><div class=\"panes\">\r\n\r\n <div class=\"pane fluid\">\r\n\r\n<p>Bei Molawan AntiBacterial handelt es sich um kosteng\u00fcnstigen vorlackierten Stahl mit mikrobiologischen Schutzeigenschaften f\u00fcr den Einsatz im Innen- und Au\u00dfenbereich. Das Lacksystem umfasst antibakterielle Wirkstoffe, die auf der Wetterseite mit einer Schichtst\u00e4rke von 20 \u03bcm auf ein verzinktes Tr\u00e4germaterial mit einer Beschichtungsst\u00e4rke von min. 90 g\/m\u00b2 aufgebracht werden. Die antibakteriellen Wirkstoffe im Lack verhindern Geruchsbildung und das Wachstum von Bakterien, die einen Verderb enthaltener Produkte verursachen k\u00f6nnten.<\/p>\r\n\r\n<h3>Tr\u00e4germaterial<\/h3>\r\n<p>Verzinkter Stahl, min. G30 (90 g\/m\u00b2).<br \/>\r\n<strong>Klasse :<\/strong> CS Typ A &#038; B, FS Typ A &#038; B, SS33, SS40 &#038; SS50\r\n<\/p>\r\n\r\n<div class=\"clearfix\" style=\"height:20px\"><\/div>\r\n\r\n<h3>Typische Verwendung<\/h3>\r\n<p>D\u00e4cher und Fassaden, Sandwichplatten, K\u00fchlr\u00e4ume, Reinr\u00e4ume, Haushaltsger\u00e4te, K-Profile, Klappen, T\u00fcrrahmen<\/p>\r\n\r\n<div class=\"clearfix\" style=\"height:20px\"><\/div>\r\n\r\n<h3Abmessungen:<\/h3>\r\n<table class=\"rwd-table\">\r\n <tr>\r\n  <th>St\u00e4rke* (mm)<\/th>\r\n  <th>Breite** (mm)<\/th>\r\n <\/tr>\r\n <tr>\r\n   <td data-th=\"St\u00e4rke* (mm)\">0,30 bis 1,20<\/td>\r\n   <td data-th=\"Breite** (mm)\">50 bis 1320<\/td>\r\n <\/tr>\r\n<\/table>\r\n<p><strong>*<\/strong> Die min. St\u00e4rke f\u00fcr Klasse SS50 betr\u00e4gt 0,50 mm.  <br \/>\r\n<strong>**<\/strong> Breiten unter 1000 mm werden mit Spaltkante geliefert.  <br \/>                                                                                                                                                           \r\n Spezifische Abmessungen erhalten Sie von der Vertriebs- und Marketingabteilung.<\/p>\r\n\r\n\r\n<\/div>\r\n\r\n <div class=\"pane fluid\">\r\n\r\n<table class=\"rwd-table\">\r\n  <tr>\r\n    <th>Vorbehandlung<\/th>\r\n    <td data-th=\"Vorbehandlung\"> Korrosionsschutz: propriet\u00e4re Konversionsbeschichtung auf beiden Seiten<\/td>\r\n  <\/tr>\r\n  <tr>\r\n    <th>Grundierung<\/th>\r\n    <td data-th=\"Grundierung\"> Universelle korrosionshemmende Grundierung  <br \/> Nennst\u00e4rke: 5 \u03bcm auf beiden Seiten<\/td>\r\n  <\/tr>\r\n  <tr>\r\n    <th>Decklack<\/th>\r\n    <td data-th=\"Decklack\"> Kundenspezifisches System mit antibakteriellem Wirkstoff.<br \/>Nennst\u00e4rke: 15 \u03bcm auf der Ober- bzw. Wetterseite.\r\n<\/td>\r\n  <\/tr>\r\n  <tr>\r\n    <th>R\u00fcckenbeschichtung<\/th>\r\n    <td data-th=\"R\u00fcckenbeschichtung\"> Kundenspezifischer cremefarbener Lack auf Polyesterbasis.<br \/> Nennst\u00e4rke: 5 \u03bcm.  <br \/> Schaumvertr\u00e4gliche R\u00fcckenbeschichtung auf Anfrage.  <br \/> R\u00fcckenbeschichtung kann in der Farbe und der St\u00e4rke des Decklacks erfolgen.<\/td>\r\n  <\/tr>\r\n  <tr>\r\n    <th>Glanzlack (60\u02da)<\/th>\r\n    <td data-th=\"Glanzlack (60\u02da)\"> Mittlerer Glanz.<br \/> Weitere Glanzstufen auf Anfrage.<\/td>\r\n  <\/tr>\r\n  \r\n<\/table>\r\n\r\n\r\n\r\n<div class=\"clearfix\" style=\"height:20px\"><\/div>\r\n\r\n<h4>Garantierte Lackeigenschaften<\/h4>\r\n<table class=\"rwd-table\">\r\n  <tr>\r\n    <th>Test<\/th>\r\n    <th>Testverfahren<\/th>\r\n    <th>Beschreibung<\/th>\r\n    <th>Ergebnisse<\/th>\r\n  <\/tr>\r\n  <tr>\r\n    <td data-th=\"Test\">H\u00e4rte (Bleistift)<\/td>\r\n    <td data-th=\"Testverfahren\">ASTM D 3363<\/td>\r\n    <td data-th=\"Beschreibung\">Bleistift<\/td>\r\n    <td data-th=\"Ergebnisse\">F oder h\u00e4rter<\/td>\r\n  <\/tr>\r\n  <tr>\r\n    <td data-th=\"Test\">Haftung \u2013 T-Biegung<\/td>\r\n    <td data-th=\"Testverfahren\">ASTM D 4145<\/td>\r\n    <td data-th=\"Beschreibung\">T-Biegung<\/td>\r\n    <td data-th=\"Ergebnisse\">3T oder weniger<\/td>\r\n  <\/tr>\r\n  <tr>\r\n    <td data-th=\"Test\">Flexibilit\u00e4t<\/td>\r\n    <td data-th=\"Testverfahren\">ASTM D 4145<\/td>\r\n    <td data-th=\"Beschreibung\">T-Biegung<\/td>\r\n    <td data-th=\"Ergebnisse\">3T oder weniger (ohne Rissbildung)<\/td>\r\n  <\/tr>\r\n  <tr>\r\n    <td data-th=\"Test\">Haftung \u2013 Reverse Impact<\/td>\r\n    <td data-th=\"Testverfahren\">ASTM D 2794<\/td>\r\n    <td data-th=\"Beschreibung\">Reverse Impact<\/td>\r\n    <td data-th=\"Ergebnisse\"> > 10 Joule<\/td>\r\n  <\/tr>\r\n  <tr>\r\n    <td data-th=\"Test\">Kreuzschliff<\/td>\r\n    <td data-th=\"Testverfahren\">ASTM D 3359<\/td>\r\n    <td data-th=\"Beschreibung\">Kreuzschliff<\/td>\r\n    <td data-th=\"Ergebnisse\"> > Keine Lackentfernung<\/td>\r\n  <\/tr>\r\n  <tr>\r\n    <td data-th=\"Test\">Glanzlack 60\u02da (%)<\/td>\r\n    <td data-th=\"Testverfahren\">ASTM D 523<\/td>\r\n    <td data-th=\"Beschreibung\">Glanzlack <\/td>\r\n    <td data-th=\"Ergebnisse\">30-80<\/td>\r\n  <\/tr>\r\n\r\n<\/table>\r\n\r\n<\/div>\r\n\r\n <div class=\"pane fluid\">\r\n<h4>Nenneigenschaften der Produkte<\/h4>\r\n<table class=\"rwd-table\">\r\n  <tr>\r\n    <th>Eigenschaft<\/th>\r\n    <th>Testverfahren<\/th>\r\n    <th>Beschreibung<\/th>\r\n    <th>Ergebnisse<\/th>\r\n  <\/tr>\r\n  <tr>\r\n    <td data-th=\"Eigenschaft\">Best\u00e4ndigkeit gegen Mikroorganismen<\/td>\r\n    <td data-th=\"Testverfahren\">ASTM E 2180<\/td>\r\n    <td data-th=\"Beschreibung\">24 Stunden<\/td>\r\n    <td data-th=\"Ergebnisse\">24 Stunden  <br \/> Staphylococcus aureus, <br \/> E Coli: Reduzierung um min. 99 %<\/td>\r\n  <\/tr>\r\n  \r\n<\/table>\r\n\r\n\r\n<\/div>\r\n\r\n <div class=\"pane fluid\">\r\n<a href=\"\/wp-content\/uploads\/2017\/03\/molawan-antibacterial-technical-datasheet.pdf\" target=\"_blank\" rel=\"noopener noreferrer\"><img decoding=\"async\" src=\"\/wp-content\/uploads\/2017\/03\/unnamed.png\" alt=\"unnamed\" width=\"50\" class=\"alignleft size-full wp-image-3150 pdficon\" srcset=\"https:\/\/www.unicoil.com.sa\/Unicoil-Beta-Update\/wp-content\/uploads\/2017\/03\/unnamed.png 170w, https:\/\/www.unicoil.com.sa\/Unicoil-Beta-Update\/wp-content\/uploads\/2017\/03\/unnamed-150x150.png 150w\" sizes=\"(max-width: 170px) 100vw, 170px\" \/><h3 style=\"margin-top: 15px;\"> technisches Datenblatt<\/h3><\/a>\r\n\r\n<div class=\"clearfix\" style=\"height:30px\"><\/div>\r\n\r\n<a href=\"\/wp-content\/uploads\/2017\/03\/molawan-antibacterial-en-flyer.pdf\" target=\"_blank\" rel=\"noopener noreferrer\"><img decoding=\"async\" src=\"\/wp-content\/uploads\/2017\/03\/unnamed.png\" alt=\"unnamed\" width=\"50\" class=\"alignleft size-full wp-image-3150 pdficon\" srcset=\"https:\/\/www.unicoil.com.sa\/Unicoil-Beta-Update\/wp-content\/uploads\/2017\/03\/unnamed.png 170w, https:\/\/www.unicoil.com.sa\/Unicoil-Beta-Update\/wp-content\/uploads\/2017\/03\/unnamed-150x150.png 150w\" sizes=\"(max-width: 170px) 100vw, 170px\" \/><h3 style=\"margin-top: 15px;\"> Werbe Flyer<\/h3><\/a>\r\n\r\n<\/div>\r\n\r\n\r\n<\/div><\/div><\/div>\r\n\r\n\r\n\r\n\r\n\r\n\r\n","protected":false},"excerpt":{"rendered":"","protected":false},"author":3,"featured_media":0,"parent":0,"menu_order":0,"comment_status":"closed","ping_status":"closed","template":"","meta":{"footnotes":""},"yoast_head":"<!-- This site is optimized with the Yoast SEO plugin v21.4 - https:\/\/yoast.com\/wordpress\/plugins\/seo\/ -->\n<title>Molawan AntiBacterial - UNICOIL<\/title>\n<meta name=\"robots\" content=\"index, follow, max-snippet:-1, max-image-preview:large, max-video-preview:-1\" \/>\n<link rel=\"canonical\" href=\"https:\/\/www.unicoil.com.sa\/Unicoil-Beta-Update\/de\/molawan-antibacterial-de\/\" \/>\n<meta property=\"og:locale\" content=\"en_US\" \/>\n<meta property=\"og:type\" content=\"article\" \/>\n<meta property=\"og:title\" content=\"Molawan AntiBacterial - UNICOIL\" \/>\n<meta property=\"og:url\" content=\"https:\/\/www.unicoil.com.sa\/Unicoil-Beta-Update\/de\/molawan-antibacterial-de\/\" \/>\n<meta property=\"og:site_name\" content=\"UNICOIL\" \/>\n<meta property=\"article:modified_time\" content=\"2019-07-03T07:39:45+00:00\" \/>\n<meta name=\"twitter:card\" content=\"summary_large_image\" \/>\n<meta name=\"twitter:label1\" content=\"Est. reading time\" \/>\n\t<meta name=\"twitter:data1\" content=\"1 minute\" \/>\n<script type=\"application\/ld+json\" class=\"yoast-schema-graph\">{\"@context\":\"https:\/\/schema.org\",\"@graph\":[{\"@type\":\"WebPage\",\"@id\":\"https:\/\/www.unicoil.com.sa\/Unicoil-Beta-Update\/de\/molawan-antibacterial-de\/\",\"url\":\"https:\/\/www.unicoil.com.sa\/Unicoil-Beta-Update\/de\/molawan-antibacterial-de\/\",\"name\":\"Molawan AntiBacterial - UNICOIL\",\"isPartOf\":{\"@id\":\"https:\/\/www.unicoil.com.sa\/Unicoil-Beta-Update\/#website\"},\"datePublished\":\"2019-07-03T07:39:35+00:00\",\"dateModified\":\"2019-07-03T07:39:45+00:00\",\"breadcrumb\":{\"@id\":\"https:\/\/www.unicoil.com.sa\/Unicoil-Beta-Update\/de\/molawan-antibacterial-de\/#breadcrumb\"},\"inLanguage\":\"en-US\",\"potentialAction\":[{\"@type\":\"ReadAction\",\"target\":[\"https:\/\/www.unicoil.com.sa\/Unicoil-Beta-Update\/de\/molawan-antibacterial-de\/\"]}]},{\"@type\":\"BreadcrumbList\",\"@id\":\"https:\/\/www.unicoil.com.sa\/Unicoil-Beta-Update\/de\/molawan-antibacterial-de\/#breadcrumb\",\"itemListElement\":[{\"@type\":\"ListItem\",\"position\":1,\"name\":\"Home\",\"item\":\"https:\/\/www.unicoil.com.sa\/Unicoil-Beta-Update\/en\/\"},{\"@type\":\"ListItem\",\"position\":2,\"name\":\"Molawan AntiBacterial\"}]},{\"@type\":\"WebSite\",\"@id\":\"https:\/\/www.unicoil.com.sa\/Unicoil-Beta-Update\/#website\",\"url\":\"https:\/\/www.unicoil.com.sa\/Unicoil-Beta-Update\/\",\"name\":\"UNICOIL\",\"description\":\"UNICOIL - A Leader in Steel Coil Coating and Prepainted Steels\",\"publisher\":{\"@id\":\"https:\/\/www.unicoil.com.sa\/Unicoil-Beta-Update\/#organization\"},\"potentialAction\":[{\"@type\":\"SearchAction\",\"target\":{\"@type\":\"EntryPoint\",\"urlTemplate\":\"https:\/\/www.unicoil.com.sa\/Unicoil-Beta-Update\/?s={search_term_string}\"},\"query-input\":\"required name=search_term_string\"}],\"inLanguage\":\"en-US\"},{\"@type\":\"Organization\",\"@id\":\"https:\/\/www.unicoil.com.sa\/Unicoil-Beta-Update\/#organization\",\"name\":\"UNICOIL\",\"url\":\"https:\/\/www.unicoil.com.sa\/Unicoil-Beta-Update\/\",\"logo\":{\"@type\":\"ImageObject\",\"inLanguage\":\"en-US\",\"@id\":\"https:\/\/www.unicoil.com.sa\/Unicoil-Beta-Update\/#\/schema\/logo\/image\/\",\"url\":\"https:\/\/www.unicoil.com.sa\/Unicoil-Beta-Update\/wp-content\/uploads\/UNICOIL-Logo-1.png\",\"contentUrl\":\"https:\/\/www.unicoil.com.sa\/Unicoil-Beta-Update\/wp-content\/uploads\/UNICOIL-Logo-1.png\",\"width\":1028,\"height\":617,\"caption\":\"UNICOIL\"},\"image\":{\"@id\":\"https:\/\/www.unicoil.com.sa\/Unicoil-Beta-Update\/#\/schema\/logo\/image\/\"}}]}<\/script>\n<!-- \/ Yoast SEO plugin. -->","yoast_head_json":{"title":"Molawan AntiBacterial - UNICOIL","robots":{"index":"index","follow":"follow","max-snippet":"max-snippet:-1","max-image-preview":"max-image-preview:large","max-video-preview":"max-video-preview:-1"},"canonical":"https:\/\/www.unicoil.com.sa\/Unicoil-Beta-Update\/de\/molawan-antibacterial-de\/","og_locale":"en_US","og_type":"article","og_title":"Molawan AntiBacterial - UNICOIL","og_url":"https:\/\/www.unicoil.com.sa\/Unicoil-Beta-Update\/de\/molawan-antibacterial-de\/","og_site_name":"UNICOIL","article_modified_time":"2019-07-03T07:39:45+00:00","twitter_card":"summary_large_image","twitter_misc":{"Est. reading time":"1 minute"},"schema":{"@context":"https:\/\/schema.org","@graph":[{"@type":"WebPage","@id":"https:\/\/www.unicoil.com.sa\/Unicoil-Beta-Update\/de\/molawan-antibacterial-de\/","url":"https:\/\/www.unicoil.com.sa\/Unicoil-Beta-Update\/de\/molawan-antibacterial-de\/","name":"Molawan AntiBacterial - UNICOIL","isPartOf":{"@id":"https:\/\/www.unicoil.com.sa\/Unicoil-Beta-Update\/#website"},"datePublished":"2019-07-03T07:39:35+00:00","dateModified":"2019-07-03T07:39:45+00:00","breadcrumb":{"@id":"https:\/\/www.unicoil.com.sa\/Unicoil-Beta-Update\/de\/molawan-antibacterial-de\/#breadcrumb"},"inLanguage":"en-US","potentialAction":[{"@type":"ReadAction","target":["https:\/\/www.unicoil.com.sa\/Unicoil-Beta-Update\/de\/molawan-antibacterial-de\/"]}]},{"@type":"BreadcrumbList","@id":"https:\/\/www.unicoil.com.sa\/Unicoil-Beta-Update\/de\/molawan-antibacterial-de\/#breadcrumb","itemListElement":[{"@type":"ListItem","position":1,"name":"Home","item":"https:\/\/www.unicoil.com.sa\/Unicoil-Beta-Update\/en\/"},{"@type":"ListItem","position":2,"name":"Molawan AntiBacterial"}]},{"@type":"WebSite","@id":"https:\/\/www.unicoil.com.sa\/Unicoil-Beta-Update\/#website","url":"https:\/\/www.unicoil.com.sa\/Unicoil-Beta-Update\/","name":"UNICOIL","description":"UNICOIL - A Leader in Steel Coil Coating and Prepainted Steels","publisher":{"@id":"https:\/\/www.unicoil.com.sa\/Unicoil-Beta-Update\/#organization"},"potentialAction":[{"@type":"SearchAction","target":{"@type":"EntryPoint","urlTemplate":"https:\/\/www.unicoil.com.sa\/Unicoil-Beta-Update\/?s={search_term_string}"},"query-input":"required name=search_term_string"}],"inLanguage":"en-US"},{"@type":"Organization","@id":"https:\/\/www.unicoil.com.sa\/Unicoil-Beta-Update\/#organization","name":"UNICOIL","url":"https:\/\/www.unicoil.com.sa\/Unicoil-Beta-Update\/","logo":{"@type":"ImageObject","inLanguage":"en-US","@id":"https:\/\/www.unicoil.com.sa\/Unicoil-Beta-Update\/#\/schema\/logo\/image\/","url":"https:\/\/www.unicoil.com.sa\/Unicoil-Beta-Update\/wp-content\/uploads\/UNICOIL-Logo-1.png","contentUrl":"https:\/\/www.unicoil.com.sa\/Unicoil-Beta-Update\/wp-content\/uploads\/UNICOIL-Logo-1.png","width":1028,"height":617,"caption":"UNICOIL"},"image":{"@id":"https:\/\/www.unicoil.com.sa\/Unicoil-Beta-Update\/#\/schema\/logo\/image\/"}}]}},"_links":{"self":[{"href":"https:\/\/www.unicoil.com.sa\/Unicoil-Beta-Update\/wp-json\/wp\/v2\/pages\/15570"}],"collection":[{"href":"https:\/\/www.unicoil.com.sa\/Unicoil-Beta-Update\/wp-json\/wp\/v2\/pages"}],"about":[{"href":"https:\/\/www.unicoil.com.sa\/Unicoil-Beta-Update\/wp-json\/wp\/v2\/types\/page"}],"author":[{"embeddable":true,"href":"https:\/\/www.unicoil.com.sa\/Unicoil-Beta-Update\/wp-json\/wp\/v2\/users\/3"}],"replies":[{"embeddable":true,"href":"https:\/\/www.unicoil.com.sa\/Unicoil-Beta-Update\/wp-json\/wp\/v2\/comments?post=15570"}],"version-history":[{"count":1,"href":"https:\/\/www.unicoil.com.sa\/Unicoil-Beta-Update\/wp-json\/wp\/v2\/pages\/15570\/revisions"}],"predecessor-version":[{"id":15571,"href":"https:\/\/www.unicoil.com.sa\/Unicoil-Beta-Update\/wp-json\/wp\/v2\/pages\/15570\/revisions\/15571"}],"wp:attachment":[{"href":"https:\/\/www.unicoil.com.sa\/Unicoil-Beta-Update\/wp-json\/wp\/v2\/media?parent=15570"}],"curies":[{"name":"wp","href":"https:\/\/api.w.org\/{rel}","templated":true}]}}