{"id":15606,"date":"2019-07-03T07:56:24","date_gmt":"2019-07-03T07:56:24","guid":{"rendered":"http:\/\/www.unicoil.sa\/?page_id=15606"},"modified":"2019-07-03T07:56:33","modified_gmt":"2019-07-03T07:56:33","slug":"molawan-abrasion-resist-es","status":"publish","type":"page","link":"https:\/\/www.unicoil.com.sa\/Unicoil-Beta-Update\/es\/molawan-abrasion-resist-es\/","title":{"rendered":"Molawan Abrasion Resist"},"content":{"rendered":"<div class=\"row clearfix\">\r\n\r\n<div class=\"box three \">\r\n<div class=\"box-conts\"><img decoding=\"async\" loading=\"lazy\" src=\"\/wp-content\/uploads\/2017\/03\/molawan-abrasion02.png\" alt=\"Molawan Abrasion Resist\" width=\"250\" height=\"96\" class=\"aligncenter size-full wp-image-3429\" style=\"margin-top: 35px; margin-bottom: 35px;\" \/><\/div>\r\n<\/div>\r\n\r\n<div class=\"box two-three \">\r\n<hr class=\"style-four margin-t0 margin-b5 \"  data-rt-animate=\"animate\" data-rt-animation-type=\"fadeInDown\" data-rt-animation-group=\"single\" >\r\n<p>Molawan Abrasion Resist es un acero galvanizado prepintado con poliamida y poli\u00e9ster de bajo coste desarrollado para aplicaciones con abrasi\u00f3n frecuente.<\/p>\r\n<h3>Est\u00e1ndares<\/h3>\r\n<p><strong>Sustrato :<\/strong> ASTM A653\/A653M  <br \/>\r\n<strong>Recubrimiento de pintura :<\/strong>  ASTM  A755\/755M <br \/> &nbsp;<\/p>\r\n\r\n<hr class=\"style-four margin-t0 margin-b0 \"  data-rt-animate=\"animate\" data-rt-animation-type=\"fadeInDown\" data-rt-animation-group=\"single\" >\r\n<\/div>\r\n\r\n<\/div>\r\n\r\n<div class=\"clearfix\" style=\"height:20px\"><\/div>\r\n\r\n<div class=\"shortcode_tabs tab-style-three\" data-rt-animate=\"animate\" data-rt-animation-type=\"fadeIn\" data-rt-animation-group=\"single\"><div class=\"tabs_wrap\"><ul class=\"tabs clearfix\"><li class=\"with_icon\"><a href=\"#\"><span class=\"icon-doc-alt icon-large\"><\/span> Descripci\u00f3n general<\/a><\/li><li class=\"with_icon\"><a href=\"#\"><span class=\"icon-cog-alt icon-large\"><\/span> Datos t\u00e9cnicos<\/a><\/li><li class=\"with_icon\"><a href=\"#\"><span class=\"icon-gauge icon-large\"><\/span> Rendimiento de producto<\/a><\/li><li class=\"with_icon\"><a href=\"#\"><span class=\"icon-download icon-large\"><\/span> Descargar<\/a><\/li><\/ul><div class=\"panes\">\r\n\r\n <div class=\"pane fluid\">\r\n\r\n<p>Molawan Abrasion Resist es un acero galvanizado prepintado con poliamida y poli\u00e9ster de bajo costo desarrollado para aplicaciones con abrasi\u00f3n frecuente. La pintura es un sistema de poliamida y poli\u00e9ster aplicado sobre un sustrato galvanizado con un m\u00ednimo 90 g\/m2 de recubrimiento de zinc, con un grosor de pel\u00edcula de pintura de 20 micras por la cara expuesta y 10 micras del mismo sistema por la cara inferior.<\/p>\r\n\r\n<h3>Sustrato<\/h3>\r\n<p>Acero galvanizado con revestimiento de zinc G30 (90 g\/m2) m\u00ednimo.<br>\r\n<strong>Grado:<\/strong> CS tipo A y B, FS tipo A y B, SS33, SS40 y SS50<\/p>\r\n\r\n<div class=\"clearfix\" style=\"height:20px\"><\/div>\r\n\r\n<h3>Usos t\u00edpicos<\/h3>\r\n<p>Puertas de garaje, persianas enrollables y otras aplicaciones sujetas a abrasi\u00f3n frecuente.<\/p>\r\n\r\n<div class=\"clearfix\" style=\"height:20px\"><\/div>\r\n\r\n<h3>Dimensiones:<\/h3>\r\n<table class=\"rwd-table\">\r\n <tr>\r\n  <th>Grosor* (mm)<\/th>\r\n  <th>Ancho** (mm)<\/th>\r\n <\/tr>\r\n <tr>\r\n   <td data-th=\"Grosor* (mm)\">de 0,35 a 1,20 <\/td>\r\n   <td data-th=\"Ancho** (mm)\"> de 50 a 1320<\/td>\r\n <\/tr>\r\n<\/table>\r\n<p><strong>*<\/strong> Para el grado SS50, el grosor m\u00ednimo es de 0,50 mm <br \/>\r\n<strong>**<\/strong> Los anchos de menos de 1000 mm se suministran con borde ranurado  <br \/>                                                                                                                                                           \r\n Para obtener dimensiones espec\u00edficas, p\u00f3ngase en contacto con el departamento de marketing y ventas.<\/p>\r\n\r\n\r\n<\/div>\r\n\r\n <div class=\"pane fluid\">\r\n\r\n<table class=\"rwd-table\">\r\n  <tr>\r\n    <th>Tratamiento previo<\/th>\r\n    <td data-th=\"Tratamiento previo\"> Recubrimiento de conversi\u00f3n exclusivo resistente a la corrosi\u00f3n por ambas caras.<\/td>\r\n  <\/tr>\r\n  <tr>\r\n    <th>Recubrimiento de imprimaci\u00f3n<\/th>\r\n    <td data-th=\"Recubrimiento de imprimaci\u00f3n\"> Imprimaci\u00f3n inhibidora universal de la corrosi\u00f3n  <br \/> Grosor nominal: 5 micras por cada cara<\/td>\r\n  <\/tr>\r\n  <tr>\r\n    <th>Capa de acabado<\/th>\r\n    <td data-th=\"Capa de acabado\"> Sistema de pintura de poliamida y poli\u00e9ster formulado espec\u00edficamente (PEPA).<br \/> Grosor nominal: 15 micras en la cara superior o expuesta. <br \/> La capa de acabado est\u00e1 disponible en todos los colores RAL est\u00e1ndar y otros colores pueden estar disponibles bajo petici\u00f3n.\r\n<\/td>\r\n  <\/tr>\r\n  <tr>\r\n    <th>Recubrimiento de respaldo<\/th>\r\n    <td data-th=\"Recubrimiento de respaldo\"> Sistema de pintura de poliamida y poli\u00e9ster formulado espec\u00edficamente (PEPA). <br \/> Grosor nominal de 5 micras. <br \/> La capa posterior tiene el mismo color de acabado que la superior y DFT seg\u00fan sea necesario<\/td>\r\n  <\/tr>\r\n  <tr>\r\n    <th>Brillo (60\u02da) <\/th>\r\n    <td data-th=\"Brillo (60\u02da) \"> Nominal 30 &#8211; 35%<br \/> Se pueden obtener otros niveles de brillo bajo petici\u00f3n<\/td>\r\n  <\/tr>\r\n  \r\n<\/table>\r\n\r\n\r\n\r\n<div class=\"clearfix\" style=\"height:20px\"><\/div>\r\n\r\n<h4>Propiedades garantizadas de la pintura<\/h4>\r\n<table class=\"rwd-table\">\r\n  <tr>\r\n    <th>Prueba<\/th>\r\n    <th>M\u00e9todo de prueba<\/th>\r\n    <th>Descripci\u00f3n<\/th>\r\n    <th>Resultados<\/th>\r\n  <\/tr>\r\n  <tr>\r\n    <td data-th=\"Prueba\">Dureza (l\u00e1piz)<\/td>\r\n    <td data-th=\"M\u00e9todo de prueba\">ASTM D 3363<\/td>\r\n    <td data-th=\"Descripci\u00f3n\">L\u00e1piz<\/td>\r\n    <td data-th=\"Resultados\">H-2H<\/td>\r\n  <\/tr>\r\n  <tr>\r\n    <td data-th=\"Prueba\">Adherencia &#8211; Plegado en T<\/td>\r\n    <td data-th=\"M\u00e9todo de prueba\">ASTM D 4145<\/td>\r\n    <td data-th=\"Descripci\u00f3n\">Plegado en T<\/td>\r\n    <td data-th=\"Resultados\">3T o menos<\/td>\r\n  <\/tr>\r\n  <tr>\r\n    <td data-th=\"Prueba\">Flexibilidad<\/td>\r\n    <td data-th=\"M\u00e9todo de prueba\">ASTM D 4145<\/td>\r\n    <td data-th=\"Descripci\u00f3n\">Plegado en T<\/td>\r\n    <td data-th=\"Resultados\">2T o menos (sin agrietamiento)<\/td>\r\n  <\/tr>\r\n  <tr>\r\n    <td data-th=\"Prueba\">Adhesi\u00f3n &#8211; Impacto inverso<\/td>\r\n    <td data-th=\"M\u00e9todo de prueba\">ASTM D 2794<\/td>\r\n    <td data-th=\"Descripci\u00f3n\">Impacto inverso<\/td>\r\n    <td data-th=\"Resultados\"> > 10 joules<\/td>\r\n  <\/tr>\r\n  <tr>\r\n    <td data-th=\"Prueba\">Entramado<\/td>\r\n    <td data-th=\"M\u00e9todo de prueba\">ASTM D 3359<\/td>\r\n    <td data-th=\"Descripci\u00f3n\">Entramado<\/td>\r\n    <td data-th=\"Resultados\"> > Sin eliminaci\u00f3n de pintura<\/td>\r\n  <\/tr>\r\n  <tr>\r\n    <td data-th=\"Prueba\">Brillo 60\u02da (%)<\/td>\r\n    <td data-th=\"M\u00e9todo de prueba\">ASTM D 523<\/td>\r\n    <td data-th=\"Descripci\u00f3n\">Brillo <\/td>\r\n    <td data-th=\"Resultados\">30-35<\/td>\r\n  <\/tr>\r\n\r\n<\/table>\r\n\r\n<\/div>\r\n\r\n <div class=\"pane fluid\">\r\n<h4>Rendimiento de servicio esperado para los productos<\/h4>\r\n<table class=\"rwd-table\">\r\n  <tr>\r\n    <th>Propiedad<\/th>\r\n    <th>M\u00e9todo de prueba<\/th>\r\n    <th>Descripci\u00f3n<\/th>\r\n    <th>Results<\/th>\r\n  <\/tr>\r\n  <tr>\r\n    <td data-th=\"Propiedad\">Resistencia a la abrasi\u00f3n<\/td>\r\n    <td data-th=\"M\u00e9todo de prueba\">ASTM D4060<\/td>\r\n    <td data-th=\"Descripci\u00f3n\">Abras\u00edmetro Taber  <br \/> Ruedas CS10 de 1000 g<\/td>\r\n    <td data-th=\"Resultados\">\u2264100 mg por 1000 ciclos<\/td>\r\n  <\/tr>\r\n  \r\n<\/table>\r\n\r\n\r\n<\/div>\r\n\r\n <div class=\"pane fluid\">\r\n<a href=\"\/wp-content\/uploads\/2017\/03\/molawan-abrasion-resist-technical-datasheet.pdf\" target=\"_blank\" rel=\"noopener noreferrer\"><img decoding=\"async\" src=\"\/wp-content\/uploads\/2017\/03\/unnamed.png\" alt=\"unnamed\" width=\"50\" class=\"alignleft size-full wp-image-3150\" srcset=\"https:\/\/www.unicoil.com.sa\/Unicoil-Beta-Update\/wp-content\/uploads\/2017\/03\/unnamed.png 170w, https:\/\/www.unicoil.com.sa\/Unicoil-Beta-Update\/wp-content\/uploads\/2017\/03\/unnamed-150x150.png 150w\" sizes=\"(max-width: 170px) 100vw, 170px\" \/><h3 style=\"margin-top: 15px;\"> Technical Datasheet<\/h3><\/a>\r\n\r\n<div class=\"clearfix\" style=\"height:10px\"><\/div>\r\n\r\n<a href=\"\/wp-content\/uploads\/2017\/03\/molawan-abrasion-resist-en-flyer.pdf\" target=\"_blank\" rel=\"noopener noreferrer\"><img decoding=\"async\" src=\"\/wp-content\/uploads\/2017\/03\/unnamed.png\" alt=\"unnamed\" width=\"50\" class=\"alignleft size-full wp-image-3150\" srcset=\"https:\/\/www.unicoil.com.sa\/Unicoil-Beta-Update\/wp-content\/uploads\/2017\/03\/unnamed.png 170w, https:\/\/www.unicoil.com.sa\/Unicoil-Beta-Update\/wp-content\/uploads\/2017\/03\/unnamed-150x150.png 150w\" sizes=\"(max-width: 170px) 100vw, 170px\" \/><h3 style=\"margin-top: 15px;\"> Promotional Flyer<\/h3><\/a>\r\n\r\n<\/div>\r\n\r\n\r\n<\/div><\/div><\/div>\r\n\r\n\r\n\r\n\r\n\r\n\r\n","protected":false},"excerpt":{"rendered":"","protected":false},"author":3,"featured_media":0,"parent":0,"menu_order":0,"comment_status":"closed","ping_status":"closed","template":"","meta":{"footnotes":""},"yoast_head":"<!-- This site is optimized with the Yoast SEO plugin v21.4 - https:\/\/yoast.com\/wordpress\/plugins\/seo\/ -->\n<title>Molawan Abrasion Resist - UNICOIL<\/title>\n<meta name=\"robots\" content=\"index, follow, max-snippet:-1, max-image-preview:large, max-video-preview:-1\" \/>\n<link rel=\"canonical\" href=\"https:\/\/www.unicoil.com.sa\/Unicoil-Beta-Update\/es\/molawan-abrasion-resist-es\/\" \/>\n<meta property=\"og:locale\" content=\"en_US\" \/>\n<meta property=\"og:type\" content=\"article\" \/>\n<meta property=\"og:title\" content=\"Molawan Abrasion Resist - UNICOIL\" \/>\n<meta property=\"og:url\" content=\"https:\/\/www.unicoil.com.sa\/Unicoil-Beta-Update\/es\/molawan-abrasion-resist-es\/\" \/>\n<meta property=\"og:site_name\" content=\"UNICOIL\" \/>\n<meta property=\"article:modified_time\" content=\"2019-07-03T07:56:33+00:00\" \/>\n<meta name=\"twitter:card\" content=\"summary_large_image\" \/>\n<meta name=\"twitter:label1\" content=\"Est. reading time\" \/>\n\t<meta name=\"twitter:data1\" content=\"3 minutes\" \/>\n<script type=\"application\/ld+json\" class=\"yoast-schema-graph\">{\"@context\":\"https:\/\/schema.org\",\"@graph\":[{\"@type\":\"WebPage\",\"@id\":\"https:\/\/www.unicoil.com.sa\/Unicoil-Beta-Update\/es\/molawan-abrasion-resist-es\/\",\"url\":\"https:\/\/www.unicoil.com.sa\/Unicoil-Beta-Update\/es\/molawan-abrasion-resist-es\/\",\"name\":\"Molawan Abrasion Resist - UNICOIL\",\"isPartOf\":{\"@id\":\"https:\/\/www.unicoil.com.sa\/Unicoil-Beta-Update\/#website\"},\"datePublished\":\"2019-07-03T07:56:24+00:00\",\"dateModified\":\"2019-07-03T07:56:33+00:00\",\"breadcrumb\":{\"@id\":\"https:\/\/www.unicoil.com.sa\/Unicoil-Beta-Update\/es\/molawan-abrasion-resist-es\/#breadcrumb\"},\"inLanguage\":\"en-US\",\"potentialAction\":[{\"@type\":\"ReadAction\",\"target\":[\"https:\/\/www.unicoil.com.sa\/Unicoil-Beta-Update\/es\/molawan-abrasion-resist-es\/\"]}]},{\"@type\":\"BreadcrumbList\",\"@id\":\"https:\/\/www.unicoil.com.sa\/Unicoil-Beta-Update\/es\/molawan-abrasion-resist-es\/#breadcrumb\",\"itemListElement\":[{\"@type\":\"ListItem\",\"position\":1,\"name\":\"Home\",\"item\":\"https:\/\/www.unicoil.com.sa\/Unicoil-Beta-Update\/en\/\"},{\"@type\":\"ListItem\",\"position\":2,\"name\":\"Molawan Abrasion Resist\"}]},{\"@type\":\"WebSite\",\"@id\":\"https:\/\/www.unicoil.com.sa\/Unicoil-Beta-Update\/#website\",\"url\":\"https:\/\/www.unicoil.com.sa\/Unicoil-Beta-Update\/\",\"name\":\"UNICOIL\",\"description\":\"UNICOIL - A Leader in Steel Coil Coating and Prepainted Steels\",\"publisher\":{\"@id\":\"https:\/\/www.unicoil.com.sa\/Unicoil-Beta-Update\/#organization\"},\"potentialAction\":[{\"@type\":\"SearchAction\",\"target\":{\"@type\":\"EntryPoint\",\"urlTemplate\":\"https:\/\/www.unicoil.com.sa\/Unicoil-Beta-Update\/?s={search_term_string}\"},\"query-input\":\"required name=search_term_string\"}],\"inLanguage\":\"en-US\"},{\"@type\":\"Organization\",\"@id\":\"https:\/\/www.unicoil.com.sa\/Unicoil-Beta-Update\/#organization\",\"name\":\"UNICOIL\",\"url\":\"https:\/\/www.unicoil.com.sa\/Unicoil-Beta-Update\/\",\"logo\":{\"@type\":\"ImageObject\",\"inLanguage\":\"en-US\",\"@id\":\"https:\/\/www.unicoil.com.sa\/Unicoil-Beta-Update\/#\/schema\/logo\/image\/\",\"url\":\"https:\/\/www.unicoil.com.sa\/Unicoil-Beta-Update\/wp-content\/uploads\/UNICOIL-Logo-1.png\",\"contentUrl\":\"https:\/\/www.unicoil.com.sa\/Unicoil-Beta-Update\/wp-content\/uploads\/UNICOIL-Logo-1.png\",\"width\":1028,\"height\":617,\"caption\":\"UNICOIL\"},\"image\":{\"@id\":\"https:\/\/www.unicoil.com.sa\/Unicoil-Beta-Update\/#\/schema\/logo\/image\/\"}}]}<\/script>\n<!-- \/ Yoast SEO plugin. -->","yoast_head_json":{"title":"Molawan Abrasion Resist - UNICOIL","robots":{"index":"index","follow":"follow","max-snippet":"max-snippet:-1","max-image-preview":"max-image-preview:large","max-video-preview":"max-video-preview:-1"},"canonical":"https:\/\/www.unicoil.com.sa\/Unicoil-Beta-Update\/es\/molawan-abrasion-resist-es\/","og_locale":"en_US","og_type":"article","og_title":"Molawan Abrasion Resist - UNICOIL","og_url":"https:\/\/www.unicoil.com.sa\/Unicoil-Beta-Update\/es\/molawan-abrasion-resist-es\/","og_site_name":"UNICOIL","article_modified_time":"2019-07-03T07:56:33+00:00","twitter_card":"summary_large_image","twitter_misc":{"Est. reading time":"3 minutes"},"schema":{"@context":"https:\/\/schema.org","@graph":[{"@type":"WebPage","@id":"https:\/\/www.unicoil.com.sa\/Unicoil-Beta-Update\/es\/molawan-abrasion-resist-es\/","url":"https:\/\/www.unicoil.com.sa\/Unicoil-Beta-Update\/es\/molawan-abrasion-resist-es\/","name":"Molawan Abrasion Resist - UNICOIL","isPartOf":{"@id":"https:\/\/www.unicoil.com.sa\/Unicoil-Beta-Update\/#website"},"datePublished":"2019-07-03T07:56:24+00:00","dateModified":"2019-07-03T07:56:33+00:00","breadcrumb":{"@id":"https:\/\/www.unicoil.com.sa\/Unicoil-Beta-Update\/es\/molawan-abrasion-resist-es\/#breadcrumb"},"inLanguage":"en-US","potentialAction":[{"@type":"ReadAction","target":["https:\/\/www.unicoil.com.sa\/Unicoil-Beta-Update\/es\/molawan-abrasion-resist-es\/"]}]},{"@type":"BreadcrumbList","@id":"https:\/\/www.unicoil.com.sa\/Unicoil-Beta-Update\/es\/molawan-abrasion-resist-es\/#breadcrumb","itemListElement":[{"@type":"ListItem","position":1,"name":"Home","item":"https:\/\/www.unicoil.com.sa\/Unicoil-Beta-Update\/en\/"},{"@type":"ListItem","position":2,"name":"Molawan Abrasion Resist"}]},{"@type":"WebSite","@id":"https:\/\/www.unicoil.com.sa\/Unicoil-Beta-Update\/#website","url":"https:\/\/www.unicoil.com.sa\/Unicoil-Beta-Update\/","name":"UNICOIL","description":"UNICOIL - A Leader in Steel Coil Coating and Prepainted Steels","publisher":{"@id":"https:\/\/www.unicoil.com.sa\/Unicoil-Beta-Update\/#organization"},"potentialAction":[{"@type":"SearchAction","target":{"@type":"EntryPoint","urlTemplate":"https:\/\/www.unicoil.com.sa\/Unicoil-Beta-Update\/?s={search_term_string}"},"query-input":"required name=search_term_string"}],"inLanguage":"en-US"},{"@type":"Organization","@id":"https:\/\/www.unicoil.com.sa\/Unicoil-Beta-Update\/#organization","name":"UNICOIL","url":"https:\/\/www.unicoil.com.sa\/Unicoil-Beta-Update\/","logo":{"@type":"ImageObject","inLanguage":"en-US","@id":"https:\/\/www.unicoil.com.sa\/Unicoil-Beta-Update\/#\/schema\/logo\/image\/","url":"https:\/\/www.unicoil.com.sa\/Unicoil-Beta-Update\/wp-content\/uploads\/UNICOIL-Logo-1.png","contentUrl":"https:\/\/www.unicoil.com.sa\/Unicoil-Beta-Update\/wp-content\/uploads\/UNICOIL-Logo-1.png","width":1028,"height":617,"caption":"UNICOIL"},"image":{"@id":"https:\/\/www.unicoil.com.sa\/Unicoil-Beta-Update\/#\/schema\/logo\/image\/"}}]}},"_links":{"self":[{"href":"https:\/\/www.unicoil.com.sa\/Unicoil-Beta-Update\/wp-json\/wp\/v2\/pages\/15606"}],"collection":[{"href":"https:\/\/www.unicoil.com.sa\/Unicoil-Beta-Update\/wp-json\/wp\/v2\/pages"}],"about":[{"href":"https:\/\/www.unicoil.com.sa\/Unicoil-Beta-Update\/wp-json\/wp\/v2\/types\/page"}],"author":[{"embeddable":true,"href":"https:\/\/www.unicoil.com.sa\/Unicoil-Beta-Update\/wp-json\/wp\/v2\/users\/3"}],"replies":[{"embeddable":true,"href":"https:\/\/www.unicoil.com.sa\/Unicoil-Beta-Update\/wp-json\/wp\/v2\/comments?post=15606"}],"version-history":[{"count":1,"href":"https:\/\/www.unicoil.com.sa\/Unicoil-Beta-Update\/wp-json\/wp\/v2\/pages\/15606\/revisions"}],"predecessor-version":[{"id":15607,"href":"https:\/\/www.unicoil.com.sa\/Unicoil-Beta-Update\/wp-json\/wp\/v2\/pages\/15606\/revisions\/15607"}],"wp:attachment":[{"href":"https:\/\/www.unicoil.com.sa\/Unicoil-Beta-Update\/wp-json\/wp\/v2\/media?parent=15606"}],"curies":[{"name":"wp","href":"https:\/\/api.w.org\/{rel}","templated":true}]}}