{"id":15633,"date":"2019-07-04T04:57:41","date_gmt":"2019-07-04T04:57:41","guid":{"rendered":"http:\/\/www.unicoil.sa\/?page_id=15633"},"modified":"2021-07-06T05:27:34","modified_gmt":"2021-07-06T05:27:34","slug":"colorite-standard-de","status":"publish","type":"page","link":"https:\/\/www.unicoil.com.sa\/Unicoil-Beta-Update\/de\/colorite-standard-de\/","title":{"rendered":"Colorite Standard"},"content":{"rendered":"<div class=\"row clearfix\">\n\n<div class=\"box three \">\n<div class=\"box-conts\"><img decoding=\"async\" loading=\"lazy\" src=\"\/wp-content\/uploads\/2017\/03\/colorite-standard.png\" alt=\"Colorite Standard\" width=\"250\" height=\"96\" class=\"aligncenter size-full wp-image-3429\" style=\"margin-top: 35px; margin-bottom: 35px;\"><\/div>\n<\/div>\n\n<div class=\"box two-three \">\n<div style=\"float:right; width: 70px; background: #038166; color: #fff; text-align: center; padding: 10px; padding-top: 20px; margin-left: 15px;\"><span style=\"font-size:45px; text-align: center; padding: 10px;\">7*<\/span>\n<span style=\"font-size:25px;\">Jahre<\/span>\nGarantie<\/div>\n<hr class=\"style-four margin-t0 margin-b5 \"  data-rt-animate=\"animate\" data-rt-animation-type=\"fadeInDown\" data-rt-animation-group=\"single\" >\n\nColoRite Standard ist ein robustes Material f\u00fcr den Einsatz im Au\u00dfenbereich mit guter Wetterbest\u00e4ndigkeit und Formbarkeit.\n<div class=\"clearfix\" ><\/div>\n<h3>Normen<\/h3>\n<strong>Tr\u00e4germaterial :<\/strong> ASTM A653\/A653M\n<div class=\"clearfix\" ><\/div>\n<strong>Lackbeschichtung :<\/strong>  ASTM  A755\/755M\n&nbsp;\n<div class=\"clearfix\" style=\"height:15px\"><\/div>\n<strong>*<\/strong> Es gelten die technischen Bedingungen\n<div class=\"clearfix\" style=\"height:15px\"><\/div>\n<hr class=\"style-four margin-t0 margin-b0 \"  data-rt-animate=\"animate\" data-rt-animation-type=\"fadeInDown\" data-rt-animation-group=\"single\" >\n<\/div>\n\n<\/div>\n\n<div class=\"clearfix\" style=\"height:20px\"><\/div>\n\n<div class=\"shortcode_tabs tab-style-three\" data-rt-animate=\"animate\" data-rt-animation-type=\"fadeIn\" data-rt-animation-group=\"single\"><div class=\"tabs_wrap\"><ul class=\"tabs clearfix\"><li class=\"with_icon\"><a href=\"#\"><span class=\"icon-doc-alt icon-large\"><\/span> Allgemeine Beschreibung<\/a><\/li><li class=\"with_icon\"><a href=\"#\"><span class=\"icon-cog-alt icon-large\"><\/span> Technische Daten<\/a><\/li><li class=\"with_icon\"><a href=\"#\"><span class=\"icon-gauge icon-large\"><\/span> Produktleistung<\/a><\/li><li class=\"with_icon\"><a href=\"#\"><span class=\"icon-download icon-large\"><\/span> Herunterladen<\/a><\/li><\/ul><div class=\"panes\">\n\n <div class=\"pane fluid\">\n\nColoRite Standard ist ein Lackiersystem f\u00fcr feuerverzinkte Stahlbleche mit mindestens 180 g\/m\u00b2 Zinkbeschichtung (G60), die mit hochwertigem Polyesterlack in Kombination mit einer kundenspezifischen Grundierung lackiert und im Ofen nachbehandelt werden. Auf diese Weise wird eine obere Lackschicht mit einer nominalen St\u00e4rke von 25 \u03bcm (trocken, inklusive Grundierung) und eine untere Lackschicht von 10 \u03bcm (inklusive Grundierung) erzeugt. ColoRite Standard wurde als robustes Material mit guter Wetterbest\u00e4ndigkeit und Formbarkeit f\u00fcr den Au\u00dfeneinsatz entwickelt.\n<h3>Tr\u00e4germaterial<\/h3>\nVerzinkter Stahl, min. G60 (180 g\/m\u00b2).\nKlasse: CS Typ A &amp; B, FS Typ A &amp; B, SS33, SS40, SS50\n\n<div class=\"clearfix\" style=\"height:20px\"><\/div>\n<h3>Typische Verwendung<\/h3>\nD\u00e4cher und Fassaden, Sandwichplatten, Garagentore, K-Profile, Klappen usw.\n\n<div class=\"clearfix\" style=\"height:20px\"><\/div>\n<h3>Abmessungen: <span style=\"font-size: 12px !important;\">(F\u00fcr normale Lieferprodukte)<\/span><\/h3>\n<table class=\"rwd-table\">\n<tbody>\n<tr>\n<th>St\u00e4rke* (mm)<\/th>\n<th>St\u00e4rke* (mm)\tBreite** (mm)<\/th>\n<\/tr>\n<tr>\n<td data-th=\"St\u00e4rke* (mm)\">0,40 bis 1,20<\/td>\n<td data-th=\"Breite** (mm)\"> 600 bis 1.320<\/td>\n<\/tr>\n<\/tbody>\n<\/table>\n<strong>*<\/strong> Die min. St\u00e4rke f\u00fcr Klasse SS50 betr\u00e4gt 0,50 mm.\n<strong>**<\/strong> Breiten unter 1000 mm werden mit Spaltkante geliefert.\nSpezifische Abmessungen erhalten Sie von der Vertriebs- und Marketingabteilung.\n\n<\/div>\n\n <div class=\"pane fluid\">\n<table class=\"rwd-table\">\n<tbody>\n<tr>\n<th>Vorbehandlung<\/th>\n<td data-th=\"Vorbehandlung\"> Korrosionsschutz: propriet\u00e4re Konversionsbeschichtung auf beiden Seiten<\/td>\n<\/tr>\n<tr>\n<th>Grundierung<\/th>\n<td data-th=\"Grundierung\"> Universelle korrosionshemmende Grundierung\nNennst\u00e4rke: 5 \u03bcm auf beiden Seiten<\/td>\n<\/tr>\n<tr>\n<th>Decklack<\/th>\n<td data-th=\"Decklack\"> Kundenspezifisches System.\nNennst\u00e4rke: 20 \u03bcm auf der Ober- oder Wetterseite.\nDie Decklackierung ist in allen RAL-Standardfarben erh\u00e4ltlich. Weitere Farben auf Anfrage erh\u00e4ltlich.<\/td>\n<\/tr>\n<tr>\n<th>R\u00fcckenbeschichtung<\/th>\n<td data-th=\"R\u00fcckenbeschichtung\"> Kundenspezifische R\u00fcckenbeschichtung: 5 bis 7 \u03bcm\nSchaumvertr\u00e4gliche R\u00fcckenbeschichtung auf Anfrage.\nR\u00fcckenbeschichtung kann in der Farbe und der St\u00e4rke des Decklacks erfolgen.<\/td>\n<\/tr>\n<tr>\n<th>Glanzlack (60\u02da)<\/th>\n<td data-th=\"Glanzlack (60\u02da)\"> Nominell 30\u201335 %\nWeitere Glanzstufen auf Anfrage erh\u00e4ltlich<\/td>\n<\/tr>\n<\/tbody>\n<\/table>\n<div class=\"clearfix\" style=\"height:20px\"><\/div>\n<h4>Garantierte Lackeigenschaften<\/h4>\n<table class=\"rwd-table\">\n<tbody>\n<tr>\n<th>Test<\/th>\n<th>Testverfahren<\/th>\n<th>Beschreibung<\/th>\n<th>Ergebnisse<\/th>\n<\/tr>\n<tr>\n<td data-th=\"Test\">H\u00e4rte (Bleistift)<\/td>\n<td data-th=\"Testverfahren\">ASTM D 3363<\/td>\n<td data-th=\"Beschreibung\">Bleistift<\/td>\n<td data-th=\"Ergebnisse\">F oder h\u00e4rter<\/td>\n<\/tr>\n<tr>\n<td data-th=\"Test\">Haftung \u2013 T-Biegung<\/td>\n<td data-th=\"Testverfahren\">ASTM D 4145<\/td>\n<td data-th=\"Beschreibung\">T-Biegung<\/td>\n<td data-th=\"Ergebnisse\">3T oder weniger (ohne Abbl\u00e4tterung)<\/td>\n<\/tr>\n<tr>\n<td data-th=\"Test\">Flexibilit\u00e4t<\/td>\n<td data-th=\"Testverfahren\">ASTM D 4145<\/td>\n<td data-th=\"Beschreibung\">T-Biegung<\/td>\n<td data-th=\"Ergebnisse\">3T oder weniger (ohne Rissbildung)<\/td>\n<\/tr>\n<tr>\n<td data-th=\"Test\">Haftung \u2013 Reverse Impact<\/td>\n<td data-th=\"Testverfahren\">ASTM D 2794<\/td>\n<td data-th=\"Beschreibung\">Reverse Impact<\/td>\n<td data-th=\"Ergebnisse\"> &gt; 10 Joule<\/td>\n<\/tr>\n<tr>\n<td data-th=\"Test\">Kreuzschliff<\/td>\n<td data-th=\"Testverfahren\">ASTM D 3359<\/td>\n<td data-th=\"Beschreibung\">Kreuzschliff<\/td>\n<td data-th=\"Ergebnisse\"> &gt; Keine Lackentfernung<\/td>\n<\/tr>\n<tr>\n<td data-th=\"Test\">Glanzlack 60\u02da (%)<\/td>\n<td data-th=\"Testverfahren\">ASTM D 523<\/td>\n<td data-th=\"Beschreibung\">Glanzlack<\/td>\n<td data-th=\"Ergebnisse\">30-35<\/td>\n<\/tr>\n<tr>\n<td data-th=\"Test\">Farbabweichung<\/td>\n<td data-th=\"Testverfahren\">ASTM D2244<\/td>\n<td colspan=\"2\">\n<table class=\"rwd-table\">\n<tbody>\n<tr>\n<td data-th=\"Beschreibung\">Helle Farben<\/td>\n<td data-th=\"Ergebnisse\">\u0394 E &#8211; \u22641.0<\/td>\n<\/tr>\n<tr>\n<td data-th=\"Beschreibung\">Mittlere Farben<\/td>\n<td data-th=\"Ergebnisse\">\u0394 E &#8211; \u2264 1.5<\/td>\n<\/tr>\n<tr>\n<td data-th=\"Beschreibung\">Dunkle Farben<\/td>\n<td data-th=\"Ergebnisse\">\u0394 E &#8211; \u22642.0 \/ Visueller Abgleich<\/td>\n<\/tr>\n<tr>\n<td data-th=\"Beschreibung\">Metallic-Farben<\/td>\n<td data-th=\"Ergebnisse\">Visuelle \u00dcbereinstimmung<\/td>\n<\/tr>\n<\/tbody>\n<\/table>\n<\/td>\n<\/tr>\n<\/tbody>\n<\/table>\n<\/div>\n\n <div class=\"pane fluid\">\n<h4>Nenneigenschaften der Produkte<\/h4>\n<table class=\"rwd-table\">\n<tbody>\n<tr>\n<th>Eigenschaft<\/th>\n<th>Testverfahren<\/th>\n<th>Beschreibung<\/th>\n<th>Ergebnisse<\/th>\n<\/tr>\n<tr>\n<td data-th=\"Eigenschaft\" rowspan=\"4\">UV-Best\u00e4ndigkeit\n(QUV-A) ASTM G53<\/td>\n<td data-th=\"Testverfahren\" colspan=\"2\">Expositionsdauer<\/td>\n<td data-th=\"Ergebnisse\">1000 Stunden<\/td>\n<\/tr>\n<tr>\n<td data-th=\"Testverfahren\">ASTM D2244<\/td>\n<td data-th=\"Beschreibung\">Farbabweichung<\/td>\n<td data-th=\"Ergebnisse\">DE Hunterlab &#8211;\nHelle Farbe \u22644\nMittlere Farbe \u22646\nDunkle Farbe \u22648<\/td>\n<\/tr>\n<tr>\n<td data-th=\"Testverfahren\">ASTM D4214<\/td>\n<td data-th=\"Beschreibung\">Auskreidung<\/td>\n<td data-th=\"Ergebnisse\">ASTM-Klasse  4 &#8211; 2<\/td>\n<\/tr>\n<tr>\n<td data-th=\"Testverfahren\">ASTM D523<\/td>\n<td data-th=\"Beschreibung\">Glanzerhalt in %<\/td>\n<td data-th=\"Ergebnisse\">\u2265 40<\/td>\n<\/tr>\n<tr>\n<td data-th=\"Eigenschaft\" rowspan=\"4\">Nat\u00fcrliche Auswaschung\nASTM G7<\/td>\n<td data-th=\"Testverfahren\" colspan=\"2\">Expositionsdauer<\/td>\n<td data-th=\"Beschreibung\">5 Jahre<\/td>\n<\/tr>\n<tr>\n<td data-th=\"Testverfahren\">ASTM D2244<\/td>\n<td data-th=\"Beschreibung\">Farbabweichung\n(Nicht vertikal)<\/td>\n<td data-th=\"Ergebnisse\">DE Hunterlab &#8211;\nHelle Farbe \u22646\nMittlere Farbe \u22649\nDunkle Farbe \u226412<\/td>\n<\/tr>\n<tr>\n<td data-th=\"Testverfahren\">ASTM D4214<\/td>\n<td data-th=\"Beschreibung\">Auskreidung<\/td>\n<td data-th=\"Ergebnisse\">ASTM-Klasse  4 &#8211; 2<\/td>\n<\/tr>\n<tr>\n<td data-th=\"Testverfahren\">ASTM D523<\/td>\n<td data-th=\"Beschreibung\">Glanzerhalt in %<\/td>\n<td data-th=\"Ergebnisse\">\u2265 30<\/td>\n<\/tr>\n<tr>\n<td data-th=\"Eigenschaft\" rowspan=\"2\">Korrosionsfestigkeit (Salznebel)\nASTM B117<\/td>\n<td data-th=\"Testverfahren\" colspan=\"2\">Expositionsdauer<\/td>\n<td data-th=\"Beschreibung\">500 Stunden<\/td>\n<\/tr>\n<tr>\n<td data-th=\"Testverfahren\">ASTM D714 &amp; ASTM D1654<\/td>\n<td data-th=\"Beschreibung\">Blasendichte und -gr\u00f6\u00dfe sowie Korrosionskriechen<\/td>\n<td data-th=\"Ergebnisse\">Blasendichte: gering\nBlasengr\u00f6\u00dfenklasse \u22658\nUnterschnitt bei Rissen \u22642mm<\/td>\n<\/tr>\n<tr>\n<td data-th=\"Eigenschaft\" rowspan=\"2\">Feuchtebest\u00e4ndigkeit\nbei 38\u00b1 1\u00b0C\nASTM D 2247<\/td>\n<td data-th=\"Testverfahren\" colspan=\"2\">Expositionsdauer<\/td>\n<td data-th=\"Beschreibung\">1000 Stunden<\/td>\n<\/tr>\n<tr>\n<td data-th=\"Testverfahren\">ASTM D714<\/td>\n<td data-th=\"Beschreibung\">Blasendichte und -gr\u00f6\u00dfe<\/td>\n<td data-th=\"Ergebnisse\">Blasendichte: gering\nBlasengr\u00f6\u00dfenklasse \u22658<\/td>\n<\/tr>\n<tr>\n<td data-th=\"Eigenschaft\">Abriebfestigkeit<\/td>\n<td data-th=\"Testverfahren\">ISO 1518<\/td>\n<td data-th=\"Beschreibung\">Kratzer<\/td>\n<td data-th=\"Result\">\u2265 2000gms<\/td>\n<\/tr>\n<tr>\n<td data-th=\"Eigenschaft\">Hitzebest\u00e4ndigkeit\n(ECCA T13)<\/td>\n<td data-th=\"Testverfahren\">ASTM D2244<\/td>\n<td data-th=\"Beschreibung\">90\u00b0C &#8211; 700 Stunden oder\n60\u00b0C &#8211; 1000 Stunden<\/td>\n<td data-th=\"Result\">\u0394E \u2264 5 ,\n\u0394Gloss \u2264 7%<\/td>\n<\/tr>\n<tr>\n<td data-th=\"Eigenschaft\">Feuerbest\u00e4ndigkeit<\/td>\n<td data-th=\"Testverfahren\">BS 476 Teil 7<\/td>\n<td data-th=\"Beschreibung\">Brandklasse<\/td>\n<td data-th=\"Result\">Klasse M1<\/td>\n<\/tr>\n<\/tbody>\n<\/table>\n<\/div>\n\n <div class=\"pane fluid\">\n<a href=\"\/wp-content\/uploads\/2017\/03\/Colorite-Standard.pdf\" target=\"_blank\" rel=\"noopener noreferrer\"><img decoding=\"async\" src=\"\/wp-content\/uploads\/2017\/03\/unnamed.png\" alt=\"unnamed\" width=\"50\" class=\"alignleft size-full wp-image-3150\" srcset=\"https:\/\/www.unicoil.com.sa\/Unicoil-Beta-Update\/wp-content\/uploads\/2017\/03\/unnamed.png 170w, https:\/\/www.unicoil.com.sa\/Unicoil-Beta-Update\/wp-content\/uploads\/2017\/03\/unnamed-150x150.png 150w\" sizes=\"(max-width: 170px) 100vw, 170px\" \/><\/a>\n\n<a href=\"\/wp-content\/uploads\/2017\/03\/Colorite-Standard.pdf\" target=\"_blank\" rel=\"noopener noreferrer\"><\/a>\n\n<a href=\"\/wp-content\/uploads\/2017\/03\/Colorite-Standard.pdf\" target=\"_blank\" rel=\"noopener noreferrer\"><\/a>\n\n<a href=\"\/wp-content\/uploads\/2017\/03\/Colorite-Standard.pdf\" target=\"_blank\" rel=\"noopener noreferrer\"><\/a>\n\n<a href=\"\/wp-content\/uploads\/2017\/03\/Colorite-Standard.pdf\" target=\"_blank\" rel=\"noopener noreferrer\"><\/a>\n\n<a href=\"\/wp-content\/uploads\/2017\/03\/Colorite-Standard.pdf\" target=\"_blank\" rel=\"noopener noreferrer\"><\/a>\n\n<a href=\"\/wp-content\/uploads\/2017\/03\/Colorite-Standard.pdf\" target=\"_blank\" rel=\"noopener noreferrer\"><\/a>\n\n<a href=\"\/wp-content\/uploads\/2017\/03\/Colorite-Standard.pdf\" target=\"_blank\" rel=\"noopener noreferrer\">\n<h3 style=\"margin-top: 15px;\"> technisches Datenblatt<\/h3>\n<\/a><a href=\"\/wp-content\/uploads\/2017\/03\/Colorite-Standard.pdf\" target=\"_blank\" rel=\"noopener noreferrer\"><\/a><a href=\"\/wp-content\/uploads\/2017\/03\/Colorite-Standard.pdf\" target=\"_blank\" rel=\"noopener noreferrer\"><\/a><a href=\"\/wp-content\/uploads\/2017\/03\/Colorite-Standard.pdf\" target=\"_blank\" rel=\"noopener noreferrer\"><\/a><a href=\"\/wp-content\/uploads\/2017\/03\/Colorite-Standard.pdf\" target=\"_blank\" rel=\"noopener noreferrer\"><\/a><a href=\"\/wp-content\/uploads\/2017\/03\/Colorite-Standard.pdf\" target=\"_blank\" rel=\"noopener noreferrer\"><\/a><a href=\"\/wp-content\/uploads\/2017\/03\/Colorite-Standard.pdf\" target=\"_blank\" rel=\"noopener noreferrer\"><\/a><a href=\"\/wp-content\/uploads\/2017\/03\/Colorite-Standard.pdf\" target=\"_blank\" rel=\"noopener noreferrer\"><\/a>\n\n<div class=\"clearfix\" style=\"height:10px\"><\/div>\n\n<\/div>\n\n<\/div><\/div><\/div>","protected":false},"excerpt":{"rendered":"","protected":false},"author":3,"featured_media":0,"parent":0,"menu_order":0,"comment_status":"closed","ping_status":"closed","template":"","meta":{"footnotes":""},"yoast_head":"<!-- This site is optimized with the Yoast SEO plugin v21.4 - https:\/\/yoast.com\/wordpress\/plugins\/seo\/ -->\n<title>Colorite Standard - UNICOIL<\/title>\n<meta name=\"robots\" content=\"index, follow, max-snippet:-1, max-image-preview:large, max-video-preview:-1\" \/>\n<link rel=\"canonical\" href=\"https:\/\/www.unicoil.com.sa\/Unicoil-Beta-Update\/de\/colorite-standard-de\/\" \/>\n<meta property=\"og:locale\" content=\"en_US\" \/>\n<meta property=\"og:type\" content=\"article\" \/>\n<meta property=\"og:title\" content=\"Colorite Standard - UNICOIL\" \/>\n<meta property=\"og:url\" content=\"https:\/\/www.unicoil.com.sa\/Unicoil-Beta-Update\/de\/colorite-standard-de\/\" \/>\n<meta property=\"og:site_name\" content=\"UNICOIL\" \/>\n<meta property=\"article:modified_time\" content=\"2021-07-06T05:27:34+00:00\" \/>\n<meta name=\"twitter:card\" content=\"summary_large_image\" \/>\n<meta name=\"twitter:label1\" content=\"Est. reading time\" \/>\n\t<meta name=\"twitter:data1\" content=\"3 minutes\" \/>\n<script type=\"application\/ld+json\" class=\"yoast-schema-graph\">{\"@context\":\"https:\/\/schema.org\",\"@graph\":[{\"@type\":\"WebPage\",\"@id\":\"https:\/\/www.unicoil.com.sa\/Unicoil-Beta-Update\/de\/colorite-standard-de\/\",\"url\":\"https:\/\/www.unicoil.com.sa\/Unicoil-Beta-Update\/de\/colorite-standard-de\/\",\"name\":\"Colorite Standard - UNICOIL\",\"isPartOf\":{\"@id\":\"https:\/\/www.unicoil.com.sa\/Unicoil-Beta-Update\/#website\"},\"datePublished\":\"2019-07-04T04:57:41+00:00\",\"dateModified\":\"2021-07-06T05:27:34+00:00\",\"breadcrumb\":{\"@id\":\"https:\/\/www.unicoil.com.sa\/Unicoil-Beta-Update\/de\/colorite-standard-de\/#breadcrumb\"},\"inLanguage\":\"en-US\",\"potentialAction\":[{\"@type\":\"ReadAction\",\"target\":[\"https:\/\/www.unicoil.com.sa\/Unicoil-Beta-Update\/de\/colorite-standard-de\/\"]}]},{\"@type\":\"BreadcrumbList\",\"@id\":\"https:\/\/www.unicoil.com.sa\/Unicoil-Beta-Update\/de\/colorite-standard-de\/#breadcrumb\",\"itemListElement\":[{\"@type\":\"ListItem\",\"position\":1,\"name\":\"Home\",\"item\":\"https:\/\/www.unicoil.com.sa\/Unicoil-Beta-Update\/en\/\"},{\"@type\":\"ListItem\",\"position\":2,\"name\":\"Colorite Standard\"}]},{\"@type\":\"WebSite\",\"@id\":\"https:\/\/www.unicoil.com.sa\/Unicoil-Beta-Update\/#website\",\"url\":\"https:\/\/www.unicoil.com.sa\/Unicoil-Beta-Update\/\",\"name\":\"UNICOIL\",\"description\":\"UNICOIL - A Leader in Steel Coil Coating and Prepainted Steels\",\"publisher\":{\"@id\":\"https:\/\/www.unicoil.com.sa\/Unicoil-Beta-Update\/#organization\"},\"potentialAction\":[{\"@type\":\"SearchAction\",\"target\":{\"@type\":\"EntryPoint\",\"urlTemplate\":\"https:\/\/www.unicoil.com.sa\/Unicoil-Beta-Update\/?s={search_term_string}\"},\"query-input\":\"required name=search_term_string\"}],\"inLanguage\":\"en-US\"},{\"@type\":\"Organization\",\"@id\":\"https:\/\/www.unicoil.com.sa\/Unicoil-Beta-Update\/#organization\",\"name\":\"UNICOIL\",\"url\":\"https:\/\/www.unicoil.com.sa\/Unicoil-Beta-Update\/\",\"logo\":{\"@type\":\"ImageObject\",\"inLanguage\":\"en-US\",\"@id\":\"https:\/\/www.unicoil.com.sa\/Unicoil-Beta-Update\/#\/schema\/logo\/image\/\",\"url\":\"https:\/\/www.unicoil.com.sa\/Unicoil-Beta-Update\/wp-content\/uploads\/UNICOIL-Logo-1.png\",\"contentUrl\":\"https:\/\/www.unicoil.com.sa\/Unicoil-Beta-Update\/wp-content\/uploads\/UNICOIL-Logo-1.png\",\"width\":1028,\"height\":617,\"caption\":\"UNICOIL\"},\"image\":{\"@id\":\"https:\/\/www.unicoil.com.sa\/Unicoil-Beta-Update\/#\/schema\/logo\/image\/\"}}]}<\/script>\n<!-- \/ Yoast SEO plugin. -->","yoast_head_json":{"title":"Colorite Standard - UNICOIL","robots":{"index":"index","follow":"follow","max-snippet":"max-snippet:-1","max-image-preview":"max-image-preview:large","max-video-preview":"max-video-preview:-1"},"canonical":"https:\/\/www.unicoil.com.sa\/Unicoil-Beta-Update\/de\/colorite-standard-de\/","og_locale":"en_US","og_type":"article","og_title":"Colorite Standard - UNICOIL","og_url":"https:\/\/www.unicoil.com.sa\/Unicoil-Beta-Update\/de\/colorite-standard-de\/","og_site_name":"UNICOIL","article_modified_time":"2021-07-06T05:27:34+00:00","twitter_card":"summary_large_image","twitter_misc":{"Est. reading time":"3 minutes"},"schema":{"@context":"https:\/\/schema.org","@graph":[{"@type":"WebPage","@id":"https:\/\/www.unicoil.com.sa\/Unicoil-Beta-Update\/de\/colorite-standard-de\/","url":"https:\/\/www.unicoil.com.sa\/Unicoil-Beta-Update\/de\/colorite-standard-de\/","name":"Colorite Standard - UNICOIL","isPartOf":{"@id":"https:\/\/www.unicoil.com.sa\/Unicoil-Beta-Update\/#website"},"datePublished":"2019-07-04T04:57:41+00:00","dateModified":"2021-07-06T05:27:34+00:00","breadcrumb":{"@id":"https:\/\/www.unicoil.com.sa\/Unicoil-Beta-Update\/de\/colorite-standard-de\/#breadcrumb"},"inLanguage":"en-US","potentialAction":[{"@type":"ReadAction","target":["https:\/\/www.unicoil.com.sa\/Unicoil-Beta-Update\/de\/colorite-standard-de\/"]}]},{"@type":"BreadcrumbList","@id":"https:\/\/www.unicoil.com.sa\/Unicoil-Beta-Update\/de\/colorite-standard-de\/#breadcrumb","itemListElement":[{"@type":"ListItem","position":1,"name":"Home","item":"https:\/\/www.unicoil.com.sa\/Unicoil-Beta-Update\/en\/"},{"@type":"ListItem","position":2,"name":"Colorite Standard"}]},{"@type":"WebSite","@id":"https:\/\/www.unicoil.com.sa\/Unicoil-Beta-Update\/#website","url":"https:\/\/www.unicoil.com.sa\/Unicoil-Beta-Update\/","name":"UNICOIL","description":"UNICOIL - A Leader in Steel Coil Coating and Prepainted Steels","publisher":{"@id":"https:\/\/www.unicoil.com.sa\/Unicoil-Beta-Update\/#organization"},"potentialAction":[{"@type":"SearchAction","target":{"@type":"EntryPoint","urlTemplate":"https:\/\/www.unicoil.com.sa\/Unicoil-Beta-Update\/?s={search_term_string}"},"query-input":"required name=search_term_string"}],"inLanguage":"en-US"},{"@type":"Organization","@id":"https:\/\/www.unicoil.com.sa\/Unicoil-Beta-Update\/#organization","name":"UNICOIL","url":"https:\/\/www.unicoil.com.sa\/Unicoil-Beta-Update\/","logo":{"@type":"ImageObject","inLanguage":"en-US","@id":"https:\/\/www.unicoil.com.sa\/Unicoil-Beta-Update\/#\/schema\/logo\/image\/","url":"https:\/\/www.unicoil.com.sa\/Unicoil-Beta-Update\/wp-content\/uploads\/UNICOIL-Logo-1.png","contentUrl":"https:\/\/www.unicoil.com.sa\/Unicoil-Beta-Update\/wp-content\/uploads\/UNICOIL-Logo-1.png","width":1028,"height":617,"caption":"UNICOIL"},"image":{"@id":"https:\/\/www.unicoil.com.sa\/Unicoil-Beta-Update\/#\/schema\/logo\/image\/"}}]}},"_links":{"self":[{"href":"https:\/\/www.unicoil.com.sa\/Unicoil-Beta-Update\/wp-json\/wp\/v2\/pages\/15633"}],"collection":[{"href":"https:\/\/www.unicoil.com.sa\/Unicoil-Beta-Update\/wp-json\/wp\/v2\/pages"}],"about":[{"href":"https:\/\/www.unicoil.com.sa\/Unicoil-Beta-Update\/wp-json\/wp\/v2\/types\/page"}],"author":[{"embeddable":true,"href":"https:\/\/www.unicoil.com.sa\/Unicoil-Beta-Update\/wp-json\/wp\/v2\/users\/3"}],"replies":[{"embeddable":true,"href":"https:\/\/www.unicoil.com.sa\/Unicoil-Beta-Update\/wp-json\/wp\/v2\/comments?post=15633"}],"version-history":[{"count":5,"href":"https:\/\/www.unicoil.com.sa\/Unicoil-Beta-Update\/wp-json\/wp\/v2\/pages\/15633\/revisions"}],"predecessor-version":[{"id":20790,"href":"https:\/\/www.unicoil.com.sa\/Unicoil-Beta-Update\/wp-json\/wp\/v2\/pages\/15633\/revisions\/20790"}],"wp:attachment":[{"href":"https:\/\/www.unicoil.com.sa\/Unicoil-Beta-Update\/wp-json\/wp\/v2\/media?parent=15633"}],"curies":[{"name":"wp","href":"https:\/\/api.w.org\/{rel}","templated":true}]}}