{"id":15651,"date":"2019-07-04T05:31:00","date_gmt":"2019-07-04T05:31:00","guid":{"rendered":"http:\/\/www.unicoil.sa\/?page_id=15651"},"modified":"2021-07-06T05:25:12","modified_gmt":"2021-07-06T05:25:12","slug":"colorite-premium-fr","status":"publish","type":"page","link":"https:\/\/www.unicoil.com.sa\/Unicoil-Beta-Update\/fr\/colorite-premium-fr\/","title":{"rendered":"Colorite Premium"},"content":{"rendered":"<div class=\"row clearfix\">\n\n<div class=\"box three \">\n<div class=\"box-conts\"><img decoding=\"async\" loading=\"lazy\" src=\"\/wp-content\/uploads\/2017\/03\/colorite-premium.png\" alt=\"Colorite Premium\" width=\"250\" height=\"96\" class=\"aligncenter size-full wp-image-3429\" style=\"margin-top: 35px; margin-bottom: 35px;\"><\/div>\n<\/div>\n\n<div class=\"box two-three \">\n<div style=\"float:right; width: 70px; background: #038166; color: #fff; text-align: center; padding: 10px; padding-top: 20px; margin-left: 15px;\"><span style=\"font-size:45px; text-align: center; padding: 10px;\">10*<\/span>\n<span style=\"font-size:25px;\">Ann\u00e9es<\/span>\nGarantie<\/div>\n<hr class=\"style-four margin-t0 margin-b5 \"  data-rt-animate=\"animate\" data-rt-animation-type=\"fadeInDown\" data-rt-animation-group=\"single\" >\n\nLe ColoRite Premium a \u00e9t\u00e9 d\u00e9velopp\u00e9 pour fournir un mat\u00e9riau durable destin\u00e9 \u00e0 des applications en ext\u00e9rieur, avec une tr\u00e8s bonne r\u00e9sistance aux intemp\u00e9ries et une bonne formabilit\u00e9.\n<div class=\"clearfix\" style=\"height:15px\"><\/div>\n<h3>Normes<\/h3>\n<strong>Substrat :<\/strong> ASTM A653\/A653M\n<div class=\"clearfix\" style=\"height:15px\"><\/div>\n<strong>Rev\u00eatement de peinture :<\/strong>  ASTM  A755\/755M\n<div class=\"clearfix\" style=\"height:15px\"><\/div>\n<strong>*<\/strong> Les conditions techniques seront appliqu\u00e9es\n<div class=\"clearfix\" style=\"height:15px\"><\/div>\n\n<hr class=\"style-four margin-t0 margin-b0 \"  data-rt-animate=\"animate\" data-rt-animation-type=\"fadeInDown\" data-rt-animation-group=\"single\" >\n<\/div>\n\n<\/div>\n\n<div class=\"clearfix\" style=\"height:20px\"><\/div>\n\n<div class=\"shortcode_tabs tab-style-three\" data-rt-animate=\"animate\" data-rt-animation-type=\"fadeIn\" data-rt-animation-group=\"single\"><div class=\"tabs_wrap\"><ul class=\"tabs clearfix\"><li class=\"with_icon\"><a href=\"#\"><span class=\"icon-doc-alt icon-large\"><\/span> Description g\u00e9n\u00e9rale<\/a><\/li><li class=\"with_icon\"><a href=\"#\"><span class=\"icon-cog-alt icon-large\"><\/span> Donn\u00e9es techniques<\/a><\/li><li class=\"with_icon\"><a href=\"#\"><span class=\"icon-gauge icon-large\"><\/span> Performances du produit<\/a><\/li><li class=\"with_icon\"><a href=\"#\"><span class=\"icon-download icon-large\"><\/span> T\u00e9l\u00e9chargements<\/a><\/li><\/ul><div class=\"panes\">\n\n <div class=\"pane fluid\">\n\nLe ColoRite Premium est un rev\u00eatement de peintures comprenant une t\u00f4le d&#8217;acier galvanis\u00e9 par immersion \u00e0 chaud avec une masse de rev\u00eatement de zinc minimale de 275 g\/m\u00b2 (G90) qui est peinte et durcie au four avec un polyester haut de gamme associ\u00e9 \u00e0 un appr\u00eat formul\u00e9 sur mesure. Cela produit un feuil sec de peinture d&#8217;\u00e9paisseur nominale de 25 microns sur la face sup\u00e9rieure (appr\u00eat inclus) et de 10 microns sur la face inf\u00e9rieure (appr\u00eat inclus). Le ColoRite Premium a \u00e9t\u00e9 d\u00e9velopp\u00e9 pour fournir un mat\u00e9riau durable destin\u00e9 \u00e0 des applications en ext\u00e9rieur, avec une tr\u00e8s bonne r\u00e9sistance aux intemp\u00e9ries et une bonne formabilit\u00e9.\n<div class=\"clearfix\" style=\"height:15px\"><\/div>\n<h3>Substrat<\/h3>\nAcier galvanis\u00e9, G90 au minimum (275 g\/m\u00b2).\nQualit\u00e9 CS de types A et B, FS de types A et B, SS33, SS40, SS50.\n\n<div class=\"clearfix\" style=\"height:20px\"><\/div>\n<h3>Usages standard<\/h3>\nCouverture des toits et des murs, panneaux sandwiches, portes de garage, b\u00e2timents K-span, chambres froides, etc.\n\n<div class=\"clearfix\" style=\"height:20px\"><\/div>\n<h3>Dimensions : <span style=\"font-size: 12px !important;\">(produits de fourniture normale)<\/span><\/h3>\n<table class=\"rwd-table\">\n<tbody>\n<tr>\n<th>\u00c9paisseur* (mm)<\/th>\n<th>Largeur** (mm)<\/th>\n<\/tr>\n<tr>\n<td data-th=\"\u00c9paisseur* (mm)\">De 0,45 \u00e0 1,20<\/td>\n<td data-th=\"Largeur** (mm)\">De 50 \u00e0 1 320<\/td>\n<\/tr>\n<\/tbody>\n<\/table>\n<strong>*<\/strong> Pour la qualit\u00e9 SS50, l&#8217;\u00e9paisseur minimale est de 0,50 mm\n<strong>**<\/strong> Pour une largeur inf\u00e9rieure \u00e0 1 000 mm, livr\u00e9 avec bord refendu\nPour des dimensions sp\u00e9cifiques, veuillez contacter le Service des ventes et du marketing.\n\n<\/div>\n\n <div class=\"pane fluid\">\n<table class=\"rwd-table\">\n<tbody>\n<tr>\n<th>Pr\u00e9traitement<\/th>\n<td data-th=\"Pr\u00e9traitement\"> Couche de conversion exclusive r\u00e9sistante \u00e0 la corrosion.<\/td>\n<\/tr>\n<tr>\n<th>Couche d&#8217;impression<\/th>\n<td data-th=\"Couche d'impression\"> Appr\u00eat universel inhibiteur de corrosion\n\u00c9paisseur nominale \u2013 5 microns sur chaque face<\/td>\n<\/tr>\n<tr>\n<th>Couche de finition<\/th>\n<td data-th=\"Couche de finition\"> Rev\u00eatement formul\u00e9 sur mesure.\n\u00c9paisseur nominale \u2013 20 microns sur la face sup\u00e9rieure ou expos\u00e9e aux intemp\u00e9ries.\nLa couche de finition est disponible dans toutes les couleurs RAL standard et d&#8217;autres couleurs peuvent \u00eatre obtenues sur demande.<\/td>\n<\/tr>\n<tr>\n<th>Couche dorsale<\/th>\n<td data-th=\"Couche dorsale\"> Couche dorsale formul\u00e9e sur mesure 5-7 microns\nUne couche dorsale sp\u00e9ciale adapt\u00e9e \u00e0 une application de mousse peut \u00e9galement \u00eatre fournie\nLa couche dorsale peut avoir l&#8217;\u00e9paisseur de feuil sec et la couleur du rev\u00eatement sup\u00e9rieur, si n\u00e9cessaire<\/td>\n<\/tr>\n<tr>\n<th>Brillance (60\u02da)<\/th>\n<td data-th=\"Brillance (60\u02da)\"> Nominal 30 -35%\nD&#8217;autres degr\u00e9s de brillance peuvent \u00eatre obtenus sur demande<\/td>\n<\/tr>\n<\/tbody>\n<\/table>\n<div class=\"clearfix\" style=\"height:20px\"><\/div>\n<h4>Propri\u00e9t\u00e9s de peinture garanties<\/h4>\n<table class=\"rwd-table\">\n<tbody>\n<tr>\n<th>Test<\/th>\n<th>M\u00e9thode de test<\/th>\n<th>Description<\/th>\n<th>R\u00e9sultats<\/th>\n<\/tr>\n<tr>\n<td data-th=\"Test\">Duret\u00e9 (crayon)<\/td>\n<td data-th=\"M\u00e9thode de test\">ASTM D 3363<\/td>\n<td data-th=\"Description\">crayon<\/td>\n<td data-th=\"R\u00e9sultats\">F ou plus dur<\/td>\n<\/tr>\n<tr>\n<td data-th=\"Test\">Adh\u00e9rence &#8211; Pliage T<\/td>\n<td data-th=\"M\u00e9thode de test\">ASTM D 4145<\/td>\n<td data-th=\"Description\">Pliage T<\/td>\n<td data-th=\"R\u00e9sultats\">3 T ou moins (aucun d\u00e9collement)<\/td>\n<\/tr>\n<tr>\n<td data-th=\"Test\">Souplesse<\/td>\n<td data-th=\"M\u00e9thode de test\">ASTM D 4145<\/td>\n<td data-th=\"Description\">Pliage T<\/td>\n<td data-th=\"R\u00e9sultats\">3 T ou moins (aucune fissure)<\/td>\n<\/tr>\n<tr>\n<td data-th=\"Test\">Adh\u00e9rence &#8211; Choc inverse<\/td>\n<td data-th=\"M\u00e9thode de test\">ASTM D 2794<\/td>\n<td data-th=\"Description\">Choc inverse<\/td>\n<td data-th=\"R\u00e9sultats\"> &gt; 10 joules<\/td>\n<\/tr>\n<tr>\n<td data-th=\"Test\">Quadrillage<\/td>\n<td data-th=\"M\u00e9thode de test\">ASTM D 3359<\/td>\n<td data-th=\"Description\">Quadrillage<\/td>\n<td data-th=\"R\u00e9sultats\"> &gt; Aucun enl\u00e8vement de peinture<\/td>\n<\/tr>\n<tr>\n<td data-th=\"Test\">Brillance 60\u02da (%)<\/td>\n<td data-th=\"M\u00e9thode de test\">ASTM D 523<\/td>\n<td data-th=\"Description\">Brillance<\/td>\n<td data-th=\"R\u00e9sultats\">30-35<\/td>\n<\/tr>\n<tr>\n<td data-th=\"Test\">\u00c9cart de couleur<\/td>\n<td data-th=\"M\u00e9thode de test\">ASTM D2244<\/td>\n<td colspan=\"2\">\n<table class=\"rwd-table\">\n<tbody>\n<tr>\n<td data-th=\"Description\">Couleurs claires<\/td>\n<td data-th=\"R\u00e9sultats\">\u0394 E &#8211; \u22641,0<\/td>\n<\/tr>\n<tr>\n<td data-th=\"Description\">Couleurs interm\u00e9diaires<\/td>\n<td data-th=\"R\u00e9sultats\">\u0394 E &#8211; \u2264 1,5<\/td>\n<\/tr>\n<tr>\n<td data-th=\"Description\">Couleurs sombres<\/td>\n<td data-th=\"R\u00e9sultats\">\u0394 E &#8211; \u2264 2,0 \/ Correspondance visuelle<\/td>\n<\/tr>\n<tr>\n<td data-th=\"Description\">Substances m\u00e9talliques<\/td>\n<td data-th=\"R\u00e9sultats\">Correspondance visuelle<\/td>\n<\/tr>\n<\/tbody>\n<\/table>\n<\/td>\n<\/tr>\n<\/tbody>\n<\/table>\n<\/div>\n\n <div class=\"pane fluid\">\n<h4>Performances de service produit attendues<\/h4>\n<table class=\"rwd-table\">\n<tbody>\n<tr>\n<th>Propri\u00e9t\u00e9<\/th>\n<th>M\u00e9thode de test<\/th>\n<th>Description<\/th>\n<th>R\u00e9sultats<\/th>\n<\/tr>\n<tr>\n<td data-th=\"Propri\u00e9t\u00e9\" rowspan=\"4\">R\u00e9sistance aux UV\n(QUV-A) ASTM G53<\/td>\n<td data-th=\"M\u00e9thode de test\" colspan=\"2\">Heures d&#8217;exposition<\/td>\n<td data-th=\"Description\">1500 h<\/td>\n<\/tr>\n<tr>\n<td data-th=\"M\u00e9thode de test\">ASTM D2244<\/td>\n<td data-th=\"Description\">Changement de couleur<\/td>\n<td data-th=\"R\u00e9sultats\">DE Hunterlab &#8211;\nCouleur claire \u22644\nCouleur Int. \u22646\nCouleur sombre \u22648<\/td>\n<\/tr>\n<tr>\n<td data-th=\"M\u00e9thode de test\">ASTM D4214<\/td>\n<td data-th=\"Description\">Farinage<\/td>\n<td data-th=\"R\u00e9sultats\">ASTM Rating 4 &#8211; 2<\/td>\n<\/tr>\n<tr>\n<td data-th=\"M\u00e9thode de test\">ASTM D523<\/td>\n<td data-th=\"Description\">% age de r\u00e9tention de brillance<\/td>\n<td data-th=\"R\u00e9sultats\">\u2265 40<\/td>\n<\/tr>\n<tr>\n<td data-th=\"Propri\u00e9t\u00e9\" rowspan=\"4\">Exposition environnementale\nASTM G7<\/td>\n<td data-th=\"M\u00e9thode de test\" colspan=\"2\">Heures d&#8217;exposition<\/td>\n<td data-th=\"Description\">7 ans<\/td>\n<\/tr>\n<tr>\n<td data-th=\"M\u00e9thode de test\">ASTM D2244<\/td>\n<td data-th=\"Description\">Changement de couleur\n(Non Vertical)<\/td>\n<td data-th=\"R\u00e9sultats\">DE Hunterlab &#8211;\nCouleur claire \u22646\nCouleur Int. \u22649\nCouleur sombre \u226412<\/td>\n<\/tr>\n<tr>\n<td data-th=\"M\u00e9thode de test\">ASTM D4214<\/td>\n<td data-th=\"Description\">Farinage<\/td>\n<td data-th=\"R\u00e9sultats\">ASTM Rating 4 &#8211; 2<\/td>\n<\/tr>\n<tr>\n<td data-th=\"M\u00e9thode de test\">ASTM D523<\/td>\n<td data-th=\"Description\">% age de r\u00e9tention de brillance<\/td>\n<td data-th=\"R\u00e9sultats\">\u2265 30<\/td>\n<\/tr>\n<tr>\n<td data-th=\"Propri\u00e9t\u00e9\" rowspan=\"2\">R\u00e9sistance \u00e0 la corrosion (embruns sal\u00e9s)\nASTM B117<\/td>\n<td data-th=\"M\u00e9thode de test\" colspan=\"2\">Heures d&#8217;exposition<\/td>\n<td data-th=\"Description\">1000 h<\/td>\n<\/tr>\n<tr>\n<td data-th=\"M\u00e9thode de test\">ASTM D714 &amp; ASTM D1654<\/td>\n<td data-th=\"Description\">Densit\u00e9 et dimension de cloquage, fluage et corrosion<\/td>\n<td data-th=\"R\u00e9sultats\">Densit\u00e9 de cloquage \u2013 Faible,\nDimension de cloquage \u2265 8\nDistance d&#8217;incision \u2264 2 mm<\/td>\n<\/tr>\n<tr>\n<td data-th=\"Propri\u00e9t\u00e9\" rowspan=\"2\">R\u00e9sistance \u00e0 l&#8217;humidit\u00e9\n\u00e0 38\u00b1 1\u00b0C\nASTM D 2247<\/td>\n<td data-th=\"M\u00e9thode de test\" colspan=\"2\">Heures d&#8217;exposition<\/td>\n<td data-th=\"Description\">1000 h<\/td>\n<\/tr>\n<tr>\n<td data-th=\"M\u00e9thode de test\">ASTM D714<\/td>\n<td data-th=\"Description\">Densit\u00e9 et dimension de cloquage<\/td>\n<td data-th=\"R\u00e9sultats\">Densit\u00e9 de cloquage \u2013 Faible,\nDimension de cloquage \u2265 8<\/td>\n<\/tr>\n<tr>\n<td data-th=\"Propri\u00e9t\u00e9\" rowspan=\"3\">R\u00e9sistance \u00e0 l&#8217;abrasion<\/td>\n<td data-th=\"M\u00e9thode de test\">ASTM D 968<\/td>\n<td data-th=\"Description\">Test de chute de sable<\/td>\n<td data-th=\"Result\"> &#8211;<\/td>\n<\/tr>\n<tr>\n<td data-th=\"M\u00e9thode de test\">ASTM D 4060<\/td>\n<td data-th=\"Description\">Abrasim\u00e8tre Taber 1 000 g\nRoues CS10<\/td>\n<td data-th=\"Result\"> &#8211;<\/td>\n<\/tr>\n<tr>\n<td data-th=\"M\u00e9thode de test\">ISO 1518<\/td>\n<td data-th=\"Description\">Rayure<\/td>\n<td data-th=\"Result\">\u2265 2000 gms<\/td>\n<\/tr>\n<tr>\n<td data-th=\"Propri\u00e9t\u00e9\">R\u00e9sistance \u00e0 la chaleur\n(ECCA T13)<\/td>\n<td data-th=\"M\u00e9thode de test\">ASTM D2244<\/td>\n<td data-th=\"Description\">90 \u00b0C &#8211; 700 h ou\n60 \u00b0C &#8211; 1000 h<\/td>\n<td data-th=\"Result\">\u0394E \u2264 5 ,\n\u0394Brillance \u2264 7 %<\/td>\n<\/tr>\n<tr>\n<td data-th=\"Propri\u00e9t\u00e9\">R\u00e9sistance au feu<\/td>\n<td data-th=\"M\u00e9thode de test\">BS 476, partie 7<\/td>\n<td data-th=\"Description\">Classement de r\u00e9sistance au feu<\/td>\n<td data-th=\"Result\">Classe M1<\/td>\n<\/tr>\n<\/tbody>\n<\/table>\n<\/div>\n\n <div class=\"pane fluid\">\n<a href=\"\/wp-content\/uploads\/2017\/03\/colorite-premium-1.pdf\" target=\"_blank\" rel=\"noopener noreferrer\"><img decoding=\"async\" src=\"\/wp-content\/uploads\/2017\/03\/unnamed.png\" alt=\"unnamed\" width=\"50\" class=\"alignleft size-full wp-image-3150\" srcset=\"https:\/\/www.unicoil.com.sa\/Unicoil-Beta-Update\/wp-content\/uploads\/2017\/03\/unnamed.png 170w, https:\/\/www.unicoil.com.sa\/Unicoil-Beta-Update\/wp-content\/uploads\/2017\/03\/unnamed-150x150.png 150w\" sizes=\"(max-width: 170px) 100vw, 170px\" \/><\/a>\n\n<a href=\"\/wp-content\/uploads\/2017\/03\/colorite-premium-1.pdf\" target=\"_blank\" rel=\"noopener noreferrer\"><\/a>\n\n<a href=\"\/wp-content\/uploads\/2017\/03\/colorite-premium-1.pdf\" target=\"_blank\" rel=\"noopener noreferrer\"><\/a>\n\n<a href=\"\/wp-content\/uploads\/2017\/03\/colorite-premium-1.pdf\" target=\"_blank\" rel=\"noopener noreferrer\"><\/a>\n\n<a href=\"\/wp-content\/uploads\/2017\/03\/colorite-premium-1.pdf\" target=\"_blank\" rel=\"noopener noreferrer\"><\/a>\n\n<a href=\"\/wp-content\/uploads\/2017\/03\/colorite-premium-1.pdf\" target=\"_blank\" rel=\"noopener noreferrer\">\n<h3 style=\"margin-top: 15px;\"> Fiche technique<\/h3>\n<\/a><a href=\"\/wp-content\/uploads\/2017\/03\/colorite-premium-1.pdf\" target=\"_blank\" rel=\"noopener noreferrer\"><\/a><a href=\"\/wp-content\/uploads\/2017\/03\/colorite-premium-1.pdf\" target=\"_blank\" rel=\"noopener noreferrer\"><\/a><a href=\"\/wp-content\/uploads\/2017\/03\/colorite-premium-1.pdf\" target=\"_blank\" rel=\"noopener noreferrer\"><\/a><a href=\"\/wp-content\/uploads\/2017\/03\/colorite-premium-1.pdf\" target=\"_blank\" rel=\"noopener noreferrer\"><\/a><a href=\"\/wp-content\/uploads\/2017\/03\/colorite-premium-1.pdf\" target=\"_blank\" rel=\"noopener noreferrer\"><\/a>\n\n<div class=\"clearfix\" style=\"height:10px\"><\/div>\n\n<\/div>\n\n<\/div><\/div><\/div>","protected":false},"excerpt":{"rendered":"","protected":false},"author":3,"featured_media":0,"parent":0,"menu_order":0,"comment_status":"closed","ping_status":"closed","template":"","meta":{"footnotes":""},"yoast_head":"<!-- This site is optimized with the Yoast SEO plugin v21.4 - https:\/\/yoast.com\/wordpress\/plugins\/seo\/ -->\n<title>Colorite Premium - UNICOIL<\/title>\n<meta name=\"robots\" content=\"index, follow, max-snippet:-1, max-image-preview:large, max-video-preview:-1\" \/>\n<link rel=\"canonical\" href=\"https:\/\/www.unicoil.com.sa\/Unicoil-Beta-Update\/fr\/colorite-premium-fr\/\" \/>\n<meta property=\"og:locale\" content=\"en_US\" \/>\n<meta property=\"og:type\" content=\"article\" \/>\n<meta property=\"og:title\" content=\"Colorite Premium - UNICOIL\" \/>\n<meta property=\"og:url\" content=\"https:\/\/www.unicoil.com.sa\/Unicoil-Beta-Update\/fr\/colorite-premium-fr\/\" \/>\n<meta property=\"og:site_name\" content=\"UNICOIL\" \/>\n<meta property=\"article:modified_time\" content=\"2021-07-06T05:25:12+00:00\" \/>\n<meta name=\"twitter:card\" content=\"summary_large_image\" \/>\n<meta name=\"twitter:label1\" content=\"Est. reading time\" \/>\n\t<meta name=\"twitter:data1\" content=\"4 minutes\" \/>\n<script type=\"application\/ld+json\" class=\"yoast-schema-graph\">{\"@context\":\"https:\/\/schema.org\",\"@graph\":[{\"@type\":\"WebPage\",\"@id\":\"https:\/\/www.unicoil.com.sa\/Unicoil-Beta-Update\/fr\/colorite-premium-fr\/\",\"url\":\"https:\/\/www.unicoil.com.sa\/Unicoil-Beta-Update\/fr\/colorite-premium-fr\/\",\"name\":\"Colorite Premium - UNICOIL\",\"isPartOf\":{\"@id\":\"https:\/\/www.unicoil.com.sa\/Unicoil-Beta-Update\/#website\"},\"datePublished\":\"2019-07-04T05:31:00+00:00\",\"dateModified\":\"2021-07-06T05:25:12+00:00\",\"breadcrumb\":{\"@id\":\"https:\/\/www.unicoil.com.sa\/Unicoil-Beta-Update\/fr\/colorite-premium-fr\/#breadcrumb\"},\"inLanguage\":\"en-US\",\"potentialAction\":[{\"@type\":\"ReadAction\",\"target\":[\"https:\/\/www.unicoil.com.sa\/Unicoil-Beta-Update\/fr\/colorite-premium-fr\/\"]}]},{\"@type\":\"BreadcrumbList\",\"@id\":\"https:\/\/www.unicoil.com.sa\/Unicoil-Beta-Update\/fr\/colorite-premium-fr\/#breadcrumb\",\"itemListElement\":[{\"@type\":\"ListItem\",\"position\":1,\"name\":\"Home\",\"item\":\"https:\/\/www.unicoil.com.sa\/Unicoil-Beta-Update\/en\/\"},{\"@type\":\"ListItem\",\"position\":2,\"name\":\"Colorite Premium\"}]},{\"@type\":\"WebSite\",\"@id\":\"https:\/\/www.unicoil.com.sa\/Unicoil-Beta-Update\/#website\",\"url\":\"https:\/\/www.unicoil.com.sa\/Unicoil-Beta-Update\/\",\"name\":\"UNICOIL\",\"description\":\"UNICOIL - A Leader in Steel Coil Coating and Prepainted Steels\",\"publisher\":{\"@id\":\"https:\/\/www.unicoil.com.sa\/Unicoil-Beta-Update\/#organization\"},\"potentialAction\":[{\"@type\":\"SearchAction\",\"target\":{\"@type\":\"EntryPoint\",\"urlTemplate\":\"https:\/\/www.unicoil.com.sa\/Unicoil-Beta-Update\/?s={search_term_string}\"},\"query-input\":\"required name=search_term_string\"}],\"inLanguage\":\"en-US\"},{\"@type\":\"Organization\",\"@id\":\"https:\/\/www.unicoil.com.sa\/Unicoil-Beta-Update\/#organization\",\"name\":\"UNICOIL\",\"url\":\"https:\/\/www.unicoil.com.sa\/Unicoil-Beta-Update\/\",\"logo\":{\"@type\":\"ImageObject\",\"inLanguage\":\"en-US\",\"@id\":\"https:\/\/www.unicoil.com.sa\/Unicoil-Beta-Update\/#\/schema\/logo\/image\/\",\"url\":\"https:\/\/www.unicoil.com.sa\/Unicoil-Beta-Update\/wp-content\/uploads\/UNICOIL-Logo-1.png\",\"contentUrl\":\"https:\/\/www.unicoil.com.sa\/Unicoil-Beta-Update\/wp-content\/uploads\/UNICOIL-Logo-1.png\",\"width\":1028,\"height\":617,\"caption\":\"UNICOIL\"},\"image\":{\"@id\":\"https:\/\/www.unicoil.com.sa\/Unicoil-Beta-Update\/#\/schema\/logo\/image\/\"}}]}<\/script>\n<!-- \/ Yoast SEO plugin. -->","yoast_head_json":{"title":"Colorite Premium - UNICOIL","robots":{"index":"index","follow":"follow","max-snippet":"max-snippet:-1","max-image-preview":"max-image-preview:large","max-video-preview":"max-video-preview:-1"},"canonical":"https:\/\/www.unicoil.com.sa\/Unicoil-Beta-Update\/fr\/colorite-premium-fr\/","og_locale":"en_US","og_type":"article","og_title":"Colorite Premium - UNICOIL","og_url":"https:\/\/www.unicoil.com.sa\/Unicoil-Beta-Update\/fr\/colorite-premium-fr\/","og_site_name":"UNICOIL","article_modified_time":"2021-07-06T05:25:12+00:00","twitter_card":"summary_large_image","twitter_misc":{"Est. reading time":"4 minutes"},"schema":{"@context":"https:\/\/schema.org","@graph":[{"@type":"WebPage","@id":"https:\/\/www.unicoil.com.sa\/Unicoil-Beta-Update\/fr\/colorite-premium-fr\/","url":"https:\/\/www.unicoil.com.sa\/Unicoil-Beta-Update\/fr\/colorite-premium-fr\/","name":"Colorite Premium - UNICOIL","isPartOf":{"@id":"https:\/\/www.unicoil.com.sa\/Unicoil-Beta-Update\/#website"},"datePublished":"2019-07-04T05:31:00+00:00","dateModified":"2021-07-06T05:25:12+00:00","breadcrumb":{"@id":"https:\/\/www.unicoil.com.sa\/Unicoil-Beta-Update\/fr\/colorite-premium-fr\/#breadcrumb"},"inLanguage":"en-US","potentialAction":[{"@type":"ReadAction","target":["https:\/\/www.unicoil.com.sa\/Unicoil-Beta-Update\/fr\/colorite-premium-fr\/"]}]},{"@type":"BreadcrumbList","@id":"https:\/\/www.unicoil.com.sa\/Unicoil-Beta-Update\/fr\/colorite-premium-fr\/#breadcrumb","itemListElement":[{"@type":"ListItem","position":1,"name":"Home","item":"https:\/\/www.unicoil.com.sa\/Unicoil-Beta-Update\/en\/"},{"@type":"ListItem","position":2,"name":"Colorite Premium"}]},{"@type":"WebSite","@id":"https:\/\/www.unicoil.com.sa\/Unicoil-Beta-Update\/#website","url":"https:\/\/www.unicoil.com.sa\/Unicoil-Beta-Update\/","name":"UNICOIL","description":"UNICOIL - A Leader in Steel Coil Coating and Prepainted Steels","publisher":{"@id":"https:\/\/www.unicoil.com.sa\/Unicoil-Beta-Update\/#organization"},"potentialAction":[{"@type":"SearchAction","target":{"@type":"EntryPoint","urlTemplate":"https:\/\/www.unicoil.com.sa\/Unicoil-Beta-Update\/?s={search_term_string}"},"query-input":"required name=search_term_string"}],"inLanguage":"en-US"},{"@type":"Organization","@id":"https:\/\/www.unicoil.com.sa\/Unicoil-Beta-Update\/#organization","name":"UNICOIL","url":"https:\/\/www.unicoil.com.sa\/Unicoil-Beta-Update\/","logo":{"@type":"ImageObject","inLanguage":"en-US","@id":"https:\/\/www.unicoil.com.sa\/Unicoil-Beta-Update\/#\/schema\/logo\/image\/","url":"https:\/\/www.unicoil.com.sa\/Unicoil-Beta-Update\/wp-content\/uploads\/UNICOIL-Logo-1.png","contentUrl":"https:\/\/www.unicoil.com.sa\/Unicoil-Beta-Update\/wp-content\/uploads\/UNICOIL-Logo-1.png","width":1028,"height":617,"caption":"UNICOIL"},"image":{"@id":"https:\/\/www.unicoil.com.sa\/Unicoil-Beta-Update\/#\/schema\/logo\/image\/"}}]}},"_links":{"self":[{"href":"https:\/\/www.unicoil.com.sa\/Unicoil-Beta-Update\/wp-json\/wp\/v2\/pages\/15651"}],"collection":[{"href":"https:\/\/www.unicoil.com.sa\/Unicoil-Beta-Update\/wp-json\/wp\/v2\/pages"}],"about":[{"href":"https:\/\/www.unicoil.com.sa\/Unicoil-Beta-Update\/wp-json\/wp\/v2\/types\/page"}],"author":[{"embeddable":true,"href":"https:\/\/www.unicoil.com.sa\/Unicoil-Beta-Update\/wp-json\/wp\/v2\/users\/3"}],"replies":[{"embeddable":true,"href":"https:\/\/www.unicoil.com.sa\/Unicoil-Beta-Update\/wp-json\/wp\/v2\/comments?post=15651"}],"version-history":[{"count":4,"href":"https:\/\/www.unicoil.com.sa\/Unicoil-Beta-Update\/wp-json\/wp\/v2\/pages\/15651\/revisions"}],"predecessor-version":[{"id":20783,"href":"https:\/\/www.unicoil.com.sa\/Unicoil-Beta-Update\/wp-json\/wp\/v2\/pages\/15651\/revisions\/20783"}],"wp:attachment":[{"href":"https:\/\/www.unicoil.com.sa\/Unicoil-Beta-Update\/wp-json\/wp\/v2\/media?parent=15651"}],"curies":[{"name":"wp","href":"https:\/\/api.w.org\/{rel}","templated":true}]}}