{"id":15733,"date":"2019-07-07T05:04:27","date_gmt":"2019-07-07T05:04:27","guid":{"rendered":"http:\/\/www.unicoil.sa\/?page_id=15733"},"modified":"2021-07-06T05:16:30","modified_gmt":"2021-07-06T05:16:30","slug":"colorite-abrasion-resist-es","status":"publish","type":"page","link":"https:\/\/www.unicoil.com.sa\/Unicoil-Beta-Update\/es\/colorite-abrasion-resist-es\/","title":{"rendered":"Colorite Abrasion Resist"},"content":{"rendered":"<div class=\"row clearfix\">\n\n<div class=\"box three \">\n<div class=\"box-conts\"><img decoding=\"async\" loading=\"lazy\" src=\"\/wp-content\/uploads\/2017\/03\/colorite-abrasion-resist-logo.png\" alt=\"Colorite AntiBacterial\" width=\"250\" height=\"96\" class=\"aligncenter size-full wp-image-3429\" style=\"margin-top: 35px; margin-bottom: 35px;\"><\/div>\n<\/div>\n\n<div class=\"box two-three \">\n<div style=\"float:right; width: 70px; background: #038166; color: #fff; text-align: center; padding: 10px; padding-top: 20px; margin-left: 15px;\"><span style=\"font-size:45px; text-align: center; padding: 10px;\">7*<\/span>\n<span style=\"font-size:25px;\">A\u00f1os<\/span>\nGarant\u00eda<\/div>\n<hr class=\"style-four margin-t0 margin-b5 \"  data-rt-animate=\"animate\" data-rt-animation-type=\"fadeInDown\" data-rt-animation-group=\"single\" >\n\nCOLORITE ABRASION RESIST es un acero galvanizado prepintado de alta calidad desarrollado para proporcionar un material de alta resistencia a las aplicaciones de puertas de garaje con alta resistencia a la abrasi\u00f3n.\n<div class=\"clearfix\" style=\"height:15px\"><\/div>\n<h3>Standards<\/h3>\n<strong>Est\u00e1ndares :<\/strong> ASTM A653\/A653M\n<div class=\"clearfix\" style=\"height:15px\"><\/div><strong>Recubrimiento de pintura :<\/strong>  ASTM  A755\/755M\n<div class=\"clearfix\" style=\"height:15px\"><\/div>\n<strong>*<\/strong> Se aplicar\u00e1n los t\u00e9rminos y condiciones t\u00e9cnicos\n<div class=\"clearfix\" style=\"height:15px\"><\/div>\n<hr class=\"style-four margin-t0 margin-b0 \"  data-rt-animate=\"animate\" data-rt-animation-type=\"fadeInDown\" data-rt-animation-group=\"single\" >\n<\/div>\n\n<\/div>\n\n<div class=\"clearfix\" style=\"height:20px\"><\/div>\n\n<div class=\"shortcode_tabs tab-style-three\" data-rt-animate=\"animate\" data-rt-animation-type=\"fadeIn\" data-rt-animation-group=\"single\"><div class=\"tabs_wrap\"><ul class=\"tabs clearfix\"><li class=\"with_icon\"><a href=\"#\"><span class=\"icon-doc-alt icon-large\"><\/span> Descripci\u00f3n general<\/a><\/li><li class=\"with_icon\"><a href=\"#\"><span class=\"icon-cog-alt icon-large\"><\/span> Datos t\u00e9cnicos<\/a><\/li><li class=\"with_icon\"><a href=\"#\"><span class=\"icon-gauge icon-large\"><\/span> Rendimiento del producto<\/a><\/li><li class=\"with_icon\"><a href=\"#\"><span class=\"icon-download icon-large\"><\/span> Descargar<\/a><\/li><\/ul><div class=\"panes\">\n\n <div class=\"pane fluid\">\n\nColorite Abrasion Resist es un acero galvanizado prepintado con poliuretano y poliamida desarrollado para proporcionar material de alta durabilidad destinado a aplicaciones que requieran alta resistencia a la abrasi\u00f3n. La pintura es un sistema de poliamida y poliuretano, aplicado sobre un sustrato galvanizado de m\u00ednimo 180 g\/m2 de revestimiento de zinc, con un espesor de pel\u00edcula de pintura de 25 micras en la cara expuesta y 15 micras del mismo sistema en la cara inferior.\n<div class=\"clearfix\" style=\"height:15px\"><\/div>\n<h3>Sustrato<\/h3>\nAcero galvanizado \u2013 G60 (180 g\/m2) m\u00ednimo\nCS tipo A y B, FS tipo A y B, SS33, SS40 y SS50\n\n<div class=\"clearfix\" style=\"height:20px\"><\/div>\n<h3>Usos t\u00edpicos<\/h3>\nPuertas de garaje, persianas enrollables\n\n<div class=\"clearfix\" style=\"height:20px\"><\/div>\n<h3>Dimensiones :<span style=\"font-size: 12px !important;\">(productos de suministro normal)<\/span><\/h3>\n<table class=\"rwd-table\">\n<tbody>\n<tr>\n<th>Grosor* (mm)<\/th>\n<th>Ancho** (mm)<\/th>\n<\/tr>\n<tr>\n<td data-th=\"Grosor* (mm)\">de 0,40 a 1,20<\/td>\n<td data-th=\"Ancho** (mm)\">de 50 a 1320<\/td>\n<\/tr>\n<\/tbody>\n<\/table>\n<strong>*<\/strong> Para el grado SS50, el grosor m\u00ednimo es de 0,50 mm\n<strong>**<\/strong> Los anchos de menos de 1000 mm se suministran con borde ranurado\nPara obtener dimensiones espec\u00edficas, p\u00f3ngase en contacto con el departamento de marketing y ventas.\n\n<\/div>\n\n <div class=\"pane fluid\">\n<table class=\"rwd-table\">\n<tbody>\n<tr>\n<th>Tratamiento previo<\/th>\n<td data-th=\"Tratamiento previo\"> Recubrimiento de conversi\u00f3n exclusivo resistente a la corrosi\u00f3n.<\/td>\n<\/tr>\n<tr>\n<th>Recubrimiento de imprimaci\u00f3n<\/th>\n<td data-th=\"Recubrimiento de imprimaci\u00f3n\"> Imprimaci\u00f3n inhibidora universal de la corrosi\u00f3n\nGrosor nominal: 5 micras por cada cara<\/td>\n<\/tr>\n<tr>\n<th>Capa de acabado<\/th>\n<td data-th=\"Capa de acabado\"> Sistema de pintura de poliamida y poliuretano formulado espec\u00edficamente (PUPA).\nGrosor nominal: 20 micras en la cara superior o expuesta.\nLa capa de acabado est\u00e1 disponible en todos los colores RAL est\u00e1ndar y otros colores pueden estar disponibles bajo petici\u00f3n.<\/td>\n<\/tr>\n<tr>\n<th>Recubrimiento de respaldo<\/th>\n<td data-th=\"Recubrimiento de respaldo\"> Sistema de pintura de poliuretano y poliamida formulado espec\u00edficamente (PUPA).\nGrosor nominal de 10 micras.\nLa capa posterior es del mismo color que la capa superior<\/td>\n<\/tr>\n<tr>\n<th>Brillo (60\u02da)<\/th>\n<td data-th=\"Gloss (60\u02da)\"> Nominal 30%\nSe pueden obtener otros niveles de brillo bajo petici\u00f3n<\/td>\n<\/tr>\n<\/tbody>\n<\/table>\n<div class=\"clearfix\" style=\"height:20px\"><\/div>\n<h4>Propiedades garantizadas de la pintura<\/h4>\n<table class=\"rwd-table\">\n<tbody>\n<tr>\n<th>Prueba<\/th>\n<th>M\u00e9todo de prueba<\/th>\n<th>Descripci\u00f3n<\/th>\n<th>Resultados<\/th>\n<\/tr>\n<tr>\n<td data-th=\"Prueba\">Dureza (l\u00e1piz)<\/td>\n<td data-th=\"M\u00e9todo de prueba\">ASTM D 3363<\/td>\n<td data-th=\"Descripci\u00f3n\">L\u00e1piz<\/td>\n<td data-th=\"Resultados\">F o m\u00e1s duro<\/td>\n<\/tr>\n<tr>\n<td data-th=\"Prueba\">Adherencia &#8211; Plegado en T<\/td>\n<td data-th=\"M\u00e9todo de prueba\">ASTM D 4145<\/td>\n<td data-th=\"Descripci\u00f3n\">Plegado en T<\/td>\n<td data-th=\"Resultados\">2T o menos (sin arrancado)<\/td>\n<\/tr>\n<tr>\n<td data-th=\"Prueba\">Flexibilidad<\/td>\n<td data-th=\"M\u00e9todo de prueba\">ASTM D 4145<\/td>\n<td data-th=\"Descripci\u00f3n\">Plegado en T<\/td>\n<td data-th=\"Resultados\">2T o menos (sin agrietamiento)<\/td>\n<\/tr>\n<tr>\n<td data-th=\"Prueba\">Adhesi\u00f3n &#8211; Impacto inverso<\/td>\n<td data-th=\"M\u00e9todo de prueba\">ASTM D 2794<\/td>\n<td data-th=\"Descripci\u00f3n\">Impacto inverso<\/td>\n<td data-th=\"Resultados\"> &gt; 10 joules<\/td>\n<\/tr>\n<tr>\n<td data-th=\"Prueba\">Entramado<\/td>\n<td data-th=\"M\u00e9todo de prueba\">ASTM D 3359<\/td>\n<td data-th=\"Descripci\u00f3n\">Entramado<\/td>\n<td data-th=\"Resultados\"> &gt; Sin eliminaci\u00f3n de pintura<\/td>\n<\/tr>\n<tr>\n<td data-th=\"Prueba\">Brillo 60\u02da (%)<\/td>\n<td data-th=\"M\u00e9todo de prueba\">ASTM D 523<\/td>\n<td data-th=\"Descripci\u00f3n\">Brillo<\/td>\n<td data-th=\"Resultados\">20-30<\/td>\n<\/tr>\n<tr>\n<td data-th=\"Prueba\">Diferencia de color<\/td>\n<td data-th=\"M\u00e9todo de prueba\">ASTM D2244<\/td>\n<td colspan=\"2\">\n<table class=\"rwd-table\">\n<tbody>\n<tr>\n<td data-th=\"Descripci\u00f3n\">Colores claros<\/td>\n<td data-th=\"Resultados\" rowspan=\"4\">Correspondencia visual<\/td>\n<\/tr>\n<tr>\n<td data-th=\"Descripci\u00f3n\">Colores medios<\/td>\n<\/tr>\n<tr>\n<td data-th=\"Descripci\u00f3n\">Colores oscuros<\/td>\n<\/tr>\n<tr>\n<td data-th=\"Descripci\u00f3n\">Met\u00e1licos<\/td>\n<\/tr>\n<\/tbody>\n<\/table>\n<\/td>\n<\/tr>\n<\/tbody>\n<\/table>\n<\/div>\n\n <div class=\"pane fluid\">\n<h4>Rendimiento de servicio esperado para los productos<\/h4>\n<table class=\"rwd-table\">\n<tbody>\n<tr>\n<th>Propiedad<\/th>\n<th>M\u00e9todo de prueba<\/th>\n<th>Descripci\u00f3n<\/th>\n<th>Resultados<\/th>\n<\/tr>\n<tr>\n<td data-th=\"Propiedad\" rowspan=\"4\">Resistencia a los rayos UV\n(QUV-A) ASTM G53<\/td>\n<td data-th=\"M\u00e9todo de prueba\" colspan=\"2\">Horas de exposici\u00f3n<\/td>\n<td data-th=\"Descripci\u00f3n\">2000 horas<\/td>\n<\/tr>\n<tr>\n<td data-th=\"M\u00e9todo de prueba\">ASTM D2244<\/td>\n<td data-th=\"Descripci\u00f3n\">Cambio de color<\/td>\n<td data-th=\"Resultados\">DE Hunterlab &#8211;\nColor claro  \u22644\nColor intermedio  \u22646\nColor oscuro  \u22648<\/td>\n<\/tr>\n<tr>\n<td data-th=\"M\u00e9todo de prueba\">ASTM D4214<\/td>\n<td data-th=\"Descripci\u00f3n\">Desgaste por fricci\u00f3n<\/td>\n<td data-th=\"Resultados\">Clasificaci\u00f3n ASTM 6<\/td>\n<\/tr>\n<tr>\n<td data-th=\"M\u00e9todo de prueba\">ASTM D523<\/td>\n<td data-th=\"Descripci\u00f3n\">% de retenci\u00f3n de brillo<\/td>\n<td data-th=\"Resultados\">\u2265 40<\/td>\n<\/tr>\n<tr>\n<td data-th=\"Propiedad\" rowspan=\"4\">Exposici\u00f3n natural bien lavada\nASTM G7<\/td>\n<td data-th=\"M\u00e9todo de prueba\" colspan=\"2\">Horas de exposici\u00f3n<\/td>\n<td data-th=\"Descripci\u00f3n\">10 a\u00f1os<\/td>\n<\/tr>\n<tr>\n<td data-th=\"M\u00e9todo de prueba\">ASTM D2244<\/td>\n<td data-th=\"Descripci\u00f3n\">Cambio de color\n(No Vertical)<\/td>\n<td data-th=\"Resultados\">DE Hunterlab &#8211;\nColor claro  \u22645\nColor intermedio  \u22648\nColor oscuro  \u226412<\/td>\n<\/tr>\n<tr>\n<td data-th=\"M\u00e9todo de prueba\">ASTM D4214<\/td>\n<td data-th=\"Descripci\u00f3n\">Desgaste por fricci\u00f3n<\/td>\n<td data-th=\"Resultados\">Clasificaci\u00f3n ASTM 6<\/td>\n<\/tr>\n<tr>\n<td data-th=\"M\u00e9todo de prueba\">ASTM D523<\/td>\n<td data-th=\"Descripci\u00f3n\">% de retenci\u00f3n de brillo<\/td>\n<td data-th=\"Resultados\">\u2265 40<\/td>\n<\/tr>\n<tr>\n<td data-th=\"Propiedad\" rowspan=\"2\">Resistencia a la corrosi\u00f3n (niebla salina)\nASTM B117<\/td>\n<td data-th=\"M\u00e9todo de prueba\" colspan=\"2\">Horas de exposici\u00f3n<\/td>\n<td data-th=\"Descripci\u00f3n\">1000 horas<\/td>\n<\/tr>\n<tr>\n<td data-th=\"M\u00e9todo de prueba\">ASTM D714 y ASTM D1654<\/td>\n<td data-th=\"Descripci\u00f3n\">Densidad de ampollas, tama\u00f1o y fluencia de la corrosi\u00f3n<\/td>\n<td data-th=\"Resultados\">Densidad de ampollas: pocas,\nClasificaci\u00f3n del tama\u00f1o de la ampolla \u2265 8\nCorte inferior del trazo \u2264 2 mm<\/td>\n<\/tr>\n<tr>\n<td data-th=\"Propiedad\" rowspan=\"2\">Resistencia a la humedad\na 38\u00b1 1\u00b0C\nASTM D 2247<\/td>\n<td data-th=\"M\u00e9todo de prueba\" colspan=\"2\">Horas de exposici\u00f3n<\/td>\n<td data-th=\"Descripci\u00f3n\">1000 horas<\/td>\n<\/tr>\n<tr>\n<td data-th=\"M\u00e9todo de prueba\">ASTM D714<\/td>\n<td data-th=\"Descripci\u00f3n\">Densidad y tama\u00f1o de ampollas<\/td>\n<td data-th=\"Resultados\">Densidad de ampollas: pocas,\nClasificaci\u00f3n del tama\u00f1o de la ampolla \u2265 8<\/td>\n<\/tr>\n<tr>\n<td data-th=\"Propiedad\" rowspan=\"2\">Resistencia a la abrasi\u00f3n<\/td>\n<td data-th=\"M\u00e9todo de prueba\">ASTM D 4060<\/td>\n<td data-th=\"Descripci\u00f3n\">Abras\u00edmetro Taber Ruedas CS10 de 1000 g<\/td>\n<td data-th=\"Result\">\u2264 40 mg por 1000 ciclos<\/td>\n<\/tr>\n<tr>\n<td data-th=\"M\u00e9todo de prueba\">ISO 1518<\/td>\n<td data-th=\"Descripci\u00f3n\">Ara\u00f1azo<\/td>\n<td data-th=\"Result\">\u2265 3000gms<\/td>\n<\/tr>\n<tr>\n<td data-th=\"Propiedad\">Resistente al calor\n(ECCA T13)<\/td>\n<td data-th=\"M\u00e9todo de prueba\">ASTM D2244<\/td>\n<td data-th=\"Descripci\u00f3n\">90\u00b0C &#8211; 700 horas o\n60\u00b0C &#8211; 1000 horas<\/td>\n<td data-th=\"Result\">\u0394E \u2264 5 ,\n\u0394Brillo \u2264 7%<\/td>\n<\/tr>\n<tr>\n<td data-th=\"Propiedad\">Resistencia al fuego<\/td>\n<td data-th=\"M\u00e9todo de prueba\">BS 476 Parte 7<\/td>\n<td data-th=\"Descripci\u00f3n\">Resistencia al fuego<\/td>\n<td data-th=\"Result\">Clase M0<\/td>\n<\/tr>\n<\/tbody>\n<\/table>\n<\/div>\n\n <div class=\"pane fluid\">\n<a href=\"\/wp-content\/uploads\/2017\/03\/Colorite-abrasion-resist.pdf\" target=\"_blank\" rel=\"noopener noreferrer\"><img decoding=\"async\" src=\"\/wp-content\/uploads\/2017\/03\/unnamed.png\" alt=\"unnamed\" width=\"50\" class=\"alignleft size-full wp-image-3150\" srcset=\"https:\/\/www.unicoil.com.sa\/Unicoil-Beta-Update\/wp-content\/uploads\/2017\/03\/unnamed.png 170w, https:\/\/www.unicoil.com.sa\/Unicoil-Beta-Update\/wp-content\/uploads\/2017\/03\/unnamed-150x150.png 150w\" sizes=\"(max-width: 170px) 100vw, 170px\" \/><\/a>\n\n<a href=\"\/wp-content\/uploads\/2017\/03\/Colorite-abrasion-resist.pdf\" target=\"_blank\" rel=\"noopener noreferrer\"><\/a>\n\n<a href=\"\/wp-content\/uploads\/2017\/03\/Colorite-abrasion-resist.pdf\" target=\"_blank\" rel=\"noopener noreferrer\"><\/a>\n\n<a href=\"\/wp-content\/uploads\/2017\/03\/Colorite-abrasion-resist.pdf\" target=\"_blank\" rel=\"noopener noreferrer\"><\/a>\n\n<a href=\"\/wp-content\/uploads\/2017\/03\/Colorite-abrasion-resist.pdf\" target=\"_blank\" rel=\"noopener noreferrer\">\n<h3 style=\"margin-top: 15px;\"> Technical Datasheet<\/h3>\n<\/a><a href=\"\/wp-content\/uploads\/2017\/03\/Colorite-abrasion-resist.pdf\" target=\"_blank\" rel=\"noopener noreferrer\"><\/a><a href=\"\/wp-content\/uploads\/2017\/03\/Colorite-abrasion-resist.pdf\" target=\"_blank\" rel=\"noopener noreferrer\"><\/a><a href=\"\/wp-content\/uploads\/2017\/03\/Colorite-abrasion-resist.pdf\" target=\"_blank\" rel=\"noopener noreferrer\"><\/a><a href=\"\/wp-content\/uploads\/2017\/03\/Colorite-abrasion-resist.pdf\" target=\"_blank\" rel=\"noopener noreferrer\"><\/a>\n\n<div class=\"clearfix\" style=\"height:10px\"><\/div>\n\n<\/div>\n\n<\/div><\/div><\/div>","protected":false},"excerpt":{"rendered":"","protected":false},"author":3,"featured_media":0,"parent":0,"menu_order":0,"comment_status":"closed","ping_status":"closed","template":"","meta":{"footnotes":""},"yoast_head":"<!-- This site is optimized with the Yoast SEO plugin v21.4 - https:\/\/yoast.com\/wordpress\/plugins\/seo\/ -->\n<title>Colorite Abrasion Resist - UNICOIL<\/title>\n<meta name=\"robots\" content=\"index, follow, max-snippet:-1, max-image-preview:large, max-video-preview:-1\" \/>\n<link rel=\"canonical\" href=\"https:\/\/www.unicoil.com.sa\/Unicoil-Beta-Update\/es\/colorite-abrasion-resist-es\/\" \/>\n<meta property=\"og:locale\" content=\"en_US\" \/>\n<meta property=\"og:type\" content=\"article\" \/>\n<meta property=\"og:title\" content=\"Colorite Abrasion Resist - UNICOIL\" \/>\n<meta property=\"og:url\" content=\"https:\/\/www.unicoil.com.sa\/Unicoil-Beta-Update\/es\/colorite-abrasion-resist-es\/\" \/>\n<meta property=\"og:site_name\" content=\"UNICOIL\" \/>\n<meta property=\"article:modified_time\" content=\"2021-07-06T05:16:30+00:00\" \/>\n<meta name=\"twitter:card\" content=\"summary_large_image\" \/>\n<meta name=\"twitter:label1\" content=\"Est. reading time\" \/>\n\t<meta name=\"twitter:data1\" content=\"4 minutes\" \/>\n<script type=\"application\/ld+json\" class=\"yoast-schema-graph\">{\"@context\":\"https:\/\/schema.org\",\"@graph\":[{\"@type\":\"WebPage\",\"@id\":\"https:\/\/www.unicoil.com.sa\/Unicoil-Beta-Update\/es\/colorite-abrasion-resist-es\/\",\"url\":\"https:\/\/www.unicoil.com.sa\/Unicoil-Beta-Update\/es\/colorite-abrasion-resist-es\/\",\"name\":\"Colorite Abrasion Resist - UNICOIL\",\"isPartOf\":{\"@id\":\"https:\/\/www.unicoil.com.sa\/Unicoil-Beta-Update\/#website\"},\"datePublished\":\"2019-07-07T05:04:27+00:00\",\"dateModified\":\"2021-07-06T05:16:30+00:00\",\"breadcrumb\":{\"@id\":\"https:\/\/www.unicoil.com.sa\/Unicoil-Beta-Update\/es\/colorite-abrasion-resist-es\/#breadcrumb\"},\"inLanguage\":\"en-US\",\"potentialAction\":[{\"@type\":\"ReadAction\",\"target\":[\"https:\/\/www.unicoil.com.sa\/Unicoil-Beta-Update\/es\/colorite-abrasion-resist-es\/\"]}]},{\"@type\":\"BreadcrumbList\",\"@id\":\"https:\/\/www.unicoil.com.sa\/Unicoil-Beta-Update\/es\/colorite-abrasion-resist-es\/#breadcrumb\",\"itemListElement\":[{\"@type\":\"ListItem\",\"position\":1,\"name\":\"Home\",\"item\":\"https:\/\/www.unicoil.com.sa\/Unicoil-Beta-Update\/en\/\"},{\"@type\":\"ListItem\",\"position\":2,\"name\":\"Colorite Abrasion Resist\"}]},{\"@type\":\"WebSite\",\"@id\":\"https:\/\/www.unicoil.com.sa\/Unicoil-Beta-Update\/#website\",\"url\":\"https:\/\/www.unicoil.com.sa\/Unicoil-Beta-Update\/\",\"name\":\"UNICOIL\",\"description\":\"UNICOIL - A Leader in Steel Coil Coating and Prepainted Steels\",\"publisher\":{\"@id\":\"https:\/\/www.unicoil.com.sa\/Unicoil-Beta-Update\/#organization\"},\"potentialAction\":[{\"@type\":\"SearchAction\",\"target\":{\"@type\":\"EntryPoint\",\"urlTemplate\":\"https:\/\/www.unicoil.com.sa\/Unicoil-Beta-Update\/?s={search_term_string}\"},\"query-input\":\"required name=search_term_string\"}],\"inLanguage\":\"en-US\"},{\"@type\":\"Organization\",\"@id\":\"https:\/\/www.unicoil.com.sa\/Unicoil-Beta-Update\/#organization\",\"name\":\"UNICOIL\",\"url\":\"https:\/\/www.unicoil.com.sa\/Unicoil-Beta-Update\/\",\"logo\":{\"@type\":\"ImageObject\",\"inLanguage\":\"en-US\",\"@id\":\"https:\/\/www.unicoil.com.sa\/Unicoil-Beta-Update\/#\/schema\/logo\/image\/\",\"url\":\"https:\/\/www.unicoil.com.sa\/Unicoil-Beta-Update\/wp-content\/uploads\/UNICOIL-Logo-1.png\",\"contentUrl\":\"https:\/\/www.unicoil.com.sa\/Unicoil-Beta-Update\/wp-content\/uploads\/UNICOIL-Logo-1.png\",\"width\":1028,\"height\":617,\"caption\":\"UNICOIL\"},\"image\":{\"@id\":\"https:\/\/www.unicoil.com.sa\/Unicoil-Beta-Update\/#\/schema\/logo\/image\/\"}}]}<\/script>\n<!-- \/ Yoast SEO plugin. -->","yoast_head_json":{"title":"Colorite Abrasion Resist - UNICOIL","robots":{"index":"index","follow":"follow","max-snippet":"max-snippet:-1","max-image-preview":"max-image-preview:large","max-video-preview":"max-video-preview:-1"},"canonical":"https:\/\/www.unicoil.com.sa\/Unicoil-Beta-Update\/es\/colorite-abrasion-resist-es\/","og_locale":"en_US","og_type":"article","og_title":"Colorite Abrasion Resist - UNICOIL","og_url":"https:\/\/www.unicoil.com.sa\/Unicoil-Beta-Update\/es\/colorite-abrasion-resist-es\/","og_site_name":"UNICOIL","article_modified_time":"2021-07-06T05:16:30+00:00","twitter_card":"summary_large_image","twitter_misc":{"Est. reading time":"4 minutes"},"schema":{"@context":"https:\/\/schema.org","@graph":[{"@type":"WebPage","@id":"https:\/\/www.unicoil.com.sa\/Unicoil-Beta-Update\/es\/colorite-abrasion-resist-es\/","url":"https:\/\/www.unicoil.com.sa\/Unicoil-Beta-Update\/es\/colorite-abrasion-resist-es\/","name":"Colorite Abrasion Resist - UNICOIL","isPartOf":{"@id":"https:\/\/www.unicoil.com.sa\/Unicoil-Beta-Update\/#website"},"datePublished":"2019-07-07T05:04:27+00:00","dateModified":"2021-07-06T05:16:30+00:00","breadcrumb":{"@id":"https:\/\/www.unicoil.com.sa\/Unicoil-Beta-Update\/es\/colorite-abrasion-resist-es\/#breadcrumb"},"inLanguage":"en-US","potentialAction":[{"@type":"ReadAction","target":["https:\/\/www.unicoil.com.sa\/Unicoil-Beta-Update\/es\/colorite-abrasion-resist-es\/"]}]},{"@type":"BreadcrumbList","@id":"https:\/\/www.unicoil.com.sa\/Unicoil-Beta-Update\/es\/colorite-abrasion-resist-es\/#breadcrumb","itemListElement":[{"@type":"ListItem","position":1,"name":"Home","item":"https:\/\/www.unicoil.com.sa\/Unicoil-Beta-Update\/en\/"},{"@type":"ListItem","position":2,"name":"Colorite Abrasion Resist"}]},{"@type":"WebSite","@id":"https:\/\/www.unicoil.com.sa\/Unicoil-Beta-Update\/#website","url":"https:\/\/www.unicoil.com.sa\/Unicoil-Beta-Update\/","name":"UNICOIL","description":"UNICOIL - A Leader in Steel Coil Coating and Prepainted Steels","publisher":{"@id":"https:\/\/www.unicoil.com.sa\/Unicoil-Beta-Update\/#organization"},"potentialAction":[{"@type":"SearchAction","target":{"@type":"EntryPoint","urlTemplate":"https:\/\/www.unicoil.com.sa\/Unicoil-Beta-Update\/?s={search_term_string}"},"query-input":"required name=search_term_string"}],"inLanguage":"en-US"},{"@type":"Organization","@id":"https:\/\/www.unicoil.com.sa\/Unicoil-Beta-Update\/#organization","name":"UNICOIL","url":"https:\/\/www.unicoil.com.sa\/Unicoil-Beta-Update\/","logo":{"@type":"ImageObject","inLanguage":"en-US","@id":"https:\/\/www.unicoil.com.sa\/Unicoil-Beta-Update\/#\/schema\/logo\/image\/","url":"https:\/\/www.unicoil.com.sa\/Unicoil-Beta-Update\/wp-content\/uploads\/UNICOIL-Logo-1.png","contentUrl":"https:\/\/www.unicoil.com.sa\/Unicoil-Beta-Update\/wp-content\/uploads\/UNICOIL-Logo-1.png","width":1028,"height":617,"caption":"UNICOIL"},"image":{"@id":"https:\/\/www.unicoil.com.sa\/Unicoil-Beta-Update\/#\/schema\/logo\/image\/"}}]}},"_links":{"self":[{"href":"https:\/\/www.unicoil.com.sa\/Unicoil-Beta-Update\/wp-json\/wp\/v2\/pages\/15733"}],"collection":[{"href":"https:\/\/www.unicoil.com.sa\/Unicoil-Beta-Update\/wp-json\/wp\/v2\/pages"}],"about":[{"href":"https:\/\/www.unicoil.com.sa\/Unicoil-Beta-Update\/wp-json\/wp\/v2\/types\/page"}],"author":[{"embeddable":true,"href":"https:\/\/www.unicoil.com.sa\/Unicoil-Beta-Update\/wp-json\/wp\/v2\/users\/3"}],"replies":[{"embeddable":true,"href":"https:\/\/www.unicoil.com.sa\/Unicoil-Beta-Update\/wp-json\/wp\/v2\/comments?post=15733"}],"version-history":[{"count":3,"href":"https:\/\/www.unicoil.com.sa\/Unicoil-Beta-Update\/wp-json\/wp\/v2\/pages\/15733\/revisions"}],"predecessor-version":[{"id":20758,"href":"https:\/\/www.unicoil.com.sa\/Unicoil-Beta-Update\/wp-json\/wp\/v2\/pages\/15733\/revisions\/20758"}],"wp:attachment":[{"href":"https:\/\/www.unicoil.com.sa\/Unicoil-Beta-Update\/wp-json\/wp\/v2\/media?parent=15733"}],"curies":[{"name":"wp","href":"https:\/\/api.w.org\/{rel}","templated":true}]}}