{"id":15820,"date":"2019-07-07T05:55:28","date_gmt":"2019-07-07T05:55:28","guid":{"rendered":"http:\/\/www.unicoil.sa\/?page_id=15820"},"modified":"2019-07-07T05:55:38","modified_gmt":"2019-07-07T05:55:38","slug":"ppgi-envasado-del-producto","status":"publish","type":"page","link":"https:\/\/www.unicoil.com.sa\/Unicoil-Beta-Update\/es\/ppgi-envasado-del-producto\/","title":{"rendered":"Envasado del producto"},"content":{"rendered":"<h2>Bobinas de acero prepintado<\/h2>\r\n<hr class=\"style-five margin-t0 margin-b10 \"  data-rt-animate=\"animate\" data-rt-animation-type=\"fadeInDown\" data-rt-animation-group=\"single\" >\r\n<div class=\"shortcode_tabs tab-style-one\" data-rt-animate=\"animate\" data-rt-animation-type=\"fadeIn\" data-rt-animation-group=\"single\"><div class=\"tabs_wrap\"><ul class=\"tabs clearfix\"><li><a href=\"#\">Envasado est\u00e1ndar<\/a><\/li><li><a href=\"#\">Embalaje Seaworthy<\/a><\/li><\/ul><div class=\"panes\">\r\n\r\n <div class=\"pane fluid\">\r\n<img decoding=\"async\" loading=\"lazy\" src=\"\/wp-content\/uploads\/2017\/07\/pre-painted-coils-domestic-1.jpg\" alt=\"pre-painted-coils-domestic\" width=\"613\" height=\"390\" class=\"aligncenter size-full wp-image-3658\" \/>\r\n\r\n<div class=\"clearfix\" style=\"height:20px\"><\/div>\r\n\r\n<h4>Caracter\u00edsticas especiales del embalaje del acero galvanizado prepintado<\/h4>\r\n<ul>\r\n<li>Bordes protegidos con protectores de cart\u00f3n<\/li>\r\n<li>Envoltorio de pl\u00e1stico tubular resistente a los rayos UV<\/li>\r\n<li>Envoltorio ajustado con l\u00e1mina retractilada<\/li>\r\n<li>Anillo exterior de acero<\/li>\r\n<li>Embalaje vertical (&#8220;mirando al cielo&#8221;)<\/li>\r\n<li>Pal\u00e9s de madera resistentes<\/li>\r\n<li>Etiqueta del producto con toda la informaci\u00f3n pertinente<\/li>\r\n<\/ul>\r\n\r\n<\/div>\r\n\r\n <div class=\"pane fluid\">\r\n<img decoding=\"async\" loading=\"lazy\" src=\"\/wp-content\/uploads\/2017\/07\/pre-painted-coils-export-1.jpg\" alt=\"pre-painted-coils-export\" width=\"613\" height=\"390\" class=\"aligncenter size-full wp-image-3659\" \/>\r\n\r\n<div class=\"clearfix\" style=\"height:20px\"><\/div>\r\n\r\n\r\n<h4>Caracter\u00edsticas especiales adicionales del embalaje apto para transporte mar\u00edtimo<\/h4>\r\n<ul>\r\n<li>Envoltura de cart\u00f3n adicional<\/li>\r\n<li>Cubierta exterior con l\u00e1mina de acero<\/li>\r\n<li>Pal\u00e9s de madera fumigados y atornillados<\/li>\r\n<\/ul>\r\n<\/div>\r\n\r\n<\/div><\/div><\/div>\r\n\r\n\r\n<div class=\"clearfix\" style=\"height:30px\"><\/div>\r\n\r\n<h2>Bobinas divididas de acero prepintado<\/h2>\r\n<hr class=\"style-five margin-t0 margin-b10 \"  data-rt-animate=\"animate\" data-rt-animation-type=\"fadeInDown\" data-rt-animation-group=\"single\" >\r\n<img decoding=\"async\" loading=\"lazy\" src=\"\/wp-content\/uploads\/2017\/07\/ppgi-slit-coil-packaging-1.jpg\" alt=\"ppgi-slit-coil-packaging\" width=\"613\" height=\"291\" class=\"aligncenter size-full wp-image-3660\" \/>\r\n\r\n<div class=\"clearfix\" style=\"height:20px\"><\/div>\r\n\r\n<p>Las bobinas divididas de acero prepintado se embalan verticalmente (&#8220;mirando hacia el cielo&#8221;, sobre pal\u00e9s). Cada bobina dividida est\u00e1 separada por espaciadores de madera para facilitar su manipulaci\u00f3n y cada uno de estos conjuntos separados de bobinas divididas est\u00e1 envuelto con papel VCI (inhibidor de la corrosi\u00f3n por vapor) y colocado sobre un pal\u00e9 de madera resistente. Alrededor del conjunto de bobinas divididas se coloca un anillo de acero y todo el conjunto de bobinas divididas est\u00e1 fuertemente atado a pal\u00e9s de madera resistente para garantizar la protecci\u00f3n contra da\u00f1os durante la manipulaci\u00f3n y el almacenamiento.<\/p>\r\n\r\n<div class=\"clearfix\" style=\"height:20px\"><\/div>","protected":false},"excerpt":{"rendered":"Bobinas de acero prepintado Bobinas divididas de acero prepintado Las bobinas divididas de acero prepintado se embalan verticalmente (&#8220;mirando hacia el cielo&#8221;, sobre pal\u00e9s). Cada bobina dividida est\u00e1 separada por espaciadores de madera para facilitar su manipulaci\u00f3n y cada uno de estos conjuntos separados de bobinas divididas est\u00e1 envuelto con papel VCI (inhibidor de la [&hellip;]","protected":false},"author":3,"featured_media":0,"parent":0,"menu_order":0,"comment_status":"closed","ping_status":"closed","template":"","meta":{"footnotes":""},"yoast_head":"<!-- This site is optimized with the Yoast SEO plugin v21.4 - https:\/\/yoast.com\/wordpress\/plugins\/seo\/ -->\n<title>Envasado del producto - UNICOIL<\/title>\n<meta name=\"robots\" content=\"index, follow, max-snippet:-1, max-image-preview:large, max-video-preview:-1\" \/>\n<link rel=\"canonical\" href=\"https:\/\/www.unicoil.com.sa\/Unicoil-Beta-Update\/es\/ppgi-envasado-del-producto\/\" \/>\n<meta property=\"og:locale\" content=\"en_US\" \/>\n<meta property=\"og:type\" content=\"article\" \/>\n<meta property=\"og:title\" content=\"Envasado del producto - UNICOIL\" \/>\n<meta property=\"og:description\" content=\"Bobinas de acero prepintado Bobinas divididas de acero prepintado Las bobinas divididas de acero prepintado se embalan verticalmente (&#8220;mirando hacia el cielo&#8221;, sobre pal\u00e9s). Cada bobina dividida est\u00e1 separada por espaciadores de madera para facilitar su manipulaci\u00f3n y cada uno de estos conjuntos separados de bobinas divididas est\u00e1 envuelto con papel VCI (inhibidor de la [&hellip;]\" \/>\n<meta property=\"og:url\" content=\"https:\/\/www.unicoil.com.sa\/Unicoil-Beta-Update\/es\/ppgi-envasado-del-producto\/\" \/>\n<meta property=\"og:site_name\" content=\"UNICOIL\" \/>\n<meta property=\"article:modified_time\" content=\"2019-07-07T05:55:38+00:00\" \/>\n<meta name=\"twitter:card\" content=\"summary_large_image\" \/>\n<meta name=\"twitter:label1\" content=\"Est. reading time\" \/>\n\t<meta name=\"twitter:data1\" content=\"1 minute\" \/>\n<script type=\"application\/ld+json\" class=\"yoast-schema-graph\">{\"@context\":\"https:\/\/schema.org\",\"@graph\":[{\"@type\":\"WebPage\",\"@id\":\"https:\/\/www.unicoil.com.sa\/Unicoil-Beta-Update\/es\/ppgi-envasado-del-producto\/\",\"url\":\"https:\/\/www.unicoil.com.sa\/Unicoil-Beta-Update\/es\/ppgi-envasado-del-producto\/\",\"name\":\"Envasado del producto - UNICOIL\",\"isPartOf\":{\"@id\":\"https:\/\/www.unicoil.com.sa\/Unicoil-Beta-Update\/#website\"},\"datePublished\":\"2019-07-07T05:55:28+00:00\",\"dateModified\":\"2019-07-07T05:55:38+00:00\",\"breadcrumb\":{\"@id\":\"https:\/\/www.unicoil.com.sa\/Unicoil-Beta-Update\/es\/ppgi-envasado-del-producto\/#breadcrumb\"},\"inLanguage\":\"en-US\",\"potentialAction\":[{\"@type\":\"ReadAction\",\"target\":[\"https:\/\/www.unicoil.com.sa\/Unicoil-Beta-Update\/es\/ppgi-envasado-del-producto\/\"]}]},{\"@type\":\"BreadcrumbList\",\"@id\":\"https:\/\/www.unicoil.com.sa\/Unicoil-Beta-Update\/es\/ppgi-envasado-del-producto\/#breadcrumb\",\"itemListElement\":[{\"@type\":\"ListItem\",\"position\":1,\"name\":\"Home\",\"item\":\"https:\/\/www.unicoil.com.sa\/Unicoil-Beta-Update\/en\/\"},{\"@type\":\"ListItem\",\"position\":2,\"name\":\"Envasado del producto\"}]},{\"@type\":\"WebSite\",\"@id\":\"https:\/\/www.unicoil.com.sa\/Unicoil-Beta-Update\/#website\",\"url\":\"https:\/\/www.unicoil.com.sa\/Unicoil-Beta-Update\/\",\"name\":\"UNICOIL\",\"description\":\"UNICOIL - A Leader in Steel Coil Coating and Prepainted Steels\",\"publisher\":{\"@id\":\"https:\/\/www.unicoil.com.sa\/Unicoil-Beta-Update\/#organization\"},\"potentialAction\":[{\"@type\":\"SearchAction\",\"target\":{\"@type\":\"EntryPoint\",\"urlTemplate\":\"https:\/\/www.unicoil.com.sa\/Unicoil-Beta-Update\/?s={search_term_string}\"},\"query-input\":\"required name=search_term_string\"}],\"inLanguage\":\"en-US\"},{\"@type\":\"Organization\",\"@id\":\"https:\/\/www.unicoil.com.sa\/Unicoil-Beta-Update\/#organization\",\"name\":\"UNICOIL\",\"url\":\"https:\/\/www.unicoil.com.sa\/Unicoil-Beta-Update\/\",\"logo\":{\"@type\":\"ImageObject\",\"inLanguage\":\"en-US\",\"@id\":\"https:\/\/www.unicoil.com.sa\/Unicoil-Beta-Update\/#\/schema\/logo\/image\/\",\"url\":\"https:\/\/www.unicoil.com.sa\/Unicoil-Beta-Update\/wp-content\/uploads\/UNICOIL-Logo-1.png\",\"contentUrl\":\"https:\/\/www.unicoil.com.sa\/Unicoil-Beta-Update\/wp-content\/uploads\/UNICOIL-Logo-1.png\",\"width\":1028,\"height\":617,\"caption\":\"UNICOIL\"},\"image\":{\"@id\":\"https:\/\/www.unicoil.com.sa\/Unicoil-Beta-Update\/#\/schema\/logo\/image\/\"}}]}<\/script>\n<!-- \/ Yoast SEO plugin. -->","yoast_head_json":{"title":"Envasado del producto - UNICOIL","robots":{"index":"index","follow":"follow","max-snippet":"max-snippet:-1","max-image-preview":"max-image-preview:large","max-video-preview":"max-video-preview:-1"},"canonical":"https:\/\/www.unicoil.com.sa\/Unicoil-Beta-Update\/es\/ppgi-envasado-del-producto\/","og_locale":"en_US","og_type":"article","og_title":"Envasado del producto - UNICOIL","og_description":"Bobinas de acero prepintado Bobinas divididas de acero prepintado Las bobinas divididas de acero prepintado se embalan verticalmente (&#8220;mirando hacia el cielo&#8221;, sobre pal\u00e9s). Cada bobina dividida est\u00e1 separada por espaciadores de madera para facilitar su manipulaci\u00f3n y cada uno de estos conjuntos separados de bobinas divididas est\u00e1 envuelto con papel VCI (inhibidor de la [&hellip;]","og_url":"https:\/\/www.unicoil.com.sa\/Unicoil-Beta-Update\/es\/ppgi-envasado-del-producto\/","og_site_name":"UNICOIL","article_modified_time":"2019-07-07T05:55:38+00:00","twitter_card":"summary_large_image","twitter_misc":{"Est. reading time":"1 minute"},"schema":{"@context":"https:\/\/schema.org","@graph":[{"@type":"WebPage","@id":"https:\/\/www.unicoil.com.sa\/Unicoil-Beta-Update\/es\/ppgi-envasado-del-producto\/","url":"https:\/\/www.unicoil.com.sa\/Unicoil-Beta-Update\/es\/ppgi-envasado-del-producto\/","name":"Envasado del producto - UNICOIL","isPartOf":{"@id":"https:\/\/www.unicoil.com.sa\/Unicoil-Beta-Update\/#website"},"datePublished":"2019-07-07T05:55:28+00:00","dateModified":"2019-07-07T05:55:38+00:00","breadcrumb":{"@id":"https:\/\/www.unicoil.com.sa\/Unicoil-Beta-Update\/es\/ppgi-envasado-del-producto\/#breadcrumb"},"inLanguage":"en-US","potentialAction":[{"@type":"ReadAction","target":["https:\/\/www.unicoil.com.sa\/Unicoil-Beta-Update\/es\/ppgi-envasado-del-producto\/"]}]},{"@type":"BreadcrumbList","@id":"https:\/\/www.unicoil.com.sa\/Unicoil-Beta-Update\/es\/ppgi-envasado-del-producto\/#breadcrumb","itemListElement":[{"@type":"ListItem","position":1,"name":"Home","item":"https:\/\/www.unicoil.com.sa\/Unicoil-Beta-Update\/en\/"},{"@type":"ListItem","position":2,"name":"Envasado del producto"}]},{"@type":"WebSite","@id":"https:\/\/www.unicoil.com.sa\/Unicoil-Beta-Update\/#website","url":"https:\/\/www.unicoil.com.sa\/Unicoil-Beta-Update\/","name":"UNICOIL","description":"UNICOIL - A Leader in Steel Coil Coating and Prepainted Steels","publisher":{"@id":"https:\/\/www.unicoil.com.sa\/Unicoil-Beta-Update\/#organization"},"potentialAction":[{"@type":"SearchAction","target":{"@type":"EntryPoint","urlTemplate":"https:\/\/www.unicoil.com.sa\/Unicoil-Beta-Update\/?s={search_term_string}"},"query-input":"required name=search_term_string"}],"inLanguage":"en-US"},{"@type":"Organization","@id":"https:\/\/www.unicoil.com.sa\/Unicoil-Beta-Update\/#organization","name":"UNICOIL","url":"https:\/\/www.unicoil.com.sa\/Unicoil-Beta-Update\/","logo":{"@type":"ImageObject","inLanguage":"en-US","@id":"https:\/\/www.unicoil.com.sa\/Unicoil-Beta-Update\/#\/schema\/logo\/image\/","url":"https:\/\/www.unicoil.com.sa\/Unicoil-Beta-Update\/wp-content\/uploads\/UNICOIL-Logo-1.png","contentUrl":"https:\/\/www.unicoil.com.sa\/Unicoil-Beta-Update\/wp-content\/uploads\/UNICOIL-Logo-1.png","width":1028,"height":617,"caption":"UNICOIL"},"image":{"@id":"https:\/\/www.unicoil.com.sa\/Unicoil-Beta-Update\/#\/schema\/logo\/image\/"}}]}},"_links":{"self":[{"href":"https:\/\/www.unicoil.com.sa\/Unicoil-Beta-Update\/wp-json\/wp\/v2\/pages\/15820"}],"collection":[{"href":"https:\/\/www.unicoil.com.sa\/Unicoil-Beta-Update\/wp-json\/wp\/v2\/pages"}],"about":[{"href":"https:\/\/www.unicoil.com.sa\/Unicoil-Beta-Update\/wp-json\/wp\/v2\/types\/page"}],"author":[{"embeddable":true,"href":"https:\/\/www.unicoil.com.sa\/Unicoil-Beta-Update\/wp-json\/wp\/v2\/users\/3"}],"replies":[{"embeddable":true,"href":"https:\/\/www.unicoil.com.sa\/Unicoil-Beta-Update\/wp-json\/wp\/v2\/comments?post=15820"}],"version-history":[{"count":1,"href":"https:\/\/www.unicoil.com.sa\/Unicoil-Beta-Update\/wp-json\/wp\/v2\/pages\/15820\/revisions"}],"predecessor-version":[{"id":15821,"href":"https:\/\/www.unicoil.com.sa\/Unicoil-Beta-Update\/wp-json\/wp\/v2\/pages\/15820\/revisions\/15821"}],"wp:attachment":[{"href":"https:\/\/www.unicoil.com.sa\/Unicoil-Beta-Update\/wp-json\/wp\/v2\/media?parent=15820"}],"curies":[{"name":"wp","href":"https:\/\/api.w.org\/{rel}","templated":true}]}}