{"id":15824,"date":"2019-07-07T05:57:26","date_gmt":"2019-07-07T05:57:26","guid":{"rendered":"http:\/\/www.unicoil.sa\/?page_id=15824"},"modified":"2019-07-07T05:57:35","modified_gmt":"2019-07-07T05:57:35","slug":"emballage-des-produits-ppgi","status":"publish","type":"page","link":"https:\/\/www.unicoil.com.sa\/Unicoil-Beta-Update\/fr\/emballage-des-produits-ppgi\/","title":{"rendered":"Emballage des produits PPGI"},"content":{"rendered":"<h2>Bobines d&#8217;acier pr\u00e9laqu\u00e9<\/h2>\r\n<hr class=\"style-five margin-t0 margin-b10 \"  data-rt-animate=\"animate\" data-rt-animation-type=\"fadeInDown\" data-rt-animation-group=\"single\" >\r\n<div class=\"shortcode_tabs tab-style-one\" data-rt-animate=\"animate\" data-rt-animation-type=\"fadeIn\" data-rt-animation-group=\"single\"><div class=\"tabs_wrap\"><ul class=\"tabs clearfix\"><li><a href=\"#\">Emballage standard<\/a><\/li><li><a href=\"#\">Emballage maritime<\/a><\/li><\/ul><div class=\"panes\">\r\n\r\n <div class=\"pane fluid\">\r\n<img decoding=\"async\" loading=\"lazy\" src=\"\/wp-content\/uploads\/2018\/05\/pre-painted-coils-domestic-fr.jpg\" alt=\"pre-painted-coils-domestic\" width=\"613\" height=\"390\" class=\"aligncenter size-full wp-image-3658\" \/>\r\n\r\n<div class=\"clearfix\" style=\"height:20px\"><\/div>\r\n\r\n<h4>Caract\u00e9ristiques sp\u00e9ciales de l&#8217;emballage de l&#8217;acier galvanis\u00e9 pr\u00e9laqu\u00e9<\/h4>\r\n<ul>\r\n<li>Bords prot\u00e9g\u00e9s par des protecteurs de bords en carton<\/li>\r\n<li>Emballage plastique tubulaire r\u00e9sistant aux UV<\/li>\r\n<li>Emballage serr\u00e9 avec film extensible<\/li>\r\n<li>Bague ext\u00e9rieure en acier<\/li>\r\n<li>Emballage vertical (\u00ab regardant le ciel \u00bb)<\/li>\r\n<li>Palettes de bois robustes<\/li>\r\n<li>\u00c9tiquette du produit comportant toutes les informations appropri\u00e9es<\/li>\r\n<\/ul>\r\n\r\n<\/div>\r\n\r\n <div class=\"pane fluid\">\r\n<img decoding=\"async\" loading=\"lazy\" src=\"\/wp-content\/uploads\/2018\/05\/pre-painted-coils-export-de.jpg\" alt=\"pre-painted-coils-export\" width=\"613\" height=\"390\" class=\"aligncenter size-full wp-image-3659\" \/>\r\n\r\n<div class=\"clearfix\" style=\"height:20px\"><\/div>\r\n\r\n\r\n<h4>Caract\u00e9ristiques sp\u00e9ciales suppl\u00e9mentaires de l&#8217;emballage maritime<\/h4>\r\n<ul>\r\n<li>Emballage carton suppl\u00e9mentaire<\/li>\r\n<li>Enveloppe ext\u00e9rieure en t\u00f4le d&#8217;acier<\/li>\r\n<li>Palettes de bois fumig\u00e9 et viss\u00e9<\/li>\r\n<\/ul>\r\n<\/div>\r\n\r\n<\/div><\/div><\/div>\r\n\r\n\r\n<div class=\"clearfix\" style=\"height:30px\"><\/div>\r\n\r\n<h2>Bobines refendues d&#8217;acier pr\u00e9laqu\u00e9<\/h2>\r\n<hr class=\"style-five margin-t0 margin-b10 \"  data-rt-animate=\"animate\" data-rt-animation-type=\"fadeInDown\" data-rt-animation-group=\"single\" >\r\n<img decoding=\"async\" loading=\"lazy\" src=\"\/wp-content\/uploads\/2018\/05\/ppgi-slit-coil-packaging-fr.jpg\" alt=\"ppgi-slit-coil-packaging\" width=\"613\" height=\"291\" class=\"aligncenter size-full wp-image-3660\" \/>\r\n\r\n<div class=\"clearfix\" style=\"height:20px\"><\/div>\r\n\r\n<p>Les bobines refendues d&#8217;acier pr\u00e9laqu\u00e9 sont emball\u00e9es verticalement (\u00ab regardant le ciel \u00bb, sur les palettes). Chaque bobine refendue est s\u00e9par\u00e9e par des espaceurs en bois pour faciliter la manipulation, et chaque ensemble distinct de bobines refendues est envelopp\u00e9 d&#8217;un papier anticorrosion VCI et plac\u00e9 sur une palette de bois robuste. Une bague ext\u00e9rieure en acier est plac\u00e9e autour de l&#8217;ensemble de bobines refendues, et l&#8217;ensemble complet des bobines refendues est fermement attach\u00e9 \u00e0 des palettes de bois robustes pour assurer la protection du produit contre tout endommagement lors de la manutention et du stockage.<\/p>\r\n\r\n<div class=\"clearfix\" style=\"height:20px\"><\/div>","protected":false},"excerpt":{"rendered":"Bobines d&#8217;acier pr\u00e9laqu\u00e9 Bobines refendues d&#8217;acier pr\u00e9laqu\u00e9 Les bobines refendues d&#8217;acier pr\u00e9laqu\u00e9 sont emball\u00e9es verticalement (\u00ab regardant le ciel \u00bb, sur les palettes). Chaque bobine refendue est s\u00e9par\u00e9e par des espaceurs en bois pour faciliter la manipulation, et chaque ensemble distinct de bobines refendues est envelopp\u00e9 d&#8217;un papier anticorrosion VCI et plac\u00e9 sur une palette [&hellip;]","protected":false},"author":3,"featured_media":0,"parent":0,"menu_order":0,"comment_status":"closed","ping_status":"closed","template":"","meta":{"footnotes":""},"yoast_head":"<!-- This site is optimized with the Yoast SEO plugin v21.4 - https:\/\/yoast.com\/wordpress\/plugins\/seo\/ -->\n<title>Emballage des produits PPGI - UNICOIL<\/title>\n<meta name=\"robots\" content=\"index, follow, max-snippet:-1, max-image-preview:large, max-video-preview:-1\" \/>\n<link rel=\"canonical\" href=\"https:\/\/www.unicoil.com.sa\/Unicoil-Beta-Update\/fr\/emballage-des-produits-ppgi\/\" \/>\n<meta property=\"og:locale\" content=\"en_US\" \/>\n<meta property=\"og:type\" content=\"article\" \/>\n<meta property=\"og:title\" content=\"Emballage des produits PPGI - UNICOIL\" \/>\n<meta property=\"og:description\" content=\"Bobines d&#8217;acier pr\u00e9laqu\u00e9 Bobines refendues d&#8217;acier pr\u00e9laqu\u00e9 Les bobines refendues d&#8217;acier pr\u00e9laqu\u00e9 sont emball\u00e9es verticalement (\u00ab regardant le ciel \u00bb, sur les palettes). Chaque bobine refendue est s\u00e9par\u00e9e par des espaceurs en bois pour faciliter la manipulation, et chaque ensemble distinct de bobines refendues est envelopp\u00e9 d&#8217;un papier anticorrosion VCI et plac\u00e9 sur une palette [&hellip;]\" \/>\n<meta property=\"og:url\" content=\"https:\/\/www.unicoil.com.sa\/Unicoil-Beta-Update\/fr\/emballage-des-produits-ppgi\/\" \/>\n<meta property=\"og:site_name\" content=\"UNICOIL\" \/>\n<meta property=\"article:modified_time\" content=\"2019-07-07T05:57:35+00:00\" \/>\n<meta name=\"twitter:card\" content=\"summary_large_image\" \/>\n<meta name=\"twitter:label1\" content=\"Est. reading time\" \/>\n\t<meta name=\"twitter:data1\" content=\"1 minute\" \/>\n<script type=\"application\/ld+json\" class=\"yoast-schema-graph\">{\"@context\":\"https:\/\/schema.org\",\"@graph\":[{\"@type\":\"WebPage\",\"@id\":\"https:\/\/www.unicoil.com.sa\/Unicoil-Beta-Update\/fr\/emballage-des-produits-ppgi\/\",\"url\":\"https:\/\/www.unicoil.com.sa\/Unicoil-Beta-Update\/fr\/emballage-des-produits-ppgi\/\",\"name\":\"Emballage des produits PPGI - UNICOIL\",\"isPartOf\":{\"@id\":\"https:\/\/www.unicoil.com.sa\/Unicoil-Beta-Update\/#website\"},\"datePublished\":\"2019-07-07T05:57:26+00:00\",\"dateModified\":\"2019-07-07T05:57:35+00:00\",\"breadcrumb\":{\"@id\":\"https:\/\/www.unicoil.com.sa\/Unicoil-Beta-Update\/fr\/emballage-des-produits-ppgi\/#breadcrumb\"},\"inLanguage\":\"en-US\",\"potentialAction\":[{\"@type\":\"ReadAction\",\"target\":[\"https:\/\/www.unicoil.com.sa\/Unicoil-Beta-Update\/fr\/emballage-des-produits-ppgi\/\"]}]},{\"@type\":\"BreadcrumbList\",\"@id\":\"https:\/\/www.unicoil.com.sa\/Unicoil-Beta-Update\/fr\/emballage-des-produits-ppgi\/#breadcrumb\",\"itemListElement\":[{\"@type\":\"ListItem\",\"position\":1,\"name\":\"Home\",\"item\":\"https:\/\/www.unicoil.com.sa\/Unicoil-Beta-Update\/en\/\"},{\"@type\":\"ListItem\",\"position\":2,\"name\":\"Emballage des produits PPGI\"}]},{\"@type\":\"WebSite\",\"@id\":\"https:\/\/www.unicoil.com.sa\/Unicoil-Beta-Update\/#website\",\"url\":\"https:\/\/www.unicoil.com.sa\/Unicoil-Beta-Update\/\",\"name\":\"UNICOIL\",\"description\":\"UNICOIL - A Leader in Steel Coil Coating and Prepainted Steels\",\"publisher\":{\"@id\":\"https:\/\/www.unicoil.com.sa\/Unicoil-Beta-Update\/#organization\"},\"potentialAction\":[{\"@type\":\"SearchAction\",\"target\":{\"@type\":\"EntryPoint\",\"urlTemplate\":\"https:\/\/www.unicoil.com.sa\/Unicoil-Beta-Update\/?s={search_term_string}\"},\"query-input\":\"required name=search_term_string\"}],\"inLanguage\":\"en-US\"},{\"@type\":\"Organization\",\"@id\":\"https:\/\/www.unicoil.com.sa\/Unicoil-Beta-Update\/#organization\",\"name\":\"UNICOIL\",\"url\":\"https:\/\/www.unicoil.com.sa\/Unicoil-Beta-Update\/\",\"logo\":{\"@type\":\"ImageObject\",\"inLanguage\":\"en-US\",\"@id\":\"https:\/\/www.unicoil.com.sa\/Unicoil-Beta-Update\/#\/schema\/logo\/image\/\",\"url\":\"https:\/\/www.unicoil.com.sa\/Unicoil-Beta-Update\/wp-content\/uploads\/UNICOIL-Logo-1.png\",\"contentUrl\":\"https:\/\/www.unicoil.com.sa\/Unicoil-Beta-Update\/wp-content\/uploads\/UNICOIL-Logo-1.png\",\"width\":1028,\"height\":617,\"caption\":\"UNICOIL\"},\"image\":{\"@id\":\"https:\/\/www.unicoil.com.sa\/Unicoil-Beta-Update\/#\/schema\/logo\/image\/\"}}]}<\/script>\n<!-- \/ Yoast SEO plugin. -->","yoast_head_json":{"title":"Emballage des produits PPGI - UNICOIL","robots":{"index":"index","follow":"follow","max-snippet":"max-snippet:-1","max-image-preview":"max-image-preview:large","max-video-preview":"max-video-preview:-1"},"canonical":"https:\/\/www.unicoil.com.sa\/Unicoil-Beta-Update\/fr\/emballage-des-produits-ppgi\/","og_locale":"en_US","og_type":"article","og_title":"Emballage des produits PPGI - UNICOIL","og_description":"Bobines d&#8217;acier pr\u00e9laqu\u00e9 Bobines refendues d&#8217;acier pr\u00e9laqu\u00e9 Les bobines refendues d&#8217;acier pr\u00e9laqu\u00e9 sont emball\u00e9es verticalement (\u00ab regardant le ciel \u00bb, sur les palettes). Chaque bobine refendue est s\u00e9par\u00e9e par des espaceurs en bois pour faciliter la manipulation, et chaque ensemble distinct de bobines refendues est envelopp\u00e9 d&#8217;un papier anticorrosion VCI et plac\u00e9 sur une palette [&hellip;]","og_url":"https:\/\/www.unicoil.com.sa\/Unicoil-Beta-Update\/fr\/emballage-des-produits-ppgi\/","og_site_name":"UNICOIL","article_modified_time":"2019-07-07T05:57:35+00:00","twitter_card":"summary_large_image","twitter_misc":{"Est. reading time":"1 minute"},"schema":{"@context":"https:\/\/schema.org","@graph":[{"@type":"WebPage","@id":"https:\/\/www.unicoil.com.sa\/Unicoil-Beta-Update\/fr\/emballage-des-produits-ppgi\/","url":"https:\/\/www.unicoil.com.sa\/Unicoil-Beta-Update\/fr\/emballage-des-produits-ppgi\/","name":"Emballage des produits PPGI - UNICOIL","isPartOf":{"@id":"https:\/\/www.unicoil.com.sa\/Unicoil-Beta-Update\/#website"},"datePublished":"2019-07-07T05:57:26+00:00","dateModified":"2019-07-07T05:57:35+00:00","breadcrumb":{"@id":"https:\/\/www.unicoil.com.sa\/Unicoil-Beta-Update\/fr\/emballage-des-produits-ppgi\/#breadcrumb"},"inLanguage":"en-US","potentialAction":[{"@type":"ReadAction","target":["https:\/\/www.unicoil.com.sa\/Unicoil-Beta-Update\/fr\/emballage-des-produits-ppgi\/"]}]},{"@type":"BreadcrumbList","@id":"https:\/\/www.unicoil.com.sa\/Unicoil-Beta-Update\/fr\/emballage-des-produits-ppgi\/#breadcrumb","itemListElement":[{"@type":"ListItem","position":1,"name":"Home","item":"https:\/\/www.unicoil.com.sa\/Unicoil-Beta-Update\/en\/"},{"@type":"ListItem","position":2,"name":"Emballage des produits PPGI"}]},{"@type":"WebSite","@id":"https:\/\/www.unicoil.com.sa\/Unicoil-Beta-Update\/#website","url":"https:\/\/www.unicoil.com.sa\/Unicoil-Beta-Update\/","name":"UNICOIL","description":"UNICOIL - A Leader in Steel Coil Coating and Prepainted Steels","publisher":{"@id":"https:\/\/www.unicoil.com.sa\/Unicoil-Beta-Update\/#organization"},"potentialAction":[{"@type":"SearchAction","target":{"@type":"EntryPoint","urlTemplate":"https:\/\/www.unicoil.com.sa\/Unicoil-Beta-Update\/?s={search_term_string}"},"query-input":"required name=search_term_string"}],"inLanguage":"en-US"},{"@type":"Organization","@id":"https:\/\/www.unicoil.com.sa\/Unicoil-Beta-Update\/#organization","name":"UNICOIL","url":"https:\/\/www.unicoil.com.sa\/Unicoil-Beta-Update\/","logo":{"@type":"ImageObject","inLanguage":"en-US","@id":"https:\/\/www.unicoil.com.sa\/Unicoil-Beta-Update\/#\/schema\/logo\/image\/","url":"https:\/\/www.unicoil.com.sa\/Unicoil-Beta-Update\/wp-content\/uploads\/UNICOIL-Logo-1.png","contentUrl":"https:\/\/www.unicoil.com.sa\/Unicoil-Beta-Update\/wp-content\/uploads\/UNICOIL-Logo-1.png","width":1028,"height":617,"caption":"UNICOIL"},"image":{"@id":"https:\/\/www.unicoil.com.sa\/Unicoil-Beta-Update\/#\/schema\/logo\/image\/"}}]}},"_links":{"self":[{"href":"https:\/\/www.unicoil.com.sa\/Unicoil-Beta-Update\/wp-json\/wp\/v2\/pages\/15824"}],"collection":[{"href":"https:\/\/www.unicoil.com.sa\/Unicoil-Beta-Update\/wp-json\/wp\/v2\/pages"}],"about":[{"href":"https:\/\/www.unicoil.com.sa\/Unicoil-Beta-Update\/wp-json\/wp\/v2\/types\/page"}],"author":[{"embeddable":true,"href":"https:\/\/www.unicoil.com.sa\/Unicoil-Beta-Update\/wp-json\/wp\/v2\/users\/3"}],"replies":[{"embeddable":true,"href":"https:\/\/www.unicoil.com.sa\/Unicoil-Beta-Update\/wp-json\/wp\/v2\/comments?post=15824"}],"version-history":[{"count":1,"href":"https:\/\/www.unicoil.com.sa\/Unicoil-Beta-Update\/wp-json\/wp\/v2\/pages\/15824\/revisions"}],"predecessor-version":[{"id":15825,"href":"https:\/\/www.unicoil.com.sa\/Unicoil-Beta-Update\/wp-json\/wp\/v2\/pages\/15824\/revisions\/15825"}],"wp:attachment":[{"href":"https:\/\/www.unicoil.com.sa\/Unicoil-Beta-Update\/wp-json\/wp\/v2\/media?parent=15824"}],"curies":[{"name":"wp","href":"https:\/\/api.w.org\/{rel}","templated":true}]}}