{"id":15828,"date":"2019-07-07T05:59:06","date_gmt":"2019-07-07T05:59:06","guid":{"rendered":"http:\/\/www.unicoil.sa\/?page_id=15828"},"modified":"2019-07-07T05:59:18","modified_gmt":"2019-07-07T05:59:18","slug":"vorlackierter-verzinkter-stahl-verpackung","status":"publish","type":"page","link":"https:\/\/www.unicoil.com.sa\/Unicoil-Beta-Update\/de\/vorlackierter-verzinkter-stahl-verpackung\/","title":{"rendered":"Vorlackierter, verzinkter Stahl: Verpackung"},"content":{"rendered":"<h2>Vorlackierte Stahlb\u00e4nder<\/h2>\r\n<hr class=\"style-five margin-t0 margin-b10 \"  data-rt-animate=\"animate\" data-rt-animation-type=\"fadeInDown\" data-rt-animation-group=\"single\" >\r\n<div class=\"shortcode_tabs tab-style-one\" data-rt-animate=\"animate\" data-rt-animation-type=\"fadeIn\" data-rt-animation-group=\"single\"><div class=\"tabs_wrap\"><ul class=\"tabs clearfix\"><li><a href=\"#\">Standardverpackung<\/a><\/li><li><a href=\"#\">Seetaugliche Verpackung<\/a><\/li><\/ul><div class=\"panes\">\r\n\r\n <div class=\"pane fluid\">\r\n<img decoding=\"async\" loading=\"lazy\" src=\"\/wp-content\/uploads\/2018\/02\/pre-painted-coils-domestic-de.jpg\" alt=\"pre-painted-coils-domestic\" width=\"613\" height=\"390\" class=\"aligncenter size-full wp-image-3658\" \/>\r\n\r\n<div class=\"clearfix\" style=\"height:20px\"><\/div>\r\n\r\n<h4>Besondere Merkmale der Verpackung f\u00fcr vorlackierten, verzinkten Stahl<\/h4>\r\n<ul>\r\n<li>Kantenschutz aus Karton<\/li>\r\n<li>UV-best\u00e4ndiger Schrumpfschlauch<\/li>\r\n<li>Stretch-Folie<\/li>\r\n<li>Stahlau\u00dfenring<\/li>\r\n<li>Liegend verpackt<\/li>\r\n<li>Robuste Holzpaletten<\/li>\r\n<li>Produktkennzeichnung mit allen relevanten Informationen<\/li>\r\n\r\n<\/ul>\r\n\r\n<\/div>\r\n\r\n <div class=\"pane fluid\">\r\n<img decoding=\"async\" loading=\"lazy\" src=\"\/wp-content\/uploads\/2018\/02\/pre-painted-coils-export-de.jpg\" alt=\"pre-painted-coils-export\" width=\"613\" height=\"390\" class=\"aligncenter size-full wp-image-3659\" \/>\r\n\r\n<div class=\"clearfix\" style=\"height:20px\"><\/div>\r\n\r\n\r\n<h4>Weitere besondere Merkmale der seetauglichen Verpackung<\/h4>\r\n<ul>\r\n<li>Zus\u00e4tzliche Kartonverpackung<\/li>\r\n<li>Stahlblechau\u00dfenmantel<\/li>\r\n<li>Desinfizierte, verschraubte Holzpaletten<\/li>\r\n<\/ul>\r\n<\/div>\r\n\r\n<\/div><\/div><\/div>\r\n\r\n\r\n<div class=\"clearfix\" style=\"height:30px\"><\/div>\r\n\r\n<h2>Vorlackierte Spaltb\u00e4nder<\/h2>\r\n<hr class=\"style-five margin-t0 margin-b10 \"  data-rt-animate=\"animate\" data-rt-animation-type=\"fadeInDown\" data-rt-animation-group=\"single\" >\r\n<img decoding=\"async\" loading=\"lazy\" src=\"\/wp-content\/uploads\/2018\/02\/ppgi-slit-coil-packaging-de.jpg\" alt=\"ppgi-slit-coil-packaging\" width=\"613\" height=\"291\" class=\"aligncenter size-full wp-image-3660\" \/>\r\n\r\n<div class=\"clearfix\" style=\"height:20px\"><\/div>\r\n\r\n<p>Vorlackierte Spaltb\u00e4nder aus Stahl werden liegend auf Paletten verpackt. Die einzelnen Spaltb\u00e4nder sind dabei zur einfacheren Handhabung durch Holzzulagen getrennt. Die ganze Satz wird in VCI-Papier verpackt, mit einem Stahlau\u00dfenring auf einer stabilen Holzpalette verzurrt, um bei Transport und Lagerung den zuverl\u00e4ssigen Schutz der Produkte zu gew\u00e4hrleisten.<\/p>\r\n\r\n<div class=\"clearfix\" style=\"height:20px\"><\/div>","protected":false},"excerpt":{"rendered":"Vorlackierte Stahlb\u00e4nder Vorlackierte Spaltb\u00e4nder Vorlackierte Spaltb\u00e4nder aus Stahl werden liegend auf Paletten verpackt. Die einzelnen Spaltb\u00e4nder sind dabei zur einfacheren Handhabung durch Holzzulagen getrennt. Die ganze Satz wird in VCI-Papier verpackt, mit einem Stahlau\u00dfenring auf einer stabilen Holzpalette verzurrt, um bei Transport und Lagerung den zuverl\u00e4ssigen Schutz der Produkte zu gew\u00e4hrleisten.","protected":false},"author":3,"featured_media":0,"parent":0,"menu_order":0,"comment_status":"closed","ping_status":"closed","template":"","meta":{"footnotes":""},"yoast_head":"<!-- This site is optimized with the Yoast SEO plugin v21.4 - https:\/\/yoast.com\/wordpress\/plugins\/seo\/ -->\n<title>Vorlackierter, verzinkter Stahl: Verpackung - UNICOIL<\/title>\n<meta name=\"robots\" content=\"index, follow, max-snippet:-1, max-image-preview:large, max-video-preview:-1\" \/>\n<link rel=\"canonical\" href=\"https:\/\/www.unicoil.com.sa\/Unicoil-Beta-Update\/de\/vorlackierter-verzinkter-stahl-verpackung\/\" \/>\n<meta property=\"og:locale\" content=\"en_US\" \/>\n<meta property=\"og:type\" content=\"article\" \/>\n<meta property=\"og:title\" content=\"Vorlackierter, verzinkter Stahl: Verpackung - UNICOIL\" \/>\n<meta property=\"og:description\" content=\"Vorlackierte Stahlb\u00e4nder Vorlackierte Spaltb\u00e4nder Vorlackierte Spaltb\u00e4nder aus Stahl werden liegend auf Paletten verpackt. Die einzelnen Spaltb\u00e4nder sind dabei zur einfacheren Handhabung durch Holzzulagen getrennt. Die ganze Satz wird in VCI-Papier verpackt, mit einem Stahlau\u00dfenring auf einer stabilen Holzpalette verzurrt, um bei Transport und Lagerung den zuverl\u00e4ssigen Schutz der Produkte zu gew\u00e4hrleisten.\" \/>\n<meta property=\"og:url\" content=\"https:\/\/www.unicoil.com.sa\/Unicoil-Beta-Update\/de\/vorlackierter-verzinkter-stahl-verpackung\/\" \/>\n<meta property=\"og:site_name\" content=\"UNICOIL\" \/>\n<meta property=\"article:modified_time\" content=\"2019-07-07T05:59:18+00:00\" \/>\n<meta name=\"twitter:card\" content=\"summary_large_image\" \/>\n<meta name=\"twitter:label1\" content=\"Est. reading time\" \/>\n\t<meta name=\"twitter:data1\" content=\"1 minute\" \/>\n<script type=\"application\/ld+json\" class=\"yoast-schema-graph\">{\"@context\":\"https:\/\/schema.org\",\"@graph\":[{\"@type\":\"WebPage\",\"@id\":\"https:\/\/www.unicoil.com.sa\/Unicoil-Beta-Update\/de\/vorlackierter-verzinkter-stahl-verpackung\/\",\"url\":\"https:\/\/www.unicoil.com.sa\/Unicoil-Beta-Update\/de\/vorlackierter-verzinkter-stahl-verpackung\/\",\"name\":\"Vorlackierter, verzinkter Stahl: Verpackung - UNICOIL\",\"isPartOf\":{\"@id\":\"https:\/\/www.unicoil.com.sa\/Unicoil-Beta-Update\/#website\"},\"datePublished\":\"2019-07-07T05:59:06+00:00\",\"dateModified\":\"2019-07-07T05:59:18+00:00\",\"breadcrumb\":{\"@id\":\"https:\/\/www.unicoil.com.sa\/Unicoil-Beta-Update\/de\/vorlackierter-verzinkter-stahl-verpackung\/#breadcrumb\"},\"inLanguage\":\"en-US\",\"potentialAction\":[{\"@type\":\"ReadAction\",\"target\":[\"https:\/\/www.unicoil.com.sa\/Unicoil-Beta-Update\/de\/vorlackierter-verzinkter-stahl-verpackung\/\"]}]},{\"@type\":\"BreadcrumbList\",\"@id\":\"https:\/\/www.unicoil.com.sa\/Unicoil-Beta-Update\/de\/vorlackierter-verzinkter-stahl-verpackung\/#breadcrumb\",\"itemListElement\":[{\"@type\":\"ListItem\",\"position\":1,\"name\":\"Home\",\"item\":\"https:\/\/www.unicoil.com.sa\/Unicoil-Beta-Update\/en\/\"},{\"@type\":\"ListItem\",\"position\":2,\"name\":\"Vorlackierter, verzinkter Stahl: Verpackung\"}]},{\"@type\":\"WebSite\",\"@id\":\"https:\/\/www.unicoil.com.sa\/Unicoil-Beta-Update\/#website\",\"url\":\"https:\/\/www.unicoil.com.sa\/Unicoil-Beta-Update\/\",\"name\":\"UNICOIL\",\"description\":\"UNICOIL - A Leader in Steel Coil Coating and Prepainted Steels\",\"publisher\":{\"@id\":\"https:\/\/www.unicoil.com.sa\/Unicoil-Beta-Update\/#organization\"},\"potentialAction\":[{\"@type\":\"SearchAction\",\"target\":{\"@type\":\"EntryPoint\",\"urlTemplate\":\"https:\/\/www.unicoil.com.sa\/Unicoil-Beta-Update\/?s={search_term_string}\"},\"query-input\":\"required name=search_term_string\"}],\"inLanguage\":\"en-US\"},{\"@type\":\"Organization\",\"@id\":\"https:\/\/www.unicoil.com.sa\/Unicoil-Beta-Update\/#organization\",\"name\":\"UNICOIL\",\"url\":\"https:\/\/www.unicoil.com.sa\/Unicoil-Beta-Update\/\",\"logo\":{\"@type\":\"ImageObject\",\"inLanguage\":\"en-US\",\"@id\":\"https:\/\/www.unicoil.com.sa\/Unicoil-Beta-Update\/#\/schema\/logo\/image\/\",\"url\":\"https:\/\/www.unicoil.com.sa\/Unicoil-Beta-Update\/wp-content\/uploads\/UNICOIL-Logo-1.png\",\"contentUrl\":\"https:\/\/www.unicoil.com.sa\/Unicoil-Beta-Update\/wp-content\/uploads\/UNICOIL-Logo-1.png\",\"width\":1028,\"height\":617,\"caption\":\"UNICOIL\"},\"image\":{\"@id\":\"https:\/\/www.unicoil.com.sa\/Unicoil-Beta-Update\/#\/schema\/logo\/image\/\"}}]}<\/script>\n<!-- \/ Yoast SEO plugin. -->","yoast_head_json":{"title":"Vorlackierter, verzinkter Stahl: Verpackung - UNICOIL","robots":{"index":"index","follow":"follow","max-snippet":"max-snippet:-1","max-image-preview":"max-image-preview:large","max-video-preview":"max-video-preview:-1"},"canonical":"https:\/\/www.unicoil.com.sa\/Unicoil-Beta-Update\/de\/vorlackierter-verzinkter-stahl-verpackung\/","og_locale":"en_US","og_type":"article","og_title":"Vorlackierter, verzinkter Stahl: Verpackung - UNICOIL","og_description":"Vorlackierte Stahlb\u00e4nder Vorlackierte Spaltb\u00e4nder Vorlackierte Spaltb\u00e4nder aus Stahl werden liegend auf Paletten verpackt. Die einzelnen Spaltb\u00e4nder sind dabei zur einfacheren Handhabung durch Holzzulagen getrennt. Die ganze Satz wird in VCI-Papier verpackt, mit einem Stahlau\u00dfenring auf einer stabilen Holzpalette verzurrt, um bei Transport und Lagerung den zuverl\u00e4ssigen Schutz der Produkte zu gew\u00e4hrleisten.","og_url":"https:\/\/www.unicoil.com.sa\/Unicoil-Beta-Update\/de\/vorlackierter-verzinkter-stahl-verpackung\/","og_site_name":"UNICOIL","article_modified_time":"2019-07-07T05:59:18+00:00","twitter_card":"summary_large_image","twitter_misc":{"Est. reading time":"1 minute"},"schema":{"@context":"https:\/\/schema.org","@graph":[{"@type":"WebPage","@id":"https:\/\/www.unicoil.com.sa\/Unicoil-Beta-Update\/de\/vorlackierter-verzinkter-stahl-verpackung\/","url":"https:\/\/www.unicoil.com.sa\/Unicoil-Beta-Update\/de\/vorlackierter-verzinkter-stahl-verpackung\/","name":"Vorlackierter, verzinkter Stahl: Verpackung - UNICOIL","isPartOf":{"@id":"https:\/\/www.unicoil.com.sa\/Unicoil-Beta-Update\/#website"},"datePublished":"2019-07-07T05:59:06+00:00","dateModified":"2019-07-07T05:59:18+00:00","breadcrumb":{"@id":"https:\/\/www.unicoil.com.sa\/Unicoil-Beta-Update\/de\/vorlackierter-verzinkter-stahl-verpackung\/#breadcrumb"},"inLanguage":"en-US","potentialAction":[{"@type":"ReadAction","target":["https:\/\/www.unicoil.com.sa\/Unicoil-Beta-Update\/de\/vorlackierter-verzinkter-stahl-verpackung\/"]}]},{"@type":"BreadcrumbList","@id":"https:\/\/www.unicoil.com.sa\/Unicoil-Beta-Update\/de\/vorlackierter-verzinkter-stahl-verpackung\/#breadcrumb","itemListElement":[{"@type":"ListItem","position":1,"name":"Home","item":"https:\/\/www.unicoil.com.sa\/Unicoil-Beta-Update\/en\/"},{"@type":"ListItem","position":2,"name":"Vorlackierter, verzinkter Stahl: Verpackung"}]},{"@type":"WebSite","@id":"https:\/\/www.unicoil.com.sa\/Unicoil-Beta-Update\/#website","url":"https:\/\/www.unicoil.com.sa\/Unicoil-Beta-Update\/","name":"UNICOIL","description":"UNICOIL - A Leader in Steel Coil Coating and Prepainted Steels","publisher":{"@id":"https:\/\/www.unicoil.com.sa\/Unicoil-Beta-Update\/#organization"},"potentialAction":[{"@type":"SearchAction","target":{"@type":"EntryPoint","urlTemplate":"https:\/\/www.unicoil.com.sa\/Unicoil-Beta-Update\/?s={search_term_string}"},"query-input":"required name=search_term_string"}],"inLanguage":"en-US"},{"@type":"Organization","@id":"https:\/\/www.unicoil.com.sa\/Unicoil-Beta-Update\/#organization","name":"UNICOIL","url":"https:\/\/www.unicoil.com.sa\/Unicoil-Beta-Update\/","logo":{"@type":"ImageObject","inLanguage":"en-US","@id":"https:\/\/www.unicoil.com.sa\/Unicoil-Beta-Update\/#\/schema\/logo\/image\/","url":"https:\/\/www.unicoil.com.sa\/Unicoil-Beta-Update\/wp-content\/uploads\/UNICOIL-Logo-1.png","contentUrl":"https:\/\/www.unicoil.com.sa\/Unicoil-Beta-Update\/wp-content\/uploads\/UNICOIL-Logo-1.png","width":1028,"height":617,"caption":"UNICOIL"},"image":{"@id":"https:\/\/www.unicoil.com.sa\/Unicoil-Beta-Update\/#\/schema\/logo\/image\/"}}]}},"_links":{"self":[{"href":"https:\/\/www.unicoil.com.sa\/Unicoil-Beta-Update\/wp-json\/wp\/v2\/pages\/15828"}],"collection":[{"href":"https:\/\/www.unicoil.com.sa\/Unicoil-Beta-Update\/wp-json\/wp\/v2\/pages"}],"about":[{"href":"https:\/\/www.unicoil.com.sa\/Unicoil-Beta-Update\/wp-json\/wp\/v2\/types\/page"}],"author":[{"embeddable":true,"href":"https:\/\/www.unicoil.com.sa\/Unicoil-Beta-Update\/wp-json\/wp\/v2\/users\/3"}],"replies":[{"embeddable":true,"href":"https:\/\/www.unicoil.com.sa\/Unicoil-Beta-Update\/wp-json\/wp\/v2\/comments?post=15828"}],"version-history":[{"count":1,"href":"https:\/\/www.unicoil.com.sa\/Unicoil-Beta-Update\/wp-json\/wp\/v2\/pages\/15828\/revisions"}],"predecessor-version":[{"id":15829,"href":"https:\/\/www.unicoil.com.sa\/Unicoil-Beta-Update\/wp-json\/wp\/v2\/pages\/15828\/revisions\/15829"}],"wp:attachment":[{"href":"https:\/\/www.unicoil.com.sa\/Unicoil-Beta-Update\/wp-json\/wp\/v2\/media?parent=15828"}],"curies":[{"name":"wp","href":"https:\/\/api.w.org\/{rel}","templated":true}]}}