{"id":15844,"date":"2019-07-07T06:33:01","date_gmt":"2019-07-07T06:33:01","guid":{"rendered":"http:\/\/www.unicoil.sa\/?page_id=15844"},"modified":"2022-10-10T12:26:26","modified_gmt":"2022-10-10T12:26:26","slug":"stoccaggio-e-movimentazione-2","status":"publish","type":"page","link":"https:\/\/www.unicoil.com.sa\/Unicoil-Beta-Update\/it\/stoccaggio-e-movimentazione-2\/","title":{"rendered":"Stoccaggio e Movimentazione"},"content":{"rendered":"<h2>Istruzioni per i clienti riguardo a stoccaggio e movimentazione<\/h2>\n<hr class=\"style-five margin-t0 margin-b30 \"  data-rt-animate=\"animate\" data-rt-animation-type=\"fadeInDown\" data-rt-animation-group=\"single\" >\n\nI prodotti UNICOIL sono fabbricati e imballati secondo i pi\u00f9 alti standard di qualit\u00e0 applicati a livello internazionale nell&#8217;industria del rivestimento dei metalli. Per mantenere la qualit\u00e0 \u00e8 essenziale evitare danni meccanici, deformazione dei coil e infiltrazione di umidit\u00e0. Di seguito sono riportate le migliori prassi da adottare riguardo allo di stoccaggio e alla movimentazione.\n\n<hr class=\"style-five margin-t10 margin-b20 \"  data-rt-animate=\"animate\" data-rt-animation-type=\"fadeInDown\" data-rt-animation-group=\"single\" >\n\n<a class=\"wplightbox\" href=\"\/wp-content\/uploads\/Proper-Handling-and-Storage-Coils-a3-Front-IT-scaled.jpg\"><img decoding=\"async\" loading=\"lazy\" class=\"aligncenter size-full wp-image-3268\" src=\"\/wp-content\/uploads\/Proper-Handling-and-Storage-Coils-a3-Front-IT-scaled.jpg\" alt=\"best-storage-sheet02\" width=\"500\" height=\"707\"><\/a>\n\n<a id=\"\" href=\"\/wp-content\/uploads\/Proper-Handling-and-Storage-Coils-ITALIAN_compressed.pdf\" target=\"_blank\" title=\"Scarica Flyer\" class=\"button_ light small  margin-t0  align\" data-rt-animate=\"animate\" data-rt-animation-type=\"bounceIn\" data-rt-animation-group=\"single\" >Scarica Flyer<\/a>\n\n<hr class=\"style-five margin-t20 margin-b10 \"  data-rt-animate=\"animate\" data-rt-animation-type=\"fadeInDown\" data-rt-animation-group=\"single\" >\n\n<div class=\"clearfix\" style=\"height:20px\"><\/div>\n\nLe linee guida di UNICOIL devono essere considerate un riferimento per le migliori prassi riguardo a movimentazione e stoccaggio.","protected":false},"excerpt":{"rendered":"Istruzioni per i clienti riguardo a stoccaggio e movimentazione I prodotti UNICOIL sono fabbricati e imballati secondo i pi\u00f9 alti standard di qualit\u00e0 applicati a livello internazionale nell&#8217;industria del rivestimento dei metalli. Per mantenere la qualit\u00e0 \u00e8 essenziale evitare danni meccanici, deformazione dei coil e infiltrazione di umidit\u00e0. Di seguito sono riportate le migliori prassi [&hellip;]","protected":false},"author":3,"featured_media":0,"parent":0,"menu_order":0,"comment_status":"closed","ping_status":"closed","template":"elementor_theme","meta":{"footnotes":""},"yoast_head":"<!-- This site is optimized with the Yoast SEO plugin v21.4 - https:\/\/yoast.com\/wordpress\/plugins\/seo\/ -->\n<title>Stoccaggio e Movimentazione - UNICOIL<\/title>\n<meta name=\"robots\" content=\"index, follow, max-snippet:-1, max-image-preview:large, max-video-preview:-1\" \/>\n<link rel=\"canonical\" href=\"https:\/\/www.unicoil.com.sa\/Unicoil-Beta-Update\/it\/stoccaggio-e-movimentazione-2\/\" \/>\n<meta property=\"og:locale\" content=\"en_US\" \/>\n<meta property=\"og:type\" content=\"article\" \/>\n<meta property=\"og:title\" content=\"Stoccaggio e Movimentazione - UNICOIL\" \/>\n<meta property=\"og:description\" content=\"Istruzioni per i clienti riguardo a stoccaggio e movimentazione I prodotti UNICOIL sono fabbricati e imballati secondo i pi\u00f9 alti standard di qualit\u00e0 applicati a livello internazionale nell&#8217;industria del rivestimento dei metalli. Per mantenere la qualit\u00e0 \u00e8 essenziale evitare danni meccanici, deformazione dei coil e infiltrazione di umidit\u00e0. Di seguito sono riportate le migliori prassi [&hellip;]\" \/>\n<meta property=\"og:url\" content=\"https:\/\/www.unicoil.com.sa\/Unicoil-Beta-Update\/it\/stoccaggio-e-movimentazione-2\/\" \/>\n<meta property=\"og:site_name\" content=\"UNICOIL\" \/>\n<meta property=\"article:modified_time\" content=\"2022-10-10T12:26:26+00:00\" \/>\n<meta name=\"twitter:card\" content=\"summary_large_image\" \/>\n<meta name=\"twitter:label1\" content=\"Est. reading time\" \/>\n\t<meta name=\"twitter:data1\" content=\"1 minute\" \/>\n<script type=\"application\/ld+json\" class=\"yoast-schema-graph\">{\"@context\":\"https:\/\/schema.org\",\"@graph\":[{\"@type\":\"WebPage\",\"@id\":\"https:\/\/www.unicoil.com.sa\/Unicoil-Beta-Update\/it\/stoccaggio-e-movimentazione-2\/\",\"url\":\"https:\/\/www.unicoil.com.sa\/Unicoil-Beta-Update\/it\/stoccaggio-e-movimentazione-2\/\",\"name\":\"Stoccaggio e Movimentazione - UNICOIL\",\"isPartOf\":{\"@id\":\"https:\/\/www.unicoil.com.sa\/Unicoil-Beta-Update\/#website\"},\"datePublished\":\"2019-07-07T06:33:01+00:00\",\"dateModified\":\"2022-10-10T12:26:26+00:00\",\"breadcrumb\":{\"@id\":\"https:\/\/www.unicoil.com.sa\/Unicoil-Beta-Update\/it\/stoccaggio-e-movimentazione-2\/#breadcrumb\"},\"inLanguage\":\"en-US\",\"potentialAction\":[{\"@type\":\"ReadAction\",\"target\":[\"https:\/\/www.unicoil.com.sa\/Unicoil-Beta-Update\/it\/stoccaggio-e-movimentazione-2\/\"]}]},{\"@type\":\"BreadcrumbList\",\"@id\":\"https:\/\/www.unicoil.com.sa\/Unicoil-Beta-Update\/it\/stoccaggio-e-movimentazione-2\/#breadcrumb\",\"itemListElement\":[{\"@type\":\"ListItem\",\"position\":1,\"name\":\"Home\",\"item\":\"https:\/\/www.unicoil.com.sa\/Unicoil-Beta-Update\/en\/\"},{\"@type\":\"ListItem\",\"position\":2,\"name\":\"Stoccaggio e Movimentazione\"}]},{\"@type\":\"WebSite\",\"@id\":\"https:\/\/www.unicoil.com.sa\/Unicoil-Beta-Update\/#website\",\"url\":\"https:\/\/www.unicoil.com.sa\/Unicoil-Beta-Update\/\",\"name\":\"UNICOIL\",\"description\":\"UNICOIL - A Leader in Steel Coil Coating and Prepainted Steels\",\"publisher\":{\"@id\":\"https:\/\/www.unicoil.com.sa\/Unicoil-Beta-Update\/#organization\"},\"potentialAction\":[{\"@type\":\"SearchAction\",\"target\":{\"@type\":\"EntryPoint\",\"urlTemplate\":\"https:\/\/www.unicoil.com.sa\/Unicoil-Beta-Update\/?s={search_term_string}\"},\"query-input\":\"required name=search_term_string\"}],\"inLanguage\":\"en-US\"},{\"@type\":\"Organization\",\"@id\":\"https:\/\/www.unicoil.com.sa\/Unicoil-Beta-Update\/#organization\",\"name\":\"UNICOIL\",\"url\":\"https:\/\/www.unicoil.com.sa\/Unicoil-Beta-Update\/\",\"logo\":{\"@type\":\"ImageObject\",\"inLanguage\":\"en-US\",\"@id\":\"https:\/\/www.unicoil.com.sa\/Unicoil-Beta-Update\/#\/schema\/logo\/image\/\",\"url\":\"https:\/\/www.unicoil.com.sa\/Unicoil-Beta-Update\/wp-content\/uploads\/UNICOIL-Logo-1.png\",\"contentUrl\":\"https:\/\/www.unicoil.com.sa\/Unicoil-Beta-Update\/wp-content\/uploads\/UNICOIL-Logo-1.png\",\"width\":1028,\"height\":617,\"caption\":\"UNICOIL\"},\"image\":{\"@id\":\"https:\/\/www.unicoil.com.sa\/Unicoil-Beta-Update\/#\/schema\/logo\/image\/\"}}]}<\/script>\n<!-- \/ Yoast SEO plugin. -->","yoast_head_json":{"title":"Stoccaggio e Movimentazione - UNICOIL","robots":{"index":"index","follow":"follow","max-snippet":"max-snippet:-1","max-image-preview":"max-image-preview:large","max-video-preview":"max-video-preview:-1"},"canonical":"https:\/\/www.unicoil.com.sa\/Unicoil-Beta-Update\/it\/stoccaggio-e-movimentazione-2\/","og_locale":"en_US","og_type":"article","og_title":"Stoccaggio e Movimentazione - UNICOIL","og_description":"Istruzioni per i clienti riguardo a stoccaggio e movimentazione I prodotti UNICOIL sono fabbricati e imballati secondo i pi\u00f9 alti standard di qualit\u00e0 applicati a livello internazionale nell&#8217;industria del rivestimento dei metalli. Per mantenere la qualit\u00e0 \u00e8 essenziale evitare danni meccanici, deformazione dei coil e infiltrazione di umidit\u00e0. Di seguito sono riportate le migliori prassi [&hellip;]","og_url":"https:\/\/www.unicoil.com.sa\/Unicoil-Beta-Update\/it\/stoccaggio-e-movimentazione-2\/","og_site_name":"UNICOIL","article_modified_time":"2022-10-10T12:26:26+00:00","twitter_card":"summary_large_image","twitter_misc":{"Est. reading time":"1 minute"},"schema":{"@context":"https:\/\/schema.org","@graph":[{"@type":"WebPage","@id":"https:\/\/www.unicoil.com.sa\/Unicoil-Beta-Update\/it\/stoccaggio-e-movimentazione-2\/","url":"https:\/\/www.unicoil.com.sa\/Unicoil-Beta-Update\/it\/stoccaggio-e-movimentazione-2\/","name":"Stoccaggio e Movimentazione - UNICOIL","isPartOf":{"@id":"https:\/\/www.unicoil.com.sa\/Unicoil-Beta-Update\/#website"},"datePublished":"2019-07-07T06:33:01+00:00","dateModified":"2022-10-10T12:26:26+00:00","breadcrumb":{"@id":"https:\/\/www.unicoil.com.sa\/Unicoil-Beta-Update\/it\/stoccaggio-e-movimentazione-2\/#breadcrumb"},"inLanguage":"en-US","potentialAction":[{"@type":"ReadAction","target":["https:\/\/www.unicoil.com.sa\/Unicoil-Beta-Update\/it\/stoccaggio-e-movimentazione-2\/"]}]},{"@type":"BreadcrumbList","@id":"https:\/\/www.unicoil.com.sa\/Unicoil-Beta-Update\/it\/stoccaggio-e-movimentazione-2\/#breadcrumb","itemListElement":[{"@type":"ListItem","position":1,"name":"Home","item":"https:\/\/www.unicoil.com.sa\/Unicoil-Beta-Update\/en\/"},{"@type":"ListItem","position":2,"name":"Stoccaggio e Movimentazione"}]},{"@type":"WebSite","@id":"https:\/\/www.unicoil.com.sa\/Unicoil-Beta-Update\/#website","url":"https:\/\/www.unicoil.com.sa\/Unicoil-Beta-Update\/","name":"UNICOIL","description":"UNICOIL - A Leader in Steel Coil Coating and Prepainted Steels","publisher":{"@id":"https:\/\/www.unicoil.com.sa\/Unicoil-Beta-Update\/#organization"},"potentialAction":[{"@type":"SearchAction","target":{"@type":"EntryPoint","urlTemplate":"https:\/\/www.unicoil.com.sa\/Unicoil-Beta-Update\/?s={search_term_string}"},"query-input":"required name=search_term_string"}],"inLanguage":"en-US"},{"@type":"Organization","@id":"https:\/\/www.unicoil.com.sa\/Unicoil-Beta-Update\/#organization","name":"UNICOIL","url":"https:\/\/www.unicoil.com.sa\/Unicoil-Beta-Update\/","logo":{"@type":"ImageObject","inLanguage":"en-US","@id":"https:\/\/www.unicoil.com.sa\/Unicoil-Beta-Update\/#\/schema\/logo\/image\/","url":"https:\/\/www.unicoil.com.sa\/Unicoil-Beta-Update\/wp-content\/uploads\/UNICOIL-Logo-1.png","contentUrl":"https:\/\/www.unicoil.com.sa\/Unicoil-Beta-Update\/wp-content\/uploads\/UNICOIL-Logo-1.png","width":1028,"height":617,"caption":"UNICOIL"},"image":{"@id":"https:\/\/www.unicoil.com.sa\/Unicoil-Beta-Update\/#\/schema\/logo\/image\/"}}]}},"_links":{"self":[{"href":"https:\/\/www.unicoil.com.sa\/Unicoil-Beta-Update\/wp-json\/wp\/v2\/pages\/15844"}],"collection":[{"href":"https:\/\/www.unicoil.com.sa\/Unicoil-Beta-Update\/wp-json\/wp\/v2\/pages"}],"about":[{"href":"https:\/\/www.unicoil.com.sa\/Unicoil-Beta-Update\/wp-json\/wp\/v2\/types\/page"}],"author":[{"embeddable":true,"href":"https:\/\/www.unicoil.com.sa\/Unicoil-Beta-Update\/wp-json\/wp\/v2\/users\/3"}],"replies":[{"embeddable":true,"href":"https:\/\/www.unicoil.com.sa\/Unicoil-Beta-Update\/wp-json\/wp\/v2\/comments?post=15844"}],"version-history":[{"count":2,"href":"https:\/\/www.unicoil.com.sa\/Unicoil-Beta-Update\/wp-json\/wp\/v2\/pages\/15844\/revisions"}],"predecessor-version":[{"id":19805,"href":"https:\/\/www.unicoil.com.sa\/Unicoil-Beta-Update\/wp-json\/wp\/v2\/pages\/15844\/revisions\/19805"}],"wp:attachment":[{"href":"https:\/\/www.unicoil.com.sa\/Unicoil-Beta-Update\/wp-json\/wp\/v2\/media?parent=15844"}],"curies":[{"name":"wp","href":"https:\/\/api.w.org\/{rel}","templated":true}]}}