{"id":15848,"date":"2019-07-07T06:34:37","date_gmt":"2019-07-07T06:34:37","guid":{"rendered":"http:\/\/www.unicoil.sa\/?page_id=15848"},"modified":"2019-07-07T06:34:46","modified_gmt":"2019-07-07T06:34:46","slug":"consejos-de-almacenamiento-y-manipulacion-2","status":"publish","type":"page","link":"https:\/\/www.unicoil.com.sa\/Unicoil-Beta-Update\/es\/consejos-de-almacenamiento-y-manipulacion-2\/","title":{"rendered":"Consejos de almacenamiento y manipulaci\u00f3n"},"content":{"rendered":"<h2>Consejos de almacenamiento y manipulaci\u00f3n para los clientes<\/h2>\r\n<hr class=\"style-five margin-t0 margin-b30 \"  data-rt-animate=\"animate\" data-rt-animation-type=\"fadeInDown\" data-rt-animation-group=\"single\" >\r\n\r\n<p>Los productos UNICOIL se fabrican y envasan de acuerdo con los est\u00e1ndares internacionales de calidad que se utilizan en el sector de los recubrimientos met\u00e1licos. Esto es esencial para prevenir da\u00f1os mec\u00e1nicos, distorsi\u00f3n de las bobinas y la penetraci\u00f3n de humedad y, as\u00ed, mantener la calidad. Es necesario adoptar las pr\u00e1cticas siguientes de almacenamiento \u00f3ptimo:<\/p>\r\n\r\n<hr class=\"style-five margin-t10 margin-b20 \"  data-rt-animate=\"animate\" data-rt-animation-type=\"fadeInDown\" data-rt-animation-group=\"single\" >\r\n\r\n<div class=\"row clearfix\">\r\n\r\n\r\n\r\n<div class=\"box two \">\r\n<div class=\"clearfix\" style=\"height:30px\"><\/div>\r\n<h3>Directrices de manipulaci\u00f3n y almacenamiento de l\u00e1minas de acero<\/h3>\r\n<p>Los productos UNICOIL se fabrican seg\u00fan los est\u00e1ndares internacionales de calidad m\u00e1s exigentes aplicados en el sector del recubrimiento de metales y de embalaje ideal.<\/p>\r\n<a id=\"\" href=\"\/wp-content\/uploads\/2017\/03\/best-practice-proper-handling-sheets.pdf\" target=\"_blank\" title=\"Descargar folleto\" class=\"button_ light small  margin-t0  align\" data-rt-animate=\"animate\" data-rt-animation-type=\"bounceIn\" data-rt-animation-group=\"single\" >Descargar folleto<\/a>\r\n<\/div>\r\n\r\n<div class=\"box four \">\r\n<a href=\"http:\/\/www.unicoil.com.sa\/wp-content\/uploads\/2017\/07\/best-storage-sheet01-1.jpg\" class=\"wplightbox\"><img decoding=\"async\" loading=\"lazy\" src=\"http:\/\/www.unicoil.com.sa\/wp-content\/uploads\/2017\/07\/best-storage-sheet01-1.jpg\" alt=\"best-storage-sheet02\" width=\"500\" height=\"707\" class=\"aligncenter size-full wp-image-3268\" \/><\/a>\r\n<\/div>\r\n\r\n<div class=\"box four \">\r\n<a href=\"\/wp-content\/uploads\/2017\/07\/best-storage-sheet02-1.jpg\" class=\"wplightbox\"><img decoding=\"async\" loading=\"lazy\" src=\"\/wp-content\/uploads\/2017\/07\/best-storage-sheet02-1.jpg\" alt=\"best-storage-sheet02\" width=\"500\" height=\"707\" class=\"aligncenter size-full wp-image-3268\" \/><\/a>\r\n<\/div>\r\n\r\n<\/div>\r\n\r\n<hr class=\"style-five margin-t20 margin-b20 \"  data-rt-animate=\"animate\" data-rt-animation-type=\"fadeInDown\" data-rt-animation-group=\"single\" >\r\n\r\n<div class=\"row clearfix\">\r\n\r\n\r\n\r\n<div class=\"box two \">\r\n<div class=\"clearfix\" style=\"height:30px\"><\/div>\r\n<h3>Directrices de manipulaci\u00f3n y almacenamiento de bobinas de acero<\/h3>\r\n<p>Los productos UNICOIL se fabrican seg\u00fan los est\u00e1ndares internacionales de calidad m\u00e1s exigentes aplicados en el sector del recubrimiento de metales y de embalaje ideal.<\/p>\r\n<a id=\"\" href=\"\/wp-content\/uploads\/2017\/03\/best-practice-proper-handling-coils.pdf\" target=\"_blank\" title=\"Descargar folleto\" class=\"button_ light small  margin-t0  align\" data-rt-animate=\"animate\" data-rt-animation-type=\"bounceIn\" data-rt-animation-group=\"single\" >Descargar folleto<\/a>\r\n<\/div>\r\n\r\n<div class=\"box four \">\r\n<a href=\"http:\/\/www.unicoil.com.sa\/wp-content\/uploads\/2017\/07\/best-storage-colis01-1.jpg\" class=\"wplightbox\"><img decoding=\"async\" loading=\"lazy\" src=\"http:\/\/www.unicoil.com.sa\/wp-content\/uploads\/2017\/07\/best-storage-colis01-1.jpg\" alt=\"best-storage-colis01\" width=\"500\" height=\"707\" class=\"aligncenter size-full wp-image-3297\" \/><\/a>\r\n<\/div>\r\n\r\n<div class=\"box four \">\r\n<a href=\"\/wp-content\/uploads\/2017\/07\/best-storage-colis02-1.jpg\" class=\"wplightbox\"><img decoding=\"async\" loading=\"lazy\" src=\"\/wp-content\/uploads\/2017\/07\/best-storage-colis02-1.jpg\" alt=\"best-storage-colis02\" width=\"500\" height=\"707\" class=\"aligncenter size-full wp-image-3298\" \/><\/a>\r\n<\/div>\r\n\r\n<\/div>\r\n\r\n<hr class=\"style-five margin-t20 margin-b10 \"  data-rt-animate=\"animate\" data-rt-animation-type=\"fadeInDown\" data-rt-animation-group=\"single\" >\r\n\r\n<div class=\"clearfix\" style=\"height:20px\"><\/div>\r\n\r\n<p>Las directrices de UNICOIL para la manipulaci\u00f3n y el almacenamiento deben considerarse como referencia de mejores pr\u00e1cticas de almacenamiento.<\/p>","protected":false},"excerpt":{"rendered":"Consejos de almacenamiento y manipulaci\u00f3n para los clientes Los productos UNICOIL se fabrican y envasan de acuerdo con los est\u00e1ndares internacionales de calidad que se utilizan en el sector de los recubrimientos met\u00e1licos. Esto es esencial para prevenir da\u00f1os mec\u00e1nicos, distorsi\u00f3n de las bobinas y la penetraci\u00f3n de humedad y, as\u00ed, mantener la calidad. Es [&hellip;]","protected":false},"author":3,"featured_media":0,"parent":0,"menu_order":0,"comment_status":"closed","ping_status":"closed","template":"","meta":{"footnotes":""},"yoast_head":"<!-- This site is optimized with the Yoast SEO plugin v21.4 - https:\/\/yoast.com\/wordpress\/plugins\/seo\/ -->\n<title>Consejos de almacenamiento y manipulaci\u00f3n - UNICOIL<\/title>\n<meta name=\"robots\" content=\"index, follow, max-snippet:-1, max-image-preview:large, max-video-preview:-1\" \/>\n<link rel=\"canonical\" href=\"https:\/\/www.unicoil.com.sa\/Unicoil-Beta-Update\/es\/consejos-de-almacenamiento-y-manipulacion-2\/\" \/>\n<meta property=\"og:locale\" content=\"en_US\" \/>\n<meta property=\"og:type\" content=\"article\" \/>\n<meta property=\"og:title\" content=\"Consejos de almacenamiento y manipulaci\u00f3n - UNICOIL\" \/>\n<meta property=\"og:description\" content=\"Consejos de almacenamiento y manipulaci\u00f3n para los clientes Los productos UNICOIL se fabrican y envasan de acuerdo con los est\u00e1ndares internacionales de calidad que se utilizan en el sector de los recubrimientos met\u00e1licos. Esto es esencial para prevenir da\u00f1os mec\u00e1nicos, distorsi\u00f3n de las bobinas y la penetraci\u00f3n de humedad y, as\u00ed, mantener la calidad. Es [&hellip;]\" \/>\n<meta property=\"og:url\" content=\"https:\/\/www.unicoil.com.sa\/Unicoil-Beta-Update\/es\/consejos-de-almacenamiento-y-manipulacion-2\/\" \/>\n<meta property=\"og:site_name\" content=\"UNICOIL\" \/>\n<meta property=\"article:modified_time\" content=\"2019-07-07T06:34:46+00:00\" \/>\n<meta property=\"og:image\" content=\"http:\/\/www.unicoil.com.sa\/wp-content\/uploads\/2017\/07\/best-storage-sheet01-1.jpg\" \/>\n<meta name=\"twitter:card\" content=\"summary_large_image\" \/>\n<meta name=\"twitter:label1\" content=\"Est. reading time\" \/>\n\t<meta name=\"twitter:data1\" content=\"1 minute\" \/>\n<script type=\"application\/ld+json\" class=\"yoast-schema-graph\">{\"@context\":\"https:\/\/schema.org\",\"@graph\":[{\"@type\":\"WebPage\",\"@id\":\"https:\/\/www.unicoil.com.sa\/Unicoil-Beta-Update\/es\/consejos-de-almacenamiento-y-manipulacion-2\/\",\"url\":\"https:\/\/www.unicoil.com.sa\/Unicoil-Beta-Update\/es\/consejos-de-almacenamiento-y-manipulacion-2\/\",\"name\":\"Consejos de almacenamiento y manipulaci\u00f3n - UNICOIL\",\"isPartOf\":{\"@id\":\"https:\/\/www.unicoil.com.sa\/Unicoil-Beta-Update\/#website\"},\"datePublished\":\"2019-07-07T06:34:37+00:00\",\"dateModified\":\"2019-07-07T06:34:46+00:00\",\"breadcrumb\":{\"@id\":\"https:\/\/www.unicoil.com.sa\/Unicoil-Beta-Update\/es\/consejos-de-almacenamiento-y-manipulacion-2\/#breadcrumb\"},\"inLanguage\":\"en-US\",\"potentialAction\":[{\"@type\":\"ReadAction\",\"target\":[\"https:\/\/www.unicoil.com.sa\/Unicoil-Beta-Update\/es\/consejos-de-almacenamiento-y-manipulacion-2\/\"]}]},{\"@type\":\"BreadcrumbList\",\"@id\":\"https:\/\/www.unicoil.com.sa\/Unicoil-Beta-Update\/es\/consejos-de-almacenamiento-y-manipulacion-2\/#breadcrumb\",\"itemListElement\":[{\"@type\":\"ListItem\",\"position\":1,\"name\":\"Home\",\"item\":\"https:\/\/www.unicoil.com.sa\/Unicoil-Beta-Update\/en\/\"},{\"@type\":\"ListItem\",\"position\":2,\"name\":\"Consejos de almacenamiento y manipulaci\u00f3n\"}]},{\"@type\":\"WebSite\",\"@id\":\"https:\/\/www.unicoil.com.sa\/Unicoil-Beta-Update\/#website\",\"url\":\"https:\/\/www.unicoil.com.sa\/Unicoil-Beta-Update\/\",\"name\":\"UNICOIL\",\"description\":\"UNICOIL - A Leader in Steel Coil Coating and Prepainted Steels\",\"publisher\":{\"@id\":\"https:\/\/www.unicoil.com.sa\/Unicoil-Beta-Update\/#organization\"},\"potentialAction\":[{\"@type\":\"SearchAction\",\"target\":{\"@type\":\"EntryPoint\",\"urlTemplate\":\"https:\/\/www.unicoil.com.sa\/Unicoil-Beta-Update\/?s={search_term_string}\"},\"query-input\":\"required name=search_term_string\"}],\"inLanguage\":\"en-US\"},{\"@type\":\"Organization\",\"@id\":\"https:\/\/www.unicoil.com.sa\/Unicoil-Beta-Update\/#organization\",\"name\":\"UNICOIL\",\"url\":\"https:\/\/www.unicoil.com.sa\/Unicoil-Beta-Update\/\",\"logo\":{\"@type\":\"ImageObject\",\"inLanguage\":\"en-US\",\"@id\":\"https:\/\/www.unicoil.com.sa\/Unicoil-Beta-Update\/#\/schema\/logo\/image\/\",\"url\":\"https:\/\/www.unicoil.com.sa\/Unicoil-Beta-Update\/wp-content\/uploads\/UNICOIL-Logo-1.png\",\"contentUrl\":\"https:\/\/www.unicoil.com.sa\/Unicoil-Beta-Update\/wp-content\/uploads\/UNICOIL-Logo-1.png\",\"width\":1028,\"height\":617,\"caption\":\"UNICOIL\"},\"image\":{\"@id\":\"https:\/\/www.unicoil.com.sa\/Unicoil-Beta-Update\/#\/schema\/logo\/image\/\"}}]}<\/script>\n<!-- \/ Yoast SEO plugin. -->","yoast_head_json":{"title":"Consejos de almacenamiento y manipulaci\u00f3n - UNICOIL","robots":{"index":"index","follow":"follow","max-snippet":"max-snippet:-1","max-image-preview":"max-image-preview:large","max-video-preview":"max-video-preview:-1"},"canonical":"https:\/\/www.unicoil.com.sa\/Unicoil-Beta-Update\/es\/consejos-de-almacenamiento-y-manipulacion-2\/","og_locale":"en_US","og_type":"article","og_title":"Consejos de almacenamiento y manipulaci\u00f3n - UNICOIL","og_description":"Consejos de almacenamiento y manipulaci\u00f3n para los clientes Los productos UNICOIL se fabrican y envasan de acuerdo con los est\u00e1ndares internacionales de calidad que se utilizan en el sector de los recubrimientos met\u00e1licos. Esto es esencial para prevenir da\u00f1os mec\u00e1nicos, distorsi\u00f3n de las bobinas y la penetraci\u00f3n de humedad y, as\u00ed, mantener la calidad. Es [&hellip;]","og_url":"https:\/\/www.unicoil.com.sa\/Unicoil-Beta-Update\/es\/consejos-de-almacenamiento-y-manipulacion-2\/","og_site_name":"UNICOIL","article_modified_time":"2019-07-07T06:34:46+00:00","og_image":[{"url":"http:\/\/www.unicoil.com.sa\/wp-content\/uploads\/2017\/07\/best-storage-sheet01-1.jpg"}],"twitter_card":"summary_large_image","twitter_misc":{"Est. reading time":"1 minute"},"schema":{"@context":"https:\/\/schema.org","@graph":[{"@type":"WebPage","@id":"https:\/\/www.unicoil.com.sa\/Unicoil-Beta-Update\/es\/consejos-de-almacenamiento-y-manipulacion-2\/","url":"https:\/\/www.unicoil.com.sa\/Unicoil-Beta-Update\/es\/consejos-de-almacenamiento-y-manipulacion-2\/","name":"Consejos de almacenamiento y manipulaci\u00f3n - UNICOIL","isPartOf":{"@id":"https:\/\/www.unicoil.com.sa\/Unicoil-Beta-Update\/#website"},"datePublished":"2019-07-07T06:34:37+00:00","dateModified":"2019-07-07T06:34:46+00:00","breadcrumb":{"@id":"https:\/\/www.unicoil.com.sa\/Unicoil-Beta-Update\/es\/consejos-de-almacenamiento-y-manipulacion-2\/#breadcrumb"},"inLanguage":"en-US","potentialAction":[{"@type":"ReadAction","target":["https:\/\/www.unicoil.com.sa\/Unicoil-Beta-Update\/es\/consejos-de-almacenamiento-y-manipulacion-2\/"]}]},{"@type":"BreadcrumbList","@id":"https:\/\/www.unicoil.com.sa\/Unicoil-Beta-Update\/es\/consejos-de-almacenamiento-y-manipulacion-2\/#breadcrumb","itemListElement":[{"@type":"ListItem","position":1,"name":"Home","item":"https:\/\/www.unicoil.com.sa\/Unicoil-Beta-Update\/en\/"},{"@type":"ListItem","position":2,"name":"Consejos de almacenamiento y manipulaci\u00f3n"}]},{"@type":"WebSite","@id":"https:\/\/www.unicoil.com.sa\/Unicoil-Beta-Update\/#website","url":"https:\/\/www.unicoil.com.sa\/Unicoil-Beta-Update\/","name":"UNICOIL","description":"UNICOIL - A Leader in Steel Coil Coating and Prepainted Steels","publisher":{"@id":"https:\/\/www.unicoil.com.sa\/Unicoil-Beta-Update\/#organization"},"potentialAction":[{"@type":"SearchAction","target":{"@type":"EntryPoint","urlTemplate":"https:\/\/www.unicoil.com.sa\/Unicoil-Beta-Update\/?s={search_term_string}"},"query-input":"required name=search_term_string"}],"inLanguage":"en-US"},{"@type":"Organization","@id":"https:\/\/www.unicoil.com.sa\/Unicoil-Beta-Update\/#organization","name":"UNICOIL","url":"https:\/\/www.unicoil.com.sa\/Unicoil-Beta-Update\/","logo":{"@type":"ImageObject","inLanguage":"en-US","@id":"https:\/\/www.unicoil.com.sa\/Unicoil-Beta-Update\/#\/schema\/logo\/image\/","url":"https:\/\/www.unicoil.com.sa\/Unicoil-Beta-Update\/wp-content\/uploads\/UNICOIL-Logo-1.png","contentUrl":"https:\/\/www.unicoil.com.sa\/Unicoil-Beta-Update\/wp-content\/uploads\/UNICOIL-Logo-1.png","width":1028,"height":617,"caption":"UNICOIL"},"image":{"@id":"https:\/\/www.unicoil.com.sa\/Unicoil-Beta-Update\/#\/schema\/logo\/image\/"}}]}},"_links":{"self":[{"href":"https:\/\/www.unicoil.com.sa\/Unicoil-Beta-Update\/wp-json\/wp\/v2\/pages\/15848"}],"collection":[{"href":"https:\/\/www.unicoil.com.sa\/Unicoil-Beta-Update\/wp-json\/wp\/v2\/pages"}],"about":[{"href":"https:\/\/www.unicoil.com.sa\/Unicoil-Beta-Update\/wp-json\/wp\/v2\/types\/page"}],"author":[{"embeddable":true,"href":"https:\/\/www.unicoil.com.sa\/Unicoil-Beta-Update\/wp-json\/wp\/v2\/users\/3"}],"replies":[{"embeddable":true,"href":"https:\/\/www.unicoil.com.sa\/Unicoil-Beta-Update\/wp-json\/wp\/v2\/comments?post=15848"}],"version-history":[{"count":1,"href":"https:\/\/www.unicoil.com.sa\/Unicoil-Beta-Update\/wp-json\/wp\/v2\/pages\/15848\/revisions"}],"predecessor-version":[{"id":15849,"href":"https:\/\/www.unicoil.com.sa\/Unicoil-Beta-Update\/wp-json\/wp\/v2\/pages\/15848\/revisions\/15849"}],"wp:attachment":[{"href":"https:\/\/www.unicoil.com.sa\/Unicoil-Beta-Update\/wp-json\/wp\/v2\/media?parent=15848"}],"curies":[{"name":"wp","href":"https:\/\/api.w.org\/{rel}","templated":true}]}}