{"id":15936,"date":"2019-07-07T07:31:50","date_gmt":"2019-07-07T07:31:50","guid":{"rendered":"http:\/\/www.unicoil.sa\/?page_id=15936"},"modified":"2022-10-10T12:01:28","modified_gmt":"2022-10-10T12:01:28","slug":"especificaciones-del-producto","status":"publish","type":"page","link":"https:\/\/www.unicoil.com.sa\/Unicoil-Beta-Update\/es\/especificaciones-del-producto\/","title":{"rendered":"Especificaciones del producto"},"content":{"rendered":"<div class=\"row clearfix\">\n\n<div class=\"box two \">\n<h2>Material laminado en fr\u00edo totalmente endurecido (CRFH)<\/h2>\n<hr class=\"style-five margin-t10 margin-b20 \"  data-rt-animate=\"animate\" data-rt-animation-type=\"fadeInDown\" data-rt-animation-group=\"single\" >\n<h4>Descripci\u00f3n del producto<\/h4>\nUNICOIL fabrica l\u00e1minas no procesadas laminadas en fr\u00edo y totalmente endurecidas para que los clientes puedan utilizarlas directamente en aplicaciones que no requieren conformado m\u00e1s all\u00e1 de una curvatura y\/o un laminado muy limitado y tambi\u00e9n como materia prima para el proceso de galvanizado por inmersi\u00f3n en caliente (tipo flujo y horno). El acero es altamente endurecido y presenta una alta resistencia a la indentaci\u00f3n, etc. con una dureza  Rockwell B 85 como m\u00ednimo.\n\nDebido a que el producto se suministra directamente despu\u00e9s de la laminaci\u00f3n en fr\u00edo sin procesamiento adicional, la l\u00e1mina sin procesar laminada en fr\u00edo y totalmente endurecida presenta residuos de los aceites que se utilizan para el laminado en fr\u00edo en la superficie. El producto se suministra en forma de bobina, con una tolerancia precisa del grosor, mediante la eliminaci\u00f3n de los extremos de la bobina fuera del calibre.\n\n<\/div>\n\n<div class=\"box two \">\n<img decoding=\"async\" loading=\"lazy\" src=\"\/wp-content\/uploads\/2017\/03\/cold-rolled-coils.jpg\" alt=\"cold-rolled-coils\" width=\"3568\" height=\"2368\" class=\"aligncenter size-full wp-image-3696\" srcset=\"https:\/\/www.unicoil.com.sa\/Unicoil-Beta-Update\/wp-content\/uploads\/2017\/03\/cold-rolled-coils.jpg 3568w, https:\/\/www.unicoil.com.sa\/Unicoil-Beta-Update\/wp-content\/uploads\/2017\/03\/cold-rolled-coils-300x199.jpg 300w, https:\/\/www.unicoil.com.sa\/Unicoil-Beta-Update\/wp-content\/uploads\/2017\/03\/cold-rolled-coils-768x510.jpg 768w, https:\/\/www.unicoil.com.sa\/Unicoil-Beta-Update\/wp-content\/uploads\/2017\/03\/cold-rolled-coils-1024x680.jpg 1024w\" sizes=\"(max-width: 3568px) 100vw, 3568px\" \/>\n<\/div>\n\n<\/div>\n\n<div class=\"clearfix\" style=\"height:30px\"><\/div>\n<h3>Datos t\u00e9cnicos<\/h3>\n<hr class=\"style-five margin-t0 margin-b10 \"  data-rt-animate=\"animate\" data-rt-animation-type=\"fadeInDown\" data-rt-animation-group=\"single\" >\n\n<div class=\"row clearfix\">\n\n<div class=\"box two-three \">\n<table class=\"rwd-table\">\n<tbody>\n<tr>\n<th>Especificaci\u00f3n<\/th>\n<td data-th=\"Especificaci\u00f3n\">JIS G 3141<\/td>\n<\/tr>\n<tr>\n<th>Grados<\/th>\n<td data-th=\"Grados\">SPCH-1B,<\/td>\n<\/tr>\n<tr>\n<th>Grosor (mm)<\/th>\n<td data-th=\"Grosor (mm)\"> de 0,18 a 1,50<\/td>\n<\/tr>\n<tr>\n<th>Ancho (mm)<\/th>\n<td data-th=\"Ancho (mm)\">Anchos est\u00e1ndar 1000, 1219, 1250<\/td>\n<\/tr>\n<tr>\n<th>Tolerancia de grosor<\/th>\n<td data-th=\"Tolerancia de grosor\">\u00bd de JIS 3141<\/td>\n<\/tr>\n<tr>\n<th>Tolerancia de ancho<\/th>\n<td data-th=\"Tolerancia de ancho\">\u2264 1200 mm <span class=\"icon-right-open\" data-rt-animate=\"animate\" data-rt-animation-type=\"fadeInDown\" data-rt-animation-group=\"single\"><\/span> +5 \/ -0 mm\n&gt; 1200 mm <span class=\"icon-right-open\" data-rt-animate=\"animate\" data-rt-animation-type=\"fadeInDown\" data-rt-animation-group=\"single\"><\/span> +6 \/ &#8211; mm<\/td>\n<\/tr>\n<tr>\n<th>Acabado superficial<\/th>\n<td data-th=\"Acabado superficial\">Brillante, tal como est\u00e1 despu\u00e9s del laminado, aceite de laminado residual<\/td>\n<\/tr>\n<tr>\n<th>Dureza (HRB)<\/th>\n<td data-th=\"Dureza (HRB) \">85 Min<\/td>\n<\/tr>\n<tr>\n<th>ID de la bobina<\/th>\n<td data-th=\"ID de la bobina\">508 mm<\/td>\n<\/tr>\n<tr>\n<th>Peso de la bobina (toneladas)*<\/th>\n<td data-th=\"Peso de la bobina (toneladas)*\">de 3 a 15<\/td>\n<\/tr>\n<\/tbody>\n<\/table>\n<\/div>\n\n<div class=\"box three \">\n<div class=\"clearfix\" style=\"height:10px\"><\/div>\n<div class=\"box-conts\" style=\"text-align: center !important; margin: auto;\">\n\n\t\t<div class=\"imgeffect single_image aligncenter\">\t\n\t\t\t<a id=\"lightbox-599937\" class=\"icon-zoom-in lightbox_ single\" data-group=\"image478842\" title=\"Enlarge Image\" data-title=\"\" data-description=\"\" data-thumbnail=\"\/wp-content\/uploads\/2017\/03\/CRC.jpg\" data-thumbTooltip=\"\" data-scaleUp=\"\" data-href=\"\" data-width=\"\" data-height=\"\" data-flashHasPriority=\"\" data-poster=\"\" data-autoplay=\"\" data-audiotitle=\"\" href=\"\/wp-content\/uploads\/2017\/03\/CRC.jpg\"><\/a>\t\t\t\t\t\t\t\n\t\t\t<img src=\"\/wp-content\/uploads\/2017\/03\/CRC.jpg\" alt=\"\"> \t\t\t\t\t\t\t\t\t\n\t\t<\/div>\n\t\n\n<a href=\"\/wp-content\/uploads\/2017\/03\/cold-rolled-coils.pdf\"><\/a>\n\n<a href=\"\/wp-content\/uploads\/2017\/03\/cold-rolled-coils.pdf\">\n<h4 style=\"text-align: center;\">Hoja de datos t\u00e9cnicos<\/h4>\n<\/a><a href=\"\/wp-content\/uploads\/2017\/03\/cold-rolled-coils.pdf\"><\/a>\n\n<\/div>\n<\/div>\n\n<\/div>\n\n<strong>*Nota:<\/strong> El material CRFH tambi\u00e9n se puede suministrar con material fuera de calibre en ID con un intervalo de pesos de bobina de 12 a 25 toneladas m\u00e9tricas\n\n<div class=\"clearfix\" style=\"height:30px\"><\/div>","protected":false},"excerpt":{"rendered":"Datos t\u00e9cnicos *Nota: El material CRFH tambi\u00e9n se puede suministrar con material fuera de calibre en ID con un intervalo de pesos de bobina de 12 a 25 toneladas m\u00e9tricas","protected":false},"author":3,"featured_media":0,"parent":0,"menu_order":0,"comment_status":"closed","ping_status":"closed","template":"elementor_theme","meta":{"footnotes":""},"yoast_head":"<!-- This site is optimized with the Yoast SEO plugin v21.4 - https:\/\/yoast.com\/wordpress\/plugins\/seo\/ -->\n<title>Especificaciones del producto - UNICOIL<\/title>\n<meta name=\"robots\" content=\"index, follow, max-snippet:-1, max-image-preview:large, max-video-preview:-1\" \/>\n<link rel=\"canonical\" href=\"https:\/\/www.unicoil.com.sa\/Unicoil-Beta-Update\/es\/especificaciones-del-producto\/\" \/>\n<meta property=\"og:locale\" content=\"en_US\" \/>\n<meta property=\"og:type\" content=\"article\" \/>\n<meta property=\"og:title\" content=\"Especificaciones del producto - UNICOIL\" \/>\n<meta property=\"og:description\" content=\"Datos t\u00e9cnicos *Nota: El material CRFH tambi\u00e9n se puede suministrar con material fuera de calibre en ID con un intervalo de pesos de bobina de 12 a 25 toneladas m\u00e9tricas\" \/>\n<meta property=\"og:url\" content=\"https:\/\/www.unicoil.com.sa\/Unicoil-Beta-Update\/es\/especificaciones-del-producto\/\" \/>\n<meta property=\"og:site_name\" content=\"UNICOIL\" \/>\n<meta property=\"article:modified_time\" content=\"2022-10-10T12:01:28+00:00\" \/>\n<meta name=\"twitter:card\" content=\"summary_large_image\" \/>\n<meta name=\"twitter:label1\" content=\"Est. reading time\" \/>\n\t<meta name=\"twitter:data1\" content=\"2 minutes\" \/>\n<script type=\"application\/ld+json\" class=\"yoast-schema-graph\">{\"@context\":\"https:\/\/schema.org\",\"@graph\":[{\"@type\":\"WebPage\",\"@id\":\"https:\/\/www.unicoil.com.sa\/Unicoil-Beta-Update\/es\/especificaciones-del-producto\/\",\"url\":\"https:\/\/www.unicoil.com.sa\/Unicoil-Beta-Update\/es\/especificaciones-del-producto\/\",\"name\":\"Especificaciones del producto - UNICOIL\",\"isPartOf\":{\"@id\":\"https:\/\/www.unicoil.com.sa\/Unicoil-Beta-Update\/#website\"},\"datePublished\":\"2019-07-07T07:31:50+00:00\",\"dateModified\":\"2022-10-10T12:01:28+00:00\",\"breadcrumb\":{\"@id\":\"https:\/\/www.unicoil.com.sa\/Unicoil-Beta-Update\/es\/especificaciones-del-producto\/#breadcrumb\"},\"inLanguage\":\"en-US\",\"potentialAction\":[{\"@type\":\"ReadAction\",\"target\":[\"https:\/\/www.unicoil.com.sa\/Unicoil-Beta-Update\/es\/especificaciones-del-producto\/\"]}]},{\"@type\":\"BreadcrumbList\",\"@id\":\"https:\/\/www.unicoil.com.sa\/Unicoil-Beta-Update\/es\/especificaciones-del-producto\/#breadcrumb\",\"itemListElement\":[{\"@type\":\"ListItem\",\"position\":1,\"name\":\"Home\",\"item\":\"https:\/\/www.unicoil.com.sa\/Unicoil-Beta-Update\/en\/\"},{\"@type\":\"ListItem\",\"position\":2,\"name\":\"Especificaciones del producto\"}]},{\"@type\":\"WebSite\",\"@id\":\"https:\/\/www.unicoil.com.sa\/Unicoil-Beta-Update\/#website\",\"url\":\"https:\/\/www.unicoil.com.sa\/Unicoil-Beta-Update\/\",\"name\":\"UNICOIL\",\"description\":\"UNICOIL - A Leader in Steel Coil Coating and Prepainted Steels\",\"publisher\":{\"@id\":\"https:\/\/www.unicoil.com.sa\/Unicoil-Beta-Update\/#organization\"},\"potentialAction\":[{\"@type\":\"SearchAction\",\"target\":{\"@type\":\"EntryPoint\",\"urlTemplate\":\"https:\/\/www.unicoil.com.sa\/Unicoil-Beta-Update\/?s={search_term_string}\"},\"query-input\":\"required name=search_term_string\"}],\"inLanguage\":\"en-US\"},{\"@type\":\"Organization\",\"@id\":\"https:\/\/www.unicoil.com.sa\/Unicoil-Beta-Update\/#organization\",\"name\":\"UNICOIL\",\"url\":\"https:\/\/www.unicoil.com.sa\/Unicoil-Beta-Update\/\",\"logo\":{\"@type\":\"ImageObject\",\"inLanguage\":\"en-US\",\"@id\":\"https:\/\/www.unicoil.com.sa\/Unicoil-Beta-Update\/#\/schema\/logo\/image\/\",\"url\":\"https:\/\/www.unicoil.com.sa\/Unicoil-Beta-Update\/wp-content\/uploads\/UNICOIL-Logo-1.png\",\"contentUrl\":\"https:\/\/www.unicoil.com.sa\/Unicoil-Beta-Update\/wp-content\/uploads\/UNICOIL-Logo-1.png\",\"width\":1028,\"height\":617,\"caption\":\"UNICOIL\"},\"image\":{\"@id\":\"https:\/\/www.unicoil.com.sa\/Unicoil-Beta-Update\/#\/schema\/logo\/image\/\"}}]}<\/script>\n<!-- \/ Yoast SEO plugin. -->","yoast_head_json":{"title":"Especificaciones del producto - UNICOIL","robots":{"index":"index","follow":"follow","max-snippet":"max-snippet:-1","max-image-preview":"max-image-preview:large","max-video-preview":"max-video-preview:-1"},"canonical":"https:\/\/www.unicoil.com.sa\/Unicoil-Beta-Update\/es\/especificaciones-del-producto\/","og_locale":"en_US","og_type":"article","og_title":"Especificaciones del producto - UNICOIL","og_description":"Datos t\u00e9cnicos *Nota: El material CRFH tambi\u00e9n se puede suministrar con material fuera de calibre en ID con un intervalo de pesos de bobina de 12 a 25 toneladas m\u00e9tricas","og_url":"https:\/\/www.unicoil.com.sa\/Unicoil-Beta-Update\/es\/especificaciones-del-producto\/","og_site_name":"UNICOIL","article_modified_time":"2022-10-10T12:01:28+00:00","twitter_card":"summary_large_image","twitter_misc":{"Est. reading time":"2 minutes"},"schema":{"@context":"https:\/\/schema.org","@graph":[{"@type":"WebPage","@id":"https:\/\/www.unicoil.com.sa\/Unicoil-Beta-Update\/es\/especificaciones-del-producto\/","url":"https:\/\/www.unicoil.com.sa\/Unicoil-Beta-Update\/es\/especificaciones-del-producto\/","name":"Especificaciones del producto - UNICOIL","isPartOf":{"@id":"https:\/\/www.unicoil.com.sa\/Unicoil-Beta-Update\/#website"},"datePublished":"2019-07-07T07:31:50+00:00","dateModified":"2022-10-10T12:01:28+00:00","breadcrumb":{"@id":"https:\/\/www.unicoil.com.sa\/Unicoil-Beta-Update\/es\/especificaciones-del-producto\/#breadcrumb"},"inLanguage":"en-US","potentialAction":[{"@type":"ReadAction","target":["https:\/\/www.unicoil.com.sa\/Unicoil-Beta-Update\/es\/especificaciones-del-producto\/"]}]},{"@type":"BreadcrumbList","@id":"https:\/\/www.unicoil.com.sa\/Unicoil-Beta-Update\/es\/especificaciones-del-producto\/#breadcrumb","itemListElement":[{"@type":"ListItem","position":1,"name":"Home","item":"https:\/\/www.unicoil.com.sa\/Unicoil-Beta-Update\/en\/"},{"@type":"ListItem","position":2,"name":"Especificaciones del producto"}]},{"@type":"WebSite","@id":"https:\/\/www.unicoil.com.sa\/Unicoil-Beta-Update\/#website","url":"https:\/\/www.unicoil.com.sa\/Unicoil-Beta-Update\/","name":"UNICOIL","description":"UNICOIL - A Leader in Steel Coil Coating and Prepainted Steels","publisher":{"@id":"https:\/\/www.unicoil.com.sa\/Unicoil-Beta-Update\/#organization"},"potentialAction":[{"@type":"SearchAction","target":{"@type":"EntryPoint","urlTemplate":"https:\/\/www.unicoil.com.sa\/Unicoil-Beta-Update\/?s={search_term_string}"},"query-input":"required name=search_term_string"}],"inLanguage":"en-US"},{"@type":"Organization","@id":"https:\/\/www.unicoil.com.sa\/Unicoil-Beta-Update\/#organization","name":"UNICOIL","url":"https:\/\/www.unicoil.com.sa\/Unicoil-Beta-Update\/","logo":{"@type":"ImageObject","inLanguage":"en-US","@id":"https:\/\/www.unicoil.com.sa\/Unicoil-Beta-Update\/#\/schema\/logo\/image\/","url":"https:\/\/www.unicoil.com.sa\/Unicoil-Beta-Update\/wp-content\/uploads\/UNICOIL-Logo-1.png","contentUrl":"https:\/\/www.unicoil.com.sa\/Unicoil-Beta-Update\/wp-content\/uploads\/UNICOIL-Logo-1.png","width":1028,"height":617,"caption":"UNICOIL"},"image":{"@id":"https:\/\/www.unicoil.com.sa\/Unicoil-Beta-Update\/#\/schema\/logo\/image\/"}}]}},"_links":{"self":[{"href":"https:\/\/www.unicoil.com.sa\/Unicoil-Beta-Update\/wp-json\/wp\/v2\/pages\/15936"}],"collection":[{"href":"https:\/\/www.unicoil.com.sa\/Unicoil-Beta-Update\/wp-json\/wp\/v2\/pages"}],"about":[{"href":"https:\/\/www.unicoil.com.sa\/Unicoil-Beta-Update\/wp-json\/wp\/v2\/types\/page"}],"author":[{"embeddable":true,"href":"https:\/\/www.unicoil.com.sa\/Unicoil-Beta-Update\/wp-json\/wp\/v2\/users\/3"}],"replies":[{"embeddable":true,"href":"https:\/\/www.unicoil.com.sa\/Unicoil-Beta-Update\/wp-json\/wp\/v2\/comments?post=15936"}],"version-history":[{"count":2,"href":"https:\/\/www.unicoil.com.sa\/Unicoil-Beta-Update\/wp-json\/wp\/v2\/pages\/15936\/revisions"}],"predecessor-version":[{"id":22979,"href":"https:\/\/www.unicoil.com.sa\/Unicoil-Beta-Update\/wp-json\/wp\/v2\/pages\/15936\/revisions\/22979"}],"wp:attachment":[{"href":"https:\/\/www.unicoil.com.sa\/Unicoil-Beta-Update\/wp-json\/wp\/v2\/media?parent=15936"}],"curies":[{"name":"wp","href":"https:\/\/api.w.org\/{rel}","templated":true}]}}