{"id":15954,"date":"2019-07-07T07:39:25","date_gmt":"2019-07-07T07:39:25","guid":{"rendered":"http:\/\/www.unicoil.sa\/?page_id=15954"},"modified":"2022-10-10T12:01:45","modified_gmt":"2022-10-10T12:01:45","slug":"envasado-del-producto","status":"publish","type":"page","link":"https:\/\/www.unicoil.com.sa\/Unicoil-Beta-Update\/es\/envasado-del-producto\/","title":{"rendered":"Envasado del producto"},"content":{"rendered":"<h2>Embalaje: laminado en fr\u00edo totalmente endurecido<\/h2>\nEl material laminado en fr\u00edo totalmente endurecido se embala con embalaje para exportaci\u00f3n apto para el transporte mar\u00edtimo\n\n<hr class=\"style-five margin-t10 margin-b20 \"  data-rt-animate=\"animate\" data-rt-animation-type=\"fadeInDown\" data-rt-animation-group=\"single\" >\n\n<img decoding=\"async\" loading=\"lazy\" src=\"\/wp-content\/uploads\/2017\/07\/seaworthy-packaging-coils-1.jpg\" alt=\"seaworthy-packaging-coils\" width=\"800\" height=\"385\" class=\"aligncenter size-full wp-image-3247\">\n\n<div class=\"clearfix\" style=\"height:20px\"><\/div>\n<h3>Caracter\u00edsticas especiales del embalaje apto para el transporte mar\u00edtimo:<\/h3>\n\t \n\t \n\t\t\n\t\t<ul class=\"with_icons default default_size\" data-rt-animation-group=\"group\">\n\t\t\n <li class=\"box one first last\" data-rt-animate=\"animate\" data-rt-animation-type=\"fadeInDown\"><span class=\"icon-circle icon\"><\/span> <p>Envoltura de pl\u00e1stico adicional <\/p><\/li>\n <li class=\"box one first last\" data-rt-animate=\"animate\" data-rt-animation-type=\"fadeInDown\"><span class=\"icon-circle icon\"><\/span> <p>Envoltura de cart\u00f3n adicional  <\/p><\/li>\n <li class=\"box one first last\" data-rt-animate=\"animate\" data-rt-animation-type=\"fadeInDown\"><span class=\"icon-circle icon\"><\/span> <p>Cubierta exterior de l\u00e1mina de acero que incluye los lados <\/p><\/li>\n <li class=\"box one first last\" data-rt-animate=\"animate\" data-rt-animation-type=\"fadeInDown\"><span class=\"icon-circle icon\"><\/span> <p>Para calibres finos de menos de 0,30 mm, se suministra un recubrimiento de acero en el di\u00e1metro interior. <\/p><\/li>\n\n\t\t<\/ul>\n\t\n\n<div class=\"clearfix\" style=\"height:30px\"><\/div>","protected":false},"excerpt":{"rendered":"Embalaje: laminado en fr\u00edo totalmente endurecido El material laminado en fr\u00edo totalmente endurecido se embala con embalaje para exportaci\u00f3n apto para el transporte mar\u00edtimo Caracter\u00edsticas especiales del embalaje apto para el transporte mar\u00edtimo:","protected":false},"author":3,"featured_media":0,"parent":0,"menu_order":0,"comment_status":"closed","ping_status":"closed","template":"elementor_theme","meta":{"footnotes":""},"yoast_head":"<!-- This site is optimized with the Yoast SEO plugin v21.4 - https:\/\/yoast.com\/wordpress\/plugins\/seo\/ -->\n<title>Envasado del producto - UNICOIL<\/title>\n<meta name=\"robots\" content=\"index, follow, max-snippet:-1, max-image-preview:large, max-video-preview:-1\" \/>\n<link rel=\"canonical\" href=\"https:\/\/www.unicoil.com.sa\/Unicoil-Beta-Update\/es\/envasado-del-producto\/\" \/>\n<meta property=\"og:locale\" content=\"en_US\" \/>\n<meta property=\"og:type\" content=\"article\" \/>\n<meta property=\"og:title\" content=\"Envasado del producto - UNICOIL\" \/>\n<meta property=\"og:description\" content=\"Embalaje: laminado en fr\u00edo totalmente endurecido El material laminado en fr\u00edo totalmente endurecido se embala con embalaje para exportaci\u00f3n apto para el transporte mar\u00edtimo Caracter\u00edsticas especiales del embalaje apto para el transporte mar\u00edtimo:\" \/>\n<meta property=\"og:url\" content=\"https:\/\/www.unicoil.com.sa\/Unicoil-Beta-Update\/es\/envasado-del-producto\/\" \/>\n<meta property=\"og:site_name\" content=\"UNICOIL\" \/>\n<meta property=\"article:modified_time\" content=\"2022-10-10T12:01:45+00:00\" \/>\n<meta name=\"twitter:card\" content=\"summary_large_image\" \/>\n<meta name=\"twitter:label1\" content=\"Est. reading time\" \/>\n\t<meta name=\"twitter:data1\" content=\"1 minute\" \/>\n<script type=\"application\/ld+json\" class=\"yoast-schema-graph\">{\"@context\":\"https:\/\/schema.org\",\"@graph\":[{\"@type\":\"WebPage\",\"@id\":\"https:\/\/www.unicoil.com.sa\/Unicoil-Beta-Update\/es\/envasado-del-producto\/\",\"url\":\"https:\/\/www.unicoil.com.sa\/Unicoil-Beta-Update\/es\/envasado-del-producto\/\",\"name\":\"Envasado del producto - UNICOIL\",\"isPartOf\":{\"@id\":\"https:\/\/www.unicoil.com.sa\/Unicoil-Beta-Update\/#website\"},\"datePublished\":\"2019-07-07T07:39:25+00:00\",\"dateModified\":\"2022-10-10T12:01:45+00:00\",\"breadcrumb\":{\"@id\":\"https:\/\/www.unicoil.com.sa\/Unicoil-Beta-Update\/es\/envasado-del-producto\/#breadcrumb\"},\"inLanguage\":\"en-US\",\"potentialAction\":[{\"@type\":\"ReadAction\",\"target\":[\"https:\/\/www.unicoil.com.sa\/Unicoil-Beta-Update\/es\/envasado-del-producto\/\"]}]},{\"@type\":\"BreadcrumbList\",\"@id\":\"https:\/\/www.unicoil.com.sa\/Unicoil-Beta-Update\/es\/envasado-del-producto\/#breadcrumb\",\"itemListElement\":[{\"@type\":\"ListItem\",\"position\":1,\"name\":\"Home\",\"item\":\"https:\/\/www.unicoil.com.sa\/Unicoil-Beta-Update\/en\/\"},{\"@type\":\"ListItem\",\"position\":2,\"name\":\"Envasado del producto\"}]},{\"@type\":\"WebSite\",\"@id\":\"https:\/\/www.unicoil.com.sa\/Unicoil-Beta-Update\/#website\",\"url\":\"https:\/\/www.unicoil.com.sa\/Unicoil-Beta-Update\/\",\"name\":\"UNICOIL\",\"description\":\"UNICOIL - A Leader in Steel Coil Coating and Prepainted Steels\",\"publisher\":{\"@id\":\"https:\/\/www.unicoil.com.sa\/Unicoil-Beta-Update\/#organization\"},\"potentialAction\":[{\"@type\":\"SearchAction\",\"target\":{\"@type\":\"EntryPoint\",\"urlTemplate\":\"https:\/\/www.unicoil.com.sa\/Unicoil-Beta-Update\/?s={search_term_string}\"},\"query-input\":\"required name=search_term_string\"}],\"inLanguage\":\"en-US\"},{\"@type\":\"Organization\",\"@id\":\"https:\/\/www.unicoil.com.sa\/Unicoil-Beta-Update\/#organization\",\"name\":\"UNICOIL\",\"url\":\"https:\/\/www.unicoil.com.sa\/Unicoil-Beta-Update\/\",\"logo\":{\"@type\":\"ImageObject\",\"inLanguage\":\"en-US\",\"@id\":\"https:\/\/www.unicoil.com.sa\/Unicoil-Beta-Update\/#\/schema\/logo\/image\/\",\"url\":\"https:\/\/www.unicoil.com.sa\/Unicoil-Beta-Update\/wp-content\/uploads\/UNICOIL-Logo-1.png\",\"contentUrl\":\"https:\/\/www.unicoil.com.sa\/Unicoil-Beta-Update\/wp-content\/uploads\/UNICOIL-Logo-1.png\",\"width\":1028,\"height\":617,\"caption\":\"UNICOIL\"},\"image\":{\"@id\":\"https:\/\/www.unicoil.com.sa\/Unicoil-Beta-Update\/#\/schema\/logo\/image\/\"}}]}<\/script>\n<!-- \/ Yoast SEO plugin. -->","yoast_head_json":{"title":"Envasado del producto - UNICOIL","robots":{"index":"index","follow":"follow","max-snippet":"max-snippet:-1","max-image-preview":"max-image-preview:large","max-video-preview":"max-video-preview:-1"},"canonical":"https:\/\/www.unicoil.com.sa\/Unicoil-Beta-Update\/es\/envasado-del-producto\/","og_locale":"en_US","og_type":"article","og_title":"Envasado del producto - UNICOIL","og_description":"Embalaje: laminado en fr\u00edo totalmente endurecido El material laminado en fr\u00edo totalmente endurecido se embala con embalaje para exportaci\u00f3n apto para el transporte mar\u00edtimo Caracter\u00edsticas especiales del embalaje apto para el transporte mar\u00edtimo:","og_url":"https:\/\/www.unicoil.com.sa\/Unicoil-Beta-Update\/es\/envasado-del-producto\/","og_site_name":"UNICOIL","article_modified_time":"2022-10-10T12:01:45+00:00","twitter_card":"summary_large_image","twitter_misc":{"Est. reading time":"1 minute"},"schema":{"@context":"https:\/\/schema.org","@graph":[{"@type":"WebPage","@id":"https:\/\/www.unicoil.com.sa\/Unicoil-Beta-Update\/es\/envasado-del-producto\/","url":"https:\/\/www.unicoil.com.sa\/Unicoil-Beta-Update\/es\/envasado-del-producto\/","name":"Envasado del producto - UNICOIL","isPartOf":{"@id":"https:\/\/www.unicoil.com.sa\/Unicoil-Beta-Update\/#website"},"datePublished":"2019-07-07T07:39:25+00:00","dateModified":"2022-10-10T12:01:45+00:00","breadcrumb":{"@id":"https:\/\/www.unicoil.com.sa\/Unicoil-Beta-Update\/es\/envasado-del-producto\/#breadcrumb"},"inLanguage":"en-US","potentialAction":[{"@type":"ReadAction","target":["https:\/\/www.unicoil.com.sa\/Unicoil-Beta-Update\/es\/envasado-del-producto\/"]}]},{"@type":"BreadcrumbList","@id":"https:\/\/www.unicoil.com.sa\/Unicoil-Beta-Update\/es\/envasado-del-producto\/#breadcrumb","itemListElement":[{"@type":"ListItem","position":1,"name":"Home","item":"https:\/\/www.unicoil.com.sa\/Unicoil-Beta-Update\/en\/"},{"@type":"ListItem","position":2,"name":"Envasado del producto"}]},{"@type":"WebSite","@id":"https:\/\/www.unicoil.com.sa\/Unicoil-Beta-Update\/#website","url":"https:\/\/www.unicoil.com.sa\/Unicoil-Beta-Update\/","name":"UNICOIL","description":"UNICOIL - A Leader in Steel Coil Coating and Prepainted Steels","publisher":{"@id":"https:\/\/www.unicoil.com.sa\/Unicoil-Beta-Update\/#organization"},"potentialAction":[{"@type":"SearchAction","target":{"@type":"EntryPoint","urlTemplate":"https:\/\/www.unicoil.com.sa\/Unicoil-Beta-Update\/?s={search_term_string}"},"query-input":"required name=search_term_string"}],"inLanguage":"en-US"},{"@type":"Organization","@id":"https:\/\/www.unicoil.com.sa\/Unicoil-Beta-Update\/#organization","name":"UNICOIL","url":"https:\/\/www.unicoil.com.sa\/Unicoil-Beta-Update\/","logo":{"@type":"ImageObject","inLanguage":"en-US","@id":"https:\/\/www.unicoil.com.sa\/Unicoil-Beta-Update\/#\/schema\/logo\/image\/","url":"https:\/\/www.unicoil.com.sa\/Unicoil-Beta-Update\/wp-content\/uploads\/UNICOIL-Logo-1.png","contentUrl":"https:\/\/www.unicoil.com.sa\/Unicoil-Beta-Update\/wp-content\/uploads\/UNICOIL-Logo-1.png","width":1028,"height":617,"caption":"UNICOIL"},"image":{"@id":"https:\/\/www.unicoil.com.sa\/Unicoil-Beta-Update\/#\/schema\/logo\/image\/"}}]}},"_links":{"self":[{"href":"https:\/\/www.unicoil.com.sa\/Unicoil-Beta-Update\/wp-json\/wp\/v2\/pages\/15954"}],"collection":[{"href":"https:\/\/www.unicoil.com.sa\/Unicoil-Beta-Update\/wp-json\/wp\/v2\/pages"}],"about":[{"href":"https:\/\/www.unicoil.com.sa\/Unicoil-Beta-Update\/wp-json\/wp\/v2\/types\/page"}],"author":[{"embeddable":true,"href":"https:\/\/www.unicoil.com.sa\/Unicoil-Beta-Update\/wp-json\/wp\/v2\/users\/3"}],"replies":[{"embeddable":true,"href":"https:\/\/www.unicoil.com.sa\/Unicoil-Beta-Update\/wp-json\/wp\/v2\/comments?post=15954"}],"version-history":[{"count":2,"href":"https:\/\/www.unicoil.com.sa\/Unicoil-Beta-Update\/wp-json\/wp\/v2\/pages\/15954\/revisions"}],"predecessor-version":[{"id":22980,"href":"https:\/\/www.unicoil.com.sa\/Unicoil-Beta-Update\/wp-json\/wp\/v2\/pages\/15954\/revisions\/22980"}],"wp:attachment":[{"href":"https:\/\/www.unicoil.com.sa\/Unicoil-Beta-Update\/wp-json\/wp\/v2\/media?parent=15954"}],"curies":[{"name":"wp","href":"https:\/\/api.w.org\/{rel}","templated":true}]}}