{"id":16129,"date":"2019-07-07T09:24:18","date_gmt":"2019-07-07T09:24:18","guid":{"rendered":"http:\/\/www.unicoil.sa\/?page_id=16129"},"modified":"2022-10-11T05:11:37","modified_gmt":"2022-10-11T05:11:37","slug":"notas-de-prensa-internacionales","status":"publish","type":"page","link":"https:\/\/www.unicoil.com.sa\/Unicoil-Beta-Update\/es\/notas-de-prensa-internacionales\/","title":{"rendered":"Notas de prensa internacionales"},"content":{"rendered":"\t\t<div data-elementor-type=\"wp-page\" data-elementor-id=\"16129\" class=\"elementor elementor-16129\">\n\t\t\t\t\t\t\t\t\t<section class=\"elementor-section elementor-top-section elementor-element elementor-element-61ce323 elementor-section-boxed elementor-section-height-default elementor-section-height-default\" data-id=\"61ce323\" data-element_type=\"section\">\n\t\t\t\t\t\t<div class=\"elementor-container elementor-column-gap-default\">\n\t\t\t\t\t<div class=\"elementor-column elementor-col-100 elementor-top-column elementor-element elementor-element-1c597412\" data-id=\"1c597412\" data-element_type=\"column\">\n\t\t\t<div class=\"elementor-widget-wrap elementor-element-populated\">\n\t\t\t\t\t\t\t\t<div class=\"elementor-element elementor-element-38581e7 elementor-widget elementor-widget-text-editor\" data-id=\"38581e7\" data-element_type=\"widget\" data-widget_type=\"text-editor.default\">\n\t\t\t\t<div class=\"elementor-widget-container\">\n\t\t\t\t\t\t\t<div style=\"width: 100%; display: inline-block;\">\n<div class=\"date_box\" style=\"float: left;\"><span class=\"day\">16<\/span><span class=\"year\">Abril 2016<\/span><\/div>\n<div style=\"float: left; margin-left: 10px;\">\n\n<span style=\"font-size: 10px;\">\u00c1rabe<\/span><br>\n<a href=\"http:\/\/al-seyassah.com\/%D9%8A%D9%88%D9%86%D9%8A%D9%83%D9%88%D9%8A%D9%84-%D8%AA%D8%B7%D8%B1%D8%AD-%D9%85%D9%86%D8%AA%D8%AC%D8%A7%D8%AA-%D8%A7%D9%84%D8%AD%D8%AF%D9%8A%D8%AF-%D8%A7%D9%84%D9%85%D8%AC%D9%84%D9%81\/\" target=\"_blank\" rel=\"noopener noreferrer\"><strong>UNICOIL lanza productos de acero galvanizado prepintado sin cromo<\/strong><\/a><br>\nAl Seyassah Newspaper (Kuwait)\n\n<\/div>\n<\/div>\n<hr class=\"style-five margin-t0 margin-b5 \"  data-rt-animate=\"animate\" data-rt-animation-type=\"fadeInDown\" data-rt-animation-group=\"single\" >\n<div style=\"width: 100%; display: inline-block;\">\n<div class=\"date_box\" style=\"float: left;\"><span class=\"day\">15<\/span><span class=\"year\">Abril 2016<\/span><\/div>\n<div style=\"float: left; margin-left: 10px;\">\n\n<span style=\"font-size: 10px;\">Ingl\u00e9s<\/span><br>\n<a href=\"http:\/\/www.arabtimesonline.com\/wp-content\/uploads\/pdf\/2016\/apr\/14\/32.pdf\" target=\"_blank\" rel=\"noopener noreferrer\"><strong>UNICOIL lanza productos de acero galvanizado prepintado sin cromo<\/strong><\/a><br>\nArab Times Newspaper (Kuwait)\n\n<\/div>\n<\/div>\n<hr class=\"style-five margin-t0 margin-b5 \"  data-rt-animate=\"animate\" data-rt-animation-type=\"fadeInDown\" data-rt-animation-group=\"single\" >\n<div style=\"width: 100%; display: inline-block;\">\n<div class=\"date_box\" style=\"float: left;\"><span class=\"day\">14<\/span><span class=\"year\">Febrero 2016<\/span><\/div>\n<div style=\"float: left; margin-left: 10px;\">\n\n<span style=\"font-size: 10px;\">\u00c1rabe<\/span><br>\n<a href=\"http:\/\/docs.google.com\/gview?url=http:\/\/al-seyassah.com\/wp-content\/uploads\/2016\/02\/14-02-16-16.pdf\" target=\"_blank\" rel=\"noopener noreferrer\"><strong>UNICOIL recibe la marca de calidad kuwait\u00ed<\/strong><\/a><br>\nAl Seyassah Newspaper (Kuwait)\n\n<\/div>\n<\/div>\n<hr class=\"style-five margin-t0 margin-b5 \"  data-rt-animate=\"animate\" data-rt-animation-type=\"fadeInDown\" data-rt-animation-group=\"single\" >\n<div style=\"width: 100%; display: inline-block;\">\n<div class=\"date_box\" style=\"float: left;\"><span class=\"day\">14<\/span><span class=\"year\">Febrero 2016<\/span><\/div>\n<div style=\"float: left; margin-left: 10px;\">\n\n<span style=\"font-size: 10px;\">Ingl\u00e9s<\/span><br>\n<a href=\"http:\/\/www.arabtimesonline.com\/wp-content\/uploads\/pdf\/2016\/feb\/14\/10.pdf\" target=\"_blank\" rel=\"noopener noreferrer\"><strong>UNICOIL recibe la marca de calidad kuwait\u00ed<\/strong><\/a><br>\nArab Times Newspaper (Kuwait)\n\n<\/div>\n<\/div>\n<hr class=\"style-five margin-t0 margin-b5 \"  data-rt-animate=\"animate\" data-rt-animation-type=\"fadeInDown\" data-rt-animation-group=\"single\" >\n<div style=\"width: 100%; display: inline-block;\">\n<div class=\"date_box\" style=\"float: left;\"><span class=\"day\">1<\/span><span class=\"year\">Mayo 2015<\/span><\/div>\n<div style=\"float: left; margin-left: 10px;\">\n\n<span style=\"font-size: 10px;\">\u00c1rabe<\/span><br>\n<a href=\"http:\/\/docs.google.com\/gview?url=http:\/\/al-seyassah.com\/wp-content\/uploads\/2015\/05\/01-05-15-17.pdf\" target=\"_blank\" rel=\"noopener noreferrer\"><strong>UNICOIL recibe la marca de calidad jordana (JQM)<\/strong><\/a><br>\nAl Seyassah Newspaper (Kuwait)\n\n<\/div>\n<\/div>\n<hr class=\"style-five margin-t0 margin-b5 \"  data-rt-animate=\"animate\" data-rt-animation-type=\"fadeInDown\" data-rt-animation-group=\"single\" >\n<div style=\"width: 100%; display: inline-block;\">\n<div class=\"date_box\" style=\"float: left;\"><span class=\"day\">27<\/span><span class=\"year\">Abril 2015<\/span><\/div>\n<div style=\"float: left; margin-left: 10px;\">\n\n<span style=\"font-size: 10px;\">Ingl\u00e9s<\/span><br>\n<a href=\"http:\/\/vista.sahafi.jo\/art.php?id=c05c70f0690ed33058403a5c90b70825511e97e7\" target=\"_blank\" rel=\"noopener noreferrer\"><strong>UNICOIL recibe la marca de calidad jordana (JQM)<\/strong><\/a><br>\nThe Jordan Times &amp; Jordan Vista (Jordan)\n\n<\/div>\n<\/div>\n<hr class=\"style-five margin-t0 margin-b5 \"  data-rt-animate=\"animate\" data-rt-animation-type=\"fadeInDown\" data-rt-animation-group=\"single\" >\n<div style=\"width: 100%; display: inline-block;\">\n<div class=\"date_box\" style=\"float: left;\"><span class=\"day\">27<\/span><span class=\"year\">Abril 2015<\/span><\/div>\n<div style=\"float: left; margin-left: 10px;\">\n\n<span style=\"font-size: 10px;\">\u00c1rabe<\/span><br>\n<a href=\"http:\/\/www.alghad.com\/articles\/866590\" target=\"_blank\" rel=\"noopener noreferrer\"><strong>UNICOIL recibe la marca de calidad jordana (JQM)<\/strong><\/a><br>\nAl-Ghad Newspaper (Jordan)\n\n<\/div>\n<\/div>\n<hr class=\"style-five margin-t0 margin-b5 \"  data-rt-animate=\"animate\" data-rt-animation-type=\"fadeInDown\" data-rt-animation-group=\"single\" >\n<div style=\"width: 100%; display: inline-block;\">\n<div class=\"date_box\" style=\"float: left;\"><span class=\"day\">27<\/span><span class=\"year\">Abril 2015<\/span><\/div>\n<div style=\"float: left; margin-left: 10px;\">\n\n<span style=\"font-size: 10px;\">\u00c1rabe<\/span><br>\n<a href=\"http:\/\/www.alarab.qa\/story\/531250\/\" target=\"_blank\" rel=\"noopener noreferrer\"><strong>UNICOIL recibe la marca de calidad jordana (JQM)<\/strong><\/a><br>\nAl Arab Newspaper (Qatar)\n\n<\/div>\n<\/div>\n<hr class=\"style-five margin-t0 margin-b5 \"  data-rt-animate=\"animate\" data-rt-animation-type=\"fadeInDown\" data-rt-animation-group=\"single\" >\n<div style=\"width: 100%; display: inline-block;\">\n<div class=\"date_box\" style=\"float: left;\"><span class=\"day\">16<\/span><span class=\"year\">Marzo 2015<\/span><\/div>\n<div style=\"float: left; margin-left: 10px;\">\n\n<span style=\"font-size: 10px;\">\u00c1rabe<\/span><br>\n<a href=\"http:\/\/docs.google.com\/gview?url=http:\/\/al-seyassah.com\/wp-content\/uploads\/2015\/03\/16-03-15-50.pdf\" target=\"_blank\" rel=\"noopener noreferrer\"><strong>UNICOIL acreditado con certificados de calidad ISO &amp; OHSAS<\/strong><\/a><br>\nAl Seyassah Newspaper (Kuwait)\n\n<\/div>\n<\/div>\t\t\t\t\t\t<\/div>\n\t\t\t\t<\/div>\n\t\t\t\t\t<\/div>\n\t\t<\/div>\n\t\t\t\t\t\t\t<\/div>\n\t\t<\/section>\n\t\t\t\t\t\t\t<\/div>\n\t\t","protected":false},"excerpt":{"rendered":"16Abril 2016 \u00c1rabe UNICOIL lanza productos de acero galvanizado prepintado sin cromo Al Seyassah Newspaper (Kuwait) 15Abril 2016 Ingl\u00e9s UNICOIL lanza productos de acero galvanizado prepintado sin cromo Arab Times Newspaper (Kuwait) 14Febrero 2016 \u00c1rabe UNICOIL recibe la marca de calidad kuwait\u00ed Al Seyassah Newspaper (Kuwait) 14Febrero 2016 Ingl\u00e9s UNICOIL recibe la marca de calidad [&hellip;]","protected":false},"author":3,"featured_media":0,"parent":0,"menu_order":0,"comment_status":"closed","ping_status":"closed","template":"elementor_theme","meta":{"footnotes":""},"yoast_head":"<!-- This site is optimized with the Yoast SEO plugin v21.4 - https:\/\/yoast.com\/wordpress\/plugins\/seo\/ -->\n<title>Notas de prensa internacionales - UNICOIL<\/title>\n<meta name=\"robots\" content=\"index, follow, max-snippet:-1, max-image-preview:large, max-video-preview:-1\" \/>\n<link rel=\"canonical\" href=\"https:\/\/www.unicoil.com.sa\/Unicoil-Beta-Update\/es\/notas-de-prensa-internacionales\/\" \/>\n<meta property=\"og:locale\" content=\"en_US\" \/>\n<meta property=\"og:type\" content=\"article\" \/>\n<meta property=\"og:title\" content=\"Notas de prensa internacionales - UNICOIL\" \/>\n<meta property=\"og:description\" content=\"16Abril 2016 \u00c1rabe UNICOIL lanza productos de acero galvanizado prepintado sin cromo Al Seyassah Newspaper (Kuwait) 15Abril 2016 Ingl\u00e9s UNICOIL lanza productos de acero galvanizado prepintado sin cromo Arab Times Newspaper (Kuwait) 14Febrero 2016 \u00c1rabe UNICOIL recibe la marca de calidad kuwait\u00ed Al Seyassah Newspaper (Kuwait) 14Febrero 2016 Ingl\u00e9s UNICOIL recibe la marca de calidad [&hellip;]\" \/>\n<meta property=\"og:url\" content=\"https:\/\/www.unicoil.com.sa\/Unicoil-Beta-Update\/es\/notas-de-prensa-internacionales\/\" \/>\n<meta property=\"og:site_name\" content=\"UNICOIL\" \/>\n<meta property=\"article:modified_time\" content=\"2022-10-11T05:11:37+00:00\" \/>\n<meta name=\"twitter:card\" content=\"summary_large_image\" \/>\n<meta name=\"twitter:label1\" content=\"Est. reading time\" \/>\n\t<meta name=\"twitter:data1\" content=\"1 minute\" \/>\n<script type=\"application\/ld+json\" class=\"yoast-schema-graph\">{\"@context\":\"https:\/\/schema.org\",\"@graph\":[{\"@type\":\"WebPage\",\"@id\":\"https:\/\/www.unicoil.com.sa\/Unicoil-Beta-Update\/es\/notas-de-prensa-internacionales\/\",\"url\":\"https:\/\/www.unicoil.com.sa\/Unicoil-Beta-Update\/es\/notas-de-prensa-internacionales\/\",\"name\":\"Notas de prensa internacionales - UNICOIL\",\"isPartOf\":{\"@id\":\"https:\/\/www.unicoil.com.sa\/Unicoil-Beta-Update\/#website\"},\"datePublished\":\"2019-07-07T09:24:18+00:00\",\"dateModified\":\"2022-10-11T05:11:37+00:00\",\"breadcrumb\":{\"@id\":\"https:\/\/www.unicoil.com.sa\/Unicoil-Beta-Update\/es\/notas-de-prensa-internacionales\/#breadcrumb\"},\"inLanguage\":\"en-US\",\"potentialAction\":[{\"@type\":\"ReadAction\",\"target\":[\"https:\/\/www.unicoil.com.sa\/Unicoil-Beta-Update\/es\/notas-de-prensa-internacionales\/\"]}]},{\"@type\":\"BreadcrumbList\",\"@id\":\"https:\/\/www.unicoil.com.sa\/Unicoil-Beta-Update\/es\/notas-de-prensa-internacionales\/#breadcrumb\",\"itemListElement\":[{\"@type\":\"ListItem\",\"position\":1,\"name\":\"Home\",\"item\":\"https:\/\/www.unicoil.com.sa\/Unicoil-Beta-Update\/en\/\"},{\"@type\":\"ListItem\",\"position\":2,\"name\":\"Notas de prensa internacionales\"}]},{\"@type\":\"WebSite\",\"@id\":\"https:\/\/www.unicoil.com.sa\/Unicoil-Beta-Update\/#website\",\"url\":\"https:\/\/www.unicoil.com.sa\/Unicoil-Beta-Update\/\",\"name\":\"UNICOIL\",\"description\":\"UNICOIL - A Leader in Steel Coil Coating and Prepainted Steels\",\"publisher\":{\"@id\":\"https:\/\/www.unicoil.com.sa\/Unicoil-Beta-Update\/#organization\"},\"potentialAction\":[{\"@type\":\"SearchAction\",\"target\":{\"@type\":\"EntryPoint\",\"urlTemplate\":\"https:\/\/www.unicoil.com.sa\/Unicoil-Beta-Update\/?s={search_term_string}\"},\"query-input\":\"required name=search_term_string\"}],\"inLanguage\":\"en-US\"},{\"@type\":\"Organization\",\"@id\":\"https:\/\/www.unicoil.com.sa\/Unicoil-Beta-Update\/#organization\",\"name\":\"UNICOIL\",\"url\":\"https:\/\/www.unicoil.com.sa\/Unicoil-Beta-Update\/\",\"logo\":{\"@type\":\"ImageObject\",\"inLanguage\":\"en-US\",\"@id\":\"https:\/\/www.unicoil.com.sa\/Unicoil-Beta-Update\/#\/schema\/logo\/image\/\",\"url\":\"https:\/\/www.unicoil.com.sa\/Unicoil-Beta-Update\/wp-content\/uploads\/UNICOIL-Logo-1.png\",\"contentUrl\":\"https:\/\/www.unicoil.com.sa\/Unicoil-Beta-Update\/wp-content\/uploads\/UNICOIL-Logo-1.png\",\"width\":1028,\"height\":617,\"caption\":\"UNICOIL\"},\"image\":{\"@id\":\"https:\/\/www.unicoil.com.sa\/Unicoil-Beta-Update\/#\/schema\/logo\/image\/\"}}]}<\/script>\n<!-- \/ Yoast SEO plugin. -->","yoast_head_json":{"title":"Notas de prensa internacionales - UNICOIL","robots":{"index":"index","follow":"follow","max-snippet":"max-snippet:-1","max-image-preview":"max-image-preview:large","max-video-preview":"max-video-preview:-1"},"canonical":"https:\/\/www.unicoil.com.sa\/Unicoil-Beta-Update\/es\/notas-de-prensa-internacionales\/","og_locale":"en_US","og_type":"article","og_title":"Notas de prensa internacionales - UNICOIL","og_description":"16Abril 2016 \u00c1rabe UNICOIL lanza productos de acero galvanizado prepintado sin cromo Al Seyassah Newspaper (Kuwait) 15Abril 2016 Ingl\u00e9s UNICOIL lanza productos de acero galvanizado prepintado sin cromo Arab Times Newspaper (Kuwait) 14Febrero 2016 \u00c1rabe UNICOIL recibe la marca de calidad kuwait\u00ed Al Seyassah Newspaper (Kuwait) 14Febrero 2016 Ingl\u00e9s UNICOIL recibe la marca de calidad [&hellip;]","og_url":"https:\/\/www.unicoil.com.sa\/Unicoil-Beta-Update\/es\/notas-de-prensa-internacionales\/","og_site_name":"UNICOIL","article_modified_time":"2022-10-11T05:11:37+00:00","twitter_card":"summary_large_image","twitter_misc":{"Est. reading time":"1 minute"},"schema":{"@context":"https:\/\/schema.org","@graph":[{"@type":"WebPage","@id":"https:\/\/www.unicoil.com.sa\/Unicoil-Beta-Update\/es\/notas-de-prensa-internacionales\/","url":"https:\/\/www.unicoil.com.sa\/Unicoil-Beta-Update\/es\/notas-de-prensa-internacionales\/","name":"Notas de prensa internacionales - UNICOIL","isPartOf":{"@id":"https:\/\/www.unicoil.com.sa\/Unicoil-Beta-Update\/#website"},"datePublished":"2019-07-07T09:24:18+00:00","dateModified":"2022-10-11T05:11:37+00:00","breadcrumb":{"@id":"https:\/\/www.unicoil.com.sa\/Unicoil-Beta-Update\/es\/notas-de-prensa-internacionales\/#breadcrumb"},"inLanguage":"en-US","potentialAction":[{"@type":"ReadAction","target":["https:\/\/www.unicoil.com.sa\/Unicoil-Beta-Update\/es\/notas-de-prensa-internacionales\/"]}]},{"@type":"BreadcrumbList","@id":"https:\/\/www.unicoil.com.sa\/Unicoil-Beta-Update\/es\/notas-de-prensa-internacionales\/#breadcrumb","itemListElement":[{"@type":"ListItem","position":1,"name":"Home","item":"https:\/\/www.unicoil.com.sa\/Unicoil-Beta-Update\/en\/"},{"@type":"ListItem","position":2,"name":"Notas de prensa internacionales"}]},{"@type":"WebSite","@id":"https:\/\/www.unicoil.com.sa\/Unicoil-Beta-Update\/#website","url":"https:\/\/www.unicoil.com.sa\/Unicoil-Beta-Update\/","name":"UNICOIL","description":"UNICOIL - A Leader in Steel Coil Coating and Prepainted Steels","publisher":{"@id":"https:\/\/www.unicoil.com.sa\/Unicoil-Beta-Update\/#organization"},"potentialAction":[{"@type":"SearchAction","target":{"@type":"EntryPoint","urlTemplate":"https:\/\/www.unicoil.com.sa\/Unicoil-Beta-Update\/?s={search_term_string}"},"query-input":"required name=search_term_string"}],"inLanguage":"en-US"},{"@type":"Organization","@id":"https:\/\/www.unicoil.com.sa\/Unicoil-Beta-Update\/#organization","name":"UNICOIL","url":"https:\/\/www.unicoil.com.sa\/Unicoil-Beta-Update\/","logo":{"@type":"ImageObject","inLanguage":"en-US","@id":"https:\/\/www.unicoil.com.sa\/Unicoil-Beta-Update\/#\/schema\/logo\/image\/","url":"https:\/\/www.unicoil.com.sa\/Unicoil-Beta-Update\/wp-content\/uploads\/UNICOIL-Logo-1.png","contentUrl":"https:\/\/www.unicoil.com.sa\/Unicoil-Beta-Update\/wp-content\/uploads\/UNICOIL-Logo-1.png","width":1028,"height":617,"caption":"UNICOIL"},"image":{"@id":"https:\/\/www.unicoil.com.sa\/Unicoil-Beta-Update\/#\/schema\/logo\/image\/"}}]}},"_links":{"self":[{"href":"https:\/\/www.unicoil.com.sa\/Unicoil-Beta-Update\/wp-json\/wp\/v2\/pages\/16129"}],"collection":[{"href":"https:\/\/www.unicoil.com.sa\/Unicoil-Beta-Update\/wp-json\/wp\/v2\/pages"}],"about":[{"href":"https:\/\/www.unicoil.com.sa\/Unicoil-Beta-Update\/wp-json\/wp\/v2\/types\/page"}],"author":[{"embeddable":true,"href":"https:\/\/www.unicoil.com.sa\/Unicoil-Beta-Update\/wp-json\/wp\/v2\/users\/3"}],"replies":[{"embeddable":true,"href":"https:\/\/www.unicoil.com.sa\/Unicoil-Beta-Update\/wp-json\/wp\/v2\/comments?post=16129"}],"version-history":[{"count":5,"href":"https:\/\/www.unicoil.com.sa\/Unicoil-Beta-Update\/wp-json\/wp\/v2\/pages\/16129\/revisions"}],"predecessor-version":[{"id":23076,"href":"https:\/\/www.unicoil.com.sa\/Unicoil-Beta-Update\/wp-json\/wp\/v2\/pages\/16129\/revisions\/23076"}],"wp:attachment":[{"href":"https:\/\/www.unicoil.com.sa\/Unicoil-Beta-Update\/wp-json\/wp\/v2\/media?parent=16129"}],"curies":[{"name":"wp","href":"https:\/\/api.w.org\/{rel}","templated":true}]}}