{"id":16383,"date":"2019-07-08T05:09:32","date_gmt":"2019-07-08T05:09:32","guid":{"rendered":"http:\/\/www.unicoil.sa\/?page_id=16383"},"modified":"2022-10-11T05:18:04","modified_gmt":"2022-10-11T05:18:04","slug":"formation-et-developpement","status":"publish","type":"page","link":"https:\/\/www.unicoil.com.sa\/Unicoil-Beta-Update\/fr\/formation-et-developpement\/","title":{"rendered":"Formation et d\u00e9veloppement"},"content":{"rendered":"\u00c0 UNICOIL, le d\u00e9veloppement des comp\u00e9tences des employ\u00e9s par la formation est toujours en t\u00eate de notre planning.\n<h2>D\u00e9veloppement des comp\u00e9tences techniques<\/h2>\n<hr class=\"style-five margin-t10 margin-b20 \"  data-rt-animate=\"animate\" data-rt-animation-type=\"fadeInDown\" data-rt-animation-group=\"single\" >\n\n<div class=\"row clearfix\">\n\n<div class=\"box two-three \">\n\nUNICOIL veille \u00e0 ce que sa main-d&#8217;\u0153uvre poss\u00e8de les comp\u00e9tences requises pour relever les d\u00e9fis en perp\u00e9tuelle \u00e9volution d&#8217;un march\u00e9 d&#8217;une grande fluidit\u00e9. D\u00e8s leur premier jour dans l&#8217;entreprise, les employ\u00e9s d\u00e9couvrent la \u00ab m\u00e9thode UNICOIL \u00bb via un programme complet d&#8217;orientation. Tout au long de leur carri\u00e8re, les employ\u00e9s b\u00e9n\u00e9ficient de formations th\u00e9oriques et pratiques ax\u00e9es sur les comp\u00e9tences techniques requises dans les services sp\u00e9cifiques. Les stagiaires saoudiens suivent une formation continue \u00e0 leur poste de travail pendant 6 \u00e0 18 mois et, apr\u00e8s avoir r\u00e9ussi l&#8217;examen de fin de formation, ils sont int\u00e9gr\u00e9s dans les effectifs permanents.\n\nUNICOIL envoie r\u00e9guli\u00e8rement ses employ\u00e9s, notamment les citoyens saoudiens, dont la valeur, le haut potentiel et les bonnes performances ont \u00e9t\u00e9 identifi\u00e9s, suivre des s\u00e9minaires locaux et internationaux pour actualiser leurs comp\u00e9tences et les mettre au fait des derni\u00e8res avanc\u00e9es dans leur domaine. Nous faisons \u00e9galement appel \u00e0 des experts pour proposer \u00e0 nos employ\u00e9s des sessions de formation en interne sur divers sujets. En coordination avec nos fournisseurs et partenaires industriels, nous d\u00e9veloppons les comp\u00e9tences techniques requises pour exploiter des types sp\u00e9cifiques d&#8217;\u00e9quipements.\n\n<\/div>\n\n<div class=\"box three \">\n\n\t\t\t\t<div class=\"flex-container\">\n\t\t\t\t\t<div class=\"flexslider\" id=\"slider-824445\">\n\t\t\t\t\t\t<ul class=\"slides\"><li class=\"stretch\"  data-flexfirstslide=\"true\"><div class=\"slide_data\"><img src=\"\/wp-content\/uploads\/2017\/04\/in-house-training01.jpg\" alt=\"\" title=\"\" \/>\n <\/div><\/li>\n\n<li class=\"stretch\"  ><div class=\"slide_data\"><img src=\"\/wp-content\/uploads\/2017\/04\/soft-training02.jpg\" alt=\"\" title=\"\" \/>\n <\/div><\/li><\/ul>\t\t\t\t\t\t\n\t\t\t\t\t<\/div>\n\t\t\t\t\t<div class=\"flex-nav-container\"><\/div>\n\t\t\t\t<\/div> \n\t\t\t\n\t\t\t\t<script type=\"text\/javascript\">\n\t\t\t\t \/* <![CDATA[ *\/ \n\t\t\t\t\t\/\/ Flex Slider and Helper Functions\n\t\t\t\t\tjQuery(window).load(function() {\n\t\t\t\t\t\tjQuery(\"#slider-824445\").flexslider({\n\t\t\t\t\t\t\tanimation: \"slide\",\n\t\t\t\t\t\t\tcontrolsContainer: \"#slider-824445 .flex-nav-container\",\n\t\t\t\t\t\t\tslideshow: true, \n\t\t\t\t\t\t\tslideshowSpeed:3*1000,\n\t\t\t\t\t\t\tsmoothHeight: true,\n\t\t\t\t\t\t\tdirectionNav: true,\n\t\t\t\t\t\t\tcontrolNav:false, \n\t\t\t\t\t\t\tprevText: \"<span class=\\\"icon-left-open\\\"><\/span>\", \n\t\t\t\t\t\t\tnextText: \"<span class=\\\"icon-right-open\\\"><\/span>\",\n\t\t\t\t\t\t\tstart: function( slider ) {\n        \t\t\t\t\t\tslider.parents(\".flex-container:eq(0)\").removeAttr(\"style\");\n        \t\t\t\t\t\tjQuery.waypoints('refresh');\n      \t\t\t\t\t\t},\n      \t\t\t\t\t\tafter: function(){\n      \t\t\t\t\t\t\tjQuery.waypoints('refresh');\n      \t\t\t\t\t\t},  \n\t\t\t\t\t\t});\n\t\t\t\t\t});  \n\t\t\t\t\/* ]]> *\/\t\n\t\t\t\t<\/script>\n\t\t\t\n\n<\/div>\n\n<\/div>\n\n<div class=\"clearfix\" style=\"height:20px\"><\/div>\n<h2>D\u00e9veloppement de la conscience sociale<\/h2>\n<hr class=\"style-five margin-t10 margin-b20 \"  data-rt-animate=\"animate\" data-rt-animation-type=\"fadeInDown\" data-rt-animation-group=\"single\" >\n\nUNICOIL s&#8217;efforce de d\u00e9velopper la conscience sociale de ses employ\u00e9s et de leur donner les comp\u00e9tences qui leur permettront d&#8217;assumer leurs responsabilit\u00e9s sociales. UNICOIL croit que la meilleure fa\u00e7on d&#8217;affronter les d\u00e9fis de nos soci\u00e9t\u00e9s est de pr\u00e9parer correctement les employ\u00e9s par la formation.\n\nLe programme d&#8217;UNICOIL de d\u00e9veloppement de la conscience sociale est ax\u00e9 sur l&#8217;\u00e9thique, l&#8217;am\u00e9lioration des conditions de vie et la prise en charge des urgences quotidiennes\n\n<div data-rt-animation-group=\"group\" class=\"rt-toggle small _full\"><ol>\n\n<li data-rt-animate=\"animate\" data-rt-animation-type=\"fadeInDown\"><div class=\"toggle-head\"><div class=\"toggle-number\"><span class=\"icon-ok\"><\/span><\/div><div class=\"toggle-title\">Code d&#8217;\u00e9thique professionnelle<\/div><\/div><div class=\"toggle-content fluid\">\nLa formation relative au code d&#8217;\u00e9thique est obligatoire pour tous les employ\u00e9s. Elle a \u00e9t\u00e9 con\u00e7ue pour instiller aupr\u00e8s de chaque employ\u00e9 des concepts globalement accept\u00e9s de droiture et de respect de soi, qui le guideront aussi bien dans sa vie professionnelle que personnelle. Des cours obligatoires de rappel sont \u00e9galement tenus sur ce sujet chaque ann\u00e9e.\n<\/div><\/li>\n\n<li data-rt-animate=\"animate\" data-rt-animation-type=\"fadeInDown\"><div class=\"toggle-head\"><div class=\"toggle-number\"><span class=\"icon-ok\"><\/span><\/div><div class=\"toggle-title\">Lutte contre l&#8217;incendie et \u00e9vacuation d&#8217;urgence<\/div><\/div><div class=\"toggle-content fluid\">\nDans chaque service, des employ\u00e9s sont d\u00e9sign\u00e9s pour suivre une formation aux proc\u00e9dures de lutte contre l&#8217;incendie et d&#8217;\u00e9vacuation d&#8217;urgence. L&#8217;objectif est de fournir aux employ\u00e9s les comp\u00e9tences et les r\u00e9flexes qui leur permettront de r\u00e9agir positivement en cas d&#8217;urgence. Il s&#8217;agit d&#8217;une formation r\u00e9currente men\u00e9e par le D\u00e9partement de s\u00e9curit\u00e9 de l&#8217;entreprise, dont le but est que chaque employ\u00e9 suive \u00e0 terme le programme complet.\n<\/div><\/li>\n\n<li data-rt-animate=\"animate\" data-rt-animation-type=\"fadeInDown\"><div class=\"toggle-head\"><div class=\"toggle-number\"><span class=\"icon-ok\"><\/span><\/div><div class=\"toggle-title\">Premiers secours, RCR et r\u00e9animation d&#8217;urgence<\/div><\/div><div class=\"toggle-content fluid\">\nLa formation a pour but de donner aux employ\u00e9s les comp\u00e9tences n\u00e9cessaires pour g\u00e9rer des situations d&#8217;urgence potentiellement mortelles. La s\u00e9ance initiale est men\u00e9e par un intervenant professionnel externe et les s\u00e9ances r\u00e9currentes sont g\u00e9r\u00e9es par le D\u00e9partement de s\u00e9curit\u00e9, afin que tous les employ\u00e9s soient en mesure de suivre le programme complet.\n<\/div><\/li>\n\n<li data-rt-animate=\"animate\" data-rt-animation-type=\"fadeInDown\"><div class=\"toggle-head\"><div class=\"toggle-number\"><span class=\"icon-ok\"><\/span><\/div><div class=\"toggle-title\">Vers une vie meilleure<\/div><\/div><div class=\"toggle-content fluid\">\nCes sessions de formation sont con\u00e7ues pour am\u00e9liorer la vie personnelle des employ\u00e9s. Deux sessions de formation sont tenues pour ce programme : (1) une formation de sensibilisation aux drogues effectu\u00e9e en association avec des organismes gouvernementaux et (2) une formation interne dans laquelle des employ\u00e9s prennent la parole pour partager leur exp\u00e9rience concernant la mise en place d&#8217;un bon \u00e9quilibre entre le travail et leur vie personnelle.\n<\/div><\/li>\n\n<\/ol><\/div>\n\n<div class=\"clearfix\" style=\"height:20px\"><\/div>\n<h2>Centre d&#8217;apprentissage \u00e9lectronique<\/h2>\n<hr class=\"style-five margin-t10 margin-b20 \"  data-rt-animate=\"animate\" data-rt-animation-type=\"fadeInDown\" data-rt-animation-group=\"single\" >\n\nDerri\u00e8re toutes les formations d&#8217;UNICOIL figure son centre d&#8217;apprentissage \u00e9lectronique de pointe, qui est situ\u00e9 strat\u00e9giquement dans les bureaux administratifs. Le centre d&#8217;apprentissage \u00e9lectronique h\u00e9berge la plupart des programmes de formation interne de l&#8217;entreprise. Il s&#8217;agit d&#8217;un centre de formation interactif \u00e9quip\u00e9 d&#8217;ordinateurs Apple pour les stagiaires.\n\n<div class=\"row clearfix\">\n\n<div class=\"box three \">\n<img decoding=\"async\" loading=\"lazy\" src=\"\/wp-content\/uploads\/2017\/04\/elearning3.jpg\" alt=\"elearning3\" width=\"1000\" height=\"664\" class=\"aligncenter size-full wp-image-4287\" srcset=\"https:\/\/www.unicoil.com.sa\/Unicoil-Beta-Update\/wp-content\/uploads\/2017\/04\/elearning3.jpg 1000w, https:\/\/www.unicoil.com.sa\/Unicoil-Beta-Update\/wp-content\/uploads\/2017\/04\/elearning3-300x199.jpg 300w, https:\/\/www.unicoil.com.sa\/Unicoil-Beta-Update\/wp-content\/uploads\/2017\/04\/elearning3-768x510.jpg 768w\" sizes=\"(max-width: 1000px) 100vw, 1000px\" \/>\n<\/div>\n\n<div class=\"box three \">\n<img decoding=\"async\" loading=\"lazy\" src=\"\/wp-content\/uploads\/2017\/04\/elearning1.jpg\" alt=\"elearning1\" width=\"1000\" height=\"664\" class=\"aligncenter size-full wp-image-4286\" srcset=\"https:\/\/www.unicoil.com.sa\/Unicoil-Beta-Update\/wp-content\/uploads\/2017\/04\/elearning1.jpg 1000w, https:\/\/www.unicoil.com.sa\/Unicoil-Beta-Update\/wp-content\/uploads\/2017\/04\/elearning1-300x199.jpg 300w, https:\/\/www.unicoil.com.sa\/Unicoil-Beta-Update\/wp-content\/uploads\/2017\/04\/elearning1-768x510.jpg 768w\" sizes=\"(max-width: 1000px) 100vw, 1000px\" \/>\n<\/div>\n\n<div class=\"box three \">\n<img decoding=\"async\" loading=\"lazy\" src=\"\/wp-content\/uploads\/2017\/04\/elearning2.jpg\" alt=\"elearning2\" width=\"1000\" height=\"664\" class=\"aligncenter size-full wp-image-4288\" srcset=\"https:\/\/www.unicoil.com.sa\/Unicoil-Beta-Update\/wp-content\/uploads\/2017\/04\/elearning2.jpg 1000w, https:\/\/www.unicoil.com.sa\/Unicoil-Beta-Update\/wp-content\/uploads\/2017\/04\/elearning2-300x199.jpg 300w, https:\/\/www.unicoil.com.sa\/Unicoil-Beta-Update\/wp-content\/uploads\/2017\/04\/elearning2-768x510.jpg 768w\" sizes=\"(max-width: 1000px) 100vw, 1000px\" \/>\n<\/div>\n\n<\/div>\n\n<div class=\"clearfix\" style=\"height:10px\"><\/div>\n<p style=\"text-align: center;\">UNICOIL a investi dans un centre d&#8217;apprentissage en ligne moderne<\/p>\n<div class=\"clearfix\" style=\"height:20px\"><\/div>\n\nChaque session de formation est contr\u00f4l\u00e9e par un formateur sur l&#8217;ordinateur principal, d&#8217;o\u00f9 il peut diffuser des cours et des pr\u00e9sentations. Le centre d&#8217;apprentissage \u00e9lectronique, comme tous les autres centres d&#8217;apprentissage, est en perp\u00e9tuelle \u00e9volution pour fournir aux employ\u00e9s le meilleur cadre de formation possible et l&#8217;atmosph\u00e8re d&#8217;apprentissage la plus favorable.","protected":false},"excerpt":{"rendered":"\u00c0 UNICOIL, le d\u00e9veloppement des comp\u00e9tences des employ\u00e9s par la formation est toujours en t\u00eate de notre planning. D\u00e9veloppement des comp\u00e9tences techniques D\u00e9veloppement de la conscience sociale UNICOIL s&#8217;efforce de d\u00e9velopper la conscience sociale de ses employ\u00e9s et de leur donner les comp\u00e9tences qui leur permettront d&#8217;assumer leurs responsabilit\u00e9s sociales. UNICOIL croit que la meilleure [&hellip;]","protected":false},"author":3,"featured_media":0,"parent":0,"menu_order":0,"comment_status":"closed","ping_status":"closed","template":"elementor_theme","meta":{"footnotes":""},"yoast_head":"<!-- This site is optimized with the Yoast SEO plugin v21.4 - https:\/\/yoast.com\/wordpress\/plugins\/seo\/ -->\n<title>Formation et d\u00e9veloppement - UNICOIL<\/title>\n<meta name=\"robots\" content=\"index, follow, max-snippet:-1, max-image-preview:large, max-video-preview:-1\" \/>\n<link rel=\"canonical\" href=\"https:\/\/www.unicoil.com.sa\/Unicoil-Beta-Update\/fr\/formation-et-developpement\/\" \/>\n<meta property=\"og:locale\" content=\"en_US\" \/>\n<meta property=\"og:type\" content=\"article\" \/>\n<meta property=\"og:title\" content=\"Formation et d\u00e9veloppement - UNICOIL\" \/>\n<meta property=\"og:description\" content=\"\u00c0 UNICOIL, le d\u00e9veloppement des comp\u00e9tences des employ\u00e9s par la formation est toujours en t\u00eate de notre planning. D\u00e9veloppement des comp\u00e9tences techniques D\u00e9veloppement de la conscience sociale UNICOIL s&#8217;efforce de d\u00e9velopper la conscience sociale de ses employ\u00e9s et de leur donner les comp\u00e9tences qui leur permettront d&#8217;assumer leurs responsabilit\u00e9s sociales. UNICOIL croit que la meilleure [&hellip;]\" \/>\n<meta property=\"og:url\" content=\"https:\/\/www.unicoil.com.sa\/Unicoil-Beta-Update\/fr\/formation-et-developpement\/\" \/>\n<meta property=\"og:site_name\" content=\"UNICOIL\" \/>\n<meta property=\"article:modified_time\" content=\"2022-10-11T05:18:04+00:00\" \/>\n<meta name=\"twitter:card\" content=\"summary_large_image\" \/>\n<meta name=\"twitter:label1\" content=\"Est. reading time\" \/>\n\t<meta name=\"twitter:data1\" content=\"4 minutes\" \/>\n<script type=\"application\/ld+json\" class=\"yoast-schema-graph\">{\"@context\":\"https:\/\/schema.org\",\"@graph\":[{\"@type\":\"WebPage\",\"@id\":\"https:\/\/www.unicoil.com.sa\/Unicoil-Beta-Update\/fr\/formation-et-developpement\/\",\"url\":\"https:\/\/www.unicoil.com.sa\/Unicoil-Beta-Update\/fr\/formation-et-developpement\/\",\"name\":\"Formation et d\u00e9veloppement - UNICOIL\",\"isPartOf\":{\"@id\":\"https:\/\/www.unicoil.com.sa\/Unicoil-Beta-Update\/#website\"},\"datePublished\":\"2019-07-08T05:09:32+00:00\",\"dateModified\":\"2022-10-11T05:18:04+00:00\",\"breadcrumb\":{\"@id\":\"https:\/\/www.unicoil.com.sa\/Unicoil-Beta-Update\/fr\/formation-et-developpement\/#breadcrumb\"},\"inLanguage\":\"en-US\",\"potentialAction\":[{\"@type\":\"ReadAction\",\"target\":[\"https:\/\/www.unicoil.com.sa\/Unicoil-Beta-Update\/fr\/formation-et-developpement\/\"]}]},{\"@type\":\"BreadcrumbList\",\"@id\":\"https:\/\/www.unicoil.com.sa\/Unicoil-Beta-Update\/fr\/formation-et-developpement\/#breadcrumb\",\"itemListElement\":[{\"@type\":\"ListItem\",\"position\":1,\"name\":\"Home\",\"item\":\"https:\/\/www.unicoil.com.sa\/Unicoil-Beta-Update\/en\/\"},{\"@type\":\"ListItem\",\"position\":2,\"name\":\"Formation et d\u00e9veloppement\"}]},{\"@type\":\"WebSite\",\"@id\":\"https:\/\/www.unicoil.com.sa\/Unicoil-Beta-Update\/#website\",\"url\":\"https:\/\/www.unicoil.com.sa\/Unicoil-Beta-Update\/\",\"name\":\"UNICOIL\",\"description\":\"UNICOIL - A Leader in Steel Coil Coating and Prepainted Steels\",\"publisher\":{\"@id\":\"https:\/\/www.unicoil.com.sa\/Unicoil-Beta-Update\/#organization\"},\"potentialAction\":[{\"@type\":\"SearchAction\",\"target\":{\"@type\":\"EntryPoint\",\"urlTemplate\":\"https:\/\/www.unicoil.com.sa\/Unicoil-Beta-Update\/?s={search_term_string}\"},\"query-input\":\"required name=search_term_string\"}],\"inLanguage\":\"en-US\"},{\"@type\":\"Organization\",\"@id\":\"https:\/\/www.unicoil.com.sa\/Unicoil-Beta-Update\/#organization\",\"name\":\"UNICOIL\",\"url\":\"https:\/\/www.unicoil.com.sa\/Unicoil-Beta-Update\/\",\"logo\":{\"@type\":\"ImageObject\",\"inLanguage\":\"en-US\",\"@id\":\"https:\/\/www.unicoil.com.sa\/Unicoil-Beta-Update\/#\/schema\/logo\/image\/\",\"url\":\"https:\/\/www.unicoil.com.sa\/Unicoil-Beta-Update\/wp-content\/uploads\/UNICOIL-Logo-1.png\",\"contentUrl\":\"https:\/\/www.unicoil.com.sa\/Unicoil-Beta-Update\/wp-content\/uploads\/UNICOIL-Logo-1.png\",\"width\":1028,\"height\":617,\"caption\":\"UNICOIL\"},\"image\":{\"@id\":\"https:\/\/www.unicoil.com.sa\/Unicoil-Beta-Update\/#\/schema\/logo\/image\/\"}}]}<\/script>\n<!-- \/ Yoast SEO plugin. -->","yoast_head_json":{"title":"Formation et d\u00e9veloppement - UNICOIL","robots":{"index":"index","follow":"follow","max-snippet":"max-snippet:-1","max-image-preview":"max-image-preview:large","max-video-preview":"max-video-preview:-1"},"canonical":"https:\/\/www.unicoil.com.sa\/Unicoil-Beta-Update\/fr\/formation-et-developpement\/","og_locale":"en_US","og_type":"article","og_title":"Formation et d\u00e9veloppement - UNICOIL","og_description":"\u00c0 UNICOIL, le d\u00e9veloppement des comp\u00e9tences des employ\u00e9s par la formation est toujours en t\u00eate de notre planning. D\u00e9veloppement des comp\u00e9tences techniques D\u00e9veloppement de la conscience sociale UNICOIL s&#8217;efforce de d\u00e9velopper la conscience sociale de ses employ\u00e9s et de leur donner les comp\u00e9tences qui leur permettront d&#8217;assumer leurs responsabilit\u00e9s sociales. UNICOIL croit que la meilleure [&hellip;]","og_url":"https:\/\/www.unicoil.com.sa\/Unicoil-Beta-Update\/fr\/formation-et-developpement\/","og_site_name":"UNICOIL","article_modified_time":"2022-10-11T05:18:04+00:00","twitter_card":"summary_large_image","twitter_misc":{"Est. reading time":"4 minutes"},"schema":{"@context":"https:\/\/schema.org","@graph":[{"@type":"WebPage","@id":"https:\/\/www.unicoil.com.sa\/Unicoil-Beta-Update\/fr\/formation-et-developpement\/","url":"https:\/\/www.unicoil.com.sa\/Unicoil-Beta-Update\/fr\/formation-et-developpement\/","name":"Formation et d\u00e9veloppement - UNICOIL","isPartOf":{"@id":"https:\/\/www.unicoil.com.sa\/Unicoil-Beta-Update\/#website"},"datePublished":"2019-07-08T05:09:32+00:00","dateModified":"2022-10-11T05:18:04+00:00","breadcrumb":{"@id":"https:\/\/www.unicoil.com.sa\/Unicoil-Beta-Update\/fr\/formation-et-developpement\/#breadcrumb"},"inLanguage":"en-US","potentialAction":[{"@type":"ReadAction","target":["https:\/\/www.unicoil.com.sa\/Unicoil-Beta-Update\/fr\/formation-et-developpement\/"]}]},{"@type":"BreadcrumbList","@id":"https:\/\/www.unicoil.com.sa\/Unicoil-Beta-Update\/fr\/formation-et-developpement\/#breadcrumb","itemListElement":[{"@type":"ListItem","position":1,"name":"Home","item":"https:\/\/www.unicoil.com.sa\/Unicoil-Beta-Update\/en\/"},{"@type":"ListItem","position":2,"name":"Formation et d\u00e9veloppement"}]},{"@type":"WebSite","@id":"https:\/\/www.unicoil.com.sa\/Unicoil-Beta-Update\/#website","url":"https:\/\/www.unicoil.com.sa\/Unicoil-Beta-Update\/","name":"UNICOIL","description":"UNICOIL - A Leader in Steel Coil Coating and Prepainted Steels","publisher":{"@id":"https:\/\/www.unicoil.com.sa\/Unicoil-Beta-Update\/#organization"},"potentialAction":[{"@type":"SearchAction","target":{"@type":"EntryPoint","urlTemplate":"https:\/\/www.unicoil.com.sa\/Unicoil-Beta-Update\/?s={search_term_string}"},"query-input":"required name=search_term_string"}],"inLanguage":"en-US"},{"@type":"Organization","@id":"https:\/\/www.unicoil.com.sa\/Unicoil-Beta-Update\/#organization","name":"UNICOIL","url":"https:\/\/www.unicoil.com.sa\/Unicoil-Beta-Update\/","logo":{"@type":"ImageObject","inLanguage":"en-US","@id":"https:\/\/www.unicoil.com.sa\/Unicoil-Beta-Update\/#\/schema\/logo\/image\/","url":"https:\/\/www.unicoil.com.sa\/Unicoil-Beta-Update\/wp-content\/uploads\/UNICOIL-Logo-1.png","contentUrl":"https:\/\/www.unicoil.com.sa\/Unicoil-Beta-Update\/wp-content\/uploads\/UNICOIL-Logo-1.png","width":1028,"height":617,"caption":"UNICOIL"},"image":{"@id":"https:\/\/www.unicoil.com.sa\/Unicoil-Beta-Update\/#\/schema\/logo\/image\/"}}]}},"_links":{"self":[{"href":"https:\/\/www.unicoil.com.sa\/Unicoil-Beta-Update\/wp-json\/wp\/v2\/pages\/16383"}],"collection":[{"href":"https:\/\/www.unicoil.com.sa\/Unicoil-Beta-Update\/wp-json\/wp\/v2\/pages"}],"about":[{"href":"https:\/\/www.unicoil.com.sa\/Unicoil-Beta-Update\/wp-json\/wp\/v2\/types\/page"}],"author":[{"embeddable":true,"href":"https:\/\/www.unicoil.com.sa\/Unicoil-Beta-Update\/wp-json\/wp\/v2\/users\/3"}],"replies":[{"embeddable":true,"href":"https:\/\/www.unicoil.com.sa\/Unicoil-Beta-Update\/wp-json\/wp\/v2\/comments?post=16383"}],"version-history":[{"count":2,"href":"https:\/\/www.unicoil.com.sa\/Unicoil-Beta-Update\/wp-json\/wp\/v2\/pages\/16383\/revisions"}],"predecessor-version":[{"id":23079,"href":"https:\/\/www.unicoil.com.sa\/Unicoil-Beta-Update\/wp-json\/wp\/v2\/pages\/16383\/revisions\/23079"}],"wp:attachment":[{"href":"https:\/\/www.unicoil.com.sa\/Unicoil-Beta-Update\/wp-json\/wp\/v2\/media?parent=16383"}],"curies":[{"name":"wp","href":"https:\/\/api.w.org\/{rel}","templated":true}]}}