{"id":16386,"date":"2019-07-08T05:10:28","date_gmt":"2019-07-08T05:10:28","guid":{"rendered":"http:\/\/www.unicoil.sa\/?page_id=16386"},"modified":"2022-10-10T11:37:57","modified_gmt":"2022-10-10T11:37:57","slug":"schulung-und-fortbildung","status":"publish","type":"page","link":"https:\/\/www.unicoil.com.sa\/Unicoil-Beta-Update\/de\/schulung-und-fortbildung\/","title":{"rendered":"Schulung und Fortbildung"},"content":{"rendered":"Bei UNICOIL hat die Weiterentwicklung unserer Mitarbeiter durch Schulungen immer h\u00f6chste Priorit\u00e4t.\n<h2>Entwicklung von technischen Kompetenzen<\/h2>\n<hr class=\"style-five margin-t10 margin-b20 \"  data-rt-animate=\"animate\" data-rt-animation-type=\"fadeInDown\" data-rt-animation-group=\"single\" >\n\n<div class=\"row clearfix\">\n\n<div class=\"box two-three \">\n\nUNICOIL m\u00f6chte sicherstellen, dass seine Mitarbeiter \u00fcber die erforderlichen Kompetenzen f\u00fcr die sich st\u00e4ndig \u00e4ndernden Anforderungen eines Marktes mit all seinen Schwankungen verf\u00fcgen. Ab dem ersten Arbeitstag werden Mitarbeiter anhand eines umfassenden Orientierungsprogramms mit dem Ansatz und der Strategie von UNICOIL vertraut gemacht. W\u00e4hrend seiner gesamten beruflichen Laufbahn bei UNICOIL erh\u00e4lt ein Mitarbeiter theoretische und praktische Schulungen mit Schwerpunkt auf den technischen Kompetenzen, die in den einzelnen Abteilungen entscheidend sind. Saudische Trainees erhalten eine praxisorientierte Schulung von 6 bis 18 Monaten. Nach Bestehen einer Pr\u00fcfung am Ende dieses On-the-Job-Trainings wird der Trainee in die Stammbelegschaft aufgenommen.\n\nUNICOIL schickt regelm\u00e4\u00dfig Mitarbeiter \u2013 insbesondere saudische Besch\u00e4ftigte, die Spitzenleistungen zeigen, sehr wertvoll f\u00fcr das Unternehmen sind und ein gro\u00dfes Potenzial zeigen \u2013 zu lokalen und internationalen Seminaren, um ihre F\u00e4higkeiten aufzufrischen und sich \u00fcber die aktuellen Entwicklungen in ihren Fachgebieten auf dem Laufenden zu halten. Au\u00dferdem laden wir Experten f\u00fcr interne Mitarbeiterschulungen ein. In Abstimmung mit seinen Branchenpartnern und -lieferanten werden die notwendigen technischen Kompetenzen f\u00fcr die Bedienung bestimmter Ger\u00e4te- und Maschinentypen entwickelt.\n\n<\/div>\n\n<div class=\"box three \">\n\n\t\t\t\t<div class=\"flex-container\">\n\t\t\t\t\t<div class=\"flexslider\" id=\"slider-654634\">\n\t\t\t\t\t\t<ul class=\"slides\"><li class=\"stretch\"  data-flexfirstslide=\"true\"><div class=\"slide_data\"><img src=\"\/wp-content\/uploads\/2017\/04\/in-house-training01.jpg\" alt=\"\" title=\"\" \/>\n <\/div><\/li>\n\n<li class=\"stretch\"  ><div class=\"slide_data\"><img src=\"\/wp-content\/uploads\/2017\/04\/soft-training02.jpg\" alt=\"\" title=\"\" \/>\n <\/div><\/li><\/ul>\t\t\t\t\t\t\n\t\t\t\t\t<\/div>\n\t\t\t\t\t<div class=\"flex-nav-container\"><\/div>\n\t\t\t\t<\/div> \n\t\t\t\n\t\t\t\t<script type=\"text\/javascript\">\n\t\t\t\t \/* <![CDATA[ *\/ \n\t\t\t\t\t\/\/ Flex Slider and Helper Functions\n\t\t\t\t\tjQuery(window).load(function() {\n\t\t\t\t\t\tjQuery(\"#slider-654634\").flexslider({\n\t\t\t\t\t\t\tanimation: \"slide\",\n\t\t\t\t\t\t\tcontrolsContainer: \"#slider-654634 .flex-nav-container\",\n\t\t\t\t\t\t\tslideshow: true, \n\t\t\t\t\t\t\tslideshowSpeed:3*1000,\n\t\t\t\t\t\t\tsmoothHeight: true,\n\t\t\t\t\t\t\tdirectionNav: true,\n\t\t\t\t\t\t\tcontrolNav:false, \n\t\t\t\t\t\t\tprevText: \"<span class=\\\"icon-left-open\\\"><\/span>\", \n\t\t\t\t\t\t\tnextText: \"<span class=\\\"icon-right-open\\\"><\/span>\",\n\t\t\t\t\t\t\tstart: function( slider ) {\n        \t\t\t\t\t\tslider.parents(\".flex-container:eq(0)\").removeAttr(\"style\");\n        \t\t\t\t\t\tjQuery.waypoints('refresh');\n      \t\t\t\t\t\t},\n      \t\t\t\t\t\tafter: function(){\n      \t\t\t\t\t\t\tjQuery.waypoints('refresh');\n      \t\t\t\t\t\t},  \n\t\t\t\t\t\t});\n\t\t\t\t\t});  \n\t\t\t\t\/* ]]> *\/\t\n\t\t\t\t<\/script>\n\t\t\t\n\n<\/div>\n\n<\/div>\n\n<div class=\"clearfix\" style=\"height:20px\"><\/div>\n<h2>Entwicklung von sozialen Kompetenzen<\/h2>\n<hr class=\"style-five margin-t10 margin-b20 \"  data-rt-animate=\"animate\" data-rt-animation-type=\"fadeInDown\" data-rt-animation-group=\"single\" >\n\nUNICOIL m\u00f6chte seine Mitarbeiter gesellschaftlich sensibilisieren und ihnen die notwendigen Kompetenzen verleihen, um ihre gesellschaftliche Verantwortung wahrnehmen zu k\u00f6nnen. UNICOIL ist der \u00dcberzeugung, dass der beste Ansatz f\u00fcr den Umgang mit gesellschaftlichen Themen eine gute Vorbereitung der Mitarbeiter durch entsprechende Schulungen ist.\n\nDas Programm von UNICOIL zur Entwicklung von sozialen Kompetenzen ist auf ethische Fragen, die Verbesserung der Lebensqualit\u00e4t und das richtige Verhalten in Notfallsituationen ausgerichtet.\n\n<div data-rt-animation-group=\"group\" class=\"rt-toggle small _full\"><ol>\n\n<li data-rt-animate=\"animate\" data-rt-animation-type=\"fadeInDown\"><div class=\"toggle-head\"><div class=\"toggle-number\"><span class=\"icon-ok\"><\/span><\/div><div class=\"toggle-title\">Kodex f\u00fcr ethisches Gesch\u00e4ftsverhalten<\/div><\/div><div class=\"toggle-content fluid\">\nEine Schulung in ethischen Verhaltensweisen ist f\u00fcr alle Mitarbeiter verpflichtend. Auf diese Weise soll ein Mitarbeiter allgemein anerkannte Vorstellungen von ethischen Prinzipien verinnerlichen, die ihm sowohl im Gesch\u00e4ftsleben als auch auf pers\u00f6nlicher Ebene als Richtschnur dienen. Des Weiteren muss jeder Mitarbeiter einmal im Jahr einen Auffrischungskurs zu diesem Thema absolvieren.\n<\/div><\/li>\n\n<li data-rt-animate=\"animate\" data-rt-animation-type=\"fadeInDown\"><div class=\"toggle-head\"><div class=\"toggle-number\"><span class=\"icon-ok\"><\/span><\/div><div class=\"toggle-title\">Brandbek\u00e4mpfung und Notfallevakuierung<\/div><\/div><div class=\"toggle-content fluid\">\nJede Abteilung stellt Mitarbeiter f\u00fcr den Besuch einer Schulung zum Thema Brandbek\u00e4mpfung und Notfallevakuierung ab. Mitarbeiter sollen sich die n\u00f6tigen Kenntnisse aneignen und ihr Einsch\u00e4tzungsverm\u00f6gen sch\u00e4rfen, um in Notfallsituationen entsprechend zu handeln. Diese Schulung wird von der Sicherheitsabteilung des Unternehmens in einem regelm\u00e4\u00dfigen Turnus abgehalten, damit entsprechend unserer Vorgabe jeder Mitarbeiter diese Schulung absolvieren kann.\n<\/div><\/li>\n\n<li data-rt-animate=\"animate\" data-rt-animation-type=\"fadeInDown\"><div class=\"toggle-head\"><div class=\"toggle-number\"><span class=\"icon-ok\"><\/span><\/div><div class=\"toggle-title\">Erste Hilfe, HLW und lebenserhaltende Ma\u00dfnahmen<\/div><\/div><div class=\"toggle-content fluid\">\nDiese Schulung soll Mitarbeitern die erforderlichen F\u00e4higkeiten im Umgang mit lebensbedrohenden Notfallsituationen vermitteln. Der Einstieg in dieses Programm wurde von einem externen Experten geleistet, nachfolgende Programme finden nun unter Verantwortung der Sicherheitsabteilung statt, damit alle Mitarbeiter diese Schulung absolvieren k\u00f6nnen.\n<\/div><\/li>\n\n<li data-rt-animate=\"animate\" data-rt-animation-type=\"fadeInDown\"><div class=\"toggle-head\"><div class=\"toggle-number\"><span class=\"icon-ok\"><\/span><\/div><div class=\"toggle-title\">Towards a Better Life<\/div><\/div><div class=\"toggle-content fluid\">\nDiese Schulungseinheiten dienen der Verbesserung der pers\u00f6nlichen Lebensumst\u00e4nde eines Mitarbeiters. Im Rahmen dieses Programms sind zwei Schulungseinheiten vorgesehen: (1) eine Einheit zur Sensibilisierung f\u00fcr Drogenmissbrauch, die zusammen mit staatlichen Einrichtungen durchgef\u00fchrt wird, und (2) eine interne Einheit, bei der sich ausgew\u00e4hlte Mitarbeiter dar\u00fcber austauschen, wie sie eine ausgewogene Work-Life-Balance erreichen.\n<\/div><\/li>\n\n<\/ol><\/div>\n\n<div class=\"clearfix\" style=\"height:20px\"><\/div>\n<h2>E-Learning Center<\/h2>\n<hr class=\"style-five margin-t10 margin-b20 \"  data-rt-animate=\"animate\" data-rt-animation-type=\"fadeInDown\" data-rt-animation-group=\"single\" >\n\nIm Mittelpunkt aller Schulungen von UNICOIL steht das hochmoderne E-Learning Center, strategisch g\u00fcnstig im Zentrum seines Verwaltungsgeb\u00e4udes gelegen. Im E-Learning Center findet die Mehrzahl der internen Schulungsprogramme des Unternehmens statt. In diesem interaktiven Schulungszentrum stehen den Schulungsteilnehmern Apple-Computer zur Verf\u00fcgung.\n\n<div class=\"row clearfix\">\n\n<div class=\"box three \">\n<img decoding=\"async\" loading=\"lazy\" src=\"\/wp-content\/uploads\/2017\/04\/elearning3.jpg\" alt=\"elearning3\" width=\"1000\" height=\"664\" class=\"aligncenter size-full wp-image-4287\" srcset=\"https:\/\/www.unicoil.com.sa\/Unicoil-Beta-Update\/wp-content\/uploads\/2017\/04\/elearning3.jpg 1000w, https:\/\/www.unicoil.com.sa\/Unicoil-Beta-Update\/wp-content\/uploads\/2017\/04\/elearning3-300x199.jpg 300w, https:\/\/www.unicoil.com.sa\/Unicoil-Beta-Update\/wp-content\/uploads\/2017\/04\/elearning3-768x510.jpg 768w\" sizes=\"(max-width: 1000px) 100vw, 1000px\" \/>\n<\/div>\n\n<div class=\"box three \">\n<img decoding=\"async\" loading=\"lazy\" src=\"\/wp-content\/uploads\/2017\/04\/elearning1.jpg\" alt=\"elearning1\" width=\"1000\" height=\"664\" class=\"aligncenter size-full wp-image-4286\" srcset=\"https:\/\/www.unicoil.com.sa\/Unicoil-Beta-Update\/wp-content\/uploads\/2017\/04\/elearning1.jpg 1000w, https:\/\/www.unicoil.com.sa\/Unicoil-Beta-Update\/wp-content\/uploads\/2017\/04\/elearning1-300x199.jpg 300w, https:\/\/www.unicoil.com.sa\/Unicoil-Beta-Update\/wp-content\/uploads\/2017\/04\/elearning1-768x510.jpg 768w\" sizes=\"(max-width: 1000px) 100vw, 1000px\" \/>\n<\/div>\n\n<div class=\"box three \">\n<img decoding=\"async\" loading=\"lazy\" src=\"\/wp-content\/uploads\/2017\/04\/elearning2.jpg\" alt=\"elearning2\" width=\"1000\" height=\"664\" class=\"aligncenter size-full wp-image-4288\" srcset=\"https:\/\/www.unicoil.com.sa\/Unicoil-Beta-Update\/wp-content\/uploads\/2017\/04\/elearning2.jpg 1000w, https:\/\/www.unicoil.com.sa\/Unicoil-Beta-Update\/wp-content\/uploads\/2017\/04\/elearning2-300x199.jpg 300w, https:\/\/www.unicoil.com.sa\/Unicoil-Beta-Update\/wp-content\/uploads\/2017\/04\/elearning2-768x510.jpg 768w\" sizes=\"(max-width: 1000px) 100vw, 1000px\" \/>\n<\/div>\n\n<\/div>\n\n<div class=\"clearfix\" style=\"height:10px\"><\/div>\n<p style=\"text-align: center;\">UNICOIL hat in ein modernes E-Learning Center investiert<\/p>\n<div class=\"clearfix\" style=\"height:20px\"><\/div>\n\nIn jeder Schulungseinheit vermittelt ein Schulungsleiter von einem Mastercomputer aus den Teilnehmern in Vortr\u00e4gen und mit Pr\u00e4sentationen den jeweiligen Unterrichtsstoff. Wie alle anderen Lernzentren passen auch wir die Lernumgebung unseres E-Learning Centers st\u00e4ndig an die Bed\u00fcrfnisse der Mitarbeiter sowie an die Anforderungen ihrer Arbeit an, um ihnen eine optimale und f\u00f6rderliche Lernatmosph\u00e4re zu bieten.","protected":false},"excerpt":{"rendered":"Bei UNICOIL hat die Weiterentwicklung unserer Mitarbeiter durch Schulungen immer h\u00f6chste Priorit\u00e4t. Entwicklung von technischen Kompetenzen Entwicklung von sozialen Kompetenzen UNICOIL m\u00f6chte seine Mitarbeiter gesellschaftlich sensibilisieren und ihnen die notwendigen Kompetenzen verleihen, um ihre gesellschaftliche Verantwortung wahrnehmen zu k\u00f6nnen. UNICOIL ist der \u00dcberzeugung, dass der beste Ansatz f\u00fcr den Umgang mit gesellschaftlichen Themen eine gute [&hellip;]","protected":false},"author":3,"featured_media":0,"parent":0,"menu_order":0,"comment_status":"closed","ping_status":"closed","template":"elementor_theme","meta":{"footnotes":""},"yoast_head":"<!-- This site is optimized with the Yoast SEO plugin v21.4 - https:\/\/yoast.com\/wordpress\/plugins\/seo\/ -->\n<title>Schulung und Fortbildung - UNICOIL<\/title>\n<meta name=\"robots\" content=\"index, follow, max-snippet:-1, max-image-preview:large, max-video-preview:-1\" \/>\n<link rel=\"canonical\" href=\"https:\/\/www.unicoil.com.sa\/Unicoil-Beta-Update\/de\/schulung-und-fortbildung\/\" \/>\n<meta property=\"og:locale\" content=\"en_US\" \/>\n<meta property=\"og:type\" content=\"article\" \/>\n<meta property=\"og:title\" content=\"Schulung und Fortbildung - UNICOIL\" \/>\n<meta property=\"og:description\" content=\"Bei UNICOIL hat die Weiterentwicklung unserer Mitarbeiter durch Schulungen immer h\u00f6chste Priorit\u00e4t. Entwicklung von technischen Kompetenzen Entwicklung von sozialen Kompetenzen UNICOIL m\u00f6chte seine Mitarbeiter gesellschaftlich sensibilisieren und ihnen die notwendigen Kompetenzen verleihen, um ihre gesellschaftliche Verantwortung wahrnehmen zu k\u00f6nnen. UNICOIL ist der \u00dcberzeugung, dass der beste Ansatz f\u00fcr den Umgang mit gesellschaftlichen Themen eine gute [&hellip;]\" \/>\n<meta property=\"og:url\" content=\"https:\/\/www.unicoil.com.sa\/Unicoil-Beta-Update\/de\/schulung-und-fortbildung\/\" \/>\n<meta property=\"og:site_name\" content=\"UNICOIL\" \/>\n<meta property=\"article:modified_time\" content=\"2022-10-10T11:37:57+00:00\" \/>\n<meta name=\"twitter:card\" content=\"summary_large_image\" \/>\n<meta name=\"twitter:label1\" content=\"Est. reading time\" \/>\n\t<meta name=\"twitter:data1\" content=\"4 minutes\" \/>\n<script type=\"application\/ld+json\" class=\"yoast-schema-graph\">{\"@context\":\"https:\/\/schema.org\",\"@graph\":[{\"@type\":\"WebPage\",\"@id\":\"https:\/\/www.unicoil.com.sa\/Unicoil-Beta-Update\/de\/schulung-und-fortbildung\/\",\"url\":\"https:\/\/www.unicoil.com.sa\/Unicoil-Beta-Update\/de\/schulung-und-fortbildung\/\",\"name\":\"Schulung und Fortbildung - UNICOIL\",\"isPartOf\":{\"@id\":\"https:\/\/www.unicoil.com.sa\/Unicoil-Beta-Update\/#website\"},\"datePublished\":\"2019-07-08T05:10:28+00:00\",\"dateModified\":\"2022-10-10T11:37:57+00:00\",\"breadcrumb\":{\"@id\":\"https:\/\/www.unicoil.com.sa\/Unicoil-Beta-Update\/de\/schulung-und-fortbildung\/#breadcrumb\"},\"inLanguage\":\"en-US\",\"potentialAction\":[{\"@type\":\"ReadAction\",\"target\":[\"https:\/\/www.unicoil.com.sa\/Unicoil-Beta-Update\/de\/schulung-und-fortbildung\/\"]}]},{\"@type\":\"BreadcrumbList\",\"@id\":\"https:\/\/www.unicoil.com.sa\/Unicoil-Beta-Update\/de\/schulung-und-fortbildung\/#breadcrumb\",\"itemListElement\":[{\"@type\":\"ListItem\",\"position\":1,\"name\":\"Home\",\"item\":\"https:\/\/www.unicoil.com.sa\/Unicoil-Beta-Update\/en\/\"},{\"@type\":\"ListItem\",\"position\":2,\"name\":\"Schulung und Fortbildung\"}]},{\"@type\":\"WebSite\",\"@id\":\"https:\/\/www.unicoil.com.sa\/Unicoil-Beta-Update\/#website\",\"url\":\"https:\/\/www.unicoil.com.sa\/Unicoil-Beta-Update\/\",\"name\":\"UNICOIL\",\"description\":\"UNICOIL - A Leader in Steel Coil Coating and Prepainted Steels\",\"publisher\":{\"@id\":\"https:\/\/www.unicoil.com.sa\/Unicoil-Beta-Update\/#organization\"},\"potentialAction\":[{\"@type\":\"SearchAction\",\"target\":{\"@type\":\"EntryPoint\",\"urlTemplate\":\"https:\/\/www.unicoil.com.sa\/Unicoil-Beta-Update\/?s={search_term_string}\"},\"query-input\":\"required name=search_term_string\"}],\"inLanguage\":\"en-US\"},{\"@type\":\"Organization\",\"@id\":\"https:\/\/www.unicoil.com.sa\/Unicoil-Beta-Update\/#organization\",\"name\":\"UNICOIL\",\"url\":\"https:\/\/www.unicoil.com.sa\/Unicoil-Beta-Update\/\",\"logo\":{\"@type\":\"ImageObject\",\"inLanguage\":\"en-US\",\"@id\":\"https:\/\/www.unicoil.com.sa\/Unicoil-Beta-Update\/#\/schema\/logo\/image\/\",\"url\":\"https:\/\/www.unicoil.com.sa\/Unicoil-Beta-Update\/wp-content\/uploads\/UNICOIL-Logo-1.png\",\"contentUrl\":\"https:\/\/www.unicoil.com.sa\/Unicoil-Beta-Update\/wp-content\/uploads\/UNICOIL-Logo-1.png\",\"width\":1028,\"height\":617,\"caption\":\"UNICOIL\"},\"image\":{\"@id\":\"https:\/\/www.unicoil.com.sa\/Unicoil-Beta-Update\/#\/schema\/logo\/image\/\"}}]}<\/script>\n<!-- \/ Yoast SEO plugin. -->","yoast_head_json":{"title":"Schulung und Fortbildung - UNICOIL","robots":{"index":"index","follow":"follow","max-snippet":"max-snippet:-1","max-image-preview":"max-image-preview:large","max-video-preview":"max-video-preview:-1"},"canonical":"https:\/\/www.unicoil.com.sa\/Unicoil-Beta-Update\/de\/schulung-und-fortbildung\/","og_locale":"en_US","og_type":"article","og_title":"Schulung und Fortbildung - UNICOIL","og_description":"Bei UNICOIL hat die Weiterentwicklung unserer Mitarbeiter durch Schulungen immer h\u00f6chste Priorit\u00e4t. Entwicklung von technischen Kompetenzen Entwicklung von sozialen Kompetenzen UNICOIL m\u00f6chte seine Mitarbeiter gesellschaftlich sensibilisieren und ihnen die notwendigen Kompetenzen verleihen, um ihre gesellschaftliche Verantwortung wahrnehmen zu k\u00f6nnen. UNICOIL ist der \u00dcberzeugung, dass der beste Ansatz f\u00fcr den Umgang mit gesellschaftlichen Themen eine gute [&hellip;]","og_url":"https:\/\/www.unicoil.com.sa\/Unicoil-Beta-Update\/de\/schulung-und-fortbildung\/","og_site_name":"UNICOIL","article_modified_time":"2022-10-10T11:37:57+00:00","twitter_card":"summary_large_image","twitter_misc":{"Est. reading time":"4 minutes"},"schema":{"@context":"https:\/\/schema.org","@graph":[{"@type":"WebPage","@id":"https:\/\/www.unicoil.com.sa\/Unicoil-Beta-Update\/de\/schulung-und-fortbildung\/","url":"https:\/\/www.unicoil.com.sa\/Unicoil-Beta-Update\/de\/schulung-und-fortbildung\/","name":"Schulung und Fortbildung - UNICOIL","isPartOf":{"@id":"https:\/\/www.unicoil.com.sa\/Unicoil-Beta-Update\/#website"},"datePublished":"2019-07-08T05:10:28+00:00","dateModified":"2022-10-10T11:37:57+00:00","breadcrumb":{"@id":"https:\/\/www.unicoil.com.sa\/Unicoil-Beta-Update\/de\/schulung-und-fortbildung\/#breadcrumb"},"inLanguage":"en-US","potentialAction":[{"@type":"ReadAction","target":["https:\/\/www.unicoil.com.sa\/Unicoil-Beta-Update\/de\/schulung-und-fortbildung\/"]}]},{"@type":"BreadcrumbList","@id":"https:\/\/www.unicoil.com.sa\/Unicoil-Beta-Update\/de\/schulung-und-fortbildung\/#breadcrumb","itemListElement":[{"@type":"ListItem","position":1,"name":"Home","item":"https:\/\/www.unicoil.com.sa\/Unicoil-Beta-Update\/en\/"},{"@type":"ListItem","position":2,"name":"Schulung und Fortbildung"}]},{"@type":"WebSite","@id":"https:\/\/www.unicoil.com.sa\/Unicoil-Beta-Update\/#website","url":"https:\/\/www.unicoil.com.sa\/Unicoil-Beta-Update\/","name":"UNICOIL","description":"UNICOIL - A Leader in Steel Coil Coating and Prepainted Steels","publisher":{"@id":"https:\/\/www.unicoil.com.sa\/Unicoil-Beta-Update\/#organization"},"potentialAction":[{"@type":"SearchAction","target":{"@type":"EntryPoint","urlTemplate":"https:\/\/www.unicoil.com.sa\/Unicoil-Beta-Update\/?s={search_term_string}"},"query-input":"required name=search_term_string"}],"inLanguage":"en-US"},{"@type":"Organization","@id":"https:\/\/www.unicoil.com.sa\/Unicoil-Beta-Update\/#organization","name":"UNICOIL","url":"https:\/\/www.unicoil.com.sa\/Unicoil-Beta-Update\/","logo":{"@type":"ImageObject","inLanguage":"en-US","@id":"https:\/\/www.unicoil.com.sa\/Unicoil-Beta-Update\/#\/schema\/logo\/image\/","url":"https:\/\/www.unicoil.com.sa\/Unicoil-Beta-Update\/wp-content\/uploads\/UNICOIL-Logo-1.png","contentUrl":"https:\/\/www.unicoil.com.sa\/Unicoil-Beta-Update\/wp-content\/uploads\/UNICOIL-Logo-1.png","width":1028,"height":617,"caption":"UNICOIL"},"image":{"@id":"https:\/\/www.unicoil.com.sa\/Unicoil-Beta-Update\/#\/schema\/logo\/image\/"}}]}},"_links":{"self":[{"href":"https:\/\/www.unicoil.com.sa\/Unicoil-Beta-Update\/wp-json\/wp\/v2\/pages\/16386"}],"collection":[{"href":"https:\/\/www.unicoil.com.sa\/Unicoil-Beta-Update\/wp-json\/wp\/v2\/pages"}],"about":[{"href":"https:\/\/www.unicoil.com.sa\/Unicoil-Beta-Update\/wp-json\/wp\/v2\/types\/page"}],"author":[{"embeddable":true,"href":"https:\/\/www.unicoil.com.sa\/Unicoil-Beta-Update\/wp-json\/wp\/v2\/users\/3"}],"replies":[{"embeddable":true,"href":"https:\/\/www.unicoil.com.sa\/Unicoil-Beta-Update\/wp-json\/wp\/v2\/comments?post=16386"}],"version-history":[{"count":2,"href":"https:\/\/www.unicoil.com.sa\/Unicoil-Beta-Update\/wp-json\/wp\/v2\/pages\/16386\/revisions"}],"predecessor-version":[{"id":22958,"href":"https:\/\/www.unicoil.com.sa\/Unicoil-Beta-Update\/wp-json\/wp\/v2\/pages\/16386\/revisions\/22958"}],"wp:attachment":[{"href":"https:\/\/www.unicoil.com.sa\/Unicoil-Beta-Update\/wp-json\/wp\/v2\/media?parent=16386"}],"curies":[{"name":"wp","href":"https:\/\/api.w.org\/{rel}","templated":true}]}}