{"id":16401,"date":"2019-07-08T05:16:43","date_gmt":"2019-07-08T05:16:43","guid":{"rendered":"http:\/\/www.unicoil.sa\/?page_id=16401"},"modified":"2022-10-10T12:06:41","modified_gmt":"2022-10-10T12:06:41","slug":"premios-y-reconocimientos","status":"publish","type":"page","link":"https:\/\/www.unicoil.com.sa\/Unicoil-Beta-Update\/es\/premios-y-reconocimientos\/","title":{"rendered":"Premios y reconocimientos"},"content":{"rendered":"<h2>Programas &#8220;Reveal Yout Talent&#8221; y &#8220;Beyond The Job&#8221;<\/h2>\n<hr class=\"style-five margin-t10 margin-b20 \"  data-rt-animate=\"animate\" data-rt-animation-type=\"fadeInDown\" data-rt-animation-group=\"single\" >\n\n<div class=\"row clearfix\">\n\n<div class=\"box two \">\n\nDel mismo modo que UNICOIL alienta el desarrollo de sus empleados, tambi\u00e9n recompensa su compromiso. Los premios &#8220;Reveal Your Talent&#8221; y &#8220;Beyond The Job&#8221; incentivan a los empleados a innovar e ir m\u00e1s all\u00e1 de las limitaciones generalmente percibidas. Los empleados que demuestran un car\u00e1cter excepcional en su trabajo y comparten ideas con colegas para mejorar la compa\u00f1\u00eda son nominados para estos premios por el presidente, el director general o su director de departamento.\n<table>\n<tbody>\n<tr>\n<td><img decoding=\"async\" loading=\"lazy\" src=\"\/wp-content\/uploads\/2017\/04\/reveal-your-talent-logo02.jpg\" alt=\"reveal-your-talent-logo02\" width=\"430\" height=\"100\" class=\"aligncenter size-full wp-image-4306\" srcset=\"https:\/\/www.unicoil.com.sa\/Unicoil-Beta-Update\/wp-content\/uploads\/2017\/04\/reveal-your-talent-logo02.jpg 430w, https:\/\/www.unicoil.com.sa\/Unicoil-Beta-Update\/wp-content\/uploads\/2017\/04\/reveal-your-talent-logo02-300x70.jpg 300w\" sizes=\"(max-width: 430px) 100vw, 430px\" \/><\/td>\n<td>&nbsp;<\/td>\n<td><img decoding=\"async\" loading=\"lazy\" src=\"\/wp-content\/uploads\/2017\/04\/beyond-the-job-logo.jpg\" alt=\"beyond-the-job-logo\" width=\"430\" height=\"100\" class=\"aligncenter size-full wp-image-4305\" style=\"margin-top:10px\" srcset=\"https:\/\/www.unicoil.com.sa\/Unicoil-Beta-Update\/wp-content\/uploads\/2017\/04\/beyond-the-job-logo.jpg 430w, https:\/\/www.unicoil.com.sa\/Unicoil-Beta-Update\/wp-content\/uploads\/2017\/04\/beyond-the-job-logo-300x70.jpg 300w\" sizes=\"(max-width: 430px) 100vw, 430px\" \/><\/td>\n<\/tr>\n<\/tbody>\n<\/table>\nDurante los \u00faltimos 3 a\u00f1os, UNICOIL ha otorgado premios a m\u00e1s de 150 empleados que mostraron un talento excepcional en su campo, lo que ha llevado a la mejora de la empresa.\n\n<\/div>\n\n<div class=\"box two \">\n\n\t\t\t\t<div class=\"flex-container\">\n\t\t\t\t\t<div class=\"flexslider\" id=\"slider-968270\">\n\t\t\t\t\t\t<ul class=\"slides\"><li class=\"stretch\"  data-flexfirstslide=\"true\"><div class=\"slide_data\"><img src=\"\/wp-content\/uploads\/2017\/04\/reveal-your-talent02.jpg\" alt=\"\" title=\"\" \/>\n <\/div><\/li>\n\n<li class=\"stretch\"  ><div class=\"slide_data\"><img src=\"\/wp-content\/uploads\/2017\/04\/reveal-your-talent03.jpg\" alt=\"\" title=\"\" \/>\n <\/div><\/li>\n\n<li class=\"stretch\"  ><div class=\"slide_data\"><img src=\"\/wp-content\/uploads\/2017\/04\/reveal-your-talent01.jpg\" alt=\"\" title=\"\" \/>\n <\/div><\/li><\/ul>\t\t\t\t\t\t\n\t\t\t\t\t<\/div>\n\t\t\t\t\t<div class=\"flex-nav-container\"><\/div>\n\t\t\t\t<\/div> \n\t\t\t\n\t\t\t\t<script type=\"text\/javascript\">\n\t\t\t\t \/* <![CDATA[ *\/ \n\t\t\t\t\t\/\/ Flex Slider and Helper Functions\n\t\t\t\t\tjQuery(window).load(function() {\n\t\t\t\t\t\tjQuery(\"#slider-968270\").flexslider({\n\t\t\t\t\t\t\tanimation: \"slide\",\n\t\t\t\t\t\t\tcontrolsContainer: \"#slider-968270 .flex-nav-container\",\n\t\t\t\t\t\t\tslideshow: true, \n\t\t\t\t\t\t\tslideshowSpeed:4*1000,\n\t\t\t\t\t\t\tsmoothHeight: true,\n\t\t\t\t\t\t\tdirectionNav: true,\n\t\t\t\t\t\t\tcontrolNav:false, \n\t\t\t\t\t\t\tprevText: \"<span class=\\\"icon-left-open\\\"><\/span>\", \n\t\t\t\t\t\t\tnextText: \"<span class=\\\"icon-right-open\\\"><\/span>\",\n\t\t\t\t\t\t\tstart: function( slider ) {\n        \t\t\t\t\t\tslider.parents(\".flex-container:eq(0)\").removeAttr(\"style\");\n        \t\t\t\t\t\tjQuery.waypoints('refresh');\n      \t\t\t\t\t\t},\n      \t\t\t\t\t\tafter: function(){\n      \t\t\t\t\t\t\tjQuery.waypoints('refresh');\n      \t\t\t\t\t\t},  \n\t\t\t\t\t\t});\n\t\t\t\t\t});  \n\t\t\t\t\/* ]]> *\/\t\n\t\t\t\t<\/script>\n\t\t\t\n\n<\/div>\n\n<\/div>\n\n<div class=\"clearfix\" style=\"height:30px\"><\/div>","protected":false},"excerpt":{"rendered":"Programas &#8220;Reveal Yout Talent&#8221; y &#8220;Beyond The Job&#8221;","protected":false},"author":3,"featured_media":0,"parent":0,"menu_order":0,"comment_status":"closed","ping_status":"closed","template":"elementor_theme","meta":{"footnotes":""},"yoast_head":"<!-- This site is optimized with the Yoast SEO plugin v21.4 - https:\/\/yoast.com\/wordpress\/plugins\/seo\/ -->\n<title>Premios y reconocimientos - UNICOIL<\/title>\n<meta name=\"robots\" content=\"index, follow, max-snippet:-1, max-image-preview:large, max-video-preview:-1\" \/>\n<link rel=\"canonical\" href=\"https:\/\/www.unicoil.com.sa\/Unicoil-Beta-Update\/es\/premios-y-reconocimientos\/\" \/>\n<meta property=\"og:locale\" content=\"en_US\" \/>\n<meta property=\"og:type\" content=\"article\" \/>\n<meta property=\"og:title\" content=\"Premios y reconocimientos - UNICOIL\" \/>\n<meta property=\"og:description\" content=\"Programas &#8220;Reveal Yout Talent&#8221; y &#8220;Beyond The Job&#8221;\" \/>\n<meta property=\"og:url\" content=\"https:\/\/www.unicoil.com.sa\/Unicoil-Beta-Update\/es\/premios-y-reconocimientos\/\" \/>\n<meta property=\"og:site_name\" content=\"UNICOIL\" \/>\n<meta property=\"article:modified_time\" content=\"2022-10-10T12:06:41+00:00\" \/>\n<meta name=\"twitter:card\" content=\"summary_large_image\" \/>\n<meta name=\"twitter:label1\" content=\"Est. reading time\" \/>\n\t<meta name=\"twitter:data1\" content=\"2 minutes\" \/>\n<script type=\"application\/ld+json\" class=\"yoast-schema-graph\">{\"@context\":\"https:\/\/schema.org\",\"@graph\":[{\"@type\":\"WebPage\",\"@id\":\"https:\/\/www.unicoil.com.sa\/Unicoil-Beta-Update\/es\/premios-y-reconocimientos\/\",\"url\":\"https:\/\/www.unicoil.com.sa\/Unicoil-Beta-Update\/es\/premios-y-reconocimientos\/\",\"name\":\"Premios y reconocimientos - UNICOIL\",\"isPartOf\":{\"@id\":\"https:\/\/www.unicoil.com.sa\/Unicoil-Beta-Update\/#website\"},\"datePublished\":\"2019-07-08T05:16:43+00:00\",\"dateModified\":\"2022-10-10T12:06:41+00:00\",\"breadcrumb\":{\"@id\":\"https:\/\/www.unicoil.com.sa\/Unicoil-Beta-Update\/es\/premios-y-reconocimientos\/#breadcrumb\"},\"inLanguage\":\"en-US\",\"potentialAction\":[{\"@type\":\"ReadAction\",\"target\":[\"https:\/\/www.unicoil.com.sa\/Unicoil-Beta-Update\/es\/premios-y-reconocimientos\/\"]}]},{\"@type\":\"BreadcrumbList\",\"@id\":\"https:\/\/www.unicoil.com.sa\/Unicoil-Beta-Update\/es\/premios-y-reconocimientos\/#breadcrumb\",\"itemListElement\":[{\"@type\":\"ListItem\",\"position\":1,\"name\":\"Home\",\"item\":\"https:\/\/www.unicoil.com.sa\/Unicoil-Beta-Update\/en\/\"},{\"@type\":\"ListItem\",\"position\":2,\"name\":\"Premios y reconocimientos\"}]},{\"@type\":\"WebSite\",\"@id\":\"https:\/\/www.unicoil.com.sa\/Unicoil-Beta-Update\/#website\",\"url\":\"https:\/\/www.unicoil.com.sa\/Unicoil-Beta-Update\/\",\"name\":\"UNICOIL\",\"description\":\"UNICOIL - A Leader in Steel Coil Coating and Prepainted Steels\",\"publisher\":{\"@id\":\"https:\/\/www.unicoil.com.sa\/Unicoil-Beta-Update\/#organization\"},\"potentialAction\":[{\"@type\":\"SearchAction\",\"target\":{\"@type\":\"EntryPoint\",\"urlTemplate\":\"https:\/\/www.unicoil.com.sa\/Unicoil-Beta-Update\/?s={search_term_string}\"},\"query-input\":\"required name=search_term_string\"}],\"inLanguage\":\"en-US\"},{\"@type\":\"Organization\",\"@id\":\"https:\/\/www.unicoil.com.sa\/Unicoil-Beta-Update\/#organization\",\"name\":\"UNICOIL\",\"url\":\"https:\/\/www.unicoil.com.sa\/Unicoil-Beta-Update\/\",\"logo\":{\"@type\":\"ImageObject\",\"inLanguage\":\"en-US\",\"@id\":\"https:\/\/www.unicoil.com.sa\/Unicoil-Beta-Update\/#\/schema\/logo\/image\/\",\"url\":\"https:\/\/www.unicoil.com.sa\/Unicoil-Beta-Update\/wp-content\/uploads\/UNICOIL-Logo-1.png\",\"contentUrl\":\"https:\/\/www.unicoil.com.sa\/Unicoil-Beta-Update\/wp-content\/uploads\/UNICOIL-Logo-1.png\",\"width\":1028,\"height\":617,\"caption\":\"UNICOIL\"},\"image\":{\"@id\":\"https:\/\/www.unicoil.com.sa\/Unicoil-Beta-Update\/#\/schema\/logo\/image\/\"}}]}<\/script>\n<!-- \/ Yoast SEO plugin. -->","yoast_head_json":{"title":"Premios y reconocimientos - UNICOIL","robots":{"index":"index","follow":"follow","max-snippet":"max-snippet:-1","max-image-preview":"max-image-preview:large","max-video-preview":"max-video-preview:-1"},"canonical":"https:\/\/www.unicoil.com.sa\/Unicoil-Beta-Update\/es\/premios-y-reconocimientos\/","og_locale":"en_US","og_type":"article","og_title":"Premios y reconocimientos - UNICOIL","og_description":"Programas &#8220;Reveal Yout Talent&#8221; y &#8220;Beyond The Job&#8221;","og_url":"https:\/\/www.unicoil.com.sa\/Unicoil-Beta-Update\/es\/premios-y-reconocimientos\/","og_site_name":"UNICOIL","article_modified_time":"2022-10-10T12:06:41+00:00","twitter_card":"summary_large_image","twitter_misc":{"Est. reading time":"2 minutes"},"schema":{"@context":"https:\/\/schema.org","@graph":[{"@type":"WebPage","@id":"https:\/\/www.unicoil.com.sa\/Unicoil-Beta-Update\/es\/premios-y-reconocimientos\/","url":"https:\/\/www.unicoil.com.sa\/Unicoil-Beta-Update\/es\/premios-y-reconocimientos\/","name":"Premios y reconocimientos - UNICOIL","isPartOf":{"@id":"https:\/\/www.unicoil.com.sa\/Unicoil-Beta-Update\/#website"},"datePublished":"2019-07-08T05:16:43+00:00","dateModified":"2022-10-10T12:06:41+00:00","breadcrumb":{"@id":"https:\/\/www.unicoil.com.sa\/Unicoil-Beta-Update\/es\/premios-y-reconocimientos\/#breadcrumb"},"inLanguage":"en-US","potentialAction":[{"@type":"ReadAction","target":["https:\/\/www.unicoil.com.sa\/Unicoil-Beta-Update\/es\/premios-y-reconocimientos\/"]}]},{"@type":"BreadcrumbList","@id":"https:\/\/www.unicoil.com.sa\/Unicoil-Beta-Update\/es\/premios-y-reconocimientos\/#breadcrumb","itemListElement":[{"@type":"ListItem","position":1,"name":"Home","item":"https:\/\/www.unicoil.com.sa\/Unicoil-Beta-Update\/en\/"},{"@type":"ListItem","position":2,"name":"Premios y reconocimientos"}]},{"@type":"WebSite","@id":"https:\/\/www.unicoil.com.sa\/Unicoil-Beta-Update\/#website","url":"https:\/\/www.unicoil.com.sa\/Unicoil-Beta-Update\/","name":"UNICOIL","description":"UNICOIL - A Leader in Steel Coil Coating and Prepainted Steels","publisher":{"@id":"https:\/\/www.unicoil.com.sa\/Unicoil-Beta-Update\/#organization"},"potentialAction":[{"@type":"SearchAction","target":{"@type":"EntryPoint","urlTemplate":"https:\/\/www.unicoil.com.sa\/Unicoil-Beta-Update\/?s={search_term_string}"},"query-input":"required name=search_term_string"}],"inLanguage":"en-US"},{"@type":"Organization","@id":"https:\/\/www.unicoil.com.sa\/Unicoil-Beta-Update\/#organization","name":"UNICOIL","url":"https:\/\/www.unicoil.com.sa\/Unicoil-Beta-Update\/","logo":{"@type":"ImageObject","inLanguage":"en-US","@id":"https:\/\/www.unicoil.com.sa\/Unicoil-Beta-Update\/#\/schema\/logo\/image\/","url":"https:\/\/www.unicoil.com.sa\/Unicoil-Beta-Update\/wp-content\/uploads\/UNICOIL-Logo-1.png","contentUrl":"https:\/\/www.unicoil.com.sa\/Unicoil-Beta-Update\/wp-content\/uploads\/UNICOIL-Logo-1.png","width":1028,"height":617,"caption":"UNICOIL"},"image":{"@id":"https:\/\/www.unicoil.com.sa\/Unicoil-Beta-Update\/#\/schema\/logo\/image\/"}}]}},"_links":{"self":[{"href":"https:\/\/www.unicoil.com.sa\/Unicoil-Beta-Update\/wp-json\/wp\/v2\/pages\/16401"}],"collection":[{"href":"https:\/\/www.unicoil.com.sa\/Unicoil-Beta-Update\/wp-json\/wp\/v2\/pages"}],"about":[{"href":"https:\/\/www.unicoil.com.sa\/Unicoil-Beta-Update\/wp-json\/wp\/v2\/types\/page"}],"author":[{"embeddable":true,"href":"https:\/\/www.unicoil.com.sa\/Unicoil-Beta-Update\/wp-json\/wp\/v2\/users\/3"}],"replies":[{"embeddable":true,"href":"https:\/\/www.unicoil.com.sa\/Unicoil-Beta-Update\/wp-json\/wp\/v2\/comments?post=16401"}],"version-history":[{"count":2,"href":"https:\/\/www.unicoil.com.sa\/Unicoil-Beta-Update\/wp-json\/wp\/v2\/pages\/16401\/revisions"}],"predecessor-version":[{"id":22990,"href":"https:\/\/www.unicoil.com.sa\/Unicoil-Beta-Update\/wp-json\/wp\/v2\/pages\/16401\/revisions\/22990"}],"wp:attachment":[{"href":"https:\/\/www.unicoil.com.sa\/Unicoil-Beta-Update\/wp-json\/wp\/v2\/media?parent=16401"}],"curies":[{"name":"wp","href":"https:\/\/api.w.org\/{rel}","templated":true}]}}