{"id":16521,"date":"2019-07-08T07:26:55","date_gmt":"2019-07-08T07:26:55","guid":{"rendered":"http:\/\/www.unicoil.sa\/?page_id=16521"},"modified":"2022-10-11T05:50:10","modified_gmt":"2022-10-11T05:50:10","slug":"procedimiento-de-mantenimiento-y-reparacion","status":"publish","type":"page","link":"https:\/\/www.unicoil.com.sa\/Unicoil-Beta-Update\/es\/procedimiento-de-mantenimiento-y-reparacion\/","title":{"rendered":"Procedimiento de mantenimiento y reparaci\u00f3n"},"content":{"rendered":"Esta secci\u00f3n de la biblioteca proporciona las pautas para el mantenimiento y la reparaci\u00f3n de edificios de acero prepainted para aumentar su durabilidad.\n<h4>Estudios Relacionados<\/h4>\n<hr class=\"style-five margin-t10 margin-b20 \"  data-rt-animate=\"animate\" data-rt-animation-type=\"fadeInDown\" data-rt-animation-group=\"single\" >\n\n<div class=\"row clearfix\">\n\n<div class=\"box four \">\n<img decoding=\"async\" loading=\"lazy\" src=\"\/wp-content\/uploads\/2017\/04\/mca-logo.jpg\" alt=\"mca-logo\" width=\"300\" height=\"150\" class=\"aligncenter size-full wp-image-4414\">\n<\/div>\n\n<div class=\"box three-four \">\n<h4>Metal Roof Installation Manual<\/h4>\n<h5>Metal Construction Association<\/h5>\n<a href=\"http:\/\/www.metalconstruction.org\/\" target=\"_blank\" style=\"color:#033;\" rel=\"noopener noreferrer\">www.metalconstruction.org<\/a>\n\nBy definition, maintenance is the care and up-keep of an item or property. Maintenance for a metal roof installation includes activities and materials the installer uses which are not directly involved in the installation of the roof system, but rather whose purpose is to protect and maintain the appearance and performance of the roof system as originally designed&#8230;.\n\n<a id=\"\" href=\"\/wp-content\/uploads\/2017\/04\/MCARoofingInstallationManual_Final_FullLinking.pdf#page=217\" target=\"_blank\" title=\"read more\" class=\"button_ default small  margin-t5 alignleft\" data-rt-animate=\"animate\" data-rt-animation-type=\"bounceIn\" data-rt-animation-group=\"single\" >read more<\/a>\n<\/div>\n\n<\/div>\n\n<hr class=\"style-five margin-t20 margin-b20 \"  data-rt-animate=\"animate\" data-rt-animation-type=\"fadeInDown\" data-rt-animation-group=\"single\" >\n\n<div class=\"row clearfix\">\n\n<div class=\"box four \">\n<img decoding=\"async\" loading=\"lazy\" src=\"\/wp-content\/uploads\/2017\/04\/unicoil-logo-library.jpg\" alt=\"unicoil-logo-library\" width=\"300\" height=\"150\" class=\"aligncenter size-full wp-image-4324\">\n<\/div>\n\n<div class=\"box three-four \">\n<h4>Recommended Procedure for Maintenance and Repair of PPGI<\/h4>\n<h5>Universal Metal Coating Company (UNICOIL)<\/h5>\n<a href=\"http:\/\/www.unicoil.com.sa\/\" target=\"_blank\" style=\"color:#033;\" rel=\"noopener noreferrer\">www.unicoil.com.sa<\/a>\n\nThis following guidelines are to be recommended to ensure metal buildings using Pre-Painted Galvanized steel remain in good condition. Factors that most affect the long life of a roof or a wall are the original design, the environment of the installation and the maintenance of the installation. &#8230;\n\n<a id=\"\" href=\"\/wp-content\/uploads\/2017\/04\/MAINTENANCE-AND-REPAIR.pdf\" target=\"_blank\" title=\"read more\" class=\"button_ default small  margin-t5 alignleft\" data-rt-animate=\"animate\" data-rt-animation-type=\"bounceIn\" data-rt-animation-group=\"single\" >read more<\/a>\n<\/div>\n\n<\/div>\n\n<hr class=\"style-five margin-t20 margin-b20 \"  data-rt-animate=\"animate\" data-rt-animation-type=\"fadeInDown\" data-rt-animation-group=\"single\" >\n\n<div class=\"row clearfix\">\n\n<div class=\"box four \">\n<img decoding=\"async\" loading=\"lazy\" src=\"\/wp-content\/uploads\/2017\/04\/gaa-logo.jpg\" alt=\"gaa-logo\" width=\"300\" height=\"150\" class=\"aligncenter size-full wp-image-4421\">\n<\/div>\n\n<div class=\"box three-four \">\n<h4>Care and Maintenance of Galvanized Steel<\/h4>\n<h5>Galvanizers Association of Australia<\/h5>\n<a href=\"http:\/\/www.gaa.com.au\/\" target=\"_blank\" style=\"color:#033;\" rel=\"noopener noreferrer\">www.gaa.com.au<\/a>\n\nThe following information offers some guidance on the general care and maintenance of hot dip galvanized steel products. Avoid long periods of exposure of your galvanized steel product to environments where the pH is below 6 and above 12. Outside the range of pH 6-12 the galvanized coating can suffer greater corrosion than normal&#8230;\n\n<a id=\"\" href=\"http:\/\/www.gaa.com.au\/index.php?page=maintenance-and-cleaning-galvanized-steel\" target=\"_blank\" title=\"read more\" class=\"button_ default small  margin-t5 alignleft\" data-rt-animate=\"animate\" data-rt-animation-type=\"bounceIn\" data-rt-animation-group=\"single\" >read more<\/a>\n<\/div>\n\n<\/div>\n\n<div class=\"clearfix\" style=\"height:50px\"><\/div>","protected":false},"excerpt":{"rendered":"Esta secci\u00f3n de la biblioteca proporciona las pautas para el mantenimiento y la reparaci\u00f3n de edificios de acero prepainted para aumentar su durabilidad. Estudios Relacionados","protected":false},"author":3,"featured_media":0,"parent":0,"menu_order":0,"comment_status":"closed","ping_status":"closed","template":"elementor_theme","meta":{"footnotes":""},"yoast_head":"<!-- This site is optimized with the Yoast SEO plugin v21.4 - https:\/\/yoast.com\/wordpress\/plugins\/seo\/ -->\n<title>Procedimiento de mantenimiento y reparaci\u00f3n - UNICOIL<\/title>\n<meta name=\"robots\" content=\"index, follow, max-snippet:-1, max-image-preview:large, max-video-preview:-1\" \/>\n<link rel=\"canonical\" href=\"https:\/\/www.unicoil.com.sa\/Unicoil-Beta-Update\/es\/procedimiento-de-mantenimiento-y-reparacion\/\" \/>\n<meta property=\"og:locale\" content=\"en_US\" \/>\n<meta property=\"og:type\" content=\"article\" \/>\n<meta property=\"og:title\" content=\"Procedimiento de mantenimiento y reparaci\u00f3n - UNICOIL\" \/>\n<meta property=\"og:description\" content=\"Esta secci\u00f3n de la biblioteca proporciona las pautas para el mantenimiento y la reparaci\u00f3n de edificios de acero prepainted para aumentar su durabilidad. Estudios Relacionados\" \/>\n<meta property=\"og:url\" content=\"https:\/\/www.unicoil.com.sa\/Unicoil-Beta-Update\/es\/procedimiento-de-mantenimiento-y-reparacion\/\" \/>\n<meta property=\"og:site_name\" content=\"UNICOIL\" \/>\n<meta property=\"article:modified_time\" content=\"2022-10-11T05:50:10+00:00\" \/>\n<meta name=\"twitter:card\" content=\"summary_large_image\" \/>\n<meta name=\"twitter:label1\" content=\"Est. reading time\" \/>\n\t<meta name=\"twitter:data1\" content=\"2 minutes\" \/>\n<script type=\"application\/ld+json\" class=\"yoast-schema-graph\">{\"@context\":\"https:\/\/schema.org\",\"@graph\":[{\"@type\":\"WebPage\",\"@id\":\"https:\/\/www.unicoil.com.sa\/Unicoil-Beta-Update\/es\/procedimiento-de-mantenimiento-y-reparacion\/\",\"url\":\"https:\/\/www.unicoil.com.sa\/Unicoil-Beta-Update\/es\/procedimiento-de-mantenimiento-y-reparacion\/\",\"name\":\"Procedimiento de mantenimiento y reparaci\u00f3n - UNICOIL\",\"isPartOf\":{\"@id\":\"https:\/\/www.unicoil.com.sa\/Unicoil-Beta-Update\/#website\"},\"datePublished\":\"2019-07-08T07:26:55+00:00\",\"dateModified\":\"2022-10-11T05:50:10+00:00\",\"breadcrumb\":{\"@id\":\"https:\/\/www.unicoil.com.sa\/Unicoil-Beta-Update\/es\/procedimiento-de-mantenimiento-y-reparacion\/#breadcrumb\"},\"inLanguage\":\"en-US\",\"potentialAction\":[{\"@type\":\"ReadAction\",\"target\":[\"https:\/\/www.unicoil.com.sa\/Unicoil-Beta-Update\/es\/procedimiento-de-mantenimiento-y-reparacion\/\"]}]},{\"@type\":\"BreadcrumbList\",\"@id\":\"https:\/\/www.unicoil.com.sa\/Unicoil-Beta-Update\/es\/procedimiento-de-mantenimiento-y-reparacion\/#breadcrumb\",\"itemListElement\":[{\"@type\":\"ListItem\",\"position\":1,\"name\":\"Home\",\"item\":\"https:\/\/www.unicoil.com.sa\/Unicoil-Beta-Update\/en\/\"},{\"@type\":\"ListItem\",\"position\":2,\"name\":\"Procedimiento de mantenimiento y reparaci\u00f3n\"}]},{\"@type\":\"WebSite\",\"@id\":\"https:\/\/www.unicoil.com.sa\/Unicoil-Beta-Update\/#website\",\"url\":\"https:\/\/www.unicoil.com.sa\/Unicoil-Beta-Update\/\",\"name\":\"UNICOIL\",\"description\":\"UNICOIL - A Leader in Steel Coil Coating and Prepainted Steels\",\"publisher\":{\"@id\":\"https:\/\/www.unicoil.com.sa\/Unicoil-Beta-Update\/#organization\"},\"potentialAction\":[{\"@type\":\"SearchAction\",\"target\":{\"@type\":\"EntryPoint\",\"urlTemplate\":\"https:\/\/www.unicoil.com.sa\/Unicoil-Beta-Update\/?s={search_term_string}\"},\"query-input\":\"required name=search_term_string\"}],\"inLanguage\":\"en-US\"},{\"@type\":\"Organization\",\"@id\":\"https:\/\/www.unicoil.com.sa\/Unicoil-Beta-Update\/#organization\",\"name\":\"UNICOIL\",\"url\":\"https:\/\/www.unicoil.com.sa\/Unicoil-Beta-Update\/\",\"logo\":{\"@type\":\"ImageObject\",\"inLanguage\":\"en-US\",\"@id\":\"https:\/\/www.unicoil.com.sa\/Unicoil-Beta-Update\/#\/schema\/logo\/image\/\",\"url\":\"https:\/\/www.unicoil.com.sa\/Unicoil-Beta-Update\/wp-content\/uploads\/UNICOIL-Logo-1.png\",\"contentUrl\":\"https:\/\/www.unicoil.com.sa\/Unicoil-Beta-Update\/wp-content\/uploads\/UNICOIL-Logo-1.png\",\"width\":1028,\"height\":617,\"caption\":\"UNICOIL\"},\"image\":{\"@id\":\"https:\/\/www.unicoil.com.sa\/Unicoil-Beta-Update\/#\/schema\/logo\/image\/\"}}]}<\/script>\n<!-- \/ Yoast SEO plugin. -->","yoast_head_json":{"title":"Procedimiento de mantenimiento y reparaci\u00f3n - UNICOIL","robots":{"index":"index","follow":"follow","max-snippet":"max-snippet:-1","max-image-preview":"max-image-preview:large","max-video-preview":"max-video-preview:-1"},"canonical":"https:\/\/www.unicoil.com.sa\/Unicoil-Beta-Update\/es\/procedimiento-de-mantenimiento-y-reparacion\/","og_locale":"en_US","og_type":"article","og_title":"Procedimiento de mantenimiento y reparaci\u00f3n - UNICOIL","og_description":"Esta secci\u00f3n de la biblioteca proporciona las pautas para el mantenimiento y la reparaci\u00f3n de edificios de acero prepainted para aumentar su durabilidad. Estudios Relacionados","og_url":"https:\/\/www.unicoil.com.sa\/Unicoil-Beta-Update\/es\/procedimiento-de-mantenimiento-y-reparacion\/","og_site_name":"UNICOIL","article_modified_time":"2022-10-11T05:50:10+00:00","twitter_card":"summary_large_image","twitter_misc":{"Est. reading time":"2 minutes"},"schema":{"@context":"https:\/\/schema.org","@graph":[{"@type":"WebPage","@id":"https:\/\/www.unicoil.com.sa\/Unicoil-Beta-Update\/es\/procedimiento-de-mantenimiento-y-reparacion\/","url":"https:\/\/www.unicoil.com.sa\/Unicoil-Beta-Update\/es\/procedimiento-de-mantenimiento-y-reparacion\/","name":"Procedimiento de mantenimiento y reparaci\u00f3n - UNICOIL","isPartOf":{"@id":"https:\/\/www.unicoil.com.sa\/Unicoil-Beta-Update\/#website"},"datePublished":"2019-07-08T07:26:55+00:00","dateModified":"2022-10-11T05:50:10+00:00","breadcrumb":{"@id":"https:\/\/www.unicoil.com.sa\/Unicoil-Beta-Update\/es\/procedimiento-de-mantenimiento-y-reparacion\/#breadcrumb"},"inLanguage":"en-US","potentialAction":[{"@type":"ReadAction","target":["https:\/\/www.unicoil.com.sa\/Unicoil-Beta-Update\/es\/procedimiento-de-mantenimiento-y-reparacion\/"]}]},{"@type":"BreadcrumbList","@id":"https:\/\/www.unicoil.com.sa\/Unicoil-Beta-Update\/es\/procedimiento-de-mantenimiento-y-reparacion\/#breadcrumb","itemListElement":[{"@type":"ListItem","position":1,"name":"Home","item":"https:\/\/www.unicoil.com.sa\/Unicoil-Beta-Update\/en\/"},{"@type":"ListItem","position":2,"name":"Procedimiento de mantenimiento y reparaci\u00f3n"}]},{"@type":"WebSite","@id":"https:\/\/www.unicoil.com.sa\/Unicoil-Beta-Update\/#website","url":"https:\/\/www.unicoil.com.sa\/Unicoil-Beta-Update\/","name":"UNICOIL","description":"UNICOIL - A Leader in Steel Coil Coating and Prepainted Steels","publisher":{"@id":"https:\/\/www.unicoil.com.sa\/Unicoil-Beta-Update\/#organization"},"potentialAction":[{"@type":"SearchAction","target":{"@type":"EntryPoint","urlTemplate":"https:\/\/www.unicoil.com.sa\/Unicoil-Beta-Update\/?s={search_term_string}"},"query-input":"required name=search_term_string"}],"inLanguage":"en-US"},{"@type":"Organization","@id":"https:\/\/www.unicoil.com.sa\/Unicoil-Beta-Update\/#organization","name":"UNICOIL","url":"https:\/\/www.unicoil.com.sa\/Unicoil-Beta-Update\/","logo":{"@type":"ImageObject","inLanguage":"en-US","@id":"https:\/\/www.unicoil.com.sa\/Unicoil-Beta-Update\/#\/schema\/logo\/image\/","url":"https:\/\/www.unicoil.com.sa\/Unicoil-Beta-Update\/wp-content\/uploads\/UNICOIL-Logo-1.png","contentUrl":"https:\/\/www.unicoil.com.sa\/Unicoil-Beta-Update\/wp-content\/uploads\/UNICOIL-Logo-1.png","width":1028,"height":617,"caption":"UNICOIL"},"image":{"@id":"https:\/\/www.unicoil.com.sa\/Unicoil-Beta-Update\/#\/schema\/logo\/image\/"}}]}},"_links":{"self":[{"href":"https:\/\/www.unicoil.com.sa\/Unicoil-Beta-Update\/wp-json\/wp\/v2\/pages\/16521"}],"collection":[{"href":"https:\/\/www.unicoil.com.sa\/Unicoil-Beta-Update\/wp-json\/wp\/v2\/pages"}],"about":[{"href":"https:\/\/www.unicoil.com.sa\/Unicoil-Beta-Update\/wp-json\/wp\/v2\/types\/page"}],"author":[{"embeddable":true,"href":"https:\/\/www.unicoil.com.sa\/Unicoil-Beta-Update\/wp-json\/wp\/v2\/users\/3"}],"replies":[{"embeddable":true,"href":"https:\/\/www.unicoil.com.sa\/Unicoil-Beta-Update\/wp-json\/wp\/v2\/comments?post=16521"}],"version-history":[{"count":2,"href":"https:\/\/www.unicoil.com.sa\/Unicoil-Beta-Update\/wp-json\/wp\/v2\/pages\/16521\/revisions"}],"predecessor-version":[{"id":20810,"href":"https:\/\/www.unicoil.com.sa\/Unicoil-Beta-Update\/wp-json\/wp\/v2\/pages\/16521\/revisions\/20810"}],"wp:attachment":[{"href":"https:\/\/www.unicoil.com.sa\/Unicoil-Beta-Update\/wp-json\/wp\/v2\/media?parent=16521"}],"curies":[{"name":"wp","href":"https:\/\/api.w.org\/{rel}","templated":true}]}}